{"id":8800,"date":"2024-12-06T13:40:28","date_gmt":"2024-12-06T12:40:28","guid":{"rendered":"https:\/\/www.creativ.net.pl\/?post_type=product&#038;p=8800"},"modified":"2026-03-26T14:04:04","modified_gmt":"2026-03-26T13:04:04","slug":"kamera-ampire-kcx403","status":"publish","type":"product","link":"https:\/\/www.creativ.net.pl\/en\/product\/kamera-ampire-kcx403\/","title":{"rendered":"AMPIRE KCX403 camera"},"content":{"rendered":"<p><strong>KCX403 Miniature wide-angle camera <\/strong>\u00a0is a reversing camera with an unlimited range of applications for cars, buses, campervans, trucks or trailers. The matt black plastic housing is particularly weatherproof, waterproof according to IP69K and very stable. As an option, two different types of auxiliary lines (narrow\/wide) can be displayed on the video signal for easy parking. An 8-metre extension cable with high-quality copper wires is included.<\/p>\n<h3>FEATURES:<\/h3>\n<ul>\n<li>HD wide-angle camera in plastic housing<\/li>\n<li>24\/7 continuous operation<\/li>\n<li>IP69K waterproof with stainless steel handle<\/li>\n<\/ul>\n<h3>KIT CONTENTS:<\/h3>\n<ul>\n<li>Mounting camera EK-KCX403<\/li>\n<li>8-metre extension cable AK1033<\/li>\n<li>AK1035 power supply<\/li>\n<li>Operating instructions<\/li>\n<li>Drill with a diameter of 21 mm<\/li>\n<\/ul>\n<h3>TECHNICAL DATA:<\/h3>\n<ul>\n<li>2 different auxiliary lines: deactivated by default (can be activated)<\/li>\n<li>Housing in matt black plastic with stainless steel attachment<\/li>\n<li>Mirrored image (adjustable)<\/li>\n<li>180\u00b0 image rotation (adjustable)<\/li>\n<li>Image sensor type: 1\/4\" 1233 HD Color CMOS Low Light Sensor<\/li>\n<li>Video signal: NTSC at 60 frames\/second<\/li>\n<li>Resolution: 960H x 480V pixels<\/li>\n<li>Protection class: IP69K<\/li>\n<li>Resolution: 800 TV lines<\/li>\n<li>Exposure time: 1\/50-60~1\/15000 seconds<\/li>\n<li>Signal-to-noise ratio: &gt;=46dB<\/li>\n<li>Dynamics: &gt;&gt;74dB<\/li>\n<li>Light sensitivity: &lt; 0.01 Lux\/F1.2<\/li>\n<li>Output signal: 1.0Vp-p, 75 OHM<\/li>\n<li>Automatic white balance adjustment<\/li>\n<li>Automatic video level adjustment<\/li>\n<li>Supply voltage: 12 V DC<\/li>\n<li>Current consumption: 25-55mA<\/li>\n<li>Diagonal angle of view: 188\u00b0<\/li>\n<li>Horizontal viewing angle: 155\u00b0<\/li>\n<li>Vertical viewing angle: 113\u00b0<\/li>\n<li>Camera dimensions: 25.8 x 28.2 mm and height 20.8 mm<\/li>\n<li>Required mounting hole: 21 mm<\/li>\n<li>Operating temperature range: -40\u00b0C to +75\u00b0C<\/li>\n<li>Storage temperature range: -60\u00b0C to +105\u00b0C<\/li>\n<li>E-certificate<\/li>\n<\/ul>","protected":false},"excerpt":{"rendered":"<p>Ampire reversing camera<\/p>","protected":false},"featured_media":8801,"template":"","meta":{"_acf_changed":false,"_kad_blocks_custom_css":"","_kad_blocks_head_custom_js":"","_kad_blocks_body_custom_js":"","_kad_blocks_footer_custom_js":"","_kad_post_transparent":"default","_kad_post_title":"","_kad_post_layout":"default","_kad_post_sidebar_id":"","_kad_post_content_style":"default","_kad_post_vertical_padding":"default","_kad_post_feature":"","_kad_post_feature_position":"","_kad_post_header":false,"_kad_post_footer":false,"_kad_post_classname":""},"product_brand":[],"product_cat":[75,76],"product_tag":[],"class_list":{"0":"post-8800","1":"product","2":"type-product","3":"status-publish","4":"has-post-thumbnail","6":"product_cat-kamery-do-ciezarowek-busow","7":"product_cat-kamery-uniwersalne","8":"pa_kat-widzenia-po-przekatnej-188-stopni","9":"pa_marka-ampire","10":"pa_rozdzielczosc-800-linii","11":"pa_wodoodpornosc-ip69","13":"first","14":"instock","15":"taxable","16":"shipping-taxable","17":"product-type-simple","18":"entry","19":"content-bg","20":"loop-entry"},"acf":[],"taxonomy_info":{"product_cat":[{"value":75,"label":"Kamery do ci\u0119\u017car\u00f3wek \/ bus\u00f3w"},{"value":76,"label":"Kamery uniwersalne"}],"pa_kat-widzenia-po-przekatnej":[{"value":219,"label":"188 stopni"}],"pa_marka":[{"value":218,"label":"Ampire"}],"pa_rozdzielczosc":[{"value":221,"label":"800 linii"}],"pa_wodoodpornosc":[{"value":220,"label":"IP69"}]},"featured_image_src_large":["https:\/\/www.creativ.net.pl\/wp-content\/uploads\/2024\/12\/AMPIRE-Mini-Rueckfahrkamera-CVBS-155-NEUE-VERSION-KCX403_b_0.jpeg",800,800,false],"author_info":[],"comment_info":"","_links":{"self":[{"href":"https:\/\/www.creativ.net.pl\/en\/wp-json\/wp\/v2\/product\/8800","targetHints":{"allow":["GET"]}}],"collection":[{"href":"https:\/\/www.creativ.net.pl\/en\/wp-json\/wp\/v2\/product"}],"about":[{"href":"https:\/\/www.creativ.net.pl\/en\/wp-json\/wp\/v2\/types\/product"}],"wp:featuredmedia":[{"embeddable":true,"href":"https:\/\/www.creativ.net.pl\/en\/wp-json\/wp\/v2\/media\/8801"}],"wp:attachment":[{"href":"https:\/\/www.creativ.net.pl\/en\/wp-json\/wp\/v2\/media?parent=8800"}],"wp:term":[{"taxonomy":"product_brand","embeddable":true,"href":"https:\/\/www.creativ.net.pl\/en\/wp-json\/wp\/v2\/product_brand?post=8800"},{"taxonomy":"product_cat","embeddable":true,"href":"https:\/\/www.creativ.net.pl\/en\/wp-json\/wp\/v2\/product_cat?post=8800"},{"taxonomy":"product_tag","embeddable":true,"href":"https:\/\/www.creativ.net.pl\/en\/wp-json\/wp\/v2\/product_tag?post=8800"}],"curies":[{"name":"wp","href":"https:\/\/api.w.org\/{rel}","templated":true}]}}