{"id":8449,"date":"2024-09-20T15:54:31","date_gmt":"2024-09-20T13:54:31","guid":{"rendered":"https:\/\/www.creativ.net.pl\/?post_type=product&#038;p=8449"},"modified":"2025-12-11T13:28:34","modified_gmt":"2025-12-11T12:28:34","slug":"glosniki-dedykowane-bmw-phoenix-gold-zdsb100cs","status":"publish","type":"product","link":"https:\/\/www.creativ.net.pl\/en\/product\/glosniki-dedykowane-bmw-phoenix-gold-zdsb100cs\/","title":{"rendered":"BMW Phoenix Gold ZDSB100CS dedicated loudspeakers"},"content":{"rendered":"<p>Odseparowany zestaw g\u0142o\u015bnik\u00f3w do BMW.<\/p>\n<p><strong style=\"font-family: var(--global-body-font-family);\">Specyfikacja produktu ZDSB100CS:<\/strong><\/p>\n<div class=\"flex max-w-full flex-col flex-grow\">\n<div class=\"min-h-[20px] text-message flex w-full flex-col items-end gap-2 whitespace-normal break-words [.text-message+&amp;]:mt-5\" dir=\"auto\" data-message-author-role=\"assistant\" data-message-id=\"ee6095b2-403a-4901-8e6f-3bf64ce1243b\">\n<div class=\"flex w-full flex-col gap-1 empty:hidden first:pt-[3px]\">\n<div class=\"markdown prose w-full break-words dark:prose-invert light\">\n<p>\u2022 Rozmiar g\u0142o\u015bnika: 4\u201d (100mm) 2-dro\u017cny system g\u0142o\u015bnikowy<br \/>\n\u2022 Moc znamionowa (RMS): 60W<br \/>\n\u2022 Moc maksymalna (MAX): 120W<br \/>\n\u2022 Pasmo przenoszenia: 100Hz \u2013 20kHz<br \/>\n\u2022 Impedancja: 4\u03a9<br \/>\n\u2022 Cewka g\u0142osowa: 1\u2033 (25mm)<br \/>\n\u2022 Zwrotnica: 12dB<br \/>\n\u2022 Materia\u0142 g\u0142o\u015bnika wysokotonowego: Jedwab<br \/>\n\u2022 Materia\u0142 g\u0142o\u015bnika niskotonowego: Kompozytowa membrana typu sandwich<br \/>\n\u2022 Magnes: Neo\/Neo<br \/>\n\u2022 Z\u0142\u0105cza: Plug and Play<\/p>\n<p>Kompatybilne modele aut:<\/p>\n<p><span style=\"font-family: inherit; font-size: 15px; font-style: inherit; font-weight: inherit; line-height: inherit; border: 0px; outline: 0px; -webkit-font-smoothing: antialiased; overflow-wrap: break-word;\" data-sheets-value=\"{&quot;1&quot;:2,&quot;2&quot;:&quot;Vehicle Applications: \\n\\nBMW 1-Series (F20) 2011 -&gt; Front door\\nBMW 1-Series (F21) 2012 -&gt; Front door\\nBMW 1-Series (F40) 2019 -&gt; Front door\\nBMW 1-Series (F52) 2019 -&gt; Front door\\n\\nBMW 2-Series (F22) 2015 -&gt; Front door\\nBMW 2-Series (F23) 2015 -&gt; Front door + Sidepanel rear\\nBMW 2-Series (F44) 2020 -&gt; Front door + Rear door\\nBMW 2-Series (F45) 2014 -&gt; Front door + Sidepanel rear\\nBMW 2-Series (F46) 2015 -&gt; Front door + Sidepanel rear\\nBMW 2-Series (F87) 2015 -&gt; Front door\\n\\nBMW 3-Series (F30) 2011 -&gt; Front door + Rear door\\nBMW 3-Series (F31) 2012 -&gt; Front door + Rear door\\nBMW 3-Series (F34) 2013 -&gt; Front door + Rear door\\nBMW 3-Series (F80) 2014 - 2018 Front door + Rear door\\nBMW 3-Series (G20) 2019 -&gt; Front door + Rear door\\nBMW 3-Series (G21) 2019 -&gt; Front door + Rear door\\n\\nBMW 4-Series (F32) 2014 -&gt; Front door + Sidepanel rear\\nBMW 4-Series (F33) 2014 -&gt; Front door + Sidepanel rear\\nBMW 4-Series (F36) 2014 -&gt; Front door + Rear door\\nBMW 4-Series (F82) 2014 -&gt; Front door + Sidepanel rear\\nBMW 4-Series (F83) 2014 -&gt; Front door + Sidepanel rear\\nBMW 4-Series (G22) 2020 -&gt; Front door + Sidepanel rear\\n\\nBMW 5-Series (G30) 2017 -&gt; Front door + Rear door\\nBMW 5-Series (G31) 2017 -&gt; Front door + Rear door\\nBMW 5-Series (G38) 2017 -&gt; Front door + Rear door\\n\\nBMW 6-Series (F06) 2012 -&gt; Front door + Rear door\\nBMW 6-Series (F12) 2011 -&gt; Front door\\nBMW 6-Series (F13) 2011 -&gt; Front door\\nBMW 6-Series (G32) 2017 -&gt; Front door + Rear door\\n\\nBMW 7-Series (G11) 2015 -&gt; Front door + Rear door\\nBMW 7-Series (G12) 2015 -&gt; Front door + Rear door\\n\\nBMW i3 2013 -&gt; Front door + Rear door\\n\\nBMW i4 (G26) 2022 -&gt; Front door + Rear door\\n\\nBMW i8 (L15) 2013 -&gt; Front door\\n\\nBMW X1 (F48) 2015 -&gt; Front door + Rear door\\nBMW X1 (F49) 2015 -&gt; Front door + Rear door\\n\\nBMW X2 (F39) 2018 -&gt; Front door + Rear door\\n\\nBMW X3 (F25) 2010 - 2017 Front door + Rear door\\nBMW X3 (G01) 2017 -&gt; Front door + Rear door\\n\\nBMW X4 (F26) 2014 - 2018 Front door + Rear door + Headliner \/ Pillar\\nBMW X4 (G02) 2018 -&gt; Front door + Rear door\\nBMW X4 (G02FL) 2018 -&gt; Front door + Rear door\\n\\nBMW Z4 (G29) 2018 -&gt; Front door + Rear door\\n\\nBMW MINI (F54) 2016 -&gt; Front door + Rear door\\nBMW MINI (F55) 2014 -&gt; Front door + Rear door\\nBMW MINI (F56) 2014 -&gt; Front door + Rear door\\nBMW MINI (F57) 2016 -&gt; Front door + Rear door&quot;}\" data-sheets-userformat=\"{&quot;2&quot;:6849,&quot;3&quot;:{&quot;1&quot;:0},&quot;9&quot;:0,&quot;10&quot;:0,&quot;12&quot;:0,&quot;14&quot;:{&quot;1&quot;:2,&quot;2&quot;:0},&quot;15&quot;:&quot;Arial&quot;}\" data-sheets-textstyleruns=\"{&quot;1&quot;:0,&quot;2&quot;:{&quot;5&quot;:1}}\uee10{&quot;1&quot;:24,&quot;2&quot;:{&quot;4&quot;:8}}\">BMW 1-Series (F20) 2011 -&gt; Front door<br \/>\nBMW 1-Series (F21) 2012 -&gt; Front door<br \/>\nBMW 1-Series (F40) 2019 -&gt; Front door<br \/>\nBMW 1-Series (F52) 2019 -&gt; Front door<\/span><\/p>\n<p>BMW 2-Series (F22) 2015 -&gt; Front door<br \/>\nBMW 2-Series (F23) 2015 -&gt; Front door + Sidepanel rear<br \/>\nBMW 2-Series (F44) 2020 -&gt; Front door + Rear door<br \/>\nBMW 2-Series (F45) 2014 -&gt; Front door + Sidepanel rear<br \/>\nBMW 2-Series (F46) 2015 -&gt; Front door + Sidepanel rear<br \/>\nBMW 2-Series (F87) 2015 -&gt; Front door<\/p>\n<p>BMW 3-Series (F30) 2011 -&gt; Front door + Rear door<br \/>\nBMW 3-Series (F31) 2012 -&gt; Front door + Rear door<br \/>\nBMW 3-Series (F34) 2013 -&gt; Front door + Rear door<br \/>\nBMW 3-Series (F80) 2014 \u2013 2018 Front door + Rear door<br \/>\nBMW 3-Series (G20) 2019 -&gt; Front door + Rear door<br \/>\nBMW 3-Series (G21) 2019 -&gt; Front door + Rear door<\/p>\n<p>BMW 4-Series (F32) 2014 -&gt; Front door + Sidepanel rear<br \/>\nBMW 4-Series (F33) 2014 -&gt; Front door + Sidepanel rear<br \/>\nBMW 4-Series (F36) 2014 -&gt; Front door + Rear door<br \/>\nBMW 4-Series (F82) 2014 -&gt; Front door + Sidepanel rear<br \/>\nBMW 4-Series (F83) 2014 -&gt; Front door + Sidepanel rear<br \/>\nBMW 4-Series (G22) 2020 -&gt; Front door + Sidepanel rear<\/p>\n<p>BMW 5-Series (G30) 2017 -&gt; Front door + Rear door<br \/>\nBMW 5-Series (G31) 2017 -&gt; Front door + Rear door<br \/>\nBMW 5-Series (G38) 2017 -&gt; Front door + Rear door<\/p>\n<p>BMW 6-Series (F06) 2012 -&gt; Front door + Rear door<br \/>\nBMW 6-Series (F12) 2011 -&gt; Front door<br \/>\nBMW 6-Series (F13) 2011 -&gt; Front door<br \/>\nBMW 6-Series (G32) 2017 -&gt; Front door + Rear door<\/p>\n<p>BMW 7-Series (G11) 2015 -&gt; Front door + Rear door<br \/>\nBMW 7-Series (G12) 2015 -&gt; Front door + Rear door<\/p>\n<p>BMW i3 2013 -&gt; Front door + Rear door<\/p>\n<p>BMW i4 (G26) 2022 -&gt; Front door + Rear door<\/p>\n<p>BMW i8 (L15) 2013 -&gt; Front door<\/p>\n<p>BMW X1 (F48) 2015 -&gt; Front door + Rear door<br \/>\nBMW X1 (F49) 2015 -&gt; Front door + Rear door<\/p>\n<p>BMW X2 (F39) 2018 -&gt; Front door + Rear door<\/p>\n<p>BMW X3 (F25) 2010 \u2013 2017 Front door + Rear door<br \/>\nBMW X3 (G01) 2017 -&gt; Front door + Rear door<\/p>\n<p>BMW X4 (F26) 2014 \u2013 2018 Front door + Rear door + Headliner \/ Pillar<br \/>\nBMW X4 (G02) 2018 -&gt; Front door + Rear door<br \/>\nBMW X4 (G02FL) 2018 -&gt; Front door + Rear door<\/p>\n<p>BMW Z4 (G29) 2018 -&gt; Front door + Rear door<\/p>\n<p>BMW MINI (F54) 2016 -&gt; Front door + Rear door<br \/>\nBMW MINI (F55) 2014 -&gt; Front door + Rear door<br \/>\nBMW MINI (F56) 2014 -&gt; Front door + Rear door<br \/>\nBMW MINI (F57) 2016 -&gt; Front door + Rear door<\/p>\n<p>Rolls-Royce Coupe 2011-2016<br \/>\nRolls-Royce Cullinan 2017+<br \/>\nRolls-Royce Dawn 2015+<br \/>\nRolls-Royce Drophead 2011-2016<br \/>\nRolls-Royce Ghost 2008+<br \/>\nRolls-Royce Phantom 2011+<br \/>\nRolls-Royce Wraith 2012+<\/p>\n<p>Toyota Supra 2019+<\/p>\n<p>&nbsp;<\/p>\n<\/div>\n<\/div>\n<\/div>\n<\/div>\n","protected":false},"excerpt":{"rendered":"<p>Loudspeaker kit for BMW<\/p>","protected":false},"featured_media":8453,"template":"","meta":{"_acf_changed":false,"_kad_blocks_custom_css":"","_kad_blocks_head_custom_js":"","_kad_blocks_body_custom_js":"","_kad_blocks_footer_custom_js":"","_kad_post_transparent":"default","_kad_post_title":"","_kad_post_layout":"default","_kad_post_sidebar_id":"","_kad_post_content_style":"default","_kad_post_vertical_padding":"default","_kad_post_feature":"","_kad_post_feature_position":"","_kad_post_header":false,"_kad_post_footer":false,"_kad_post_classname":""},"product_brand":[],"product_cat":[117],"product_tag":[],"class_list":{"0":"post-8449","1":"product","2":"type-product","3":"status-publish","4":"has-post-thumbnail","6":"product_cat-bmw-glosniki-dedykowane-plug-play","8":"first","9":"onbackorder","10":"taxable","11":"shipping-taxable","12":"product-type-simple","13":"entry","14":"content-bg","15":"loop-entry"},"acf":[],"taxonomy_info":{"product_cat":[{"value":117,"label":"BMW"}]},"featured_image_src_large":["https:\/\/www.creativ.net.pl\/wp-content\/uploads\/2024\/09\/ZDSB100CS_1.jpg",1000,1000,false],"author_info":[],"comment_info":"","_links":{"self":[{"href":"https:\/\/www.creativ.net.pl\/en\/wp-json\/wp\/v2\/product\/8449","targetHints":{"allow":["GET"]}}],"collection":[{"href":"https:\/\/www.creativ.net.pl\/en\/wp-json\/wp\/v2\/product"}],"about":[{"href":"https:\/\/www.creativ.net.pl\/en\/wp-json\/wp\/v2\/types\/product"}],"wp:featuredmedia":[{"embeddable":true,"href":"https:\/\/www.creativ.net.pl\/en\/wp-json\/wp\/v2\/media\/8453"}],"wp:attachment":[{"href":"https:\/\/www.creativ.net.pl\/en\/wp-json\/wp\/v2\/media?parent=8449"}],"wp:term":[{"taxonomy":"product_brand","embeddable":true,"href":"https:\/\/www.creativ.net.pl\/en\/wp-json\/wp\/v2\/product_brand?post=8449"},{"taxonomy":"product_cat","embeddable":true,"href":"https:\/\/www.creativ.net.pl\/en\/wp-json\/wp\/v2\/product_cat?post=8449"},{"taxonomy":"product_tag","embeddable":true,"href":"https:\/\/www.creativ.net.pl\/en\/wp-json\/wp\/v2\/product_tag?post=8449"}],"curies":[{"name":"wp","href":"https:\/\/api.w.org\/{rel}","templated":true}]}}