{"id":7224,"date":"2024-04-09T14:57:25","date_gmt":"2024-04-09T12:57:25","guid":{"rendered":"https:\/\/www.creativ.net.pl\/?post_type=product&#038;p=7224"},"modified":"2025-12-29T14:29:08","modified_gmt":"2025-12-29T13:29:08","slug":"rejestrator-jazdy-nordval-dc202-2ch-4k-64gb","status":"publish","type":"product","link":"https:\/\/www.creativ.net.pl\/en\/product\/rejestrator-jazdy-nordval-dc202-2ch-4k-64gb\/","title":{"rendered":"Nordv\u00e4l DC202 2CH 4K Driving Recorder - 64GB"},"content":{"rendered":"<p>The DC202-2CH is a stylish and compact dual car camera with all the features you need, including front and rear recording, WiFi (5GHz), built-in GPS module, advanced parking mode options, accelerated time-lapse recording and much more.<\/p>\n<p>With a 4K (3840p) front camera and a 2K (2560p) rear camera, you can record all your journeys day and night in high quality.<\/p>\n<p>Technical data:<\/p>\n<ul>\n<li>Product name: Nordv\u00e4l DC202-2CH<\/li>\n<li>Colour \/ Size \/ Weight: Front Camera: black \/ 11.3 x 3.5 x 3.4 cm \/ 157g Rear Camera: black \/ 5.4 x 2.9 x 2.7 cm \/ 24g<\/li>\n<li>SD card: Micro SD, class 10 or higher, up to 256GB<\/li>\n<li>Recording modes: Normal, Accelerated time*, Collision detection*, Motion detection* *These modes are park modes and require the optional Nordv\u00e4l Power Kit USB-C.<\/li>\n<li>Video resolution: Front &amp; Rear 4K 3840\u00d72160 @ 30FPS + Full HD 1920\u00d71080 @ 30FPS 4K 3840\u00d72160 @ 30FPS + 2K 2560\u00d72160 @ 25FPS 2K 2560\u00d71440 @ 30FPS + Full HD 1920\u00d71080 @ 30FPS Full HD 1920\u00d71080 @ 30FPS + Full HD 1920\u00d71080 @ 30FPS Front only 5K 5120\u00d72160 @ 25FPS 4K 3840\u00d72160 @ 30FPS 2K 2560\u00d71440 @ 30FPS Full HD 1920\u00d71080 @30FPS<\/li>\n<li>Viewing angle: Front camera: 140\u00b0 wide-angle lens Rear camera: 135\u00b0 wide-angle lens<\/li>\n<li>Video codec: H.265<\/li>\n<li>Video file format: MP4<\/li>\n<li>Photo file format: JPG<\/li>\n<li>GPS: built-in, playback in app or on PC with GPS video player<\/li>\n<li>Wi-Fi: Built-in, 5GHz<\/li>\n<li>Bluetooth: Built-in, BLE 4.2<\/li>\n<li>Microphone \/ Speaker: Yes \/ Yes<\/li>\n<li>Power consumption: 5V 2.5A<\/li>\n<li>USB-C port: Built-in<\/li>\n<li>Time and date setting: Yes<\/li>\n<li>Loop recording: Yes<\/li>\n<li>Input: 12V-24V car charger \/ USB-C power kit<\/li>\n<li>Battery: Built-in supercapacitor<\/li>\n<li>Operating temperature: -20\u00baC to 70\u00baC<\/li>\n<li>USB-C cable length: 3.5 metres<\/li>\n<li>Guarantee: 2 years<\/li>\n<\/ul>\n<p>NOTE: An additional PMPC03 module is required to activate the parking mode.<\/p>","protected":false},"excerpt":{"rendered":"<p>Front\/rear driving recorder in 4K quality.<\/p>","protected":false},"featured_media":7226,"template":"","meta":{"_acf_changed":false,"_kad_blocks_custom_css":"","_kad_blocks_head_custom_js":"","_kad_blocks_body_custom_js":"","_kad_blocks_footer_custom_js":"","_kad_post_transparent":"default","_kad_post_title":"","_kad_post_layout":"default","_kad_post_sidebar_id":"","_kad_post_content_style":"default","_kad_post_vertical_padding":"default","_kad_post_feature":"","_kad_post_feature_position":"","_kad_post_header":false,"_kad_post_footer":false,"_kad_post_classname":""},"product_brand":[],"product_cat":[79],"product_tag":[],"class_list":{"0":"post-7224","1":"product","2":"type-product","3":"status-publish","4":"has-post-thumbnail","6":"product_cat-na-przod-i-tyl","8":"first","9":"instock","10":"taxable","11":"shipping-taxable","12":"product-type-simple","13":"entry","14":"content-bg","15":"loop-entry"},"acf":[],"taxonomy_info":{"product_cat":[{"value":79,"label":"Na prz\u00f3d i ty\u0142"}]},"featured_image_src_large":["https:\/\/www.creativ.net.pl\/wp-content\/uploads\/2024\/04\/Zrzut-ekranu-2024-04-09-144604.png",864,813,false],"author_info":[],"comment_info":"","_links":{"self":[{"href":"https:\/\/www.creativ.net.pl\/en\/wp-json\/wp\/v2\/product\/7224","targetHints":{"allow":["GET"]}}],"collection":[{"href":"https:\/\/www.creativ.net.pl\/en\/wp-json\/wp\/v2\/product"}],"about":[{"href":"https:\/\/www.creativ.net.pl\/en\/wp-json\/wp\/v2\/types\/product"}],"wp:featuredmedia":[{"embeddable":true,"href":"https:\/\/www.creativ.net.pl\/en\/wp-json\/wp\/v2\/media\/7226"}],"wp:attachment":[{"href":"https:\/\/www.creativ.net.pl\/en\/wp-json\/wp\/v2\/media?parent=7224"}],"wp:term":[{"taxonomy":"product_brand","embeddable":true,"href":"https:\/\/www.creativ.net.pl\/en\/wp-json\/wp\/v2\/product_brand?post=7224"},{"taxonomy":"product_cat","embeddable":true,"href":"https:\/\/www.creativ.net.pl\/en\/wp-json\/wp\/v2\/product_cat?post=7224"},{"taxonomy":"product_tag","embeddable":true,"href":"https:\/\/www.creativ.net.pl\/en\/wp-json\/wp\/v2\/product_tag?post=7224"}],"curies":[{"name":"wp","href":"https:\/\/api.w.org\/{rel}","templated":true}]}}