{"id":6909,"date":"2024-03-20T13:15:12","date_gmt":"2024-03-20T12:15:12","guid":{"rendered":"https:\/\/www.creativ.net.pl\/?post_type=product&#038;p=6909"},"modified":"2025-09-08T15:27:33","modified_gmt":"2025-09-08T13:27:33","slug":"radio-retro-sound-ivory-motor-6dab","status":"publish","type":"product","link":"https:\/\/www.creativ.net.pl\/en\/product\/radio-retro-sound-ivory-motor-6dab\/","title":{"rendered":"Retro Sound Ivory MOTOR-6DAB radio"},"content":{"rendered":"<div class=\"flex-1 overflow-hidden\">\n<div class=\"react-scroll-to-bottom--css-kbalv-79elbk h-full\">\n<div class=\"react-scroll-to-bottom--css-kbalv-1n7m0yu\">\n<div class=\"flex flex-col text-sm pb-9\">\n<div class=\"w-full text-token-text-primary\" data-testid=\"conversation-turn-11\">\n<div class=\"px-4 py-2 justify-center text-base md:gap-6 m-auto\">\n<div class=\"flex flex-1 text-base mx-auto gap-3 md:px-5 lg:px-1 xl:px-5 md:max-w-3xl lg:max-w-[40rem] xl:max-w-[48rem] group final-completion\">\n<div class=\"relative flex w-full flex-col agent-turn\">\n<div class=\"flex-col gap-1 md:gap-3\">\n<div class=\"flex flex-grow flex-col max-w-full\">\n<div class=\"min-h-[20px] text-message flex flex-col items-start gap-3 whitespace-pre-wrap break-words [.text-message+&amp;]:mt-5 overflow-x-auto\" data-message-author-role=\"assistant\" data-message-id=\"94bb095b-f7a3-4820-926a-108c53a339f0\">\n<div class=\"markdown prose w-full break-words dark:prose-invert light\">\n<p>Model &#8222;MOTOR-6DAB&#8221; to absolutnie topowy model marki RetroSound. Jest on wizualnie identyczny z ta\u0144szymi modelami. Jednostka dodatkowo posiada certyfikowan\u0105 obs\u0142ug\u0119 Apple iPhone poprzez kabel USB lub bezprzewodowo za pomoc\u0105 Bluetooth. Na tylnej cz\u0119\u015bci urz\u0105dzenia znajduj\u0105 si\u0119 dwa wej\u015bcia USB oraz wyj\u015bcie przedwzmacniacza dla zewn\u0119trznego subwoofera.<\/p>\n<p>Wyposa\u017cenie:<\/p>\n<ul>\n<li>Radio cyfrowe DAB+<\/li>\n<li>Radio FM z funkcjami RDS<\/li>\n<li>Odtwarzanie d\u017awi\u0119ku przez Bluetooth A2DP dla bezprzewodowej integracji ze smartfonem<\/li>\n<li>Dwa wej\u015bcia USB na tylnej cz\u0119\u015bci urz\u0105dzenia<\/li>\n<li>Certyfikowana obs\u0142uga Apple iPhone poprzez kabel USB<\/li>\n<li>Jedno wej\u015bcie AUX (3.5mm) na tylnej cz\u0119\u015bci urz\u0105dzenia<\/li>\n<li>Zestaw g\u0142o\u015bnom\u00f3wi\u0105cy Bluetooth z zewn\u0119trznym mikrofonem<\/li>\n<li>Trzy wyj\u015bcia przedwzmacniacza dla zewn\u0119trznych wzmacniaczy (przednie\/tylne\/subwoofer)<\/li>\n<\/ul>\n<p>Zawarto\u015b\u0107 dostawy:<\/p>\n<ul>\n<li>Modu\u0142 radiowy DAB+ RetroSound &#8222;MOTOR-6DAB&#8221;<\/li>\n<li>Jednostka wy\u015bwietlacza RetroSound &#8222;RETRO-RADIO-IVO&#8221; (chrom\/kremowy) (podobny do RAL1014)<\/li>\n<li>Plastikowa ramka przednia RetroSound &#8222;RSP-502&#8221; &#8222;Trim&#8221; (czarna\/chrom)<\/li>\n<li>Plastikowy pokr\u0119t\u0142o regulacji RetroSound &#8222;RSP-068P&#8221; (kremowy) (podobny do RAL1014)<\/li>\n<li>Metalowy pier\u015bcie\u0144 regulacyjny RetroSound &#8222;RSP-078&#8221; (chrom)<\/li>\n<li>Zestaw monta\u017cowy ISO do standardowego otworu DIN &#8222;RSP-KIT-1&#8221;<\/li>\n<li>Gniazdo monta\u017cowe USB\/AUX z kablem o d\u0142ugo\u015bci 60 cm (czarne)<\/li>\n<li>Potwierdzenie dla pojazd\u00f3w z tablicami zabytkowymi od T\u00dcV S\u00fcd<\/li>\n<\/ul>\n<p>Opcjonalnie w zestawie:<\/p>\n<ul>\n<li>Antena DAB+<\/li>\n<li>Specjalny klucz monta\u017cowy<\/li>\n<\/ul>\n<\/div>\n<\/div>\n<\/div>\n<div class=\"mt-1 flex justify-start gap-3 empty:hidden\"><\/div>\n<\/div>\n<\/div>\n<\/div>\n<\/div>\n<\/div>\n<\/div>\n<\/div>\n<\/div>\n<\/div>\n<div class=\"w-full pt-2 md:pt-0 dark:border-white\/20 md:border-transparent md:dark:border-transparent md:w-[calc(100%-.5rem)]\">\n<form class=\"stretch mx-2 flex flex-row gap-3 last:mb-2 md:mx-4 md:last:mb-6 lg:mx-auto lg:max-w-2xl xl:max-w-3xl\">\n<div class=\"relative flex h-full flex-1 flex-col\">\n<div class=\"absolute bottom-full left-0 right-0\"><\/div>\n<div class=\"flex w-full items-center\">\n<p>Specyfikacja:<\/p>\n<ul>\n<li>Odtwarzanie plik\u00f3w MP3 i WMA przez tylne wej\u015bcie USB<\/li>\n<li>Sterowanie Apple iPhone (obs\u0142uga dotykowa iPhone&#8217;a jest nadal r\u00f3wnoleg\u0142a)<\/li>\n<li>G\u0142o\u015bnom\u00f3wi\u0105cy zestaw Bluetooth z transmisj\u0105 audio A2DP<\/li>\n<li>Regulowana pod\u015bwietlana wy\u015bwietlacz LCD z 32 000 r\u00f3\u017cnymi kolorami<\/li>\n<li>Odbiornik radiowy DAB+\/UKW\/MW z funkcj\u0105 RDS i 30 pami\u0119ci\u0105 stacji<\/li>\n<li>Tuner z europejskimi prostymi i nieparzystymi cz\u0119stotliwo\u015bciami radiowymi<\/li>\n<li>Zintegrowany wzmacniacz 4-kana\u0142owy (4 x 24 W RMS \/ 45 W maks.)<\/li>\n<li>3 wyj\u015bcia stereo Cinch dla zewn\u0119trznych wzmacniaczy (przednie\/tylne\/subwoofer)<\/li>\n<li>3 programy korektora d\u017awi\u0119ku plus indywidualne ustawienia basu\/wysokich\/fadera\/balance&#8217;u<\/li>\n<li>Funkcja XBAS Loudness<\/li>\n<li>Pami\u0119\u0107 nieulotna<\/li>\n<\/ul>\n<p>Dane techniczne:<\/p>\n<ul>\n<li>Pasmo radiowe FM europejskiego nadawcy: 87,5\u2013107,9 MHz (kroki: 0,05 MHz)<\/li>\n<li>Pasmo radiowe AM: 530\u20131710 kHz (kroki: 9 kHz)<\/li>\n<li>Odbi\u00f3r DAB+ poprzez wej\u015bcie antenowe SMB dla pasywnych anten DAB+<\/li>\n<li>Wymiary podstawowego urz\u0105dzenia radiowego: 101x51x136 mm<\/li>\n<li>Zasilanie: 10,5\u201314,4 V<\/li>\n<li>Maksymalne zu\u017cycie pr\u0105du: 15 A<\/li>\n<li>Pr\u0105d spoczynkowy: 3,5 mA<\/li>\n<li>Moc wyj\u015bciowa: 12 V, 4 Ohm, &lt;1% zniekszta\u0142cenia: 4&#215;15 W sinus<\/li>\n<li>Impedancja g\u0142o\u015bnik\u00f3w: 4\u20138 Ohm<\/li>\n<li>Wyj\u015bcia Cinch: 6 kana\u0142\u00f3w, 2,85 V dla zewn\u0119trznych wzmacniaczy (przednie\/tylne\/subwoofer)<\/li>\n<li>Czu\u0142o\u015b\u0107 wej\u015bciowa AUX1: &gt;300 mV \/ 6 kOhm<\/li>\n<\/ul>\n<\/div>\n<\/div>\n<\/form>\n<\/div>\n","protected":false},"excerpt":{"rendered":"<p>Retro-style radio model Ivory<\/p>","protected":false},"featured_media":6910,"template":"","meta":{"_acf_changed":false,"_kad_blocks_custom_css":"","_kad_blocks_head_custom_js":"","_kad_blocks_body_custom_js":"","_kad_blocks_footer_custom_js":"","_kad_post_transparent":"default","_kad_post_title":"","_kad_post_layout":"default","_kad_post_sidebar_id":"","_kad_post_content_style":"default","_kad_post_vertical_padding":"default","_kad_post_feature":"","_kad_post_feature_position":"","_kad_post_header":false,"_kad_post_footer":false,"_kad_post_classname":""},"product_brand":[],"product_cat":[184],"product_tag":[],"class_list":{"0":"post-6909","1":"product","2":"type-product","3":"status-publish","4":"has-post-thumbnail","6":"product_cat-design-ivory","8":"first","9":"onbackorder","10":"taxable","11":"shipping-taxable","12":"product-type-simple","13":"entry","14":"content-bg","15":"loop-entry"},"acf":[],"taxonomy_info":{"product_cat":[{"value":184,"label":"Design \"Ivory\""}]},"featured_image_src_large":["https:\/\/www.creativ.net.pl\/wp-content\/uploads\/2024\/03\/RETROSOUND-MOTOR-6DAB-DAB-Komplett-Set-Ivory-mit-Zubehoer-RSD-IVORY-6DAB_b_0.jpeg",773,773,false],"author_info":[],"comment_info":"","_links":{"self":[{"href":"https:\/\/www.creativ.net.pl\/en\/wp-json\/wp\/v2\/product\/6909","targetHints":{"allow":["GET"]}}],"collection":[{"href":"https:\/\/www.creativ.net.pl\/en\/wp-json\/wp\/v2\/product"}],"about":[{"href":"https:\/\/www.creativ.net.pl\/en\/wp-json\/wp\/v2\/types\/product"}],"wp:featuredmedia":[{"embeddable":true,"href":"https:\/\/www.creativ.net.pl\/en\/wp-json\/wp\/v2\/media\/6910"}],"wp:attachment":[{"href":"https:\/\/www.creativ.net.pl\/en\/wp-json\/wp\/v2\/media?parent=6909"}],"wp:term":[{"taxonomy":"product_brand","embeddable":true,"href":"https:\/\/www.creativ.net.pl\/en\/wp-json\/wp\/v2\/product_brand?post=6909"},{"taxonomy":"product_cat","embeddable":true,"href":"https:\/\/www.creativ.net.pl\/en\/wp-json\/wp\/v2\/product_cat?post=6909"},{"taxonomy":"product_tag","embeddable":true,"href":"https:\/\/www.creativ.net.pl\/en\/wp-json\/wp\/v2\/product_tag?post=6909"}],"curies":[{"name":"wp","href":"https:\/\/api.w.org\/{rel}","templated":true}]}}