{"id":6845,"date":"2024-03-18T12:56:58","date_gmt":"2024-03-18T11:56:58","guid":{"rendered":"https:\/\/www.creativ.net.pl\/?post_type=product&#038;p=6845"},"modified":"2025-09-08T15:24:08","modified_gmt":"2025-09-08T13:24:08","slug":"radio-retro-sound-trim-motor-1dab","status":"publish","type":"product","link":"https:\/\/www.creativ.net.pl\/en\/product\/radio-retro-sound-trim-motor-1dab\/","title":{"rendered":"Retro Sound Trim MOTOR-1DAB radio"},"content":{"rendered":"<div class=\"flex-1 overflow-hidden\">\n<div class=\"react-scroll-to-bottom--css-vjqkm-79elbk h-full\">\n<div class=\"react-scroll-to-bottom--css-vjqkm-1n7m0yu\">\n<div class=\"flex flex-col text-sm pb-9\">\n<div class=\"w-full text-token-text-primary\" data-testid=\"conversation-turn-3\">\n<div class=\"px-4 py-2 justify-center text-base md:gap-6 m-auto\">\n<div class=\"flex flex-1 text-base mx-auto gap-3 md:px-5 lg:px-1 xl:px-5 md:max-w-3xl lg:max-w-[40rem] xl:max-w-[48rem] group final-completion\">\n<div class=\"relative flex w-full flex-col agent-turn\">\n<div class=\"flex-col gap-1 md:gap-3\">\n<div class=\"flex flex-grow flex-col max-w-full\">\n<div class=\"min-h-[20px] text-message flex flex-col items-start gap-3 whitespace-pre-wrap break-words [.text-message+&amp;]:mt-5 overflow-x-auto\" data-message-author-role=\"assistant\" data-message-id=\"08b08e19-d257-4cb8-82c6-ad0a149c1fd7\">\n<div class=\"markdown prose w-full break-words dark:prose-invert light\">\n<p>Model &#8222;MOTOR-1DAB&#8221; to podstawowy model z cyfrowym radiem DAB+ RetroSound. Jest on wizualnie identyczny z dro\u017cszymi modelami. Wyposa\u017cony w radio DAB+ i funkcje RDS.<\/p>\n<p>Wyposa\u017cenie:<\/p>\n<ul>\n<li>Cyfrowe radio DAB+<\/li>\n<li>Radio FM z funkcj\u0105 RDS<\/li>\n<li>Wej\u015bcie AUX (3,5 mm) z ty\u0142u urz\u0105dzenia<\/li>\n<\/ul>\n<p>Zawarto\u015b\u0107 dostawy:<\/p>\n<ul>\n<li>Modu\u0142 radiowy DAB+ RETROSOUND MOTOR-1DAB<\/li>\n<li>Jednostka wy\u015bwietlacza RETROSOUND RETRO-RADIO-C (chrom)<\/li>\n<li>Blenda przednia z tworzywa sztucznego RETROSOUND RSP-502 (czarno-chromowa)<\/li>\n<li>Pokr\u0119t\u0142o steruj\u0105ce z tworzywa sztucznego RETROSOUND RSP-040P (czarne)<\/li>\n<li>Pier\u015bcie\u0144 regulacyjny z tworzywa sztucznego RETROSOUND RSP-080P (chromowany)<\/li>\n<li>Zestaw monta\u017cowy ISO do gniazda DIN RETROSOUND RSP-KIT-1<\/li>\n<li>Potwierdzenie H-KENNZEICHEN od T\u00dcV S\u00fcd<\/li>\n<\/ul>\n<p>Opcjonalnie w zestawie:<\/p>\n<ul>\n<li>Antena DAB+<\/li>\n<li>Specjalny klucz monta\u017cowy<\/li>\n<\/ul>\n<p>&nbsp;<\/p>\n<p>Specyfikacja:<\/p>\n<ul>\n<li>Pod\u015bwietlenie LCD w ciep\u0142ej bieli<\/li>\n<li>Odbiornik radiowy DAB+\/FM\/MW z RDS i 30 pami\u0119ci\u0105 stacji<\/li>\n<li>Tuner obs\u0142uguj\u0105cy europejskie cz\u0119stotliwo\u015bci radiowe (parzyste i nieparzyste)<\/li>\n<li>Zintegrowany wzmacniacz 4-kana\u0142owy (4 x 24 Watt RMS \/ 45 Watt maks.)<\/li>\n<li>3 programy korektora d\u017awi\u0119ku plus indywidualne ustawienia basu\/wysokich ton\u00f3w\/balance&#8217;u\/balansu<\/li>\n<li>Funkcja XBAS Loudness<\/li>\n<li>Pami\u0119\u0107 nieulotna<\/li>\n<\/ul>\n<p>Dane techniczne:<\/p>\n<ul>\n<li>FM Europejski zakres cz\u0119stotliwo\u015bci nadawania 87,5-107,9 MHz (w krokach co 0,05 MHz)<\/li>\n<li>MW Zakres cz\u0119stotliwo\u015bci 530-1710 kHz (w krokach co 9 kHz)<\/li>\n<li>Odbi\u00f3r DAB+ przez wej\u015bcie antenowe SMB dla pasywnych anten DAB+<\/li>\n<li>Wymiary podstawowego urz\u0105dzenia radiowego 101x51x136 mm<\/li>\n<li>Zasilanie 10,5 do 14,4 wolt\u00f3w<\/li>\n<li>Maksymalne pobieranie pr\u0105du 15 amper\u00f3w<\/li>\n<li>Pr\u0105d bezczynno\u015bci 3,5 mA<\/li>\n<li>Moc wyj\u015bciowa 12V, 4 Ohm, &lt;1% zniekszta\u0142cenie: 4&#215;15 Watt sinus<\/li>\n<li>Impedancja g\u0142o\u015bnika 4-8 Ohm<\/li>\n<li>Czu\u0142o\u015b\u0107 wej\u015bcia AUX1 &gt;300 mV \/ 6 kOhm<\/li>\n<\/ul>\n<\/div>\n<\/div>\n<\/div>\n<div class=\"mt-1 flex justify-start gap-3 empty:hidden\">\n<div class=\"text-gray-400 flex self-end lg:self-center items-center justify-center lg:justify-start mt-0 -ml-1 h-7 gap-[2px] visible\"><\/div>\n<\/div>\n<div class=\"pr-2 lg:pr-0\"><\/div>\n<\/div>\n<\/div>\n<\/div>\n<\/div>\n<\/div>\n<\/div>\n<\/div>\n<\/div>\n<\/div>\n<div class=\"w-full pt-2 md:pt-0 dark:border-white\/20 md:border-transparent md:dark:border-transparent md:w-[calc(100%-.5rem)]\">\n<form class=\"stretch mx-2 flex flex-row gap-3 last:mb-2 md:mx-4 md:last:mb-6 lg:mx-auto lg:max-w-2xl xl:max-w-3xl\">\n<div class=\"relative flex h-full flex-1 flex-col\">\n<div class=\"flex w-full items-center\"><\/div>\n<\/div>\n<\/form>\n<\/div>\n","protected":false},"excerpt":{"rendered":"<p>Retro-style radio Trim model.<\/p>","protected":false},"featured_media":6849,"template":"","meta":{"_acf_changed":false,"_kad_blocks_custom_css":"","_kad_blocks_head_custom_js":"","_kad_blocks_body_custom_js":"","_kad_blocks_footer_custom_js":"","_kad_post_transparent":"default","_kad_post_title":"","_kad_post_layout":"default","_kad_post_sidebar_id":"","_kad_post_content_style":"default","_kad_post_vertical_padding":"default","_kad_post_feature":"","_kad_post_feature_position":"","_kad_post_header":false,"_kad_post_footer":false,"_kad_post_classname":""},"product_brand":[],"product_cat":[183],"product_tag":[],"class_list":{"0":"post-6845","1":"product","2":"type-product","3":"status-publish","4":"has-post-thumbnail","6":"product_cat-design-trim","8":"first","9":"onbackorder","10":"taxable","11":"shipping-taxable","12":"product-type-simple","13":"entry","14":"content-bg","15":"loop-entry"},"acf":[],"taxonomy_info":{"product_cat":[{"value":183,"label":"Design \"Trim\""}]},"featured_image_src_large":["https:\/\/www.creativ.net.pl\/wp-content\/uploads\/2024\/03\/RETROSOUND-MOTOR-1DAB-DAB-Komplett-Set-Trim-mit-Zubehoer-RSD-TRIM-1DAB_b_0.jpeg",773,773,false],"author_info":[],"comment_info":"","_links":{"self":[{"href":"https:\/\/www.creativ.net.pl\/en\/wp-json\/wp\/v2\/product\/6845","targetHints":{"allow":["GET"]}}],"collection":[{"href":"https:\/\/www.creativ.net.pl\/en\/wp-json\/wp\/v2\/product"}],"about":[{"href":"https:\/\/www.creativ.net.pl\/en\/wp-json\/wp\/v2\/types\/product"}],"wp:featuredmedia":[{"embeddable":true,"href":"https:\/\/www.creativ.net.pl\/en\/wp-json\/wp\/v2\/media\/6849"}],"wp:attachment":[{"href":"https:\/\/www.creativ.net.pl\/en\/wp-json\/wp\/v2\/media?parent=6845"}],"wp:term":[{"taxonomy":"product_brand","embeddable":true,"href":"https:\/\/www.creativ.net.pl\/en\/wp-json\/wp\/v2\/product_brand?post=6845"},{"taxonomy":"product_cat","embeddable":true,"href":"https:\/\/www.creativ.net.pl\/en\/wp-json\/wp\/v2\/product_cat?post=6845"},{"taxonomy":"product_tag","embeddable":true,"href":"https:\/\/www.creativ.net.pl\/en\/wp-json\/wp\/v2\/product_tag?post=6845"}],"curies":[{"name":"wp","href":"https:\/\/api.w.org\/{rel}","templated":true}]}}