{"id":6812,"date":"2024-03-17T17:44:14","date_gmt":"2024-03-17T16:44:14","guid":{"rendered":"https:\/\/www.creativ.net.pl\/?post_type=product&#038;p=6812"},"modified":"2025-09-08T15:21:00","modified_gmt":"2025-09-08T13:21:00","slug":"radio-retro-sound-black-motor-1dab-1","status":"publish","type":"product","link":"https:\/\/www.creativ.net.pl\/en\/product\/radio-retro-sound-black-motor-1dab-1\/","title":{"rendered":"Retro Sound Black MOTOR-1DAB-1 radio"},"content":{"rendered":"<div class=\"flex-1 overflow-hidden\">\n<div class=\"react-scroll-to-bottom--css-ahojh-79elbk h-full\">\n<div class=\"react-scroll-to-bottom--css-ahojh-1n7m0yu\">\n<div class=\"flex flex-col text-sm pb-9\">\n<div class=\"w-full text-token-text-primary\" data-testid=\"conversation-turn-5\">\n<div class=\"px-4 py-2 justify-center text-base md:gap-6 m-auto\">\n<div class=\"flex flex-1 text-base mx-auto gap-3 md:px-5 lg:px-1 xl:px-5 md:max-w-3xl lg:max-w-[40rem] xl:max-w-[48rem] group final-completion\">\n<div class=\"relative flex w-full flex-col agent-turn\">\n<div class=\"flex-col gap-1 md:gap-3\">\n<div class=\"flex flex-grow flex-col max-w-full\">\n<div class=\"min-h-[20px] text-message flex flex-col items-start gap-3 whitespace-pre-wrap break-words [.text-message+&amp;]:mt-5 overflow-x-auto\" data-message-author-role=\"assistant\" data-message-id=\"39512506-20d6-4f19-94ba-c1758267c739\">\n<div class=\"markdown prose w-full break-words dark:prose-invert light\">\n<p>Model &#8222;MOTOR-1DAB-1&#8221; to podstawowy model z cyfrowym radiem DAB+ od RetroSound. Jest on wizualnie identyczny z ta\u0144szym modelem, ale dodatkowo wyposa\u017cony jest w odtwarzanie audio A2DP Bluetooth oraz zestaw g\u0142o\u015bnom\u00f3wi\u0105cy Bluetooth.<\/p>\n<p>Wyposa\u017cenie:<\/p>\n<ul>\n<li>Odbiornik radiowy DAB+\/FM\/MW z RDS i 30 pami\u0119ci\u0105 stacji<\/li>\n<li>Tuner z europejskimi prostymi i nieparzystymi cz\u0119stotliwo\u015bciami radiowymi<\/li>\n<li>Odtwarzanie audio A2DP Bluetooth do bezprzewodowej integracji ze smartfonem<\/li>\n<li>Zestaw g\u0142o\u015bnom\u00f3wi\u0105cy Bluetooth z mikrofonem<\/li>\n<li>Wbudowany wzmacniacz 4-kana\u0142owy (4 x 24 Watt RMS \/ 45 Watt maks.)<\/li>\n<li>3 programy korektora d\u017awi\u0119ku plus indywidualne ustawienia basu\/wysokich\/proporcji balansu<\/li>\n<li>Funkcja g\u0142o\u015bno\u015bci XBAS<\/li>\n<li>Pami\u0119\u0107 nieulotna<\/li>\n<li>Ciep\u0142a bia\u0142a pod\u015bwietlana LCD<\/li>\n<li>Wej\u015bcie AUX (3.5mm) z ty\u0142u urz\u0105dzenia<\/li>\n<\/ul>\n<p>Zawarto\u015b\u0107 dostawy:<\/p>\n<ul>\n<li>Modu\u0142 radiowy DAB+ RETROSOUND MOTOR-1DAB-1<\/li>\n<li>Jednostka wy\u015bwietlacza RETROSOUND RETRO-RADIO-B (czarna)<\/li>\n<li>P\u0142yta frontowa RETROSOUND RSP-402 (czarna)<\/li>\n<li>Pokr\u0119t\u0142o steruj\u0105ce z tworzywa sztucznego RETROSOUND RSP-040P (czarne)<\/li>\n<li>Pier\u015bcie\u0144 steruj\u0105cy z tworzywa sztucznego RETROSOUND RSP-090P (czarny)<\/li>\n<li>Zestaw monta\u017cowy ISO do kieszeni DIN RSP-KIT-1<\/li>\n<li>Potwierdzenie H-KENNZEICHEN od T\u00dcV S\u00fcd<\/li>\n<\/ul>\n<p>Opcjonalnie w zestawie:<\/p>\n<ul>\n<li>Antena DAB+<\/li>\n<li>Specjalny klucz monta\u017cowy<\/li>\n<\/ul>\n<p>Dane techniczne:<\/p>\n<ul>\n<li>Zakres cz\u0119stotliwo\u015bci europejskiego radia FM 87,5-107,9 MHz. (w krokach 0,05 MHz.)<\/li>\n<li>Zakres cz\u0119stotliwo\u015bci MW 530-1710 kHz (w krokach 9 kHz.)<\/li>\n<li>Odbi\u00f3r DAB+ przez wej\u015bcie anteny SMB dla pasywnych anten DAB+<\/li>\n<li>Wymiary podstawowego urz\u0105dzenia radiowego 101x51x136mm<\/li>\n<li>Zasilanie 10,5 do 14,4 Volt\u00f3w<\/li>\n<li>Maksymalny pr\u0105d pobierany 15 Amper\u00f3w<\/li>\n<li>Pr\u0105d bezczynno\u015bci 3,5 mA<\/li>\n<li>Moc wyj\u015bciowa 12V, 4 Ohm, &lt;1% zniekszta\u0142cenia: 4&#215;15 Watt sinus<\/li>\n<li>Impedancja g\u0142o\u015bnika 4-8 Ohm<\/li>\n<li>Czu\u0142o\u015b\u0107 wej\u015bcia AUX1 &gt;300 mV \/ 6 kOhm<\/li>\n<\/ul>\n<\/div>\n<\/div>\n<\/div>\n<div class=\"mt-1 flex justify-start gap-3 empty:hidden\">\n<div class=\"text-gray-400 flex self-end lg:self-center items-center justify-center lg:justify-start mt-0 -ml-1 h-7 gap-[2px] visible\">\n<div class=\"flex\"><\/div>\n<\/div>\n<\/div>\n<div class=\"pr-2 lg:pr-0\"><\/div>\n<\/div>\n<\/div>\n<\/div>\n<\/div>\n<\/div>\n<\/div>\n<\/div>\n<\/div>\n<\/div>\n<div class=\"w-full pt-2 md:pt-0 dark:border-white\/20 md:border-transparent md:dark:border-transparent md:w-[calc(100%-.5rem)]\">\n<form class=\"stretch mx-2 flex flex-row gap-3 last:mb-2 md:mx-4 md:last:mb-6 lg:mx-auto lg:max-w-2xl xl:max-w-3xl\">\n<div class=\"relative flex h-full flex-1 flex-col\">\n<div class=\"flex w-full items-center\"><\/div>\n<\/div>\n<\/form>\n<\/div>\n","protected":false},"excerpt":{"rendered":"<p>Retro-style radio Black model<\/p>","protected":false},"featured_media":6813,"template":"","meta":{"_acf_changed":false,"_kad_blocks_custom_css":"","_kad_blocks_head_custom_js":"","_kad_blocks_body_custom_js":"","_kad_blocks_footer_custom_js":"","_kad_post_transparent":"default","_kad_post_title":"","_kad_post_layout":"default","_kad_post_sidebar_id":"","_kad_post_content_style":"default","_kad_post_vertical_padding":"default","_kad_post_feature":"","_kad_post_feature_position":"","_kad_post_header":false,"_kad_post_footer":false,"_kad_post_classname":""},"product_brand":[],"product_cat":[181],"product_tag":[],"class_list":{"0":"post-6812","1":"product","2":"type-product","3":"status-publish","4":"has-post-thumbnail","6":"product_cat-design-black","8":"first","9":"onbackorder","10":"taxable","11":"shipping-taxable","12":"product-type-simple","13":"entry","14":"content-bg","15":"loop-entry"},"acf":[],"taxonomy_info":{"product_cat":[{"value":181,"label":"Design \"Black\""}]},"featured_image_src_large":["https:\/\/www.creativ.net.pl\/wp-content\/uploads\/2024\/03\/RETROSOUND-MOTOR-1DAB-1-DAB-Komplett-Set-Black-mit-Bluetooth-RSD-BLACK-1DAB-1_b_0.jpeg",773,773,false],"author_info":[],"comment_info":"","_links":{"self":[{"href":"https:\/\/www.creativ.net.pl\/en\/wp-json\/wp\/v2\/product\/6812","targetHints":{"allow":["GET"]}}],"collection":[{"href":"https:\/\/www.creativ.net.pl\/en\/wp-json\/wp\/v2\/product"}],"about":[{"href":"https:\/\/www.creativ.net.pl\/en\/wp-json\/wp\/v2\/types\/product"}],"wp:featuredmedia":[{"embeddable":true,"href":"https:\/\/www.creativ.net.pl\/en\/wp-json\/wp\/v2\/media\/6813"}],"wp:attachment":[{"href":"https:\/\/www.creativ.net.pl\/en\/wp-json\/wp\/v2\/media?parent=6812"}],"wp:term":[{"taxonomy":"product_brand","embeddable":true,"href":"https:\/\/www.creativ.net.pl\/en\/wp-json\/wp\/v2\/product_brand?post=6812"},{"taxonomy":"product_cat","embeddable":true,"href":"https:\/\/www.creativ.net.pl\/en\/wp-json\/wp\/v2\/product_cat?post=6812"},{"taxonomy":"product_tag","embeddable":true,"href":"https:\/\/www.creativ.net.pl\/en\/wp-json\/wp\/v2\/product_tag?post=6812"}],"curies":[{"name":"wp","href":"https:\/\/api.w.org\/{rel}","templated":true}]}}