{"id":6646,"date":"2024-03-13T12:06:24","date_gmt":"2024-03-13T11:06:24","guid":{"rendered":"https:\/\/www.creativ.net.pl\/?post_type=product&#038;p=6646"},"modified":"2025-09-08T15:12:25","modified_gmt":"2025-09-08T13:12:25","slug":"radio-retro-sound-grand-prix-motor-6dab","status":"publish","type":"product","link":"https:\/\/www.creativ.net.pl\/en\/product\/radio-retro-sound-grand-prix-motor-6dab\/","title":{"rendered":"Radio Retro Sound Grand Prix MOTOR-6DAB"},"content":{"rendered":"<div class=\"w-full text-token-text-primary\" data-testid=\"conversation-turn-3\">\n<div class=\"px-4 py-2 justify-center text-base md:gap-6 m-auto\">\n<div class=\"flex flex-1 text-base mx-auto gap-3 md:px-5 lg:px-1 xl:px-5 md:max-w-3xl lg:max-w-[40rem] xl:max-w-[48rem] group final-completion\">\n<div class=\"relative flex w-full flex-col agent-turn\">\n<div class=\"flex-col gap-1 md:gap-3\">\n<div class=\"flex flex-grow flex-col max-w-full\">\n<div class=\"min-h-[20px] text-message flex flex-col items-start gap-3 whitespace-pre-wrap break-words [.text-message+&amp;]:mt-5 overflow-x-auto\" data-message-author-role=\"assistant\" data-message-id=\"c65e88d1-2f92-4d66-abca-0fcf4398a0a8\">\n<div class=\"markdown prose w-full break-words dark:prose-invert light\">\n<p>Model &#8222;MOTOR-6DAB&#8221; to model premium marki RetroSound. Jest on wizualnie identyczny z ta\u0144szym modelem, ale zosta\u0142 dodatkowo wyposa\u017cony w drugie wej\u015bcie USB z ty\u0142u urz\u0105dzenia, interfejs APPLE iPhone przez USB, funkcje audio i g\u0142o\u015bnom\u00f3wi\u0105ce Bluetooth, trzy wyj\u015bcia przedwzmacniacza oraz wielokolorowe o\u015bwietlenie.<\/p>\n<p>Wyposa\u017cenie:<\/p>\n<ul>\n<li>Radio cyfrowe DAB+<\/li>\n<li>Radio FM z funkcj\u0105 RDS<\/li>\n<li>Odtwarzanie d\u017awi\u0119ku Bluetooth A2DP do bezprzewodowej integracji ze smartfonem<\/li>\n<li>Dwa wej\u015bcia USB z ty\u0142u urz\u0105dzenia<\/li>\n<li>Wej\u015bcie AUX (3,5 mm) z ty\u0142u urz\u0105dzenia<\/li>\n<li>G\u0142o\u015bnom\u00f3wi\u0105ce Bluetooth z zewn\u0119trznym mikrofonem<\/li>\n<\/ul>\n<p>Zawarto\u015b\u0107 dostawy:<\/p>\n<ul>\n<li>Modu\u0142 radiowy RETROSOUND MOTOR-6DAB z DAB+ i FM<\/li>\n<li>Wy\u015bwietlacz RETROSOUND FACE-GRANDPRIX<\/li>\n<li>Zestaw monta\u017cowy RETROSOUND RSP-296 ISO do szuflady DIN<\/li>\n<li>Gniazdo monta\u017cowe USB\/AUX AMPIRE z kablem 60cm<\/li>\n<li>Potwierdzenie H-KENNZEICHEN od T\u00dcV S\u00fcd<\/li>\n<\/ul>\n<p>Opcjonalnie w zestawie:<\/p>\n<ul>\n<li>Antena DAB+<\/li>\n<\/ul>\n<p>Specyfikacja:<\/p>\n<ul>\n<li>Odtwarzanie plik\u00f3w MP3 i WMA przez wej\u015bcie USB z ty\u0142u urz\u0105dzenia<\/li>\n<li>G\u0142o\u015bnom\u00f3wi\u0105ce Bluetooth z transmisj\u0105 audio A2DP<\/li>\n<li>Regulowane o\u015bwietlenie LCD z 32 000 r\u00f3\u017cnymi kolorami<\/li>\n<li>Odbiornik radiowy DAB+\/FM\/MW z RDS i 30 pami\u0119ci\u0105 stacji<\/li>\n<li>Tuner z europejskimi prostymi i nieparzystymi cz\u0119stotliwo\u015bciami radiowymi<\/li>\n<li>Wbudowany wzmacniacz 4-kana\u0142owy (4 x 25 Watt RMS)<\/li>\n<li>3 wyj\u015bcia cinch (stereo) dla zewn\u0119trznych wzmacniaczy (przednie\/tylne\/subwoofer)<\/li>\n<li>3 programy korektora d\u017awi\u0119ku plus indywidualne ustawienia bas\u00f3w\/wysokich\/panoramy\/balansu<\/li>\n<li>Funkcja XBAS Loudness<\/li>\n<li>Pami\u0119\u0107 nieulotna<\/li>\n<\/ul>\n<p>Dane techniczne:<\/p>\n<ul>\n<li>Pasmo europejskiego radia FM 87,5-107,9 MHz. (0,05 MHz. w krokach)<\/li>\n<li>Pasmo MW 530-1710 kHz (9 kHz. w krokach)<\/li>\n<li>Odbi\u00f3r DAB+ przez wej\u015bcie antenowe SMB dla pasywnych anten DAB+<\/li>\n<\/ul>\n<p>Dane og\u00f3lne:<\/p>\n<ul>\n<li>Wymiary urz\u0105dzenia radiowego 101x51x136mm<\/li>\n<li>Zasilanie 10,5 do 14,4 Volt\u00f3w<\/li>\n<li>Maksymalne zu\u017cycie pr\u0105du 15 Amper\u00f3w<\/li>\n<li>Pr\u0105d spoczynkowy 3,5 mA<\/li>\n<li>Moc sinusoidalna wyj\u015bciowa 12V, 4 Ohmy, &lt;1% zniekszta\u0142ce\u0144: 4&#215;25 Wat\u00f3w (RMS)<\/li>\n<li>Impedancja g\u0142o\u015bnika 4-8 Ohm\u00f3w<\/li>\n<li>Wyj\u015bcie cinch 2,85 Volty dla zewn\u0119trznego wzmacniacza<\/li>\n<li>Czu\u0142o\u015b\u0107 wej\u015bciowa AUX &gt;300 mV \/ 6 kOhm<\/li>\n<\/ul>\n<\/div>\n<\/div>\n<\/div>\n<div class=\"mt-1 flex justify-start gap-3 empty:hidden\"><\/div>\n<div class=\"pr-2 lg:pr-0\"><\/div>\n<\/div>\n<\/div>\n<\/div>\n<\/div>\n<\/div>\n<div class=\"mx-auto\">\n<div>\n<div class=\"mx-auto mt-2 inline-flex rounded-xl border border-gray-100 dark:border-gray-700\"><\/div>\n<\/div>\n<\/div>\n","protected":false},"excerpt":{"rendered":"<p>Retro-style radio Grand Prix model<\/p>","protected":false},"featured_media":6669,"template":"","meta":{"_acf_changed":false,"_kad_blocks_custom_css":"","_kad_blocks_head_custom_js":"","_kad_blocks_body_custom_js":"","_kad_blocks_footer_custom_js":"","_kad_post_transparent":"default","_kad_post_title":"","_kad_post_layout":"default","_kad_post_sidebar_id":"","_kad_post_content_style":"default","_kad_post_vertical_padding":"default","_kad_post_feature":"","_kad_post_feature_position":"","_kad_post_header":false,"_kad_post_footer":false,"_kad_post_classname":""},"product_brand":[],"product_cat":[177],"product_tag":[],"class_list":{"0":"post-6646","1":"product","2":"type-product","3":"status-publish","4":"has-post-thumbnail","6":"product_cat-design-grand-prix","8":"first","9":"onbackorder","10":"taxable","11":"shipping-taxable","12":"product-type-simple","13":"entry","14":"content-bg","15":"loop-entry"},"acf":[],"taxonomy_info":{"product_cat":[{"value":177,"label":"Design \"Grand Prix\""}]},"featured_image_src_large":["https:\/\/www.creativ.net.pl\/wp-content\/uploads\/2024\/03\/RETROSOUND-MOTOR-6DAB-DAB-Komplett-Set-Grand-Prix-mit-Zubehoer-RSD-GRANDPRIX-6DAB_b_0.jpeg",773,773,false],"author_info":[],"comment_info":"","_links":{"self":[{"href":"https:\/\/www.creativ.net.pl\/en\/wp-json\/wp\/v2\/product\/6646","targetHints":{"allow":["GET"]}}],"collection":[{"href":"https:\/\/www.creativ.net.pl\/en\/wp-json\/wp\/v2\/product"}],"about":[{"href":"https:\/\/www.creativ.net.pl\/en\/wp-json\/wp\/v2\/types\/product"}],"wp:featuredmedia":[{"embeddable":true,"href":"https:\/\/www.creativ.net.pl\/en\/wp-json\/wp\/v2\/media\/6669"}],"wp:attachment":[{"href":"https:\/\/www.creativ.net.pl\/en\/wp-json\/wp\/v2\/media?parent=6646"}],"wp:term":[{"taxonomy":"product_brand","embeddable":true,"href":"https:\/\/www.creativ.net.pl\/en\/wp-json\/wp\/v2\/product_brand?post=6646"},{"taxonomy":"product_cat","embeddable":true,"href":"https:\/\/www.creativ.net.pl\/en\/wp-json\/wp\/v2\/product_cat?post=6646"},{"taxonomy":"product_tag","embeddable":true,"href":"https:\/\/www.creativ.net.pl\/en\/wp-json\/wp\/v2\/product_tag?post=6646"}],"curies":[{"name":"wp","href":"https:\/\/api.w.org\/{rel}","templated":true}]}}