{"id":6633,"date":"2024-03-11T14:56:59","date_gmt":"2024-03-11T13:56:59","guid":{"rendered":"https:\/\/www.creativ.net.pl\/?post_type=product&#038;p=6633"},"modified":"2025-09-08T15:13:11","modified_gmt":"2025-09-08T13:13:11","slug":"radio-retro-sound-grand-prix-motor-1dab-1","status":"publish","type":"product","link":"https:\/\/www.creativ.net.pl\/en\/product\/radio-retro-sound-grand-prix-motor-1dab-1\/","title":{"rendered":"Retro Sound Grand Prix MOTOR-1DAB-1 radio"},"content":{"rendered":"<div class=\"flex-1 overflow-hidden\">\n<div class=\"react-scroll-to-bottom--css-zkptv-79elbk h-full\">\n<div class=\"react-scroll-to-bottom--css-zkptv-1n7m0yu\">\n<div class=\"flex flex-col text-sm pb-9\">\n<div class=\"w-full text-token-text-primary\" data-testid=\"conversation-turn-5\">\n<div class=\"px-4 py-2 justify-center text-base md:gap-6 m-auto\">\n<div class=\"flex flex-1 text-base mx-auto gap-3 md:px-5 lg:px-1 xl:px-5 md:max-w-3xl lg:max-w-[40rem] xl:max-w-[48rem] group final-completion\">\n<div class=\"relative flex w-full flex-col agent-turn\">\n<div class=\"flex-col gap-1 md:gap-3\">\n<div class=\"flex flex-grow flex-col max-w-full\">\n<div class=\"min-h-[20px] text-message flex flex-col items-start gap-3 whitespace-pre-wrap break-words [.text-message+&amp;]:mt-5 overflow-x-auto\" data-message-author-role=\"assistant\" data-message-id=\"b86209b9-2541-4efc-ab21-20cdbf97fe45\">\n<div class=\"markdown prose w-full break-words dark:prose-invert light\">\n<p>Model &#8222;MOTOR-1DAB-1&#8221; to podstawowy model z cyfrowym radiem DAB+ RetroSound. Jest wizualnie identyczny z ta\u0144szymi modelami, ale dodatkowo wyposa\u017cony w odtwarzanie d\u017awi\u0119ku A2DP Bluetooth oraz zestaw g\u0142o\u015bnom\u00f3wi\u0105cy Bluetooth.<\/p>\n<p>Wyposa\u017cenie:<\/p>\n<ul>\n<li>Odbiornik radiowy DAB+\/FM\/MW z RDS i 30 miejscami pami\u0119ci<\/li>\n<li>Tuner z europejskimi prostymi i nieparzystymi cz\u0119stotliwo\u015bciami radiowymi<\/li>\n<li>Odtwarzanie d\u017awi\u0119ku A2DP Bluetooth dla bezprzewodowej integracji ze smartfonem<\/li>\n<li>Zestaw g\u0142o\u015bnom\u00f3wi\u0105cy Bluetooth wraz z mikrofonem<\/li>\n<li>Wbudowany wzmacniacz 4-kana\u0142owy (4 x 24 Watt RMS \/ 45 Watt maks.)<\/li>\n<li>3 programy korektora d\u017awi\u0119ku plus indywidualne ustawienia basu\/wysokich\/rozdzia\u0142u\/balansu<\/li>\n<li>Funkcja XBAS Loudness<\/li>\n<li>Pami\u0119\u0107 nieulotna<\/li>\n<li>Ciep\u0142e o\u015bwietlenie LCD<\/li>\n<li>Wej\u015bcie AUX (3.5mm) z ty\u0142u urz\u0105dzenia<\/li>\n<\/ul>\n<p>Zawarto\u015b\u0107 dostawy:<\/p>\n<ul>\n<li>Modu\u0142 radiowy RETROSOUND MOTOR-1DAB-1<\/li>\n<li>Jednostka wy\u015bwietlacza RETROSOUND FACE-GRANDPRIX<\/li>\n<li>Komplet monta\u017cowy RETROSOUND RSP-296 ISO do gniazda DIN<\/li>\n<li>Potwierdzenie z T\u00dcV S\u00fcd dla pojazd\u00f3w z tablic\u0105 H<\/li>\n<\/ul>\n<p>Opcjonalnie w zestawie:<\/p>\n<ul>\n<li>Antena DAB+<\/li>\n<\/ul>\n<p>&nbsp;<\/p>\n<p>Dane techniczne:<\/p>\n<ul>\n<li>Zakres cz\u0119stotliwo\u015bci radiowych FM w Europie 87,5-107,9 MHz (w krokach 0,05 MHz)<\/li>\n<li>Zakres cz\u0119stotliwo\u015bci radiowych MW 530-1710 kHz (w krokach 9 kHz)<\/li>\n<li>Odbi\u00f3r DAB+ przez wej\u015bcie antenowe SMB dla pasywnych anten DAB+<\/li>\n<li>Wymiary podstawowego urz\u0105dzenia radiowego 101x51x136mm<\/li>\n<li>Zasilanie 10,5 do 14,4 wolt\u00f3w<\/li>\n<li>Maksymalne zu\u017cycie pr\u0105du 15 amper\u00f3w<\/li>\n<li>Pr\u0105d spoczynkowy 3,5 mA<\/li>\n<li>Moc wyj\u015bciowa 12V, 4 Ohm, &lt;1% zniekszta\u0142cenia: 4&#215;15 Watt sinus<\/li>\n<li>Impedancja g\u0142o\u015bnik\u00f3w 4-8 Ohm<\/li>\n<li>Czu\u0142o\u015b\u0107 wej\u015bciowa AUX1 &gt;300 mV \/ 6 kOhm<\/li>\n<\/ul>\n<\/div>\n<\/div>\n<\/div>\n<div class=\"mt-1 flex justify-start gap-3 empty:hidden\">\n<div class=\"text-gray-400 flex self-end lg:self-center justify-center lg:justify-start mt-0 -ml-1 h-7 visible\">\n<div class=\"flex items-center gap-1.5 text-xs\"><\/div>\n<div class=\"flex\"><\/div>\n<\/div>\n<\/div>\n<div class=\"pr-2 lg:pr-0\"><\/div>\n<\/div>\n<\/div>\n<\/div>\n<\/div>\n<\/div>\n<\/div>\n<\/div>\n<\/div>\n<\/div>\n<div class=\"w-full pt-2 md:pt-0 dark:border-white\/20 md:border-transparent md:dark:border-transparent md:w-[calc(100%-.5rem)]\">\n<form class=\"stretch mx-2 flex flex-row gap-3 last:mb-2 md:mx-4 md:last:mb-6 lg:mx-auto lg:max-w-2xl xl:max-w-3xl\">\n<div class=\"relative flex h-full flex-1 flex-col\">\n<div class=\"flex w-full items-center\"><\/div>\n<\/div>\n<\/form>\n<\/div>\n","protected":false},"excerpt":{"rendered":"<p>Retro-style radio Grand Prix model.<\/p>","protected":false},"featured_media":6634,"template":"","meta":{"_acf_changed":false,"_kad_blocks_custom_css":"","_kad_blocks_head_custom_js":"","_kad_blocks_body_custom_js":"","_kad_blocks_footer_custom_js":"","_kad_post_transparent":"default","_kad_post_title":"","_kad_post_layout":"default","_kad_post_sidebar_id":"","_kad_post_content_style":"default","_kad_post_vertical_padding":"default","_kad_post_feature":"","_kad_post_feature_position":"","_kad_post_header":false,"_kad_post_footer":false,"_kad_post_classname":""},"product_brand":[],"product_cat":[177],"product_tag":[],"class_list":{"0":"post-6633","1":"product","2":"type-product","3":"status-publish","4":"has-post-thumbnail","6":"product_cat-design-grand-prix","8":"first","9":"onbackorder","10":"taxable","11":"shipping-taxable","12":"product-type-simple","13":"entry","14":"content-bg","15":"loop-entry"},"acf":[],"taxonomy_info":{"product_cat":[{"value":177,"label":"Design \"Grand Prix\""}]},"featured_image_src_large":["https:\/\/www.creativ.net.pl\/wp-content\/uploads\/2024\/03\/RETROSOUND-MOTOR-1DAB-1-DAB-Komplett-Set-Grand-Prix-mit-Bluetooth-RSD-GRANDPRIX-1DAB-1_b_0.jpeg",773,773,false],"author_info":[],"comment_info":"","_links":{"self":[{"href":"https:\/\/www.creativ.net.pl\/en\/wp-json\/wp\/v2\/product\/6633","targetHints":{"allow":["GET"]}}],"collection":[{"href":"https:\/\/www.creativ.net.pl\/en\/wp-json\/wp\/v2\/product"}],"about":[{"href":"https:\/\/www.creativ.net.pl\/en\/wp-json\/wp\/v2\/types\/product"}],"wp:featuredmedia":[{"embeddable":true,"href":"https:\/\/www.creativ.net.pl\/en\/wp-json\/wp\/v2\/media\/6634"}],"wp:attachment":[{"href":"https:\/\/www.creativ.net.pl\/en\/wp-json\/wp\/v2\/media?parent=6633"}],"wp:term":[{"taxonomy":"product_brand","embeddable":true,"href":"https:\/\/www.creativ.net.pl\/en\/wp-json\/wp\/v2\/product_brand?post=6633"},{"taxonomy":"product_cat","embeddable":true,"href":"https:\/\/www.creativ.net.pl\/en\/wp-json\/wp\/v2\/product_cat?post=6633"},{"taxonomy":"product_tag","embeddable":true,"href":"https:\/\/www.creativ.net.pl\/en\/wp-json\/wp\/v2\/product_tag?post=6633"}],"curies":[{"name":"wp","href":"https:\/\/api.w.org\/{rel}","templated":true}]}}