{"id":6374,"date":"2024-02-19T12:04:04","date_gmt":"2024-02-19T11:04:04","guid":{"rendered":"https:\/\/www.creativ.net.pl\/?post_type=product&#038;p=6374"},"modified":"2026-04-10T12:28:48","modified_gmt":"2026-04-10T10:28:48","slug":"kamera-ampire-kv-t5f","status":"publish","type":"product","link":"https:\/\/www.creativ.net.pl\/en\/product\/kamera-ampire-kv-t5f\/","title":{"rendered":"Ampire KV-T5F camera"},"content":{"rendered":"<p>Reversing camera dedicated to Volkswagen Transporter T5 and T6 cars with wing doors. The KV-T5F fits in place of the factory left stop lamp.<\/p>\n<p>Technical data:<\/p>\n<ul>\n<li>Reverse mirror image<\/li>\n<li>Image sensor: 1\/3\u2033 CMOS High performance digital super clear image sensor<\/li>\n<li>Resolution 756\u00d7504 pixels<\/li>\n<li>150\u00b0 diagonal viewing angle<\/li>\n<li>Picture format: NTSC<\/li>\n<li>480 line resolution<\/li>\n<li>Waterproof to IP68<\/li>\n<li>Supply voltage: 12 volts DC<\/li>\n<li>Current consumption: max. 200 mA<\/li>\n<li>Operating temperature: -20\u00b0C to 70\u00b0C<\/li>\n<li>Minimum illumination: 0.2 lux<\/li>\n<li>Colour: black<\/li>\n<li>Cable length: 10 metres<\/li>\n<\/ul>","protected":false},"excerpt":{"rendered":"<p>Reversing camera dedicated to the Volkswagen Transporter T5 and T6 with wing doors.<\/p>","protected":false},"featured_media":6376,"template":"","meta":{"_acf_changed":false,"_kad_blocks_custom_css":"","_kad_blocks_head_custom_js":"","_kad_blocks_body_custom_js":"","_kad_blocks_footer_custom_js":"","_kad_post_transparent":"default","_kad_post_title":"","_kad_post_layout":"default","_kad_post_sidebar_id":"","_kad_post_content_style":"default","_kad_post_vertical_padding":"default","_kad_post_feature":"","_kad_post_feature_position":"","_kad_post_header":false,"_kad_post_footer":false,"_kad_post_classname":""},"product_brand":[],"product_cat":[74,75],"product_tag":[],"class_list":{"0":"post-6374","1":"product","2":"type-product","3":"status-publish","4":"has-post-thumbnail","6":"product_cat-kamery-dedykowane","7":"product_cat-kamery-do-ciezarowek-busow","8":"pa_kat-widzenia-po-przekatnej-150-stopni","9":"pa_marka-ampire","10":"pa_rozdzielczosc-480-linii","11":"pa_wodoodpornosc-ip68","13":"first","14":"instock","15":"taxable","16":"shipping-taxable","17":"product-type-simple","18":"entry","19":"content-bg","20":"loop-entry"},"acf":[],"taxonomy_info":{"product_cat":[{"value":74,"label":"Kamery dedykowane"},{"value":75,"label":"Kamery do ci\u0119\u017car\u00f3wek \/ bus\u00f3w"}],"pa_kat-widzenia-po-przekatnej":[{"value":280,"label":"150 stopni"}],"pa_marka":[{"value":218,"label":"Ampire"}],"pa_rozdzielczosc":[{"value":289,"label":"480 linii"}],"pa_wodoodpornosc":[{"value":224,"label":"IP68"}]},"featured_image_src_large":["https:\/\/www.creativ.net.pl\/wp-content\/uploads\/2024\/02\/AMPIRE-Rueckfahrkamera-fuer-VW-T5-und-T6-T6-1-mit-Fluegeltueren-_5FKV-T5F_b_1.jpeg",800,800,false],"author_info":[],"comment_info":"","_links":{"self":[{"href":"https:\/\/www.creativ.net.pl\/en\/wp-json\/wp\/v2\/product\/6374","targetHints":{"allow":["GET"]}}],"collection":[{"href":"https:\/\/www.creativ.net.pl\/en\/wp-json\/wp\/v2\/product"}],"about":[{"href":"https:\/\/www.creativ.net.pl\/en\/wp-json\/wp\/v2\/types\/product"}],"wp:featuredmedia":[{"embeddable":true,"href":"https:\/\/www.creativ.net.pl\/en\/wp-json\/wp\/v2\/media\/6376"}],"wp:attachment":[{"href":"https:\/\/www.creativ.net.pl\/en\/wp-json\/wp\/v2\/media?parent=6374"}],"wp:term":[{"taxonomy":"product_brand","embeddable":true,"href":"https:\/\/www.creativ.net.pl\/en\/wp-json\/wp\/v2\/product_brand?post=6374"},{"taxonomy":"product_cat","embeddable":true,"href":"https:\/\/www.creativ.net.pl\/en\/wp-json\/wp\/v2\/product_cat?post=6374"},{"taxonomy":"product_tag","embeddable":true,"href":"https:\/\/www.creativ.net.pl\/en\/wp-json\/wp\/v2\/product_tag?post=6374"}],"curies":[{"name":"wp","href":"https:\/\/api.w.org\/{rel}","templated":true}]}}