{"id":6261,"date":"2024-02-14T10:48:57","date_gmt":"2024-02-14T09:48:57","guid":{"rendered":"https:\/\/www.creativ.net.pl\/?post_type=product&#038;p=6261"},"modified":"2026-03-25T08:49:55","modified_gmt":"2026-03-25T07:49:55","slug":"przewod-skrecany-ampire-ikv-15-60m-czarno-zolty","status":"publish","type":"product","link":"https:\/\/www.creativ.net.pl\/en\/product\/przewod-skrecany-ampire-ikv-15-60m-czarno-zolty\/","title":{"rendered":"Ampire IKV1.5\/60m twisted pair cable black\/yellow"},"content":{"rendered":"<p>Very tightly twisted 2-core 1.5 mm2 installation cable in premium quality (FLRY-B).<\/p>\n<p>INTERNAL CABLE:<\/p>\n<ul>\n<li>2x 1.5mm\u00b2 Nominal cross-section<\/li>\n<li>Twist length 20 mm<\/li>\n<li>soft copper of purity 99.9% (ECU)<\/li>\n<li>Structure 2 x 28 x 0.245mm<\/li>\n<li>Maximum resistance 0.0133 Ohm\/Metre<\/li>\n<\/ul>\n<p>INSULATION:<\/p>\n<ul>\n<li>Colour: yellow\/black<\/li>\n<li>Outer diameter 2.4mm<\/li>\n<li>Robust and thin-walled insulation<\/li>\n<li>PVC (Shore 90 hardness)<\/li>\n<li>Temperature range: -40\u00b0C to +105\u00b0C<\/li>\n<\/ul>\n<p>SHAPE:<\/p>\n<ul>\n<li>Cable length on reel 60m<\/li>\n<li>Plastic spool diameter 172mm<\/li>\n<li>Width of plastic spool 84mm<\/li>\n<li>Hole diameter in plastic spool 32mm<\/li>\n<\/ul>\n<p>What is the difference between OFCu copper and ECu? The difference is due to the manufacturing process of the single wires, where OFCu copper (with a purity of 99.95%) is referred to as oxygen-free (non-oxygenated) copper and ECu (with a purity of 99.90%) as oxygen-containing copper. For single wires between 0.07 and 0.15 mm in diameter, OFCu copper is used and for wires between 0.20 and 0.30 mm in diameter, ECu copper is used.<\/p>","protected":false},"excerpt":{"rendered":"<p>Two-wire 1.5 mm2 installation cable in yellow\/black.<\/p>","protected":false},"featured_media":6263,"template":"","meta":{"_acf_changed":false,"_kad_blocks_custom_css":"","_kad_blocks_head_custom_js":"","_kad_blocks_body_custom_js":"","_kad_blocks_footer_custom_js":"","_kad_post_transparent":"default","_kad_post_title":"","_kad_post_layout":"default","_kad_post_sidebar_id":"","_kad_post_content_style":"default","_kad_post_vertical_padding":"default","_kad_post_feature":"","_kad_post_feature_position":"","_kad_post_header":false,"_kad_post_footer":false,"_kad_post_classname":""},"product_brand":[],"product_cat":[55],"product_tag":[],"class_list":{"0":"post-6261","1":"product","2":"type-product","3":"status-publish","4":"has-post-thumbnail","6":"product_cat-skrecane","7":"pa_kolor-izolacji-przewodu-zolty-czarny","8":"pa_liczba-zyl-2-zylowy","9":"pa_marka-ampire","10":"pa_przekroj-kabla-2x15-mm2","11":"pa_rodzaj-przewodu-glosnikowy","12":"pa_typ-przewodu-skrecany","14":"first","15":"instock","16":"taxable","17":"shipping-taxable","18":"product-type-simple","19":"entry","20":"content-bg","21":"loop-entry"},"acf":[],"taxonomy_info":{"product_cat":[{"value":55,"label":"Skr\u0119cane"}],"pa_kolor-izolacji-przewodu":[{"value":264,"label":"\u017b\u00f3\u0142ty\/Czarny"}],"pa_liczba-zyl":[{"value":265,"label":"2-\u017cy\u0142owy"}],"pa_marka":[{"value":218,"label":"Ampire"}],"pa_przekroj-kabla":[{"value":266,"label":"2x1,5 mm2"}],"pa_rodzaj-przewodu":[{"value":267,"label":"G\u0142o\u015bnikowy"}],"pa_typ-przewodu":[{"value":268,"label":"Skr\u0119cany"}]},"featured_image_src_large":["https:\/\/www.creativ.net.pl\/wp-content\/uploads\/2024\/02\/AMPIRE-Verdrilltes-Kabel-GELB-SCHWARZ-1-5mm-60m-Spule-100-Kupfer-IKV150-GE-60_b_0.jpeg",800,800,false],"author_info":[],"comment_info":"","_links":{"self":[{"href":"https:\/\/www.creativ.net.pl\/en\/wp-json\/wp\/v2\/product\/6261","targetHints":{"allow":["GET"]}}],"collection":[{"href":"https:\/\/www.creativ.net.pl\/en\/wp-json\/wp\/v2\/product"}],"about":[{"href":"https:\/\/www.creativ.net.pl\/en\/wp-json\/wp\/v2\/types\/product"}],"wp:featuredmedia":[{"embeddable":true,"href":"https:\/\/www.creativ.net.pl\/en\/wp-json\/wp\/v2\/media\/6263"}],"wp:attachment":[{"href":"https:\/\/www.creativ.net.pl\/en\/wp-json\/wp\/v2\/media?parent=6261"}],"wp:term":[{"taxonomy":"product_brand","embeddable":true,"href":"https:\/\/www.creativ.net.pl\/en\/wp-json\/wp\/v2\/product_brand?post=6261"},{"taxonomy":"product_cat","embeddable":true,"href":"https:\/\/www.creativ.net.pl\/en\/wp-json\/wp\/v2\/product_cat?post=6261"},{"taxonomy":"product_tag","embeddable":true,"href":"https:\/\/www.creativ.net.pl\/en\/wp-json\/wp\/v2\/product_tag?post=6261"}],"curies":[{"name":"wp","href":"https:\/\/api.w.org\/{rel}","templated":true}]}}