{"id":2388,"date":"2023-10-27T12:34:51","date_gmt":"2023-10-27T10:34:51","guid":{"rendered":"https:\/\/www.creativ.net.pl\/chinch-audio-system-ad-d1\/"},"modified":"2026-04-10T15:55:05","modified_gmt":"2026-04-10T13:55:05","slug":"chinch-audio-system-ad-d1","status":"publish","type":"product","link":"https:\/\/www.creativ.net.pl\/en\/product\/chinch-audio-system-ad-d1\/","title":{"rendered":"Chinch Audio System AD-D1"},"content":{"rendered":"<div class=\"flex-1 overflow-hidden\">\n<div class=\"react-scroll-to-bottom--css-etctk-79elbk h-full\">\n<div class=\"react-scroll-to-bottom--css-etctk-1n7m0yu\">\n<div class=\"flex flex-col pb-9 text-sm\">\n<div class=\"w-full text-token-text-primary\" data-testid=\"conversation-turn-50\">\n<div class=\"px-4 py-2 justify-center text-base md:gap-6 m-auto\">\n<div class=\"flex flex-1 text-base mx-auto gap-3 md:px-5 lg:px-1 xl:px-5 md:max-w-3xl lg:max-w-[40rem] xl:max-w-[48rem] } group final-completion\">\n<div class=\"relative flex w-full flex-col lg:w-[calc(100%-115px)] agent-turn\">\n<div class=\"flex-col gap-1 md:gap-3\">\n<div class=\"flex flex-grow flex-col max-w-full\">\n<div class=\"min-h-[20px] text-message flex flex-col items-start gap-3 whitespace-pre-wrap break-words [.text-message+&amp;]:mt-5 overflow-x-auto\" data-message-author-role=\"assistant\" data-message-id=\"749bcffa-fb34-436d-b106-a7086391c613\">\n<div class=\"markdown prose w-full break-words dark:prose-invert light\">\n<p>Kabel sygna\u0142owy 2x RCA PREMIUM<\/p>\n<p>&#8211; poz\u0142acane ko\u0144c\u00f3wki RCA<br \/>\n&#8211; potr\u00f3jnie ekranowany<br \/>\n&#8211; d\u0142ugo\u015b\u0107 : 1m<\/p>\n<p>\u2022 Zewn\u0119trzna pow\u0142oka DURA-TEX\u2122 zapewnia ochron\u0119 i poprawia trwa\u0142o\u015b\u0107 oraz elastyczno\u015b\u0107.<\/p>\n<p>\u2022 Zewn\u0119trzna pow\u0142oka SOFT TOUCH\u2122 gwarantuje niezwyk\u0142\u0105 elastyczno\u015b\u0107 kabla.<\/p>\n<p>\u2022 Ekran z 110% ZWIJANEJ FOLII MYLAR I PODW\u00d3JNEJ FOLII ALUMINIOWEJ eliminuje zak\u0142\u00f3cenia elektromagnetyczne RFI i EMI.<\/p>\n<p>\u2022 System DDW\u2122 (Double Drain Wire) dla transmisji &#8222;bez zak\u0142\u00f3ce\u0144&#8221;.<\/p>\n<p>\u2022 Przewody zr\u00f3wnowa\u017cone WTPT\u2122 (Winding Twisted Pair) eliminuj\u0105 pola elektromagnetyczne o niskiej cz\u0119stotliwo\u015bci.<\/p>\n<p>\u2022 Wtyk PLATINUM SATIN w stylu ABSTM gwarantuje trwa\u0142e i mocne po\u0142\u0105czenie.<\/p>\n<p>\u2022 Wodoszczelne po\u0142\u0105czenie wewn\u0119trzne TUG-PROOF dla maksymalnej niezawodno\u015bci.<\/p>\n<p>&nbsp;<\/p>\n<\/div>\n<\/div>\n<\/div>\n<div class=\"mt-1 flex justify-start gap-3 empty:hidden\">\n<div class=\"text-gray-400 flex self-end lg:self-center justify-center lg:justify-start mt-0 gap-1 visible\">\n<p>&nbsp;<\/p>\n<div class=\"flex gap-1\"><\/div>\n<div class=\"flex items-center gap-1.5 text-xs\"><\/div>\n<\/div>\n<\/div>\n<\/div>\n<\/div>\n<\/div>\n<\/div>\n<\/div>\n<\/div>\n<\/div>\n<\/div>\n<\/div>\n<div class=\"w-full pt-2 md:pt-0 dark:border-white\/20 md:border-transparent md:dark:border-transparent md:w-[calc(100%-.5rem)]\">\n<form class=\"stretch mx-2 flex flex-row gap-3 last:mb-2 md:mx-4 md:last:mb-6 lg:mx-auto lg:max-w-2xl xl:max-w-3xl\">\n<div class=\"relative flex h-full flex-1 items-stretch md:flex-col\">\n<div class=\"flex w-full items-center\"><\/div>\n<\/div>\n<\/form>\n<\/div>\n","protected":false},"excerpt":{"rendered":"<p>Signal cable 2x RCA PREMIUM<\/p>","protected":false},"featured_media":3808,"template":"","meta":{"_acf_changed":false,"_kad_blocks_custom_css":"","_kad_blocks_head_custom_js":"","_kad_blocks_body_custom_js":"","_kad_blocks_footer_custom_js":"","_kad_post_transparent":"default","_kad_post_title":"","_kad_post_layout":"default","_kad_post_sidebar_id":"","_kad_post_content_style":"default","_kad_post_vertical_padding":"default","_kad_post_feature":"","_kad_post_feature_position":"","_kad_post_header":false,"_kad_post_footer":false,"_kad_post_classname":""},"product_brand":[],"product_cat":[51],"product_tag":[],"class_list":{"0":"post-2388","1":"product","2":"type-product","3":"status-publish","4":"has-post-thumbnail","6":"product_cat-2-kanalowe","8":"first","9":"instock","10":"taxable","11":"shipping-taxable","12":"product-type-simple","13":"entry","14":"content-bg","15":"loop-entry"},"acf":[],"taxonomy_info":{"product_cat":[{"value":51,"label":"2-kana\u0142owe"}]},"featured_image_src_large":["https:\/\/www.creativ.net.pl\/wp-content\/uploads\/2023\/10\/frgf-768x1024.jpg",768,1024,true],"author_info":[],"comment_info":"","_links":{"self":[{"href":"https:\/\/www.creativ.net.pl\/en\/wp-json\/wp\/v2\/product\/2388","targetHints":{"allow":["GET"]}}],"collection":[{"href":"https:\/\/www.creativ.net.pl\/en\/wp-json\/wp\/v2\/product"}],"about":[{"href":"https:\/\/www.creativ.net.pl\/en\/wp-json\/wp\/v2\/types\/product"}],"wp:featuredmedia":[{"embeddable":true,"href":"https:\/\/www.creativ.net.pl\/en\/wp-json\/wp\/v2\/media\/3808"}],"wp:attachment":[{"href":"https:\/\/www.creativ.net.pl\/en\/wp-json\/wp\/v2\/media?parent=2388"}],"wp:term":[{"taxonomy":"product_brand","embeddable":true,"href":"https:\/\/www.creativ.net.pl\/en\/wp-json\/wp\/v2\/product_brand?post=2388"},{"taxonomy":"product_cat","embeddable":true,"href":"https:\/\/www.creativ.net.pl\/en\/wp-json\/wp\/v2\/product_cat?post=2388"},{"taxonomy":"product_tag","embeddable":true,"href":"https:\/\/www.creativ.net.pl\/en\/wp-json\/wp\/v2\/product_tag?post=2388"}],"curies":[{"name":"wp","href":"https:\/\/api.w.org\/{rel}","templated":true}]}}