{"id":2372,"date":"2023-10-27T12:34:51","date_gmt":"2023-10-27T10:34:51","guid":{"rendered":"https:\/\/www.creativ.net.pl\/glosnik-retrosound-r-410n\/"},"modified":"2025-09-07T20:48:24","modified_gmt":"2025-09-07T18:48:24","slug":"glosnik-retrosound-r-410n","status":"publish","type":"product","link":"https:\/\/www.creativ.net.pl\/en\/product\/glosnik-retrosound-r-410n\/","title":{"rendered":"RetroSound R-410N loudspeaker"},"content":{"rendered":"<div class=\"flex-1 overflow-hidden\">\n<div class=\"react-scroll-to-bottom--css-etctk-79elbk h-full\">\n<div class=\"react-scroll-to-bottom--css-etctk-1n7m0yu\">\n<div class=\"flex flex-col pb-9 text-sm\">\n<div class=\"w-full text-token-text-primary\" data-testid=\"conversation-turn-68\">\n<div class=\"px-4 py-2 justify-center text-base md:gap-6 m-auto\">\n<div class=\"flex flex-1 text-base mx-auto gap-3 md:px-5 lg:px-1 xl:px-5 md:max-w-3xl lg:max-w-[40rem] xl:max-w-[48rem] } group final-completion\">\n<div class=\"relative flex w-full flex-col lg:w-[calc(100%-115px)] agent-turn\">\n<div class=\"flex-col gap-1 md:gap-3\">\n<div class=\"flex flex-grow flex-col max-w-full\">\n<div class=\"min-h-[20px] text-message flex flex-col items-start gap-3 whitespace-pre-wrap break-words [.text-message+&amp;]:mt-5 overflow-x-auto\" data-message-author-role=\"assistant\" data-message-id=\"57950225-dd2d-4605-ac76-48cd82fe25d7\">\n<div class=\"markdown prose w-full break-words dark:prose-invert light\">\n<p>G\u0142o\u015bnik dwudro\u017cny COAX 4&#8243; x 10 &#8221;<\/p>\n<p>&nbsp;<\/p>\n<p>Dane techniczne:<\/p>\n<ul>\n<li>Nominalny rozmiar 4&#8221;x10&#8221;, owalny<\/li>\n<li>G\u0142\u0119boko\u015b\u0107 monta\u017cu 45 mm<\/li>\n<li>Wymiary zewn\u0119trzne 101 x 254 mm<\/li>\n<li>Impedancja 4+4 Ohm DVC<\/li>\n<li>Zakres cz\u0119stotliwo\u015bci 43-21.000 Hz<\/li>\n<li>Ci\u015bnienie akustyczne 87 dB<\/li>\n<li>Moc szczytowa 90 Watt<\/li>\n<li>Moc muzyczna 160 Watt<\/li>\n<li>Wysokotonowy g\u0142o\u015bnik z magnesem neodymowym wykonany z Mylaru<\/li>\n<li>Niskotonowy g\u0142o\u015bnik z magnesem neodymowym wykonany z polipropylenu<\/li>\n<li>Gumowe zawieszenie z Santoprenu<\/li>\n<li>Bez ochraniacza<\/li>\n<li>Chromowany kosz stalowy<\/li>\n<\/ul>\n<\/div>\n<\/div>\n<\/div>\n<div class=\"mt-1 flex justify-start gap-3 empty:hidden\">\n<div class=\"text-gray-400 flex self-end lg:self-center justify-center lg:justify-start mt-0 gap-1 visible\">\n<p>&nbsp;<\/p>\n<div class=\"flex gap-1\"><\/div>\n<div class=\"flex items-center gap-1.5 text-xs\"><\/div>\n<\/div>\n<\/div>\n<\/div>\n<\/div>\n<\/div>\n<\/div>\n<\/div>\n<\/div>\n<\/div>\n<\/div>\n<\/div>\n<div class=\"w-full pt-2 md:pt-0 dark:border-white\/20 md:border-transparent md:dark:border-transparent md:w-[calc(100%-.5rem)]\">\n<form class=\"stretch mx-2 flex flex-row gap-3 last:mb-2 md:mx-4 md:last:mb-6 lg:mx-auto lg:max-w-2xl xl:max-w-3xl\">\n<div class=\"relative flex h-full flex-1 items-stretch md:flex-col\">\n<div class=\"flex w-full items-center\"><\/div>\n<\/div>\n<\/form>\n<\/div>\n","protected":false},"excerpt":{"rendered":"<p>Two-way loudspeaker COAX 4\u2033 x 10 \"<\/p>","protected":false},"featured_media":3852,"template":"","meta":{"_acf_changed":false,"_kad_blocks_custom_css":"","_kad_blocks_head_custom_js":"","_kad_blocks_body_custom_js":"","_kad_blocks_footer_custom_js":"","_kad_post_transparent":"default","_kad_post_title":"","_kad_post_layout":"default","_kad_post_sidebar_id":"","_kad_post_content_style":"default","_kad_post_vertical_padding":"default","_kad_post_feature":"","_kad_post_feature_position":"","_kad_post_header":false,"_kad_post_footer":false,"_kad_post_classname":""},"product_brand":[],"product_cat":[62],"product_tag":[],"class_list":{"0":"post-2372","1":"product","2":"type-product","3":"status-publish","4":"has-post-thumbnail","6":"product_cat-glosniki-retro","7":"pa_impedancja-44-ohm","8":"pa_marka-retrosound","9":"pa_moc-90w","10":"pa_rodzaj-glosnika-zestawy-coax","11":"pa_rozmiar-10cm-x-25cm-4-x-10","13":"first","14":"onbackorder","15":"taxable","16":"shipping-taxable","17":"product-type-simple","18":"entry","19":"content-bg","20":"loop-entry"},"acf":[],"taxonomy_info":{"product_cat":[{"value":62,"label":"G\u0142o\u015bniki Retro"}],"pa_impedancja":[{"value":237,"label":"4+4 Ohm"}],"pa_marka":[{"value":319,"label":"RetroSound"}],"pa_moc":[{"value":328,"label":"90W"}],"pa_rodzaj-glosnika":[{"value":310,"label":"Zestawy COAX"}],"pa_rozmiar":[{"value":329,"label":"10cm x 25cm (4\" x 10\")"}]},"featured_image_src_large":["https:\/\/www.creativ.net.pl\/wp-content\/uploads\/2023\/10\/RETROSOUND-DVC-Koaxlautsprecher-4-x10-101x254mm-Stueck-Neodym-R-410N_b_0.jpg",800,800,false],"author_info":[],"comment_info":"","_links":{"self":[{"href":"https:\/\/www.creativ.net.pl\/en\/wp-json\/wp\/v2\/product\/2372","targetHints":{"allow":["GET"]}}],"collection":[{"href":"https:\/\/www.creativ.net.pl\/en\/wp-json\/wp\/v2\/product"}],"about":[{"href":"https:\/\/www.creativ.net.pl\/en\/wp-json\/wp\/v2\/types\/product"}],"wp:featuredmedia":[{"embeddable":true,"href":"https:\/\/www.creativ.net.pl\/en\/wp-json\/wp\/v2\/media\/3852"}],"wp:attachment":[{"href":"https:\/\/www.creativ.net.pl\/en\/wp-json\/wp\/v2\/media?parent=2372"}],"wp:term":[{"taxonomy":"product_brand","embeddable":true,"href":"https:\/\/www.creativ.net.pl\/en\/wp-json\/wp\/v2\/product_brand?post=2372"},{"taxonomy":"product_cat","embeddable":true,"href":"https:\/\/www.creativ.net.pl\/en\/wp-json\/wp\/v2\/product_cat?post=2372"},{"taxonomy":"product_tag","embeddable":true,"href":"https:\/\/www.creativ.net.pl\/en\/wp-json\/wp\/v2\/product_tag?post=2372"}],"curies":[{"name":"wp","href":"https:\/\/api.w.org\/{rel}","templated":true}]}}