{"id":2367,"date":"2023-10-27T12:34:51","date_gmt":"2023-10-27T10:34:51","guid":{"rendered":"https:\/\/www.creativ.net.pl\/glosniki-ampire-scc165\/"},"modified":"2026-04-13T10:04:29","modified_gmt":"2026-04-13T08:04:29","slug":"glosniki-ampire-scc165","status":"publish","type":"product","link":"https:\/\/www.creativ.net.pl\/en\/product\/glosniki-ampire-scc165\/","title":{"rendered":"Ampire SCC165 loudspeakers"},"content":{"rendered":"<p>Zestaw g\u0142o\u015bnik\u00f3w dwudro\u017cnych, odseparowanych 165cm<\/p>\n<div class=\"flex-1 overflow-hidden\">\n<div class=\"react-scroll-to-bottom--css-etctk-79elbk h-full\">\n<div class=\"react-scroll-to-bottom--css-etctk-1n7m0yu\">\n<div class=\"flex flex-col pb-9 text-sm\">\n<div class=\"w-full text-token-text-primary\" data-testid=\"conversation-turn-29\">\n<div class=\"px-4 py-2 justify-center text-base md:gap-6 m-auto\">\n<div class=\"flex flex-1 text-base mx-auto gap-3 md:px-5 lg:px-1 xl:px-5 md:max-w-3xl lg:max-w-[40rem] xl:max-w-[48rem] } group final-completion\">\n<div class=\"relative flex w-full flex-col lg:w-[calc(100%-115px)] agent-turn\">\n<div class=\"flex-col gap-1 md:gap-3\">\n<div class=\"flex flex-grow flex-col max-w-full\">\n<div class=\"min-h-[20px] text-message flex flex-col items-start gap-3 whitespace-pre-wrap break-words [.text-message+&amp;]:mt-5 overflow-x-auto\" data-message-author-role=\"assistant\" data-message-id=\"ff7272ad-4499-4bac-a250-7150ed610399\">\n<div class=\"markdown prose w-full break-words dark:prose-invert light\">\n<p>Dane techniczne:<\/p>\n<ul>\n<li>G\u0142o\u015bnik niskotonowy 16,5 cm \/ 6,5&#8221; z magnetyczn\u0105 ochron\u0105 aluminiow\u0105<\/li>\n<li>G\u0142o\u015bnik wysokotonowy kopu\u0142kowy jedwabny 20 mm z aluminiowym os\u0142onowym gniazdem monta\u017cowym<\/li>\n<li>12 dB g\u00f3rnoprzepustowy filtr wysokotonowy<\/li>\n<li>Cz\u0119stotliwo\u015b\u0107 odci\u0119cia g\u00f3rnego pasma: 5000 Hz<\/li>\n<li>Moc znamionowa 60 W RMS \/ 120 W maks.<\/li>\n<li>Zakres cz\u0119stotliwo\u015bci 56 Hz do 22 000 Hz<\/li>\n<li>Ci\u015bnienie akustyczne 89 dB (1W\/1m)<\/li>\n<li>Impedancja 4 ohmy<\/li>\n<li>G\u0142\u0119boko\u015b\u0107 monta\u017cu 64 mm<\/li>\n<\/ul>\n<p>Zawarto\u015b\u0107 dostawy:<\/p>\n<ul>\n<li>2x g\u0142o\u015bnik wysokotonowy z aluminiowym os\u0142onowym gniazdem monta\u017cowym<\/li>\n<li>2x g\u0142o\u015bnik niskotonowy z magnetyczn\u0105 ochron\u0105 aluminiow\u0105<\/li>\n<li>oddzielne kable filtra cz\u0119stotliwo\u015bciowego dla g\u0142o\u015bnik\u00f3w wysokotonowych<\/li>\n<\/ul>\n<\/div>\n<\/div>\n<\/div>\n<div class=\"mt-1 flex justify-start gap-3 empty:hidden\">\n<div class=\"text-gray-400 flex self-end lg:self-center justify-center lg:justify-start mt-0 gap-1 visible\">\n<p>&nbsp;<\/p>\n<div class=\"flex gap-1\"><\/div>\n<div class=\"flex items-center gap-1.5 text-xs\"><\/div>\n<\/div>\n<\/div>\n<\/div>\n<\/div>\n<\/div>\n<\/div>\n<\/div>\n<\/div>\n<\/div>\n<\/div>\n<\/div>\n<div class=\"w-full pt-2 md:pt-0 dark:border-white\/20 md:border-transparent md:dark:border-transparent md:w-[calc(100%-.5rem)]\">\n<form class=\"stretch mx-2 flex flex-row gap-3 last:mb-2 md:mx-4 md:last:mb-6 lg:mx-auto lg:max-w-2xl xl:max-w-3xl\">\n<div class=\"relative flex h-full flex-1 items-stretch md:flex-col\">\n<div class=\"flex w-full items-center\"><\/div>\n<\/div>\n<\/form>\n<\/div>\n","protected":false},"excerpt":{"rendered":"<p>2-way isolated 165mm loudspeaker system.<\/p>","protected":false},"featured_media":3790,"template":"","meta":{"_acf_changed":false,"_kad_blocks_custom_css":"","_kad_blocks_head_custom_js":"","_kad_blocks_body_custom_js":"","_kad_blocks_footer_custom_js":"","_kad_post_transparent":"default","_kad_post_title":"","_kad_post_layout":"default","_kad_post_sidebar_id":"","_kad_post_content_style":"default","_kad_post_vertical_padding":"default","_kad_post_feature":"","_kad_post_feature_position":"","_kad_post_header":false,"_kad_post_footer":false,"_kad_post_classname":""},"product_brand":[],"product_cat":[123],"product_tag":[],"class_list":{"0":"post-2367","1":"product","2":"type-product","3":"status-publish","4":"has-post-thumbnail","6":"product_cat-zestawy-odseparowane","7":"pa_impedancja-4-ohm","8":"pa_marka-ampire","9":"pa_moc-60w","10":"pa_rodzaj-glosnika-zestaw-odseparowany","11":"pa_rozmiar-165cm-65","13":"first","14":"instock","15":"taxable","16":"shipping-taxable","17":"product-type-simple","18":"entry","19":"content-bg","20":"loop-entry"},"acf":[],"taxonomy_info":{"product_cat":[{"value":123,"label":"Zestawy odseparowane"}],"pa_impedancja":[{"value":246,"label":"4 Ohm"}],"pa_marka":[{"value":218,"label":"Ampire"}],"pa_moc":[{"value":300,"label":"60W"}],"pa_rodzaj-glosnika":[{"value":292,"label":"Zestaw odseparowany"}],"pa_rozmiar":[{"value":243,"label":"16,5cm (6,5\")"}]},"featured_image_src_large":["https:\/\/www.creativ.net.pl\/wp-content\/uploads\/2023\/10\/AMPIRE-Kompo-System-16cm-Papiermembran-SCC165_b_0.jpg",800,800,false],"author_info":[],"comment_info":"","_links":{"self":[{"href":"https:\/\/www.creativ.net.pl\/en\/wp-json\/wp\/v2\/product\/2367","targetHints":{"allow":["GET"]}}],"collection":[{"href":"https:\/\/www.creativ.net.pl\/en\/wp-json\/wp\/v2\/product"}],"about":[{"href":"https:\/\/www.creativ.net.pl\/en\/wp-json\/wp\/v2\/types\/product"}],"wp:featuredmedia":[{"embeddable":true,"href":"https:\/\/www.creativ.net.pl\/en\/wp-json\/wp\/v2\/media\/3790"}],"wp:attachment":[{"href":"https:\/\/www.creativ.net.pl\/en\/wp-json\/wp\/v2\/media?parent=2367"}],"wp:term":[{"taxonomy":"product_brand","embeddable":true,"href":"https:\/\/www.creativ.net.pl\/en\/wp-json\/wp\/v2\/product_brand?post=2367"},{"taxonomy":"product_cat","embeddable":true,"href":"https:\/\/www.creativ.net.pl\/en\/wp-json\/wp\/v2\/product_cat?post=2367"},{"taxonomy":"product_tag","embeddable":true,"href":"https:\/\/www.creativ.net.pl\/en\/wp-json\/wp\/v2\/product_tag?post=2367"}],"curies":[{"name":"wp","href":"https:\/\/api.w.org\/{rel}","templated":true}]}}