{"id":2312,"date":"2023-10-27T12:34:49","date_gmt":"2023-10-27T10:34:49","guid":{"rendered":"https:\/\/www.creativ.net.pl\/glosniki-ampire-cpx130\/"},"modified":"2026-03-17T09:51:04","modified_gmt":"2026-03-17T08:51:04","slug":"glosniki-ampire-cpx130","status":"publish","type":"product","link":"https:\/\/www.creativ.net.pl\/en\/product\/glosniki-ampire-cpx130\/","title":{"rendered":"Ampire CPX130 loudspeakers"},"content":{"rendered":"<p>Zestaw g\u0142o\u015bnik\u00f3w COAX o \u015brednicy 13cm.<\/p>\n<div class=\"flex-1 overflow-hidden\">\n<div class=\"react-scroll-to-bottom--css-wxlcc-79elbk h-full\">\n<div class=\"react-scroll-to-bottom--css-wxlcc-1n7m0yu\">\n<div class=\"flex flex-col pb-9 text-sm\">\n<div class=\"w-full text-token-text-primary\" data-testid=\"conversation-turn-15\">\n<div class=\"px-4 py-2 justify-center text-base md:gap-6 m-auto\">\n<div class=\"flex flex-1 text-base mx-auto gap-3 md:px-5 lg:px-1 xl:px-5 md:max-w-3xl lg:max-w-[40rem] xl:max-w-[48rem] group final-completion\">\n<div class=\"relative flex w-full flex-col lg:w-[calc(100%-115px)] agent-turn\">\n<div class=\"flex-col gap-1 md:gap-3\">\n<div class=\"flex flex-grow flex-col max-w-full\">\n<div class=\"min-h-[20px] text-message flex flex-col items-start gap-3 whitespace-pre-wrap break-words [.text-message+&amp;]:mt-5 overflow-x-auto\" data-message-author-role=\"assistant\" data-message-id=\"9b8ab09a-05fa-4b6f-8621-083ba89f946e\">\n<div class=\"markdown prose w-full break-words dark:prose-invert light\">\n<p>Dane techniczne:<\/p>\n<ul>\n<li>\u015arednica nominalna 13 cm \/ 5,25&#8243;<\/li>\n<li>Fs 84 Hz<\/li>\n<li>VAS 6,1 litra<\/li>\n<li>Qts 0,87<\/li>\n<li>Qes 1,10<\/li>\n<li>Qms 4,03<\/li>\n<li>Re 3,6 Ohm<\/li>\n<li>Impedancja 4 Ohm<\/li>\n<li>Indukcyjno\u015b\u0107 0,55 mH<\/li>\n<li>SPL 90 dB<\/li>\n<li>Masa membrany (Mms) 6,4 g<\/li>\n<li>Skok maksymalny membrany (Xmax) 3 mm<\/li>\n<li>Powierzchnia membrany (Sd) 88,2 cm\u00b2<\/li>\n<li>Obj\u0119to\u015b\u0107 r\u00f3wnowa\u017cna (Vd) 26,6 cm\u00b3<\/li>\n<li>\u015arednica zewn\u0119trzna 106 mm<\/li>\n<li>Moc (RMS) 60\/120 W<\/li>\n<li>G\u0142\u0119boko\u015b\u0107 monta\u017cu 54 mm<\/li>\n<li>\u015arednica magnesu 70 mm<\/li>\n<li>Wystaj\u0105ca cz\u0119\u015b\u0107 g\u0142o\u015bnika wysokotonowego: 5 mm<\/li>\n<\/ul>\n<\/div>\n<\/div>\n<\/div>\n<div class=\"mt-1 flex justify-start gap-3 empty:hidden\">\n<div class=\"text-gray-400 flex self-end lg:self-center justify-center lg:justify-start mt-0 gap-1 visible\">\n<p>&nbsp;<\/p>\n<div class=\"flex gap-1\"><\/div>\n<div class=\"flex items-center gap-1.5 text-xs\"><\/div>\n<\/div>\n<\/div>\n<\/div>\n<\/div>\n<\/div>\n<\/div>\n<\/div>\n<\/div>\n<\/div>\n<\/div>\n<\/div>\n<div class=\"w-full pt-2 md:pt-0 dark:border-white\/20 md:border-transparent md:dark:border-transparent md:w-[calc(100%-.5rem)]\">\n<form class=\"stretch mx-2 flex flex-row gap-3 last:mb-2 md:mx-4 md:last:mb-6 lg:mx-auto lg:max-w-2xl xl:max-w-3xl\">\n<div class=\"relative flex h-full flex-1 items-stretch md:flex-col\">\n<div class=\"flex w-full items-center\"><\/div>\n<\/div>\n<\/form>\n<\/div>\n","protected":false},"excerpt":{"rendered":"<p>COAX 130mm speaker set.<\/p>","protected":false},"featured_media":4139,"template":"","meta":{"_acf_changed":false,"_kad_blocks_custom_css":"","_kad_blocks_head_custom_js":"","_kad_blocks_body_custom_js":"","_kad_blocks_footer_custom_js":"","_kad_post_transparent":"default","_kad_post_title":"","_kad_post_layout":"default","_kad_post_sidebar_id":"","_kad_post_content_style":"default","_kad_post_vertical_padding":"default","_kad_post_feature":"","_kad_post_feature_position":"","_kad_post_header":false,"_kad_post_footer":false,"_kad_post_classname":""},"product_brand":[],"product_cat":[122],"product_tag":[],"class_list":{"0":"post-2312","1":"product","2":"type-product","3":"status-publish","4":"has-post-thumbnail","6":"product_cat-glosniki-wspolosiowe-coax","7":"pa_impedancja-4-ohm","8":"pa_marka-ampire","9":"pa_moc-60w","10":"pa_rodzaj-glosnika-zestawy-coax","11":"pa_rozmiar-13cm-5","13":"first","14":"instock","15":"taxable","16":"shipping-taxable","17":"product-type-simple","18":"entry","19":"content-bg","20":"loop-entry"},"acf":[],"taxonomy_info":{"product_cat":[{"value":122,"label":"G\u0142o\u015bniki wsp\u00f3\u0142osiowe \/ COAX"}],"pa_impedancja":[{"value":246,"label":"4 Ohm"}],"pa_marka":[{"value":218,"label":"Ampire"}],"pa_moc":[{"value":300,"label":"60W"}],"pa_rodzaj-glosnika":[{"value":310,"label":"Zestawy COAX"}],"pa_rozmiar":[{"value":303,"label":"13cm (5\")"}]},"featured_image_src_large":["https:\/\/www.creativ.net.pl\/wp-content\/uploads\/2023\/10\/AMPIRE-Koaxial-Lautsprecher-13cm-mit-16mm-Seidenkalotte-ohne-Gitter-Paar-CPX130_b_0.jpg",1000,1000,false],"author_info":[],"comment_info":"","_links":{"self":[{"href":"https:\/\/www.creativ.net.pl\/en\/wp-json\/wp\/v2\/product\/2312","targetHints":{"allow":["GET"]}}],"collection":[{"href":"https:\/\/www.creativ.net.pl\/en\/wp-json\/wp\/v2\/product"}],"about":[{"href":"https:\/\/www.creativ.net.pl\/en\/wp-json\/wp\/v2\/types\/product"}],"wp:featuredmedia":[{"embeddable":true,"href":"https:\/\/www.creativ.net.pl\/en\/wp-json\/wp\/v2\/media\/4139"}],"wp:attachment":[{"href":"https:\/\/www.creativ.net.pl\/en\/wp-json\/wp\/v2\/media?parent=2312"}],"wp:term":[{"taxonomy":"product_brand","embeddable":true,"href":"https:\/\/www.creativ.net.pl\/en\/wp-json\/wp\/v2\/product_brand?post=2312"},{"taxonomy":"product_cat","embeddable":true,"href":"https:\/\/www.creativ.net.pl\/en\/wp-json\/wp\/v2\/product_cat?post=2312"},{"taxonomy":"product_tag","embeddable":true,"href":"https:\/\/www.creativ.net.pl\/en\/wp-json\/wp\/v2\/product_tag?post=2312"}],"curies":[{"name":"wp","href":"https:\/\/api.w.org\/{rel}","templated":true}]}}