{"id":2287,"date":"2023-11-14T11:31:48","date_gmt":"2023-11-14T10:31:48","guid":{"rendered":"https:\/\/www.creativ.net.pl\/glosniki-ampire-cpx100\/"},"modified":"2026-03-09T11:25:19","modified_gmt":"2026-03-09T10:25:19","slug":"glosniki-ampire-cpx100","status":"publish","type":"product","link":"https:\/\/www.creativ.net.pl\/en\/product\/glosniki-ampire-cpx100\/","title":{"rendered":"Ampire CPX100 loudspeakers"},"content":{"rendered":"<p>COAX 10cm speaker set.<\/p>\n<p>Technical data:<\/p>\n<ul>\n<li>nominal diameter 10cm\/4\u2033<\/li>\n<li>Power 40\/80 Watt RMS<\/li>\n<li>Mounting depth 48 mm<\/li>\n<li>magnet 70x32x10mm (Y30)<\/li>\n<li>Fs 80.6Hz<\/li>\n<li>VAS 3.1 litres<\/li>\n<li>Qts 0.69<\/li>\n<li>Qes 0.85<\/li>\n<li>Qms 3.67<\/li>\n<li>Re 3.6 Ohm<\/li>\n<li>With 4 Ohms<\/li>\n<li>Le 0.6mH<\/li>\n<li>SPL 89dB<\/li>\n<li>Mms 4.9g<\/li>\n<li>Xmax 2mm<\/li>\n<li>Sd 52.8cm2<\/li>\n<li>Vd 10.6cm3<\/li>\n<li>D 82mm<\/li>\n<li>Tweeter projection: 5 mm<\/li>\n<\/ul>","protected":false},"excerpt":{"rendered":"<p>COAX 10cm speaker set.<\/p>","protected":false},"featured_media":3226,"template":"","meta":{"_acf_changed":false,"_kad_blocks_custom_css":"","_kad_blocks_head_custom_js":"","_kad_blocks_body_custom_js":"","_kad_blocks_footer_custom_js":"","_kad_post_transparent":"default","_kad_post_title":"","_kad_post_layout":"default","_kad_post_sidebar_id":"","_kad_post_content_style":"default","_kad_post_vertical_padding":"default","_kad_post_feature":"","_kad_post_feature_position":"","_kad_post_header":false,"_kad_post_footer":false,"_kad_post_classname":""},"product_brand":[],"product_cat":[122],"product_tag":[],"class_list":{"0":"post-2287","1":"product","2":"type-product","3":"status-publish","4":"has-post-thumbnail","6":"product_cat-glosniki-wspolosiowe-coax","7":"pa_impedancja-4-ohm","8":"pa_marka-ampire","9":"pa_moc-40w","10":"pa_rodzaj-glosnika-zestawy-coax","11":"pa_rozmiar-10cm-39","13":"first","14":"instock","15":"taxable","16":"shipping-taxable","17":"product-type-simple","18":"entry","19":"content-bg","20":"loop-entry"},"acf":[],"taxonomy_info":{"product_cat":[{"value":122,"label":"G\u0142o\u015bniki wsp\u00f3\u0142osiowe \/ COAX"}],"pa_impedancja":[{"value":246,"label":"4 Ohm"}],"pa_marka":[{"value":218,"label":"Ampire"}],"pa_moc":[{"value":304,"label":"40W"}],"pa_rodzaj-glosnika":[{"value":310,"label":"Zestawy COAX"}],"pa_rozmiar":[{"value":305,"label":"10cm (3,9\")"}]},"featured_image_src_large":["https:\/\/www.creativ.net.pl\/wp-content\/uploads\/2023\/10\/CPX100.jpg",720,720,false],"author_info":[],"comment_info":"","_links":{"self":[{"href":"https:\/\/www.creativ.net.pl\/en\/wp-json\/wp\/v2\/product\/2287","targetHints":{"allow":["GET"]}}],"collection":[{"href":"https:\/\/www.creativ.net.pl\/en\/wp-json\/wp\/v2\/product"}],"about":[{"href":"https:\/\/www.creativ.net.pl\/en\/wp-json\/wp\/v2\/types\/product"}],"wp:featuredmedia":[{"embeddable":true,"href":"https:\/\/www.creativ.net.pl\/en\/wp-json\/wp\/v2\/media\/3226"}],"wp:attachment":[{"href":"https:\/\/www.creativ.net.pl\/en\/wp-json\/wp\/v2\/media?parent=2287"}],"wp:term":[{"taxonomy":"product_brand","embeddable":true,"href":"https:\/\/www.creativ.net.pl\/en\/wp-json\/wp\/v2\/product_brand?post=2287"},{"taxonomy":"product_cat","embeddable":true,"href":"https:\/\/www.creativ.net.pl\/en\/wp-json\/wp\/v2\/product_cat?post=2287"},{"taxonomy":"product_tag","embeddable":true,"href":"https:\/\/www.creativ.net.pl\/en\/wp-json\/wp\/v2\/product_tag?post=2287"}],"curies":[{"name":"wp","href":"https:\/\/api.w.org\/{rel}","templated":true}]}}