{"id":2190,"date":"2023-10-27T12:34:46","date_gmt":"2023-10-27T10:34:46","guid":{"rendered":"https:\/\/www.creativ.net.pl\/subwoofer-arc-audio-arc-12d4-v3\/"},"modified":"2026-03-26T14:02:21","modified_gmt":"2026-03-26T13:02:21","slug":"subwoofer-arc-audio-arc-12d4-v3","status":"publish","type":"product","link":"https:\/\/www.creativ.net.pl\/en\/product\/subwoofer-arc-audio-arc-12d4-v3\/","title":{"rendered":"ARC Audio subwoofer ARC12D4v3"},"content":{"rendered":"<p>Subwoofer 12&#8243; 30cm 4+4 Ohm<\/p>\n<p>Dane techniczne:<\/p>\n<ul>\n<li>Moc: 350W RMS \/ 700W max.<\/li>\n<li>Xmax=+\/-16.3mm<\/li>\n<li>\u015arednica zewn\u0119trzna D=31cm<\/li>\n<li>\u015arednica monta\u017cowa=28.3cm<\/li>\n<li>G\u0142\u0119boko\u015b\u0107 monta\u017cowa =15.2cm<\/li>\n<li>Zalecane obudowy:<br \/>\nZamkni\u0119ta: 28-35 Liter,<br \/>\nBass Reflex: 45 Liter z Portem: 100cm2\/L=57cm,<br \/>\nBand Pass : zamkni\u0119ta.28L + 50L wentylowana<br \/>\nz Portem 300cm2\/L=20cm<\/li>\n<\/ul>\n<div class=\"flex-1 overflow-hidden\">\n<div class=\"react-scroll-to-bottom--css-zpign-79elbk h-full\">\n<div class=\"react-scroll-to-bottom--css-zpign-1n7m0yu\">\n<div class=\"flex flex-col pb-9 text-sm\">\n<div class=\"w-full text-token-text-primary\" data-testid=\"conversation-turn-13\">\n<div class=\"px-4 py-2 justify-center text-base md:gap-6 m-auto\">\n<div class=\"flex flex-1 text-base mx-auto gap-3 md:px-5 lg:px-1 xl:px-5 md:max-w-3xl lg:max-w-[40rem] xl:max-w-[48rem] group final-completion\">\n<div class=\"relative flex w-full flex-col lg:w-[calc(100%-115px)] agent-turn\">\n<div class=\"flex-col gap-1 md:gap-3\">\n<div class=\"flex flex-grow flex-col max-w-full\">\n<div class=\"min-h-[20px] text-message flex flex-col items-start gap-3 whitespace-pre-wrap break-words [.text-message+&amp;]:mt-5 overflow-x-auto\" data-message-author-role=\"assistant\" data-message-id=\"796f7131-9bba-4857-916b-15285a6534bd\">\n<div class=\"markdown prose w-full break-words dark:prose-invert light\">\n<p>&nbsp;<\/p>\n<\/div>\n<\/div>\n<\/div>\n<div class=\"mt-1 flex justify-start gap-3 empty:hidden\">\n<div class=\"text-gray-400 flex self-end lg:self-center justify-center lg:justify-start mt-0 -ml-1 visible\">\n<p>&nbsp;<\/p>\n<div class=\"flex\"><\/div>\n<div class=\"flex items-center gap-1.5 text-xs\"><\/div>\n<\/div>\n<\/div>\n<\/div>\n<\/div>\n<\/div>\n<\/div>\n<\/div>\n<\/div>\n<\/div>\n<\/div>\n<\/div>\n<div class=\"w-full pt-2 md:pt-0 dark:border-white\/20 md:border-transparent md:dark:border-transparent md:w-[calc(100%-.5rem)]\">\n<form class=\"stretch mx-2 flex flex-row gap-3 last:mb-2 md:mx-4 md:last:mb-6 lg:mx-auto lg:max-w-2xl xl:max-w-3xl\">\n<div class=\"relative flex h-full flex-1 items-stretch md:flex-col\">\n<div class=\"flex w-full items-center\"><\/div>\n<\/div>\n<\/form>\n<\/div>\n","protected":false},"excerpt":{"rendered":"<p>12\u2033 woofer<\/p>","protected":false},"featured_media":5366,"template":"","meta":{"_acf_changed":false,"_kad_blocks_custom_css":"","_kad_blocks_head_custom_js":"","_kad_blocks_body_custom_js":"","_kad_blocks_footer_custom_js":"","_kad_post_transparent":"default","_kad_post_title":"","_kad_post_layout":"default","_kad_post_sidebar_id":"","_kad_post_content_style":"default","_kad_post_vertical_padding":"default","_kad_post_feature":"","_kad_post_feature_position":"","_kad_post_header":false,"_kad_post_footer":false,"_kad_post_classname":""},"product_brand":[],"product_cat":[121],"product_tag":[],"class_list":{"0":"post-2190","1":"product","2":"type-product","3":"status-publish","4":"has-post-thumbnail","6":"product_cat-subwoofery","7":"pa_impedancja-44-ohm","8":"pa_marka-arc-audio","9":"pa_moc-350w","10":"pa_rodzaj-glosnika-komponenty","11":"pa_rozmiar-30-cm-12","13":"first","14":"onbackorder","15":"taxable","16":"shipping-taxable","17":"product-type-simple","18":"entry","19":"content-bg","20":"loop-entry"},"acf":[],"taxonomy_info":{"product_cat":[{"value":121,"label":"Subwoofery"}],"pa_impedancja":[{"value":237,"label":"4+4 Ohm"}],"pa_marka":[{"value":238,"label":"ARC Audio"}],"pa_moc":[{"value":241,"label":"350W"}],"pa_rodzaj-glosnika":[{"value":229,"label":"Komponenty"}],"pa_rozmiar":[{"value":239,"label":"30 cm (12\")"}]},"featured_image_src_large":["https:\/\/www.creativ.net.pl\/wp-content\/uploads\/2023\/10\/Zrzut-ekranu-2023-12-12-122952-1-1024x789.png",1024,789,true],"author_info":[],"comment_info":"","_links":{"self":[{"href":"https:\/\/www.creativ.net.pl\/en\/wp-json\/wp\/v2\/product\/2190","targetHints":{"allow":["GET"]}}],"collection":[{"href":"https:\/\/www.creativ.net.pl\/en\/wp-json\/wp\/v2\/product"}],"about":[{"href":"https:\/\/www.creativ.net.pl\/en\/wp-json\/wp\/v2\/types\/product"}],"wp:featuredmedia":[{"embeddable":true,"href":"https:\/\/www.creativ.net.pl\/en\/wp-json\/wp\/v2\/media\/5366"}],"wp:attachment":[{"href":"https:\/\/www.creativ.net.pl\/en\/wp-json\/wp\/v2\/media?parent=2190"}],"wp:term":[{"taxonomy":"product_brand","embeddable":true,"href":"https:\/\/www.creativ.net.pl\/en\/wp-json\/wp\/v2\/product_brand?post=2190"},{"taxonomy":"product_cat","embeddable":true,"href":"https:\/\/www.creativ.net.pl\/en\/wp-json\/wp\/v2\/product_cat?post=2190"},{"taxonomy":"product_tag","embeddable":true,"href":"https:\/\/www.creativ.net.pl\/en\/wp-json\/wp\/v2\/product_tag?post=2190"}],"curies":[{"name":"wp","href":"https:\/\/api.w.org\/{rel}","templated":true}]}}