{"id":2175,"date":"2023-10-27T12:34:45","date_gmt":"2023-10-27T10:34:45","guid":{"rendered":"https:\/\/www.creativ.net.pl\/glosniki-steg-ms650-coax\/"},"modified":"2026-04-09T11:37:06","modified_gmt":"2026-04-09T09:37:06","slug":"glosniki-steg-ms650-coax","status":"publish","type":"product","link":"https:\/\/www.creativ.net.pl\/en\/product\/glosniki-steg-ms650-coax\/","title":{"rendered":"Steg MS650 Coax loudspeakers"},"content":{"rendered":"<p>2-way COAX set.<\/p>\n<p>Technical data:<\/p>\n<ul>\n<li>RMS power: 60 W<\/li>\n<li>Frequency response: 60-20000 Hz<\/li>\n<li>Impedance: 2.8 Ohm<\/li>\n<li>Efficiency: 88 dB<\/li>\n<li>Mounting depth: 64 mm<\/li>\n<li>Mounting diameter: 144 mm<\/li>\n<\/ul>","protected":false},"excerpt":{"rendered":"<p>COAX 6.5\u2033 speaker set<\/p>","protected":false},"featured_media":7763,"template":"","meta":{"_acf_changed":false,"_kad_blocks_custom_css":"","_kad_blocks_head_custom_js":"","_kad_blocks_body_custom_js":"","_kad_blocks_footer_custom_js":"","_kad_post_transparent":"default","_kad_post_title":"","_kad_post_layout":"default","_kad_post_sidebar_id":"","_kad_post_content_style":"default","_kad_post_vertical_padding":"default","_kad_post_feature":"","_kad_post_feature_position":"","_kad_post_header":false,"_kad_post_footer":false,"_kad_post_classname":""},"product_brand":[],"product_cat":[122],"product_tag":[],"class_list":{"0":"post-2175","1":"product","2":"type-product","3":"status-publish","4":"has-post-thumbnail","6":"product_cat-glosniki-wspolosiowe-coax","7":"pa_impedancja-4-ohm","8":"pa_marka-steg","9":"pa_moc-60w","10":"pa_rodzaj-glosnika-zestawy-coax","11":"pa_rozmiar-165cm-65","13":"first","14":"instock","15":"taxable","16":"shipping-taxable","17":"product-type-simple","18":"entry","19":"content-bg","20":"loop-entry"},"acf":[],"taxonomy_info":{"product_cat":[{"value":122,"label":"G\u0142o\u015bniki wsp\u00f3\u0142osiowe \/ COAX"}],"pa_impedancja":[{"value":246,"label":"4 Ohm"}],"pa_marka":[{"value":225,"label":"Steg"}],"pa_moc":[{"value":300,"label":"60W"}],"pa_rodzaj-glosnika":[{"value":310,"label":"Zestawy COAX"}],"pa_rozmiar":[{"value":243,"label":"16,5cm (6,5\")"}]},"featured_image_src_large":["https:\/\/www.creativ.net.pl\/wp-content\/uploads\/2023\/10\/Zdjecie-WhatsApp-2024-07-01-o-13.43.18_9f2cb14c-1024x671.jpg",1024,671,true],"author_info":[],"comment_info":"","_links":{"self":[{"href":"https:\/\/www.creativ.net.pl\/en\/wp-json\/wp\/v2\/product\/2175","targetHints":{"allow":["GET"]}}],"collection":[{"href":"https:\/\/www.creativ.net.pl\/en\/wp-json\/wp\/v2\/product"}],"about":[{"href":"https:\/\/www.creativ.net.pl\/en\/wp-json\/wp\/v2\/types\/product"}],"wp:featuredmedia":[{"embeddable":true,"href":"https:\/\/www.creativ.net.pl\/en\/wp-json\/wp\/v2\/media\/7763"}],"wp:attachment":[{"href":"https:\/\/www.creativ.net.pl\/en\/wp-json\/wp\/v2\/media?parent=2175"}],"wp:term":[{"taxonomy":"product_brand","embeddable":true,"href":"https:\/\/www.creativ.net.pl\/en\/wp-json\/wp\/v2\/product_brand?post=2175"},{"taxonomy":"product_cat","embeddable":true,"href":"https:\/\/www.creativ.net.pl\/en\/wp-json\/wp\/v2\/product_cat?post=2175"},{"taxonomy":"product_tag","embeddable":true,"href":"https:\/\/www.creativ.net.pl\/en\/wp-json\/wp\/v2\/product_tag?post=2175"}],"curies":[{"name":"wp","href":"https:\/\/api.w.org\/{rel}","templated":true}]}}