{"id":2161,"date":"2023-10-27T12:34:45","date_gmt":"2023-10-27T10:34:45","guid":{"rendered":"https:\/\/www.creativ.net.pl\/oprawki-bezpiecznikow-ampire-xsa-300\/"},"modified":"2026-03-23T09:52:03","modified_gmt":"2026-03-23T08:52:03","slug":"oprawki-bezpiecznikow-ampire-xsa-300","status":"publish","type":"product","link":"https:\/\/www.creativ.net.pl\/en\/product\/oprawki-bezpiecznikow-ampire-xsa-300\/","title":{"rendered":"Ampire XSA300 fuse holders"},"content":{"rendered":"<div class=\"flex-1 overflow-hidden\">\n<div class=\"react-scroll-to-bottom--css-chvtq-79elbk h-full\">\n<div class=\"react-scroll-to-bottom--css-chvtq-1n7m0yu\">\n<div class=\"flex flex-col pb-9 text-sm\">\n<div class=\"w-full text-token-text-primary\" data-testid=\"conversation-turn-7\">\n<div class=\"px-4 py-2 justify-center text-base md:gap-6 m-auto\">\n<div class=\"flex flex-1 text-base mx-auto gap-3 md:px-5 lg:px-1 xl:px-5 md:max-w-3xl lg:max-w-[40rem] xl:max-w-[48rem] group final-completion\">\n<div class=\"relative flex w-full flex-col agent-turn\">\n<div class=\"flex-col gap-1 md:gap-3\">\n<div class=\"flex flex-grow flex-col max-w-full\">\n<div class=\"min-h-[20px] text-message flex flex-col items-start gap-3 whitespace-pre-wrap break-words [.text-message+&amp;]:mt-5 overflow-x-auto\" data-message-author-role=\"assistant\" data-message-id=\"f35d8b6f-c884-4ed1-ad7c-03f4a633a9bd\">\n<div class=\"markdown prose w-full break-words dark:prose-invert light\">\n<p>Za pomoc\u0105 tej oprawki bezpiecznika mo\u017cesz bezpo\u015brednio zabezpieczy\u0107 oddzielny sygna\u0142 na skrzynce bezpiecznik\u00f3w pojazdu. Wystarczy wyci\u0105gn\u0105\u0107 oryginalny bezpiecznik Low-Profile-Mini p\u0142aski i w\u0142o\u017cy\u0107 XSA300. Nast\u0119pnie w\u0142o\u017cy\u0107 oryginalny bezpiecznik do XSA300, a \u017c\u0105dany punkt zabezpieczenia b\u0119dzie zabezpieczony za pomoc\u0105 bezpiecznika Low-Profile-Mini 10A na tulei o \u015brednicy 4 mm.<\/p>\n<p>Zakres dostawy:<\/p>\n<ul>\n<li>1 sztuka uchwytu zabezpieczenia Low-Profile-Mini XSA300<\/li>\n<li>1 sztuka bezpiecznika Low-Profile-Mini LITTLEFUSE 10A<\/li>\n<\/ul>\n<p>Dane techniczne:<\/p>\n<ul>\n<li>Rodzaj zabezpieczenia: Low-Profile-Mini bezpiecznik p\u0142aski<\/li>\n<li>DIN\/ISO: 72581\/3C<\/li>\n<li>Maksymalne napi\u0119cie: 32 V<\/li>\n<li>Maksymalny pr\u0105d: 10A<\/li>\n<li>Materia\u0142: Poliamid 6.6<\/li>\n<li>Przekr\u00f3j: 1,3 mm\u00b2<\/li>\n<li>D\u0142ugo\u015b\u0107 kabla: 120 mm<\/li>\n<li>Powierzchnia: cynkowana<\/li>\n<li>SVHC: Brak substancji SVHC!<\/li>\n<\/ul>\n<p>ZAMIENNIK DLA<\/p>\n<ul>\n<li>Herth+Buss 50390447<\/li>\n<\/ul>\n<p>UWAGA<\/p>\n<ul>\n<li>Jedna z przedstawionych 10A bezpiecznik\u00f3w Low-Profile-Mini LITTLEFUSE jest do\u0142\u0105czona do zestawu. Upewnij si\u0119, \u017ce uchwyt zabezpieczenia jest w\u0142o\u017cony we w\u0142a\u015bciwy kierunek. Uchwyt zabezpieczenia ma wej\u015bcie i dwa wyj\u015bcia.<\/li>\n<\/ul>\n<\/div>\n<\/div>\n<\/div>\n<div class=\"mt-1 flex justify-start gap-3 empty:hidden\">\n<div class=\"text-gray-400 flex self-end lg:self-center justify-center lg:justify-start mt-0 -ml-1 visible\">\n<p>&nbsp;<\/p>\n<div class=\"flex items-center gap-1.5 text-xs\"><\/div>\n<div class=\"flex\"><\/div>\n<\/div>\n<\/div>\n<\/div>\n<\/div>\n<\/div>\n<\/div>\n<\/div>\n<\/div>\n<\/div>\n<\/div>\n<\/div>\n<div class=\"w-full pt-2 md:pt-0 dark:border-white\/20 md:border-transparent md:dark:border-transparent md:w-[calc(100%-.5rem)]\">\n<form class=\"stretch mx-2 flex flex-row gap-3 last:mb-2 md:mx-4 md:last:mb-6 lg:mx-auto lg:max-w-2xl xl:max-w-3xl\">\n<div class=\"relative flex h-full flex-1 items-stretch md:flex-col\">\n<div class=\"flex w-full items-center\"><\/div>\n<\/div>\n<\/form>\n<\/div>\n","protected":false},"excerpt":{"rendered":"<p>Low-Profile-Mini fuse holder<\/p>","protected":false},"featured_media":6324,"template":"","meta":{"_acf_changed":false,"_kad_blocks_custom_css":"","_kad_blocks_head_custom_js":"","_kad_blocks_body_custom_js":"","_kad_blocks_footer_custom_js":"","_kad_post_transparent":"default","_kad_post_title":"","_kad_post_layout":"default","_kad_post_sidebar_id":"","_kad_post_content_style":"default","_kad_post_vertical_padding":"default","_kad_post_feature":"","_kad_post_feature_position":"","_kad_post_header":false,"_kad_post_footer":false,"_kad_post_classname":""},"product_brand":[],"product_cat":[34],"product_tag":[],"class_list":{"0":"post-2161","1":"product","2":"type-product","3":"status-publish","4":"has-post-thumbnail","6":"product_cat-oprawy-bezpiecznikow","8":"first","9":"onbackorder","10":"taxable","11":"shipping-taxable","12":"product-type-simple","13":"entry","14":"content-bg","15":"loop-entry"},"acf":[],"taxonomy_info":{"product_cat":[{"value":34,"label":"Oprawy bezpiecznik\u00f3w"}]},"featured_image_src_large":["https:\/\/www.creativ.net.pl\/wp-content\/uploads\/2023\/10\/AMPIRE-Sicherungsabgriff-fuer-Low-Profile-Mini-Scherung-inkl-10A-Sicherung-ACN-XSA300_b_1.jpeg",800,800,false],"author_info":[],"comment_info":"","_links":{"self":[{"href":"https:\/\/www.creativ.net.pl\/en\/wp-json\/wp\/v2\/product\/2161","targetHints":{"allow":["GET"]}}],"collection":[{"href":"https:\/\/www.creativ.net.pl\/en\/wp-json\/wp\/v2\/product"}],"about":[{"href":"https:\/\/www.creativ.net.pl\/en\/wp-json\/wp\/v2\/types\/product"}],"wp:featuredmedia":[{"embeddable":true,"href":"https:\/\/www.creativ.net.pl\/en\/wp-json\/wp\/v2\/media\/6324"}],"wp:attachment":[{"href":"https:\/\/www.creativ.net.pl\/en\/wp-json\/wp\/v2\/media?parent=2161"}],"wp:term":[{"taxonomy":"product_brand","embeddable":true,"href":"https:\/\/www.creativ.net.pl\/en\/wp-json\/wp\/v2\/product_brand?post=2161"},{"taxonomy":"product_cat","embeddable":true,"href":"https:\/\/www.creativ.net.pl\/en\/wp-json\/wp\/v2\/product_cat?post=2161"},{"taxonomy":"product_tag","embeddable":true,"href":"https:\/\/www.creativ.net.pl\/en\/wp-json\/wp\/v2\/product_tag?post=2161"}],"curies":[{"name":"wp","href":"https:\/\/api.w.org\/{rel}","templated":true}]}}