{"id":2068,"date":"2023-10-27T12:34:43","date_gmt":"2023-10-27T10:34:43","guid":{"rendered":"https:\/\/www.creativ.net.pl\/przewod-skrecany-ikv-05-150m-cz-sz\/"},"modified":"2026-04-13T13:29:31","modified_gmt":"2026-04-13T11:29:31","slug":"przewod-skrecany-ikv-05-150m-cz-sz","status":"publish","type":"product","link":"https:\/\/www.creativ.net.pl\/en\/product\/przewod-skrecany-ikv-05-150m-cz-sz\/","title":{"rendered":"Ampire IKV0.5 mm2 black\/grey twisted cable"},"content":{"rendered":"<p>Premium quality 2-core twisted pair cable (FLRY-B) 2x 0.5mm2<\/p>\n<p>Technical data:<\/p>\n<p>Inner vein:<\/p>\n<ul>\n<li>Nominal cross-section 2x 0.5 mm\u00b2<\/li>\n<li>Twist length 20 mm<\/li>\n<li>Soft heated copper 99.9% (ECU)<\/li>\n<li>Structure 31x 0.197 mm<\/li>\n<li>Resistance 0.0195 Ohm\/metre<\/li>\n<\/ul>\n<p>Insulation:<\/p>\n<ul>\n<li>Colour: BLACK\/GREEN<\/li>\n<li>Outer diameter 2 mm<\/li>\n<li>Robust and thin-walled insulation<\/li>\n<li>PVC (Shore hardness 90)<\/li>\n<li>Temperature range: -40\u00b0C to +105\u00b0C<\/li>\n<\/ul>\n<p>Cable:<\/p>\n<ul>\n<li>Cable length 150 m<\/li>\n<li>172 mm diameter plastic coil<\/li>\n<li>84 mm wide plastic coil<\/li>\n<li>Plastic coil opening 32 mm<\/li>\n<\/ul>\n<p>What is the difference between OFCu and ECu copper?<br \/>\nThe difference is due to the manufacture of the respective cables, with OFCu (99.95% purity) being referred to as oxygen-free (non-oxygenated) copper and ECu (99.90% purity) as oxygen-containing copper.<br \/>\nOFCu copper is used for single conductors with diameters between 0.07 and 0.15 mm, and ECu copper is used for conductors with diameters between 0.20 and 0.30 mm.<\/p>\n<p>FLRY cables are low-voltage cables used in automobiles. These cables are manufactured with thin PVC insulation. This thinner insulation results in a nominal line voltage of 60V (FLY has full PVC insulation and the nominal line voltage is 230V) and its current carrying capacity depends on the cross-sectional area of the cable.<br \/>\nAnother characteristic is the operating temperature range. This ranges from -40 to 105\u00b0C. This small difference makes FLRY cables also applicable in the engine compartment for the wiring of components located far from the engine block or at the bottom of the engine block. Due to these special parameters, these cables are often selected for the low-voltage parts of the system during the vehicle design phase and thus become the primary cable.<\/p>","protected":false},"excerpt":{"rendered":"<p>IKV 0.5 mm2 black\/grey twisted cable \"reel 150m\"<\/p>","protected":false},"featured_media":3741,"template":"","meta":{"_acf_changed":false,"_kad_blocks_custom_css":"","_kad_blocks_head_custom_js":"","_kad_blocks_body_custom_js":"","_kad_blocks_footer_custom_js":"","_kad_post_transparent":"default","_kad_post_title":"","_kad_post_layout":"default","_kad_post_sidebar_id":"","_kad_post_content_style":"default","_kad_post_vertical_padding":"default","_kad_post_feature":"","_kad_post_feature_position":"","_kad_post_header":false,"_kad_post_footer":false,"_kad_post_classname":""},"product_brand":[],"product_cat":[55],"product_tag":[],"class_list":{"0":"post-2068","1":"product","2":"type-product","3":"status-publish","4":"has-post-thumbnail","6":"product_cat-skrecane","7":"pa_kolor-izolacji-przewodu-szary-czarny","8":"pa_liczba-zyl-2-zylowy","9":"pa_marka-ampire","10":"pa_przekroj-kabla-2x-05-mm2","11":"pa_rodzaj-przewodu-glosnikowy","12":"pa_typ-przewodu-skrecany","14":"first","15":"instock","16":"taxable","17":"shipping-taxable","18":"product-type-simple","19":"entry","20":"content-bg","21":"loop-entry"},"acf":[],"taxonomy_info":{"product_cat":[{"value":55,"label":"Skr\u0119cane"}],"pa_kolor-izolacji-przewodu":[{"value":270,"label":"Szary\/Czarny"}],"pa_liczba-zyl":[{"value":265,"label":"2-\u017cy\u0142owy"}],"pa_marka":[{"value":218,"label":"Ampire"}],"pa_przekroj-kabla":[{"value":274,"label":"2x 0,5 mm2"}],"pa_rodzaj-przewodu":[{"value":267,"label":"G\u0142o\u015bnikowy"}],"pa_typ-przewodu":[{"value":268,"label":"Skr\u0119cany"}]},"featured_image_src_large":["https:\/\/www.creativ.net.pl\/wp-content\/uploads\/2023\/10\/AMPIRE-Verdrilltes-Kabel-GRAU-SCHWARZ-0-5mm-150m-Spule-100-Kupfer-IKV050-GR-150_b_0.jpg",800,800,false],"author_info":[],"comment_info":"","_links":{"self":[{"href":"https:\/\/www.creativ.net.pl\/en\/wp-json\/wp\/v2\/product\/2068","targetHints":{"allow":["GET"]}}],"collection":[{"href":"https:\/\/www.creativ.net.pl\/en\/wp-json\/wp\/v2\/product"}],"about":[{"href":"https:\/\/www.creativ.net.pl\/en\/wp-json\/wp\/v2\/types\/product"}],"wp:featuredmedia":[{"embeddable":true,"href":"https:\/\/www.creativ.net.pl\/en\/wp-json\/wp\/v2\/media\/3741"}],"wp:attachment":[{"href":"https:\/\/www.creativ.net.pl\/en\/wp-json\/wp\/v2\/media?parent=2068"}],"wp:term":[{"taxonomy":"product_brand","embeddable":true,"href":"https:\/\/www.creativ.net.pl\/en\/wp-json\/wp\/v2\/product_brand?post=2068"},{"taxonomy":"product_cat","embeddable":true,"href":"https:\/\/www.creativ.net.pl\/en\/wp-json\/wp\/v2\/product_cat?post=2068"},{"taxonomy":"product_tag","embeddable":true,"href":"https:\/\/www.creativ.net.pl\/en\/wp-json\/wp\/v2\/product_tag?post=2068"}],"curies":[{"name":"wp","href":"https:\/\/api.w.org\/{rel}","templated":true}]}}