{"id":13080,"date":"2026-04-03T11:15:27","date_gmt":"2026-04-03T09:15:27","guid":{"rendered":"https:\/\/www.creativ.net.pl\/?post_type=product&#038;p=13080"},"modified":"2026-04-16T12:28:43","modified_gmt":"2026-04-16T10:28:43","slug":"folia-zabezpieczajaca-steg-t25","status":"publish","type":"product","link":"https:\/\/www.creativ.net.pl\/en\/product\/folia-zabezpieczajaca-steg-t25\/","title":{"rendered":"Steg T25 safety film"},"content":{"rendered":"<p><strong data-start=\"39\" data-end=\"71\">Protective film to protect the vehicle during work on the car.<\/strong><br data-start=\"71\" data-end=\"74\" \/>Environmentally friendly, odourless PE material.<br data-start=\"121\" data-end=\"124\" data-is-only-node=\"\" \/>Used for protection during car audio, soundproofing and other retrofit work - protects the vehicle's paintwork and emphasises the professionalism of the workshop.<\/p>\n<p>Dimensions: 250mm x 200m\/roll<\/p>","protected":false},"excerpt":{"rendered":"<p>Folia ochronna do zabezpieczenia pojazdu podczas prac wykonywanych w aucie.Materia\u0142 PE przyjazny dla \u015brodowiska, bezwonny.Stosowana do ochrony podczas prac zwi\u0105zanych z modernizacj\u0105 systemu car audio, wyciszenia i innych \u2013 zabezpiecza lakier pojazdu oraz podkre\u015bla profesjonalizm warsztatu. Wymiary: 250mm x 200m\/Rolka<\/p>","protected":false},"featured_media":13083,"template":"","meta":{"_acf_changed":false,"_kad_blocks_custom_css":"","_kad_blocks_head_custom_js":"","_kad_blocks_body_custom_js":"","_kad_blocks_footer_custom_js":"","_kad_post_transparent":"default","_kad_post_title":"","_kad_post_layout":"default","_kad_post_sidebar_id":"","_kad_post_content_style":"default","_kad_post_vertical_padding":"default","_kad_post_feature":"","_kad_post_feature_position":"","_kad_post_header":false,"_kad_post_footer":false,"_kad_post_classname":""},"product_brand":[],"product_cat":[370],"product_tag":[],"class_list":{"0":"post-13080","1":"product","2":"type-product","3":"status-publish","4":"has-post-thumbnail","6":"product_cat-folie-ochronne","8":"first","9":"instock","10":"taxable","11":"shipping-taxable","12":"product-type-simple","13":"entry","14":"content-bg","15":"loop-entry"},"acf":[],"taxonomy_info":{"product_cat":[{"value":370,"label":"Folie ochronne"}]},"featured_image_src_large":["https:\/\/www.creativ.net.pl\/wp-content\/uploads\/2026\/04\/IMG_6173-768x1024.jpg",768,1024,true],"author_info":[],"comment_info":"","_links":{"self":[{"href":"https:\/\/www.creativ.net.pl\/en\/wp-json\/wp\/v2\/product\/13080","targetHints":{"allow":["GET"]}}],"collection":[{"href":"https:\/\/www.creativ.net.pl\/en\/wp-json\/wp\/v2\/product"}],"about":[{"href":"https:\/\/www.creativ.net.pl\/en\/wp-json\/wp\/v2\/types\/product"}],"wp:featuredmedia":[{"embeddable":true,"href":"https:\/\/www.creativ.net.pl\/en\/wp-json\/wp\/v2\/media\/13083"}],"wp:attachment":[{"href":"https:\/\/www.creativ.net.pl\/en\/wp-json\/wp\/v2\/media?parent=13080"}],"wp:term":[{"taxonomy":"product_brand","embeddable":true,"href":"https:\/\/www.creativ.net.pl\/en\/wp-json\/wp\/v2\/product_brand?post=13080"},{"taxonomy":"product_cat","embeddable":true,"href":"https:\/\/www.creativ.net.pl\/en\/wp-json\/wp\/v2\/product_cat?post=13080"},{"taxonomy":"product_tag","embeddable":true,"href":"https:\/\/www.creativ.net.pl\/en\/wp-json\/wp\/v2\/product_tag?post=13080"}],"curies":[{"name":"wp","href":"https:\/\/api.w.org\/{rel}","templated":true}]}}