{"id":13055,"date":"2026-03-31T12:11:22","date_gmt":"2026-03-31T10:11:22","guid":{"rendered":"https:\/\/www.creativ.net.pl\/?post_type=product&#038;p=13055"},"modified":"2026-04-01T12:33:37","modified_gmt":"2026-04-01T10:33:37","slug":"oprawki-bezpiecznikow-ampire-xsa305","status":"publish","type":"product","link":"https:\/\/www.creativ.net.pl\/en\/product\/oprawki-bezpiecznikow-ampire-xsa305\/","title":{"rendered":"AMPIRE XSA305 fuse holders"},"content":{"rendered":"<p data-start=\"63\" data-end=\"212\">With this practical fuse adapter, you can pick up a signal directly in the vehicle's fuse box with additional protection.<\/p>\n<p data-start=\"214\" data-end=\"538\">Simply remove the original fuse type <strong data-start=\"258\" data-end=\"287\">Low-Profile Mini (flat)<\/strong> and insert the XSA305 adapter in its place.<br data-start=\"327\" data-end=\"330\" \/>Then place the original fuse back into the XSA305 adapter, and the additional power output will be available on the 4mm type end - protected by the supplied 5A Low-Profile Mini fuse.<\/p>\n<h2 data-section-id=\"3qh9ki\" data-start=\"688\" data-end=\"709\">Technical data<\/h2>\n<ul data-start=\"711\" data-end=\"1049\">\n<li data-section-id=\"1lna13c\" data-start=\"711\" data-end=\"758\">Fuse type: Low-Profile Mini (flat)<\/li>\n<li data-section-id=\"cc9y4l\" data-start=\"759\" data-end=\"808\">Compliance with standards: SAE J1284 and ISO 8820-3<\/li>\n<li data-section-id=\"wq0eb\" data-start=\"809\" data-end=\"838\">Maximum voltage: 32 V<\/li>\n<li data-section-id=\"16ij521\" data-start=\"839\" data-end=\"868\">Maximum current: 5 A<\/li>\n<li data-section-id=\"ia4m3m\" data-start=\"869\" data-end=\"895\">Material: polyamide 6.6<\/li>\n<li data-section-id=\"ospnif\" data-start=\"896\" data-end=\"926\">Conductor cross-section: 1.3 mm\u00b2<\/li>\n<li data-section-id=\"1qtd4ky\" data-start=\"927\" data-end=\"955\">Cable length: 120 mm<\/li>\n<li data-section-id=\"1djh2qc\" data-start=\"956\" data-end=\"991\">Cable exit: left<\/li>\n<li data-section-id=\"a68ca9\" data-start=\"992\" data-end=\"1018\">Surface: Galvanised<\/li>\n<li data-section-id=\"87uw6c\" data-start=\"1019\" data-end=\"1049\">SVHC: no SVHC substance<\/li>\n<\/ul>","protected":false},"excerpt":{"rendered":"<p>Dzi\u0119ki temu praktycznemu adapterowi do bezpiecznik\u00f3w mo\u017cesz bezpo\u015brednio w skrzynce bezpiecznik\u00f3w pojazdu pobra\u0107 sygna\u0142 z dodatkowym zabezpieczeniem. Wystarczy wyj\u0105\u0107 oryginalny bezpiecznik typu Low-Profile Mini (p\u0142aski) i w jego miejsce w\u0142o\u017cy\u0107 adapter XSA305.Nast\u0119pnie oryginalny bezpiecznik umie\u015bci\u0107 z powrotem w adapterze XSA305, a dodatkowe wyj\u015bcie zasilania b\u0119dzie dost\u0119pne na ko\u0144c\u00f3wce typu 4 mm \u2013 zabezpieczone do\u0142\u0105czonym bezpiecznikiem&#8230;<\/p>","protected":false},"featured_media":13056,"template":"","meta":{"_acf_changed":false,"_kad_blocks_custom_css":"","_kad_blocks_head_custom_js":"","_kad_blocks_body_custom_js":"","_kad_blocks_footer_custom_js":"","_kad_post_transparent":"default","_kad_post_title":"","_kad_post_layout":"default","_kad_post_sidebar_id":"","_kad_post_content_style":"default","_kad_post_vertical_padding":"default","_kad_post_feature":"","_kad_post_feature_position":"","_kad_post_header":false,"_kad_post_footer":false,"_kad_post_classname":""},"product_brand":[],"product_cat":[34],"product_tag":[],"class_list":{"0":"post-13055","1":"product","2":"type-product","3":"status-publish","4":"has-post-thumbnail","6":"product_cat-oprawy-bezpiecznikow","8":"first","9":"instock","10":"taxable","11":"shipping-taxable","12":"product-type-simple","13":"entry","14":"content-bg","15":"loop-entry"},"acf":[],"taxonomy_info":{"product_cat":[{"value":34,"label":"Oprawy bezpiecznik\u00f3w"}]},"featured_image_src_large":["https:\/\/www.creativ.net.pl\/wp-content\/uploads\/2026\/03\/Zrzut-ekranu-2026-02-27-101350.png",741,714,false],"author_info":[],"comment_info":"","_links":{"self":[{"href":"https:\/\/www.creativ.net.pl\/en\/wp-json\/wp\/v2\/product\/13055","targetHints":{"allow":["GET"]}}],"collection":[{"href":"https:\/\/www.creativ.net.pl\/en\/wp-json\/wp\/v2\/product"}],"about":[{"href":"https:\/\/www.creativ.net.pl\/en\/wp-json\/wp\/v2\/types\/product"}],"wp:featuredmedia":[{"embeddable":true,"href":"https:\/\/www.creativ.net.pl\/en\/wp-json\/wp\/v2\/media\/13056"}],"wp:attachment":[{"href":"https:\/\/www.creativ.net.pl\/en\/wp-json\/wp\/v2\/media?parent=13055"}],"wp:term":[{"taxonomy":"product_brand","embeddable":true,"href":"https:\/\/www.creativ.net.pl\/en\/wp-json\/wp\/v2\/product_brand?post=13055"},{"taxonomy":"product_cat","embeddable":true,"href":"https:\/\/www.creativ.net.pl\/en\/wp-json\/wp\/v2\/product_cat?post=13055"},{"taxonomy":"product_tag","embeddable":true,"href":"https:\/\/www.creativ.net.pl\/en\/wp-json\/wp\/v2\/product_tag?post=13055"}],"curies":[{"name":"wp","href":"https:\/\/api.w.org\/{rel}","templated":true}]}}