{"id":13004,"date":"2026-03-24T14:13:57","date_gmt":"2026-03-24T13:13:57","guid":{"rendered":"https:\/\/www.creativ.net.pl\/?post_type=product&#038;p=13004"},"modified":"2026-04-13T13:34:33","modified_gmt":"2026-04-13T11:34:33","slug":"rejestrator-jazdy-vueroid-s1-4k-2ch-128-gb","status":"publish","type":"product","link":"https:\/\/www.creativ.net.pl\/en\/product\/rejestrator-jazdy-vueroid-s1-4k-2ch-128-gb\/","title":{"rendered":"Vueroid S1 4k 2CH 128 GB driving recorder"},"content":{"rendered":"<h2 data-start=\"323\" data-end=\"434\"><strong data-start=\"326\" data-end=\"434\">Vueroid S1 4K Infinite 2CH dashcam \u2013 top-of-the-line dual-channel video recorder\u00a0<\/strong><\/h2>\n<p data-start=\"436\" data-end=\"965\">Driving recorder <strong data-start=\"454\" data-end=\"484\">Vueroid S1 4K Infinite 2CH<\/strong> an advanced monitoring solution for waiting drivers <strong data-start=\"554\" data-end=\"685\">uncompromising image quality, intelligent features and reliable vehicle protection both while driving and when stationary<\/strong>. Thanks to the use of top-of-the-line Sony STARVIS2 image sensors, advanced parking modes and the ability to connect to a mobile app, the model <strong data-start=\"841\" data-end=\"859\">S1 4K Infinite<\/strong> ranks among premium professional video recorders.<\/p>\n<hr data-start=\"967\" data-end=\"970\" \/>\n<h3 data-start=\"972\" data-end=\"1011\">\ud83d\udccc <strong data-start=\"979\" data-end=\"1011\">Key product features<\/strong><\/h3>\n<p data-start=\"1013\" data-end=\"1936\">\u2714 <strong data-start=\"1015\" data-end=\"1049\">Dual-channel recording system:<\/strong> The front and rear cameras operate simultaneously, providing full road coverage \u2013 from the front and rear.\u00a0<br data-start=\"1187\" data-end=\"1190\" \/>\u2714 <strong data-start=\"1192\" data-end=\"1226\">Ultra high definition:<\/strong> the front camera records in <strong data-start=\"1256\" data-end=\"1278\">4K UHD (3840\u00d72160)<\/strong> with service to <strong data-start=\"1292\" data-end=\"1301\">60 frames per second<\/strong>, rear <strong data-start=\"1311\" data-end=\"1330\">QHD (2560\u00d71440)<\/strong>.\u00a0<br data-start=\"1369\" data-end=\"1372\" \/>\u2714 <strong data-start=\"1374\" data-end=\"1407\">Advanced image sensors:<\/strong> both the front and rear modules use high-quality matrices <strong data-start=\"1479\" data-end=\"1497\">SONY Starvis 2<\/strong>, ensuring excellent recording quality day and night.\u00a0<br data-start=\"1590\" data-end=\"1593\" \/>\u2714 <strong data-start=\"1595\" data-end=\"1622\">Wide viewing angles:<\/strong> field of vision up to <strong data-start=\"1640\" data-end=\"1657\">151\u00b0 at the front<\/strong> i <strong data-start=\"1660\" data-end=\"1675\">160\u00b0 at the rear<\/strong>, guaranteeing a wide range of observations.<br data-start=\"1754\" data-end=\"1757\" \/>\u2714 <strong data-start=\"1759\" data-end=\"1791\">Intelligent image features:<\/strong> mode <strong data-start=\"1797\" data-end=\"1804\">HDR<\/strong> for better scene dynamics and <strong data-start=\"1837\" data-end=\"1861\">Premium Night Vision<\/strong> for clearer recordings after dark.<\/p>\n<hr data-start=\"1938\" data-end=\"1941\" \/>\n<h3 data-start=\"1943\" data-end=\"1990\">\ud83d\udcf7 <strong data-start=\"1950\" data-end=\"1990\">Registration and security features<\/strong><\/h3>\n<p data-start=\"1992\" data-end=\"3067\">\ud83d\udfe2 <strong data-start=\"1995\" data-end=\"2023\">Wide Dynamic Range (HDR)<\/strong> \u2013 reduces overexposure and underexposure so that details are clear even in difficult lighting conditions.<br data-start=\"2177\" data-end=\"2180\" \/>\ud83d\udfe2 <strong data-start=\"2183\" data-end=\"2210\">Durashift Parking Mode\u2122<\/strong> \u2013 Active parking mode with shock, motion and timelapse detection, which works even in extreme temperatures, protecting recordings from overheating.\u00a0<br data-start=\"2406\" data-end=\"2409\" \/>\ud83d\udfe2 <strong data-start=\"2412\" data-end=\"2448\">Automatic battery protection<\/strong> \u2013 the device independently manages energy consumption, minimising the risk of draining the car battery.\u00a0<br data-start=\"2591\" data-end=\"2594\" \/>\ud83d\udfe2 <strong data-start=\"2597\" data-end=\"2629\">Auto REC Off Zone Geofencing<\/strong> \u2013 Intelligent deactivation of parking mode in user-defined zones, protecting the battery and increasing user convenience.\u00a0<br data-start=\"2813\" data-end=\"2816\" \/>\ud83d\udfe2 <strong data-start=\"2819\" data-end=\"2875\">AI Number Plate Restoration and AI Privacy Protection<\/strong> \u2013 intelligent licence plate readability enhancement and automatic masking of private data available via the app and PC Viewer.<\/p>\n<hr data-start=\"3069\" data-end=\"3072\" \/>\n<h3 data-start=\"3074\" data-end=\"3103\">\ud83d\udcf2 <strong data-start=\"3081\" data-end=\"3103\">Communication and service<\/strong><\/h3>\n<p data-start=\"3105\" data-end=\"3685\">\ud83d\udcf6 <strong data-start=\"3108\" data-end=\"3127\">Built-in Wi-Fi<\/strong> \u2013 fast data transmission and live preview in the Vueroid Hub application.<br data-start=\"3237\" data-end=\"3240\" \/>\ud83d\udccd <strong data-start=\"3243\" data-end=\"3260\">Built-in GPS<\/strong> \u2013 recordings showing position, speed and route.<br data-start=\"3353\" data-end=\"3356\" \/>\ud83d\udcf1 <strong data-start=\"3359\" data-end=\"3392\">Mobile application and PC Viewer<\/strong> \u2013 full control over settings, previewing materials, editing and sharing recordings.<br data-start=\"3518\" data-end=\"3521\" \/>\ud83d\udd04 <strong data-start=\"3524\" data-end=\"3560\">Compatibility with microSD cards<\/strong> to <strong data-start=\"3564\" data-end=\"3574\">512 GB<\/strong> \u2014 recording of long journeys without the need to frequently delete recordings.<\/p>\n<hr data-start=\"3687\" data-end=\"3690\" \/>\n<h3 data-start=\"3692\" data-end=\"3720\">\ud83e\uddf0 <strong data-start=\"3699\" data-end=\"3720\">Contents of the kit<\/strong><\/h3>\n<p data-start=\"3722\" data-end=\"4030\">\ud83d\udd39 Front camera (S1 4K)<br data-start=\"3748\" data-end=\"3751\" \/>\ud83d\udd39 Rear camera with cable<br data-start=\"3775\" data-end=\"3778\" \/>\ud83d\udd39 Power cable for cigarette lighter<br data-start=\"3812\" data-end=\"3815\" \/>\ud83d\udd39 Hardwire Kit (cable for 12 V installation)<br data-start=\"3857\" data-end=\"3860\" \/>\ud83d\udd39 USB-C cable for data transfer<br data-start=\"3894\" data-end=\"3897\" \/>\ud83d\udd39 Mounting clips and 3M tapes<br data-start=\"3926\" data-end=\"3929\" \/>\ud83d\udd39 CPL filter<br data-start=\"3941\" data-end=\"3944\" \/>\ud83d\udd39 Assembly tools<br data-start=\"3966\" data-end=\"3969\" \/>\ud83d\udd39 User manual<\/p>\n<p data-start=\"3722\" data-end=\"4030\">The kit also includes a 128GB micro SD memory card.<\/p>\n<hr data-start=\"4032\" data-end=\"4035\" \/>\n<h3 data-start=\"4037\" data-end=\"4071\">\ud83d\udee0 <strong data-start=\"4044\" data-end=\"4071\">Technical specifications<\/strong><\/h3>\n<div class=\"TyagGW_tableContainer\">\n<div class=\"group TyagGW_tableWrapper flex w-fit flex-col-reverse\" tabindex=\"-1\">\n<table class=\"w-fit min-w-(--thread-content-width)\" data-start=\"4073\" data-end=\"4889\">\n<thead data-start=\"4073\" data-end=\"4095\">\n<tr data-start=\"4073\" data-end=\"4095\">\n<th data-start=\"4073\" data-end=\"4084\" data-col-size=\"sm\">Parameter<\/th>\n<th data-start=\"4084\" data-end=\"4095\" data-col-size=\"md\">Value<\/th>\n<\/tr>\n<\/thead>\n<tbody data-start=\"4119\" data-end=\"4889\">\n<tr data-start=\"4119\" data-end=\"4164\">\n<td data-start=\"4119\" data-end=\"4143\" data-col-size=\"sm\"><strong data-start=\"4121\" data-end=\"4142\">Recording channels<\/strong><\/td>\n<td data-col-size=\"md\" data-start=\"4143\" data-end=\"4164\">2CH (front + rear)<\/td>\n<\/tr>\n<tr data-start=\"4165\" data-end=\"4233\">\n<td data-start=\"4165\" data-end=\"4187\" data-col-size=\"sm\"><strong data-start=\"4167\" data-end=\"4186\">Image sensors<\/strong><\/td>\n<td data-col-size=\"md\" data-start=\"4187\" data-end=\"4233\">Sony Starvis2 (front: IMX678, rear: IMX675)<\/td>\n<\/tr>\n<tr data-start=\"4234\" data-end=\"4304\">\n<td data-start=\"4234\" data-end=\"4254\" data-col-size=\"sm\"><strong data-start=\"4236\" data-end=\"4253\">Resolution<\/strong><\/td>\n<td data-start=\"4254\" data-end=\"4304\" data-col-size=\"md\">Front: 4K UHD @ 30\/60 fps, Rear: QHD @ 30 fps<\/td>\n<\/tr>\n<tr data-start=\"4305\" data-end=\"4358\">\n<td data-start=\"4305\" data-end=\"4331\" data-col-size=\"sm\"><strong data-start=\"4307\" data-end=\"4330\">Field of view (FOV)<\/strong><\/td>\n<td data-col-size=\"md\" data-start=\"4331\" data-end=\"4358\">Front: 151\u00b0, Rear: 160\u00b0<\/td>\n<\/tr>\n<tr data-start=\"4359\" data-end=\"4423\">\n<td data-start=\"4359\" data-end=\"4378\" data-col-size=\"sm\"><strong data-start=\"4361\" data-end=\"4377\">Image modes<\/strong><\/td>\n<td data-col-size=\"md\" data-start=\"4378\" data-end=\"4423\">HDR, Night Vision, Infinite Plate Capture<\/td>\n<\/tr>\n<tr data-start=\"4424\" data-end=\"4447\">\n<td data-start=\"4424\" data-end=\"4434\" data-col-size=\"sm\"><strong data-start=\"4426\" data-end=\"4433\">GPS<\/strong><\/td>\n<td data-col-size=\"md\" data-start=\"4434\" data-end=\"4447\">Built-in<\/td>\n<\/tr>\n<tr data-start=\"4448\" data-end=\"4473\">\n<td data-start=\"4448\" data-end=\"4460\" data-col-size=\"sm\"><strong data-start=\"4450\" data-end=\"4459\">Wi-Fi<\/strong><\/td>\n<td data-start=\"4460\" data-end=\"4473\" data-col-size=\"md\">Built-in<\/td>\n<\/tr>\n<tr data-start=\"4474\" data-end=\"4498\">\n<td data-start=\"4474\" data-end=\"4490\" data-col-size=\"sm\"><strong data-start=\"4476\" data-end=\"4489\">LCD screen<\/strong><\/td>\n<td data-start=\"4490\" data-end=\"4498\" data-col-size=\"md\">2.3\u2033<\/td>\n<\/tr>\n<tr data-start=\"4499\" data-end=\"4537\">\n<td data-start=\"4499\" data-end=\"4515\" data-col-size=\"sm\"><strong data-start=\"4501\" data-end=\"4514\">Power supply<\/strong><\/td>\n<td data-start=\"4515\" data-end=\"4537\" data-col-size=\"md\">12 V &amp; 5 V (USB-C)<\/td>\n<\/tr>\n<tr data-start=\"4538\" data-end=\"4579\">\n<td data-start=\"4538\" data-end=\"4558\" data-col-size=\"sm\"><strong data-start=\"4540\" data-end=\"4557\">File system<\/strong><\/td>\n<td data-col-size=\"md\" data-start=\"4558\" data-end=\"4579\">Free Format (TFF)<\/td>\n<\/tr>\n<tr data-start=\"4580\" data-end=\"4613\">\n<td data-start=\"4580\" data-end=\"4600\" data-col-size=\"sm\"><strong data-start=\"4582\" data-end=\"4599\">Memory cards<\/strong><\/td>\n<td data-col-size=\"md\" data-start=\"4600\" data-end=\"4613\">Up to 512 GB<\/td>\n<\/tr>\n<tr data-start=\"4614\" data-end=\"4656\">\n<td data-start=\"4614\" data-end=\"4638\" data-col-size=\"sm\"><strong data-start=\"4616\" data-end=\"4637\">Operating temperature<\/strong><\/td>\n<td data-col-size=\"md\" data-start=\"4638\" data-end=\"4656\">-20 \u00b0C to 65 \u00b0C<\/td>\n<\/tr>\n<tr data-start=\"4657\" data-end=\"4724\">\n<td data-start=\"4657\" data-end=\"4674\" data-col-size=\"sm\"><strong data-start=\"4659\" data-end=\"4673\">AI features<\/strong><\/td>\n<td data-start=\"4674\" data-end=\"4724\" data-col-size=\"md\">Licence Plate Restoration &amp; Privacy Protection<\/td>\n<\/tr>\n<tr data-start=\"4725\" data-end=\"4785\">\n<td data-start=\"4725\" data-end=\"4744\" data-col-size=\"sm\"><strong data-start=\"4727\" data-end=\"4743\">Parking Mode<\/strong><\/td>\n<td data-col-size=\"md\" data-start=\"4744\" data-end=\"4785\">Durashift, Motion, Impact, Time-lapse<\/td>\n<\/tr>\n<tr data-start=\"4786\" data-end=\"4889\">\n<td data-start=\"4786\" data-end=\"4812\" data-col-size=\"sm\"><strong data-start=\"4788\" data-end=\"4811\">Battery protection<\/strong><\/td>\n<td data-start=\"4812\" data-end=\"4848\" data-col-size=\"md\">Battery Cut-Off &amp; Time Protection<\/td>\n<\/tr>\n<\/tbody>\n<\/table>\n<\/div>\n<\/div>\n<hr data-start=\"4891\" data-end=\"4894\" \/>\n<h3 data-start=\"4896\" data-end=\"4919\">\ud83d\udca1 <strong data-start=\"4903\" data-end=\"4919\">Summary<\/strong><\/h3>\n<p data-start=\"4921\" data-end=\"5273\">DVR <strong data-start=\"4933\" data-end=\"4963\">Vueroid S1 4K Infinite 2CH<\/strong> a device that connects <strong data-start=\"4991\" data-end=\"5073\">the highest image quality, intelligent security tools and easy operation<\/strong>. Ideal for both everyday city driving and long journeys, it provides continuous protection for your car and full recording of every traffic situation.<\/p>","protected":false},"excerpt":{"rendered":"<p>Rejestrator jazdy Vueroid S1 4K Infinite 2CH \u2013 najwy\u017cszej klasy dwukana\u0142owy wideorejestrator\u00a0 Rejestrator jazdy Vueroid S1 4K Infinite 2CH to zaawansowane rozwi\u0105zanie monitoringowe dla kierowc\u00f3w oczekuj\u0105cych bezkompromisowej jako\u015bci obrazu, inteligentnych funkcji oraz niezawodnej ochrony pojazdu zar\u00f3wno w trakcie jazdy, jak i postoju. Dzi\u0119ki zastosowaniu topowych przetwornik\u00f3w obrazu Sony STARVIS2, rozbudowanym trybom parkingowym oraz mo\u017cliwo\u015bci pod\u0142\u0105czenia&#8230;<\/p>","protected":false},"featured_media":12385,"template":"","meta":{"_acf_changed":false,"_kad_blocks_custom_css":"","_kad_blocks_head_custom_js":"","_kad_blocks_body_custom_js":"","_kad_blocks_footer_custom_js":"","_kad_post_transparent":"default","_kad_post_title":"","_kad_post_layout":"default","_kad_post_sidebar_id":"","_kad_post_content_style":"default","_kad_post_vertical_padding":"default","_kad_post_feature":"","_kad_post_feature_position":"","_kad_post_header":false,"_kad_post_footer":false,"_kad_post_classname":""},"product_brand":[],"product_cat":[79],"product_tag":[],"class_list":{"0":"post-13004","1":"product","2":"type-product","3":"status-publish","4":"has-post-thumbnail","6":"product_cat-na-przod-i-tyl","8":"first","9":"instock","10":"taxable","11":"shipping-taxable","12":"product-type-simple","13":"entry","14":"content-bg","15":"loop-entry"},"acf":[],"taxonomy_info":{"product_cat":[{"value":79,"label":"Na prz\u00f3d i ty\u0142"}]},"featured_image_src_large":["https:\/\/www.creativ.net.pl\/wp-content\/uploads\/2025\/12\/VUEROID-S1-4K_Image_Package_2CH-1024x683.png",1024,683,true],"author_info":[],"comment_info":"","_links":{"self":[{"href":"https:\/\/www.creativ.net.pl\/en\/wp-json\/wp\/v2\/product\/13004","targetHints":{"allow":["GET"]}}],"collection":[{"href":"https:\/\/www.creativ.net.pl\/en\/wp-json\/wp\/v2\/product"}],"about":[{"href":"https:\/\/www.creativ.net.pl\/en\/wp-json\/wp\/v2\/types\/product"}],"wp:featuredmedia":[{"embeddable":true,"href":"https:\/\/www.creativ.net.pl\/en\/wp-json\/wp\/v2\/media\/12385"}],"wp:attachment":[{"href":"https:\/\/www.creativ.net.pl\/en\/wp-json\/wp\/v2\/media?parent=13004"}],"wp:term":[{"taxonomy":"product_brand","embeddable":true,"href":"https:\/\/www.creativ.net.pl\/en\/wp-json\/wp\/v2\/product_brand?post=13004"},{"taxonomy":"product_cat","embeddable":true,"href":"https:\/\/www.creativ.net.pl\/en\/wp-json\/wp\/v2\/product_cat?post=13004"},{"taxonomy":"product_tag","embeddable":true,"href":"https:\/\/www.creativ.net.pl\/en\/wp-json\/wp\/v2\/product_tag?post=13004"}],"curies":[{"name":"wp","href":"https:\/\/api.w.org\/{rel}","templated":true}]}}