{"id":12872,"date":"2026-03-05T13:17:36","date_gmt":"2026-03-05T12:17:36","guid":{"rendered":"https:\/\/www.creativ.net.pl\/?post_type=product&#038;p=12872"},"modified":"2026-03-05T14:26:51","modified_gmt":"2026-03-05T13:26:51","slug":"system-pomiarowy-audiocontrol-dm-rta","status":"publish","type":"product","link":"https:\/\/www.creativ.net.pl\/en\/product\/system-pomiarowy-audiocontrol-dm-rta\/","title":{"rendered":"AudioControl DM-RTA measuring system"},"content":{"rendered":"<h2 data-start=\"393\" data-end=\"412\"><strong data-start=\"396\" data-end=\"412\">Features<\/strong><\/h2>\n<p data-start=\"414\" data-end=\"426\"><strong data-start=\"414\" data-end=\"426\">Inputs:<\/strong><\/p>\n<ul data-start=\"427\" data-end=\"510\">\n<li data-start=\"427\" data-end=\"442\">\n<p data-start=\"429\" data-end=\"442\">microphones<\/p>\n<\/li>\n<li data-start=\"443\" data-end=\"467\">\n<p data-start=\"445\" data-end=\"467\">balanced linear<\/p>\n<\/li>\n<li data-start=\"468\" data-end=\"495\">\n<p data-start=\"470\" data-end=\"495\">linear unbalanced<\/p>\n<\/li>\n<li data-start=\"496\" data-end=\"510\">\n<p data-start=\"498\" data-end=\"510\">loudspeaker<\/p>\n<\/li>\n<\/ul>\n<p data-start=\"512\" data-end=\"534\"><strong data-start=\"512\" data-end=\"534\">Additional features:<\/strong><\/p>\n<ul data-start=\"535\" data-end=\"763\">\n<li data-start=\"535\" data-end=\"603\">\n<p data-start=\"537\" data-end=\"603\">switched <strong data-start=\"549\" data-end=\"575\">48 V phantom power supply<\/strong> for microphone input<\/p>\n<\/li>\n<li data-start=\"604\" data-end=\"763\">\n<p data-start=\"606\" data-end=\"685\">built-in test signals with adjustable frequency and output level:<\/p>\n<ul data-start=\"688\" data-end=\"763\">\n<li data-start=\"688\" data-end=\"709\">\n<p data-start=\"690\" data-end=\"709\">sinusoidal wave<\/p>\n<\/li>\n<li data-start=\"712\" data-end=\"740\">\n<p data-start=\"714\" data-end=\"740\">pink noise<\/p>\n<\/li>\n<li data-start=\"743\" data-end=\"763\">\n<p data-start=\"745\" data-end=\"763\">rectangular wave<\/p>\n<\/li>\n<\/ul>\n<\/li>\n<\/ul>\n<p data-start=\"765\" data-end=\"777\"><strong data-start=\"765\" data-end=\"777\">Outputs:<\/strong><\/p>\n<ul data-start=\"778\" data-end=\"1010\">\n<li data-start=\"778\" data-end=\"802\">\n<p data-start=\"780\" data-end=\"802\">balanced linear<\/p>\n<\/li>\n<li data-start=\"803\" data-end=\"830\">\n<p data-start=\"805\" data-end=\"830\">linear unbalanced<\/p>\n<\/li>\n<li data-start=\"831\" data-end=\"863\">\n<p data-start=\"833\" data-end=\"863\">digital coax<\/p>\n<\/li>\n<li data-start=\"864\" data-end=\"884\">\n<p data-start=\"866\" data-end=\"884\">digital optical<\/p>\n<\/li>\n<li data-start=\"885\" data-end=\"892\">\n<p data-start=\"887\" data-end=\"892\">USB<\/p>\n<\/li>\n<li data-start=\"894\" data-end=\"981\">\n<p data-start=\"896\" data-end=\"981\">port for optional module <strong data-start=\"925\" data-end=\"946\">Bluetooth AC-BT24<\/strong> for wireless monitoring<\/p>\n<\/li>\n<li data-start=\"982\" data-end=\"1010\">\n<p data-start=\"984\" data-end=\"1010\">embedded <strong data-start=\"994\" data-end=\"1008\">battery<\/strong><\/p>\n<\/li>\n<\/ul>","protected":false},"excerpt":{"rendered":"<p>Funkcje Wej\u015bcia: mikrofonowe liniowe zbalansowane liniowe niezbalansowane g\u0142o\u015bnikowe Dodatkowe funkcje: prze\u0142\u0105czane zasilanie phantom 48 V dla wej\u015bcia mikrofonowego wbudowane sygna\u0142y testowe z regulowan\u0105 cz\u0119stotliwo\u015bci\u0105 i poziomem wyj\u015bciowym: fala sinusoidalna r\u00f3\u017cowy szum (pink noise) fala prostok\u0105tna Wyj\u015bcia: liniowe zbalansowane liniowe niezbalansowane cyfrowe koncentryczne (coax) cyfrowe optyczne USB port dla opcjonalnego modu\u0142u Bluetooth AC-BT24 do bezprzewodowego monitorowania&#8230;<\/p>","protected":false},"featured_media":12873,"template":"","meta":{"_acf_changed":false,"_kad_blocks_custom_css":"","_kad_blocks_head_custom_js":"","_kad_blocks_body_custom_js":"","_kad_blocks_footer_custom_js":"","_kad_post_transparent":"default","_kad_post_title":"","_kad_post_layout":"default","_kad_post_sidebar_id":"","_kad_post_content_style":"default","_kad_post_vertical_padding":"default","_kad_post_feature":"","_kad_post_feature_position":"","_kad_post_header":false,"_kad_post_footer":false,"_kad_post_classname":""},"product_brand":[],"product_cat":[367],"product_tag":[],"class_list":{"0":"post-12872","1":"product","2":"type-product","3":"status-publish","4":"has-post-thumbnail","6":"product_cat-systemy-pomiarowe","8":"first","9":"instock","10":"taxable","11":"shipping-taxable","12":"product-type-simple","13":"entry","14":"content-bg","15":"loop-entry"},"acf":[],"taxonomy_info":{"product_cat":[{"value":367,"label":"Systemy pomiarowe"}]},"featured_image_src_large":["https:\/\/www.creativ.net.pl\/wp-content\/uploads\/2026\/03\/dm-rta-1024x576.png",1024,576,true],"author_info":[],"comment_info":"","_links":{"self":[{"href":"https:\/\/www.creativ.net.pl\/en\/wp-json\/wp\/v2\/product\/12872","targetHints":{"allow":["GET"]}}],"collection":[{"href":"https:\/\/www.creativ.net.pl\/en\/wp-json\/wp\/v2\/product"}],"about":[{"href":"https:\/\/www.creativ.net.pl\/en\/wp-json\/wp\/v2\/types\/product"}],"wp:featuredmedia":[{"embeddable":true,"href":"https:\/\/www.creativ.net.pl\/en\/wp-json\/wp\/v2\/media\/12873"}],"wp:attachment":[{"href":"https:\/\/www.creativ.net.pl\/en\/wp-json\/wp\/v2\/media?parent=12872"}],"wp:term":[{"taxonomy":"product_brand","embeddable":true,"href":"https:\/\/www.creativ.net.pl\/en\/wp-json\/wp\/v2\/product_brand?post=12872"},{"taxonomy":"product_cat","embeddable":true,"href":"https:\/\/www.creativ.net.pl\/en\/wp-json\/wp\/v2\/product_cat?post=12872"},{"taxonomy":"product_tag","embeddable":true,"href":"https:\/\/www.creativ.net.pl\/en\/wp-json\/wp\/v2\/product_tag?post=12872"}],"curies":[{"name":"wp","href":"https:\/\/api.w.org\/{rel}","templated":true}]}}