{"id":12712,"date":"2026-02-19T14:02:27","date_gmt":"2026-02-19T13:02:27","guid":{"rendered":"https:\/\/www.creativ.net.pl\/?post_type=product&#038;p=12712"},"modified":"2026-02-20T13:45:37","modified_gmt":"2026-02-20T12:45:37","slug":"wzmacniacz-arc-audio-ps12pro","status":"publish","type":"product","link":"https:\/\/www.creativ.net.pl\/en\/product\/wzmacniacz-arc-audio-ps12pro\/","title":{"rendered":"ARC Audio amplifier PS12Pro"},"content":{"rendered":"<p data-start=\"91\" data-end=\"144\"><strong data-start=\"91\" data-end=\"109\">Processor type: <\/strong>Compact stand-alone unit<\/p>\n<p data-start=\"146\" data-end=\"209\"><strong data-start=\"146\" data-end=\"174\">Processor resolution: <\/strong>Fixed-point, 24-bit native<\/p>\n<p data-start=\"211\" data-end=\"261\"><strong data-start=\"211\" data-end=\"235\">Main DSP processor: <\/strong>Analog Devices ADAU1452<\/p>\n<p data-start=\"211\" data-end=\"261\"><strong data-start=\"263\" data-end=\"298\">ADC (analogue-to-digital converter): <\/strong>AKM 5358B<\/p>\n<p data-start=\"312\" data-end=\"370\"><strong data-start=\"312\" data-end=\"347\">DAC (digital-to-analogue converter): <\/strong>Cirrus Logic CS-4344<\/p>\n<p data-start=\"372\" data-end=\"406\"><strong data-start=\"372\" data-end=\"402\">Total number of DSP channels: <\/strong>8<\/p>\n<p data-start=\"408\" data-end=\"475\"><strong data-start=\"408\" data-end=\"469\">Dual operational amplifier circuit (Dual Footprint): <\/strong>Not<\/p>\n<p data-start=\"477\" data-end=\"506\"><strong data-start=\"477\" data-end=\"502\">RCA output channels: <\/strong>8<\/p>\n<p data-start=\"508\" data-end=\"546\"><strong data-start=\"508\" data-end=\"535\">RCA output voltage: <\/strong>Up to 3.5 V<\/p>\n<p data-start=\"548\" data-end=\"585\"><strong data-start=\"548\" data-end=\"581\">Input channels (analogue): <\/strong>6<\/p>\n<p data-start=\"587\" data-end=\"654\"><strong data-start=\"587\" data-end=\"613\">Analogue input type: <\/strong>Differential (RCA or speaker input)<\/p>\n<p data-start=\"656\" data-end=\"707\"><strong data-start=\"656\" data-end=\"690\">Input sensitivity (analogue): <\/strong>2 V - 16 V RMS<\/p>\n<p data-start=\"709\" data-end=\"754\"><strong data-start=\"709\" data-end=\"746\">Input impedance (analogue): <\/strong>10 k\u03a9<\/p>\n<p data-start=\"756\" data-end=\"831\"><strong data-start=\"756\" data-end=\"786\">Gain control type: <\/strong>Common for all input channels<\/p>\n<p data-start=\"833\" data-end=\"861\"><strong data-start=\"833\" data-end=\"854\">Optical input: <\/strong>No<\/p>\n<p data-start=\"863\" data-end=\"913\"><strong data-start=\"863\" data-end=\"907\">Digital coaxial input: <\/strong>Yes<\/p>\n<p data-start=\"915\" data-end=\"983\"><strong data-start=\"915\" data-end=\"974\">Maximum digital input sampling frequency: <\/strong>96 kHz<\/p>\n<p data-start=\"985\" data-end=\"1027\"><strong data-start=\"985\" data-end=\"1008\">Frequency response: <\/strong>20 Hz - 23.5 kHz<\/p>\n<p data-start=\"1029\" data-end=\"1071\"><strong data-start=\"1029\" data-end=\"1063\">Signal-to-noise ratio (1V 1:1): <\/strong>86 dB<\/p>\n<p data-start=\"1073\" data-end=\"1115\"><strong data-start=\"1073\" data-end=\"1107\">Signal-to-noise ratio (4V 1:1): <\/strong>90 dB<\/p>\n<p data-start=\"1117\" data-end=\"1174\"><strong data-start=\"1117\" data-end=\"1152\">Signal-to-noise ratio (digital): <\/strong>To be determined (TBD)<\/p>\n<p data-start=\"1176\" data-end=\"1260\"><strong data-start=\"1176\" data-end=\"1199\">DSP operating voltage: <\/strong>8 V - 17.1 V (Start-Stop compatible up to 4.5 V)<\/p>\n<p data-start=\"1262\" data-end=\"1375\"><strong data-start=\"1262\" data-end=\"1302\">Automatic switch-on (Auto-Sense): <\/strong>Yes - signal and DC (BTL)<br data-start=\"1331\" data-end=\"1334\" \/><em data-start=\"1334\" data-end=\"1375\">Uses only analogue channels 1\/2<\/em><\/p>\n<p data-start=\"1377\" data-end=\"1426\"><strong data-start=\"1377\" data-end=\"1419\">Number of user profiles (presets): <\/strong>Up to 4<\/p>\n<p data-start=\"1428\" data-end=\"1551\"><strong data-start=\"1428\" data-end=\"1468\">Changing presets without PC \/ controller: <\/strong>Yes - optional manual +\/- switches for up to 4 presets (not supplied)<\/p>\n<p data-start=\"1553\" data-end=\"1641\"><strong data-start=\"1553\" data-end=\"1603\">Support for an external controller (optional): <\/strong>Yes - LR-2 (sold separately)<\/p>\n<p data-start=\"1643\" data-end=\"1698\"><strong data-start=\"1643\" data-end=\"1684\">Simultaneous use of two controllers: <\/strong>Not applicable<\/p>\n<p data-start=\"1700\" data-end=\"1744\"><strong data-start=\"1700\" data-end=\"1721\">AXP WiFi adapter: <\/strong>Lack of compatibility<\/p>\n<p data-start=\"1746\" data-end=\"1892\"><strong data-start=\"1746\" data-end=\"1791\">Integrated On\/Off sequence control: <\/strong>Device switching on (up to 40 ms), hold time (up to 40 ms), auto-sense hold (up to 200 ms)<\/p>\n<p data-start=\"1894\" data-end=\"1933\"><strong data-start=\"1894\" data-end=\"1927\">DC power input socket: <\/strong>Not<\/p>\n<p data-start=\"1935\" data-end=\"2036\"><strong data-start=\"1935\" data-end=\"2002\">External \u201eRemote\u201d signal to the amplifier - timed control: <\/strong>Adjustable from 0.05 to 40 seconds<\/p>\n<p data-start=\"2038\" data-end=\"2195\"><strong data-start=\"2038\" data-end=\"2119\">Compatibility with iDatalink Maestro AR (interface replacing the OEM amplifier): <\/strong>Yes - requires compatible module, T-Harness and ARC\/iData adapter<\/p>\n<p data-start=\"2259\" data-end=\"2451\"><strong data-start=\"2259\" data-end=\"2310\">Multi-processor system expandability: <\/strong>Yes - each processor must be connected via USB to a non-amplified USB hub; enables full control of multiple DSPs from a single PC and GUI<\/p>\n<p data-start=\"2453\" data-end=\"2504\"><strong data-start=\"2453\" data-end=\"2490\">Copper Series finish set: <\/strong>Not applicable<\/p>\n<p data-start=\"2506\" data-end=\"2533\"><strong data-start=\"2506\" data-end=\"2525\">USB connector type: <\/strong>USB-C<\/p>\n<p data-start=\"2535\" data-end=\"2603\"><strong data-start=\"2535\" data-end=\"2577\">Tuning software interface: <\/strong>ARC Audio DNA only<\/p>\n<p data-start=\"2605\" data-end=\"2653\"><strong data-start=\"2605\" data-end=\"2637\">DNA software download: <\/strong>Download here<\/p>\n<p data-start=\"2655\" data-end=\"2719\"><strong data-start=\"2655\" data-end=\"2681\">DNA tuning functions: <\/strong>Click here to see the functions<\/p>\n<p data-start=\"2721\" data-end=\"2775\"><strong data-start=\"2721\" data-end=\"2733\">Dimensions: <\/strong>3.75\u2033 (L) \u00d7 3\u2033 (W) \u00d7 1.35\u2033 (H).<\/p>","protected":false},"excerpt":{"rendered":"<p>Typ procesora: Kompaktowa jednostka samodzielna Rozdzielczo\u015b\u0107 procesora: Sta\u0142oprzecinkowa, natywna 24-bit G\u0142\u00f3wny procesor DSP: Analog Devices ADAU1452 Przetwornik ADC (analog\u2013cyfra): AKM 5358B Przetwornik DAC (cyfra\u2013analog): Cirrus Logic CS-4344 \u0141\u0105czna liczba kana\u0142\u00f3w DSP: 8 Podw\u00f3jny uk\u0142ad wzmacniaczy operacyjnych (Dual Footprint): Nie Kana\u0142y wyj\u015bciowe RCA: 8 Napi\u0119cie wyj\u015bciowe RCA: Do 3,5 V Kana\u0142y wej\u015bciowe (analogowe): 6 Typ analogowych&#8230;<\/p>","protected":false},"featured_media":12715,"template":"","meta":{"_acf_changed":false,"_kad_blocks_custom_css":"","_kad_blocks_head_custom_js":"","_kad_blocks_body_custom_js":"","_kad_blocks_footer_custom_js":"","_kad_post_transparent":"default","_kad_post_title":"","_kad_post_layout":"default","_kad_post_sidebar_id":"","_kad_post_content_style":"default","_kad_post_vertical_padding":"default","_kad_post_feature":"","_kad_post_feature_position":"","_kad_post_header":false,"_kad_post_footer":false,"_kad_post_classname":""},"product_brand":[],"product_cat":[93,99,88],"product_tag":[],"class_list":{"0":"post-12712","1":"product","2":"type-product","3":"status-publish","4":"has-post-thumbnail","6":"product_cat-8-kanalowe","7":"product_cat-wzmacniacze-samochodowe-12v","8":"product_cat-wzmacniacze-samochodowe-z-dsp","10":"first","11":"onbackorder","12":"taxable","13":"shipping-taxable","14":"product-type-simple","15":"entry","16":"content-bg","17":"loop-entry"},"acf":[],"taxonomy_info":{"product_cat":[{"value":93,"label":"8-kana\u0142owe"},{"value":99,"label":"Wzmacniacze samochodowe 12V"},{"value":88,"label":"Wzmacniacze samochodowe z DSP"}]},"featured_image_src_large":["https:\/\/www.creativ.net.pl\/wp-content\/uploads\/2026\/02\/ChatGPT-Image-19-lut-2026-13_41_46-1024x683.png",1024,683,true],"author_info":[],"comment_info":"","_links":{"self":[{"href":"https:\/\/www.creativ.net.pl\/en\/wp-json\/wp\/v2\/product\/12712","targetHints":{"allow":["GET"]}}],"collection":[{"href":"https:\/\/www.creativ.net.pl\/en\/wp-json\/wp\/v2\/product"}],"about":[{"href":"https:\/\/www.creativ.net.pl\/en\/wp-json\/wp\/v2\/types\/product"}],"wp:featuredmedia":[{"embeddable":true,"href":"https:\/\/www.creativ.net.pl\/en\/wp-json\/wp\/v2\/media\/12715"}],"wp:attachment":[{"href":"https:\/\/www.creativ.net.pl\/en\/wp-json\/wp\/v2\/media?parent=12712"}],"wp:term":[{"taxonomy":"product_brand","embeddable":true,"href":"https:\/\/www.creativ.net.pl\/en\/wp-json\/wp\/v2\/product_brand?post=12712"},{"taxonomy":"product_cat","embeddable":true,"href":"https:\/\/www.creativ.net.pl\/en\/wp-json\/wp\/v2\/product_cat?post=12712"},{"taxonomy":"product_tag","embeddable":true,"href":"https:\/\/www.creativ.net.pl\/en\/wp-json\/wp\/v2\/product_tag?post=12712"}],"curies":[{"name":"wp","href":"https:\/\/api.w.org\/{rel}","templated":true}]}}