{"id":12706,"date":"2026-02-19T13:25:15","date_gmt":"2026-02-19T12:25:15","guid":{"rendered":"https:\/\/www.creativ.net.pl\/?post_type=product&#038;p=12706"},"modified":"2026-02-20T13:52:01","modified_gmt":"2026-02-20T12:52:01","slug":"mikrofon-pomiarowy-itestmic2-usbc","status":"publish","type":"product","link":"https:\/\/www.creativ.net.pl\/en\/product\/mikrofon-pomiarowy-itestmic2-usbc\/","title":{"rendered":"iTestMic2-USBC measurement microphone"},"content":{"rendered":"<p>TestMic2 is a calibrated test and measurement microphone with a direct USB-C connection, featuring a 3.5mm analogue audio output. Connect it to your iOS device for instant and accurate sound pressure (SPL) readings, then plug in the 3.5mm (1\/8in) audio cable for audio output signals. Compatible with all iPads and iPhones with USB-C, as well as other Android and Windows devices with USB-C and Macs.<\/p>\n<p>Each iTestMic2 contains a customised\u00a0<a href=\"https:\/\/pl.studiosixdigital.com\/product\/itestmic2-usbc\/frequency-calibration-files\" target=\"_blank\" rel=\"noopener\">frequency calibration files<\/a>\u00a0which improve the frequency resolution of the microphone and compensate for any minor capsule deviation.<\/p>\n<p>Please note that the iTestMic2 USB-C does not require power or provide power to the device to which it is connected. You can power the device using a USB-C hub designed for power, and then connect the iTestMic2 USB-C to the hub.<\/p>","protected":false},"excerpt":{"rendered":"<p>TestMic2 to skalibrowany mikrofon testowo-pomiarowy z bezpo\u015brednim pod\u0142\u0105czeniem przez USB-C, wyposa\u017cony w analogowe wyj\u015bcie audio 3.5 mm. Pod\u0142\u0105cz go do urz\u0105dzenia z systemem iOS, aby uzyska\u0107 natychmiastowe i dok\u0142adne odczyty ci\u015bnienia akustycznego (SPL), a nast\u0119pnie pod\u0142\u0105cz kabel audio 3.5 mm (1\/8 cala), aby uzyska\u0107 sygna\u0142y wyj\u015bciowe audio. Kompatybilny ze wszystkimi iPadami i iPhone&#8217;ami z USB-C,&#8230;<\/p>","protected":false},"featured_media":12722,"template":"","meta":{"_acf_changed":false,"_kad_blocks_custom_css":"","_kad_blocks_head_custom_js":"","_kad_blocks_body_custom_js":"","_kad_blocks_footer_custom_js":"","_kad_post_transparent":"default","_kad_post_title":"","_kad_post_layout":"default","_kad_post_sidebar_id":"","_kad_post_content_style":"default","_kad_post_vertical_padding":"default","_kad_post_feature":"","_kad_post_feature_position":"","_kad_post_header":false,"_kad_post_footer":false,"_kad_post_classname":""},"product_brand":[],"product_cat":[367],"product_tag":[],"class_list":{"0":"post-12706","1":"product","2":"type-product","3":"status-publish","4":"has-post-thumbnail","6":"product_cat-systemy-pomiarowe","8":"first","9":"instock","10":"taxable","11":"shipping-taxable","12":"product-type-simple","13":"entry","14":"content-bg","15":"loop-entry"},"acf":[],"taxonomy_info":{"product_cat":[{"value":367,"label":"Systemy pomiarowe"}]},"featured_image_src_large":["https:\/\/www.creativ.net.pl\/wp-content\/uploads\/2026\/02\/ChatGPT-Image-20-lut-2026-09_16_05-1.png",1024,907,false],"author_info":[],"comment_info":"","_links":{"self":[{"href":"https:\/\/www.creativ.net.pl\/en\/wp-json\/wp\/v2\/product\/12706","targetHints":{"allow":["GET"]}}],"collection":[{"href":"https:\/\/www.creativ.net.pl\/en\/wp-json\/wp\/v2\/product"}],"about":[{"href":"https:\/\/www.creativ.net.pl\/en\/wp-json\/wp\/v2\/types\/product"}],"wp:featuredmedia":[{"embeddable":true,"href":"https:\/\/www.creativ.net.pl\/en\/wp-json\/wp\/v2\/media\/12722"}],"wp:attachment":[{"href":"https:\/\/www.creativ.net.pl\/en\/wp-json\/wp\/v2\/media?parent=12706"}],"wp:term":[{"taxonomy":"product_brand","embeddable":true,"href":"https:\/\/www.creativ.net.pl\/en\/wp-json\/wp\/v2\/product_brand?post=12706"},{"taxonomy":"product_cat","embeddable":true,"href":"https:\/\/www.creativ.net.pl\/en\/wp-json\/wp\/v2\/product_cat?post=12706"},{"taxonomy":"product_tag","embeddable":true,"href":"https:\/\/www.creativ.net.pl\/en\/wp-json\/wp\/v2\/product_tag?post=12706"}],"curies":[{"name":"wp","href":"https:\/\/api.w.org\/{rel}","templated":true}]}}