{"id":12678,"date":"2026-02-19T10:27:48","date_gmt":"2026-02-19T09:27:48","guid":{"rendered":"https:\/\/www.creativ.net.pl\/?post_type=product&#038;p=12678"},"modified":"2026-02-20T13:50:56","modified_gmt":"2026-02-20T12:50:56","slug":"kamera-cofania-ampire-kvx-vito-h","status":"publish","type":"product","link":"https:\/\/www.creativ.net.pl\/en\/product\/kamera-cofania-ampire-kvx-vito-h\/","title":{"rendered":"Reversing camera AMPIRE KVX-VITO-H"},"content":{"rendered":"<p>CVBS reversing camera (NTSC) for <strong data-start=\"192\" data-end=\"232\">Mercedes-Benz Vito from 2016 onwards (W447)<\/strong> with a tailgate.<br data-start=\"247\" data-end=\"250\" \/>Model <strong data-start=\"256\" data-end=\"270\">KVX-VITO-H<\/strong> replaces the factory glass of the third stop lamp. The camera has been deliberately placed asymmetrically (not centrally) so that it also remains useful when a luggage rack or transport handle is fitted to the tailgate.<\/p>\n<h1 data-section-id=\"15bkaix\" data-start=\"504\" data-end=\"520\">COMPATIBILITY<\/h1>\n<ul data-start=\"521\" data-end=\"609\">\n<li data-section-id=\"2gsryu\" data-start=\"521\" data-end=\"609\">\n<p data-start=\"523\" data-end=\"609\"><strong data-start=\"523\" data-end=\"609\">Mercedes-Benz Vito (2016 onwards) W447 - versions with tailgate only (Heckklappe)<\/strong><\/p>\n<\/li>\n<\/ul>\n<p data-start=\"611\" data-end=\"673\"><em data-start=\"611\" data-end=\"673\">(Does not fit vehicles with rear double doors).<\/em><\/p>\n<hr data-start=\"675\" data-end=\"678\" \/>\n<h1 data-section-id=\"d611xj\" data-start=\"680\" data-end=\"697\">TECHNICAL DATA<\/h1>\n<ul data-start=\"698\" data-end=\"1355\">\n<li data-section-id=\"1hr01zq\" data-start=\"698\" data-end=\"718\">\n<p data-start=\"700\" data-end=\"718\">Image: mirrored<\/p>\n<\/li>\n<li data-section-id=\"hgcdb3\" data-start=\"719\" data-end=\"800\">\n<p data-start=\"721\" data-end=\"800\">Sensor: CMD-III 1\/4\u2033 High Performance Digital Super Clarity Image Sensor<\/p>\n<\/li>\n<li data-section-id=\"s7rfo0\" data-start=\"801\" data-end=\"836\">\n<p data-start=\"803\" data-end=\"836\">Resolution: <strong data-start=\"818\" data-end=\"834\">648 \u00d7 488 px<\/strong><\/p>\n<\/li>\n<li data-section-id=\"xvmt59\" data-start=\"837\" data-end=\"863\">\n<p data-start=\"839\" data-end=\"863\">Viewing angle: <strong data-start=\"853\" data-end=\"861\">170\u00b0<\/strong><\/p>\n<\/li>\n<li data-section-id=\"upzvfy\" data-start=\"864\" data-end=\"897\">\n<p data-start=\"866\" data-end=\"897\">Video format: <strong data-start=\"880\" data-end=\"895\">NTSC (CVBS)<\/strong><\/p>\n<\/li>\n<li data-section-id=\"ctw9jr\" data-start=\"898\" data-end=\"923\">\n<p data-start=\"900\" data-end=\"923\">Quality: <strong data-start=\"908\" data-end=\"921\">580 lines<\/strong><\/p>\n<\/li>\n<li data-section-id=\"lviyqb\" data-start=\"924\" data-end=\"952\">\n<p data-start=\"926\" data-end=\"952\">Waterproof: <strong data-start=\"942\" data-end=\"950\">IP69<\/strong><\/p>\n<\/li>\n<li data-section-id=\"1tgzwkk\" data-start=\"953\" data-end=\"990\">\n<p data-start=\"955\" data-end=\"990\">Supply voltage: <strong data-start=\"975\" data-end=\"988\">9-16 V DC<\/strong><\/p>\n<\/li>\n<li data-section-id=\"6ckwze\" data-start=\"991\" data-end=\"1024\">\n<p data-start=\"993\" data-end=\"1024\">Current consumption: max. <strong data-start=\"1012\" data-end=\"1022\">150 mA<\/strong><\/p>\n<\/li>\n<li data-section-id=\"1tldkui\" data-start=\"1025\" data-end=\"1066\">\n<p data-start=\"1027\" data-end=\"1066\">Operating temperature: <strong data-start=\"1046\" data-end=\"1064\">-30\u00b0C to +70\u00b0C<\/strong><\/p>\n<\/li>\n<li data-section-id=\"19zuxcr\" data-start=\"1067\" data-end=\"1103\">\n<p data-start=\"1069\" data-end=\"1103\">Minimum lighting: <strong data-start=\"1092\" data-end=\"1101\">0 Lux<\/strong><\/p>\n<\/li>\n<li data-section-id=\"kpl4l8\" data-start=\"1104\" data-end=\"1179\">\n<p data-start=\"1106\" data-end=\"1179\">Cable length: <strong data-start=\"1124\" data-end=\"1132\">10 m<\/strong>, completed <strong data-start=\"1145\" data-end=\"1177\">4-pin MINI-DIN connectors<\/strong><\/p>\n<\/li>\n<li data-section-id=\"hbpp0b\" data-start=\"1180\" data-end=\"1217\">\n<p data-start=\"1182\" data-end=\"1217\">Approval E: <strong data-start=\"1197\" data-end=\"1215\">E9-10R-05.1652<\/strong><\/p>\n<\/li>\n<li data-section-id=\"q17k7o\" data-start=\"1218\" data-end=\"1319\">\n<p data-start=\"1220\" data-end=\"1319\">CE Certificates: EN 55022:2010; EN 61000-3-2:2006+A1:2009+A2:2009; EN61000-3-3:2008; EN 55024:2010<\/p>\n<\/li>\n<li data-section-id=\"1jyt52x\" data-start=\"1320\" data-end=\"1355\">\n<p data-start=\"1322\" data-end=\"1355\">FCC certified: ANSI C63.4-2003<\/p>\n<\/li>\n<\/ul>\n<hr data-start=\"1357\" data-end=\"1360\" \/>\n<h1 data-section-id=\"v7jr7p\" data-start=\"1362\" data-end=\"1381\">CONTENTS OF THE KIT<\/h1>\n<ul data-start=\"1382\" data-end=\"1463\">\n<li data-section-id=\"10yagqc\" data-start=\"1382\" data-end=\"1400\">\n<p data-start=\"1384\" data-end=\"1400\">Reversing camera<\/p>\n<\/li>\n<li data-section-id=\"1mn135c\" data-start=\"1401\" data-end=\"1424\">\n<p data-start=\"1403\" data-end=\"1424\">Power supply <strong data-start=\"1412\" data-end=\"1422\">AK1035<\/strong><\/p>\n<\/li>\n<li data-section-id=\"9dlxqn\" data-start=\"1425\" data-end=\"1463\">\n<p data-start=\"1427\" data-end=\"1463\">Mini-DIN extension cable 10 m <strong data-start=\"1453\" data-end=\"1463\">AK1034<\/strong><\/p>\n<\/li>\n<\/ul>\n<hr data-start=\"1465\" data-end=\"1468\" \/>\n<h1 data-section-id=\"1ucuaak\" data-start=\"1470\" data-end=\"1488\">IMPORTANT INFORMATION<\/h1>\n<p data-start=\"1489\" data-end=\"1699\">Depending on the type of roof structure and the towbar fitted, the towbar may not be visible on the monitor.<br data-start=\"1624\" data-end=\"1627\" \/>Product <strong data-start=\"1635\" data-end=\"1696\">not suitable for vehicles with rear double doors<\/strong>.<\/p>","protected":false},"excerpt":{"rendered":"<p>Kamera cofania CVBS (NTSC) przeznaczona dla Mercedes-Benz Vito od 2016 r. (W447) z tyln\u0105 klap\u0105.Model KVX-VITO-H zast\u0119puje fabryczne szk\u0142o trzeciego \u015bwiat\u0142a stop. Kamera zosta\u0142a celowo umieszczona niesymetrycznie (nie centralnie), aby pozosta\u0142a u\u017cyteczna tak\u017ce wtedy, gdy na tylnej klapie zamontowany jest baga\u017cnik lub uchwyt transportowy. KOMPATYBILNO\u015a\u0106 Mercedes-Benz Vito (od 2016 r.) W447 \u2013 wy\u0142\u0105cznie wersje z&#8230;<\/p>","protected":false},"featured_media":12680,"template":"","meta":{"_acf_changed":false,"_kad_blocks_custom_css":"","_kad_blocks_head_custom_js":"","_kad_blocks_body_custom_js":"","_kad_blocks_footer_custom_js":"","_kad_post_transparent":"default","_kad_post_title":"","_kad_post_layout":"default","_kad_post_sidebar_id":"","_kad_post_content_style":"default","_kad_post_vertical_padding":"default","_kad_post_feature":"","_kad_post_feature_position":"","_kad_post_header":false,"_kad_post_footer":false,"_kad_post_classname":""},"product_brand":[],"product_cat":[70],"product_tag":[],"class_list":{"0":"post-12678","1":"product","2":"type-product","3":"status-publish","4":"has-post-thumbnail","6":"product_cat-kamery-cofania-parkowania","8":"first","9":"onbackorder","10":"taxable","11":"shipping-taxable","12":"product-type-simple","13":"entry","14":"content-bg","15":"loop-entry"},"acf":[],"taxonomy_info":{"product_cat":[{"value":70,"label":"Kamery cofania \/ parkowania"}]},"featured_image_src_large":["https:\/\/www.creativ.net.pl\/wp-content\/uploads\/2026\/02\/Zrzut-ekranu-2026-02-19-101916.png",738,479,false],"author_info":[],"comment_info":"","_links":{"self":[{"href":"https:\/\/www.creativ.net.pl\/en\/wp-json\/wp\/v2\/product\/12678","targetHints":{"allow":["GET"]}}],"collection":[{"href":"https:\/\/www.creativ.net.pl\/en\/wp-json\/wp\/v2\/product"}],"about":[{"href":"https:\/\/www.creativ.net.pl\/en\/wp-json\/wp\/v2\/types\/product"}],"wp:featuredmedia":[{"embeddable":true,"href":"https:\/\/www.creativ.net.pl\/en\/wp-json\/wp\/v2\/media\/12680"}],"wp:attachment":[{"href":"https:\/\/www.creativ.net.pl\/en\/wp-json\/wp\/v2\/media?parent=12678"}],"wp:term":[{"taxonomy":"product_brand","embeddable":true,"href":"https:\/\/www.creativ.net.pl\/en\/wp-json\/wp\/v2\/product_brand?post=12678"},{"taxonomy":"product_cat","embeddable":true,"href":"https:\/\/www.creativ.net.pl\/en\/wp-json\/wp\/v2\/product_cat?post=12678"},{"taxonomy":"product_tag","embeddable":true,"href":"https:\/\/www.creativ.net.pl\/en\/wp-json\/wp\/v2\/product_tag?post=12678"}],"curies":[{"name":"wp","href":"https:\/\/api.w.org\/{rel}","templated":true}]}}