{"id":12667,"date":"2026-02-18T13:27:33","date_gmt":"2026-02-18T12:27:33","guid":{"rendered":"https:\/\/www.creativ.net.pl\/?post_type=product&#038;p=12667"},"modified":"2026-03-26T14:06:03","modified_gmt":"2026-03-26T13:06:03","slug":"kamera-cofania-ampire-kcx302","status":"publish","type":"product","link":"https:\/\/www.creativ.net.pl\/en\/product\/kamera-cofania-ampire-kcx302\/","title":{"rendered":"Ampire KCX302 reversing camera"},"content":{"rendered":"<p data-start=\"33\" data-end=\"647\">The new KCX302 mini camera is a reversing camera with an almost unlimited range of applications in cars, buses, campervans, trucks or trailers. The matte black housing is extremely weatherproof, waterproof to IP69K standard and very robustly constructed. As an option, two different auxiliary lines (narrow\/wide) can be fed into the video signal to help the driver park accurately. Complete cabling is included, including an 8-metre extension cable with high-quality copper conductors.<\/p>\n<h3 data-start=\"649\" data-end=\"662\"><strong data-start=\"653\" data-end=\"662\">FEATURES<\/strong><\/h3>\n<ul data-start=\"663\" data-end=\"815\">\n<li data-start=\"663\" data-end=\"719\">\n<p data-start=\"665\" data-end=\"719\">Wide-angle camera in plastic housing<\/p>\n<\/li>\n<li data-start=\"720\" data-end=\"759\">\n<p data-start=\"722\" data-end=\"759\">Suitable for continuous operation 24\/7<\/p>\n<\/li>\n<li data-start=\"760\" data-end=\"815\">\n<p data-start=\"762\" data-end=\"815\">IP69K waterproof with stainless steel handle<\/p>\n<\/li>\n<\/ul>\n<h3 data-start=\"817\" data-end=\"840\"><strong data-start=\"821\" data-end=\"840\">TECHNICAL DATA<\/strong><\/h3>\n<ul>\n<li style=\"list-style-type: none;\">\n<ul data-start=\"841\" data-end=\"1811\">\n<li data-start=\"841\" data-end=\"913\">\n<p data-start=\"843\" data-end=\"913\">2 different auxiliary lines: deactivated by default (can be activated)<\/p>\n<\/li>\n<li data-start=\"914\" data-end=\"973\">\n<p data-start=\"916\" data-end=\"973\">Matt black housing with stainless steel attachment<\/p>\n<\/li>\n<li data-start=\"974\" data-end=\"1019\">\n<p data-start=\"976\" data-end=\"1019\">Mirror image reproduction (adjustable)<\/p>\n<\/li>\n<li data-start=\"1020\" data-end=\"1072\">\n<p data-start=\"1022\" data-end=\"1072\">180\u00b0 reversed image playback (adjustable)<\/p>\n<\/li>\n<li data-start=\"1073\" data-end=\"1138\">\n<p data-start=\"1075\" data-end=\"1138\">Image sensor type: 1\/4\" 1233 HD Color CMOS Low Light Sensor<\/p>\n<\/li>\n<li data-start=\"1139\" data-end=\"1174\">\n<p data-start=\"1141\" data-end=\"1174\">NTSC video at 60 fps<\/p>\n<\/li>\n<li data-start=\"1175\" data-end=\"1205\">\n<p data-start=\"1177\" data-end=\"1205\">Resolution: 960H \u00d7 480V<\/p>\n<\/li>\n<li data-start=\"1206\" data-end=\"1233\">\n<p data-start=\"1208\" data-end=\"1233\">DIN protection class IP69K<\/p>\n<\/li>\n<li data-start=\"1234\" data-end=\"1265\">\n<p data-start=\"1236\" data-end=\"1265\">Resolution: 800 TV lines<\/p>\n<\/li>\n<li data-start=\"1266\" data-end=\"1301\">\n<p data-start=\"1268\" data-end=\"1301\">Exposure: 1\/50-60 ~ 1\/15000 s<\/p>\n<\/li>\n<li data-start=\"1302\" data-end=\"1340\">\n<p data-start=\"1304\" data-end=\"1340\">Signal-to-noise ratio: \u2265 46 dB<\/p>\n<\/li>\n<li data-start=\"1341\" data-end=\"1363\">\n<p data-start=\"1343\" data-end=\"1363\">Dynamics: &gt;&gt; 74 dB<\/p>\n<\/li>\n<li data-start=\"1364\" data-end=\"1403\">\n<p data-start=\"1366\" data-end=\"1403\">Light sensitivity: &lt; 0.01 Lux \/ F1.2<\/p>\n<\/li>\n<li data-start=\"1404\" data-end=\"1440\">\n<p data-start=\"1406\" data-end=\"1440\">Output signal: 1.0 Vp-p, 75 \u03a9<\/p>\n<\/li>\n<li data-start=\"1441\" data-end=\"1470\">\n<p data-start=\"1443\" data-end=\"1470\">Automatic white balance<\/p>\n<\/li>\n<li data-start=\"1471\" data-end=\"1511\">\n<p data-start=\"1473\" data-end=\"1511\">Automatic video level adjustment<\/p>\n<\/li>\n<li data-start=\"1512\" data-end=\"1543\">\n<p data-start=\"1514\" data-end=\"1543\">Supply voltage: 12 V DC<\/p>\n<\/li>\n<li data-start=\"1544\" data-end=\"1569\">\n<p data-start=\"1546\" data-end=\"1569\">Current consumption: 25-55 mA<\/p>\n<\/li>\n<li data-start=\"1570\" data-end=\"1603\">\n<p data-start=\"1572\" data-end=\"1603\">Diagonal angle of view: 170\u00b0<\/p>\n<\/li>\n<li data-start=\"1604\" data-end=\"1634\">\n<p data-start=\"1606\" data-end=\"1634\">Horizontal viewing angle: 115\u00b0<\/p>\n<\/li>\n<li data-start=\"1635\" data-end=\"1664\">\n<p data-start=\"1637\" data-end=\"1664\">Vertical viewing angle: 95\u00b0<\/p>\n<\/li>\n<li data-start=\"1665\" data-end=\"1706\">\n<p data-start=\"1667\" data-end=\"1706\">Camera dimensions (mounting): 12.5 \u00d7 15 mm<\/p>\n<\/li>\n<li data-start=\"1707\" data-end=\"1744\">\n<p data-start=\"1709\" data-end=\"1744\">Operating temperature: -40\u00b0C to +75\u00b0C<\/p>\n<\/li>\n<li data-start=\"1745\" data-end=\"1792\">\n<p data-start=\"1747\" data-end=\"1792\">Storage temperature: -60\u00b0C to +105\u00b0C<\/p>\n<\/li>\n<li data-start=\"1793\" data-end=\"1811\">\n<p data-start=\"1795\" data-end=\"1811\">E-certification<\/p>\n<\/li>\n<\/ul>\n<\/li>\n<\/ul>\n<p>&nbsp;<\/p>","protected":false},"excerpt":{"rendered":"<p>Nowa kamera miniaturowa KCX302 jest kamer\u0105 cofania o niemal nieograniczonym zakresie zastosowa\u0144 w samochodach osobowych, autobusach, kamperach, ci\u0119\u017car\u00f3wkach czy przyczepach. Matowa, czarna obudowa jest wyj\u0105tkowo odporna na warunki atmosferyczne, wodoodporna w standardzie IP69K oraz bardzo solidnie wykonana. Opcjonalnie w sygna\u0142 wideo mog\u0105 zosta\u0107 wprowadzone dwie r\u00f3\u017cne linie pomocnicze (w\u0105skie\/szerokie), kt\u00f3re u\u0142atwiaj\u0105 kierowcy precyzyjne parkowanie. W&#8230;<\/p>","protected":false},"featured_media":12668,"template":"","meta":{"_acf_changed":false,"_kad_blocks_custom_css":"","_kad_blocks_head_custom_js":"","_kad_blocks_body_custom_js":"","_kad_blocks_footer_custom_js":"","_kad_post_transparent":"default","_kad_post_title":"","_kad_post_layout":"default","_kad_post_sidebar_id":"","_kad_post_content_style":"default","_kad_post_vertical_padding":"default","_kad_post_feature":"","_kad_post_feature_position":"","_kad_post_header":false,"_kad_post_footer":false,"_kad_post_classname":""},"product_brand":[],"product_cat":[70,75,76],"product_tag":[],"class_list":{"0":"post-12667","1":"product","2":"type-product","3":"status-publish","4":"has-post-thumbnail","6":"product_cat-kamery-cofania-parkowania","7":"product_cat-kamery-do-ciezarowek-busow","8":"product_cat-kamery-uniwersalne","10":"first","11":"instock","12":"taxable","13":"shipping-taxable","14":"product-type-simple","15":"entry","16":"content-bg","17":"loop-entry"},"acf":[],"taxonomy_info":{"product_cat":[{"value":70,"label":"Kamery cofania \/ parkowania"},{"value":75,"label":"Kamery do ci\u0119\u017car\u00f3wek \/ bus\u00f3w"},{"value":76,"label":"Kamery uniwersalne"}]},"featured_image_src_large":["https:\/\/www.creativ.net.pl\/wp-content\/uploads\/2026\/02\/Zrzut-ekranu-2026-02-18-131324.png",748,636,false],"author_info":[],"comment_info":"","_links":{"self":[{"href":"https:\/\/www.creativ.net.pl\/en\/wp-json\/wp\/v2\/product\/12667","targetHints":{"allow":["GET"]}}],"collection":[{"href":"https:\/\/www.creativ.net.pl\/en\/wp-json\/wp\/v2\/product"}],"about":[{"href":"https:\/\/www.creativ.net.pl\/en\/wp-json\/wp\/v2\/types\/product"}],"wp:featuredmedia":[{"embeddable":true,"href":"https:\/\/www.creativ.net.pl\/en\/wp-json\/wp\/v2\/media\/12668"}],"wp:attachment":[{"href":"https:\/\/www.creativ.net.pl\/en\/wp-json\/wp\/v2\/media?parent=12667"}],"wp:term":[{"taxonomy":"product_brand","embeddable":true,"href":"https:\/\/www.creativ.net.pl\/en\/wp-json\/wp\/v2\/product_brand?post=12667"},{"taxonomy":"product_cat","embeddable":true,"href":"https:\/\/www.creativ.net.pl\/en\/wp-json\/wp\/v2\/product_cat?post=12667"},{"taxonomy":"product_tag","embeddable":true,"href":"https:\/\/www.creativ.net.pl\/en\/wp-json\/wp\/v2\/product_tag?post=12667"}],"curies":[{"name":"wp","href":"https:\/\/api.w.org\/{rel}","templated":true}]}}