{"id":12666,"date":"2026-02-18T13:09:07","date_gmt":"2026-02-18T12:09:07","guid":{"rendered":"https:\/\/www.creativ.net.pl\/?post_type=product&#038;p=12666"},"modified":"2026-04-10T11:32:09","modified_gmt":"2026-04-10T09:32:09","slug":"subwoofer-aktywny-awave-v15-pro-max","status":"publish","type":"product","link":"https:\/\/www.creativ.net.pl\/en\/product\/subwoofer-aktywny-awave-v15-pro-max\/","title":{"rendered":"Awave V15 PRO MAX active subwoofer"},"content":{"rendered":"<p>Ultra-compact 10\u2033 active subwoofer<\/p>\n<p>Technical data:<\/p>\n<ul>\n<li>Built-in 260 W RMS amplifier<\/li>\n<li>THD: &lt; 0.5%<\/li>\n<li>Frequency: 25Hz- 150Hz<\/li>\n<li>Low pass filter: 50-1500 Hz<\/li>\n<li>Subsonic filter: 25 Hz<\/li>\n<li>SNR &gt; 95dB<\/li>\n<li>Remote control included<\/li>\n<li>Dimensions: 315 x 235 x 78 mm,<\/li>\n<\/ul>\n<p>Driven by powerful 260 W RMS integrated Class D amplifiers, the robust drivers with robust aluminium cones and heat-resistant voice coils easily convert amplifier power into dynamic, powerful bass.<\/p>\n<p>Thanks to extensive adjustment options, such as an adjustable low-pass filter with a steep slope and very precise phase control, the low-frequency reproduction can be perfectly matched to the acoustic conditions in the vehicle interior.<\/p>\n<p>Equipped with a 2-channel high-level input with auto-switching function and a 2-channel RCA low-level input, seamless integration into the system is guaranteed. And thanks to the extremely shallow housing design, installation is extremely easy - even in very confined spaces. These compact \u201ebass amplifiers\u201d can fit under the seats, for example.<\/p>","protected":false},"excerpt":{"rendered":"<p>Ultrakompaktowy aktywny subwoofer 10\u2033 Dane techniczne: Wbudowany wzmacniacz o mocy 260 W RMS THD: &lt; 0.5% Cz\u0119stotliwo\u015b\u0107: 25Hz- 150Hz Filtr dolnoprzepustowy: 50-1500 Hz Filtr subsoniczny: 25 Hz SNR &gt; 95dB W zestawie pilot zdalnego sterowania Wymiary: 315 x 235 x 78 mm, Nap\u0119dzane mocnymi, zintegrowanymi wzmacniaczami klasy D o mocy 260 W RMS, wytrzyma\u0142e przetworniki&#8230;<\/p>","protected":false},"featured_media":12665,"template":"","meta":{"_acf_changed":false,"_kad_blocks_custom_css":"","_kad_blocks_head_custom_js":"","_kad_blocks_body_custom_js":"","_kad_blocks_footer_custom_js":"","_kad_post_transparent":"default","_kad_post_title":"","_kad_post_layout":"default","_kad_post_sidebar_id":"","_kad_post_content_style":"default","_kad_post_vertical_padding":"default","_kad_post_feature":"","_kad_post_feature_position":"","_kad_post_header":false,"_kad_post_footer":false,"_kad_post_classname":""},"product_brand":[],"product_cat":[120],"product_tag":[],"class_list":{"0":"post-12666","1":"product","2":"type-product","3":"status-publish","4":"has-post-thumbnail","6":"product_cat-subwoofery-aktywne","8":"first","9":"instock","10":"taxable","11":"shipping-taxable","12":"product-type-simple","13":"entry","14":"content-bg","15":"loop-entry"},"acf":[],"taxonomy_info":{"product_cat":[{"value":120,"label":"Subwoofery aktywne"}]},"featured_image_src_large":["https:\/\/www.creativ.net.pl\/wp-content\/uploads\/2026\/02\/Zrzut-ekranu-2026-02-18-113620.png",887,715,false],"author_info":[],"comment_info":"","_links":{"self":[{"href":"https:\/\/www.creativ.net.pl\/en\/wp-json\/wp\/v2\/product\/12666","targetHints":{"allow":["GET"]}}],"collection":[{"href":"https:\/\/www.creativ.net.pl\/en\/wp-json\/wp\/v2\/product"}],"about":[{"href":"https:\/\/www.creativ.net.pl\/en\/wp-json\/wp\/v2\/types\/product"}],"wp:featuredmedia":[{"embeddable":true,"href":"https:\/\/www.creativ.net.pl\/en\/wp-json\/wp\/v2\/media\/12665"}],"wp:attachment":[{"href":"https:\/\/www.creativ.net.pl\/en\/wp-json\/wp\/v2\/media?parent=12666"}],"wp:term":[{"taxonomy":"product_brand","embeddable":true,"href":"https:\/\/www.creativ.net.pl\/en\/wp-json\/wp\/v2\/product_brand?post=12666"},{"taxonomy":"product_cat","embeddable":true,"href":"https:\/\/www.creativ.net.pl\/en\/wp-json\/wp\/v2\/product_cat?post=12666"},{"taxonomy":"product_tag","embeddable":true,"href":"https:\/\/www.creativ.net.pl\/en\/wp-json\/wp\/v2\/product_tag?post=12666"}],"curies":[{"name":"wp","href":"https:\/\/api.w.org\/{rel}","templated":true}]}}