{"id":12654,"date":"2026-02-18T12:37:48","date_gmt":"2026-02-18T11:37:48","guid":{"rendered":"https:\/\/www.creativ.net.pl\/?post_type=product&#038;p=12654"},"modified":"2026-02-20T15:11:41","modified_gmt":"2026-02-20T14:11:41","slug":"glosnik-audio-system-kf-7","status":"publish","type":"product","link":"https:\/\/www.creativ.net.pl\/en\/product\/glosnik-audio-system-kf-7\/","title":{"rendered":"Audio System KF-7 loudspeakers (set of 2)"},"content":{"rendered":"<p data-start=\"28\" data-end=\"466\"><strong data-start=\"28\" data-end=\"79\">KF7 midrange speakers<\/strong><\/p>\n<h4 data-start=\"28\" data-end=\"466\">Technical data:<\/h4>\n<p data-start=\"28\" data-end=\"466\"><strong data-start=\"33\" data-end=\"49\">RMS power (W):<\/strong> 150<br data-start=\"53\" data-end=\"56\" \/><strong data-start=\"56\" data-end=\"79\">Maximum power (W):<\/strong> 300<br data-start=\"83\" data-end=\"86\" \/><strong data-start=\"86\" data-end=\"124\" data-is-only-node=\"\">Fo resonance frequency (Hz):<\/strong> 123<br data-start=\"128\" data-end=\"131\" \/><strong data-start=\"131\" data-end=\"160\">Nominal impedance (\u03a9):<\/strong> 4<br data-start=\"162\" data-end=\"165\" \/><strong data-start=\"165\" data-end=\"189\">Sensitivity @1W\/1m (dB):<\/strong> 95 \u00b12<br data-start=\"195\" data-end=\"198\" \/><strong data-start=\"198\" data-end=\"221\">Frequency response:<\/strong> 110 Hz - 10 kHz<br data-start=\"237\" data-end=\"240\" \/><strong data-start=\"240\" data-end=\"251\">Magnet:<\/strong> 32 Oz<br data-start=\"257\" data-end=\"260\" \/><strong data-start=\"260\" data-end=\"270\">Coil:<\/strong> 1.5\u2033<br data-start=\"275\" data-end=\"278\" \/><strong data-start=\"278\" data-end=\"291\">Diaphragm:<\/strong> paper<br data-start=\"301\" data-end=\"304\" \/><strong data-start=\"304\" data-end=\"333\">Mounting depth (mm):<\/strong> 72<br data-start=\"336\" data-end=\"339\" \/><strong data-start=\"339\" data-end=\"367\">Mounting diameter (mm):<\/strong> 145<\/p>\n<p data-start=\"468\" data-end=\"745\" data-is-last-node=\"\" data-is-only-node=\"\">The diaphragm uses waterproof embossed paper and a paper phase corrector (dust cap) - both components are both robust and lightweight. The double folds of the textile suspension ensure linear performance even under extreme conditions, resulting in high SPL results.<\/p>","protected":false},"excerpt":{"rendered":"<p>G\u0142o\u015bniki \u015bredniotonowe KF7 Dane techniczne: Moc RMS (W): 150Moc maksymalna (W): 300Cz\u0119stotliwo\u015b\u0107 rezonansowa Fo (Hz): 123Nominalna impedancja (\u03a9): 4Czu\u0142o\u015b\u0107 @1W\/1m (dB): 95 \u00b12Pasmo przenoszenia: 110 Hz \u2013 10 kHzMagnes: 32 OzCewka: 1.5&#8243;Membrana: papierowaG\u0142\u0119boko\u015b\u0107 monta\u017cowa (mm): 72\u015arednica monta\u017cowa (mm): 145 Membrana wykorzystuje wodoodporny, t\u0142oczony papier oraz papierowy korektor fazy (dust cap) \u2013 oba komponenty s\u0105 jednocze\u015bnie&#8230;<\/p>","protected":false},"featured_media":12656,"template":"","meta":{"_acf_changed":false,"_kad_blocks_custom_css":"","_kad_blocks_head_custom_js":"","_kad_blocks_body_custom_js":"","_kad_blocks_footer_custom_js":"","_kad_post_transparent":"default","_kad_post_title":"","_kad_post_layout":"default","_kad_post_sidebar_id":"","_kad_post_content_style":"default","_kad_post_vertical_padding":"default","_kad_post_feature":"","_kad_post_feature_position":"","_kad_post_header":false,"_kad_post_footer":false,"_kad_post_classname":""},"product_brand":[],"product_cat":[187],"product_tag":[],"class_list":{"0":"post-12654","1":"product","2":"type-product","3":"status-publish","4":"has-post-thumbnail","6":"product_cat-sredniotonowe","8":"first","9":"instock","10":"taxable","11":"shipping-taxable","12":"product-type-simple","13":"entry","14":"content-bg","15":"loop-entry"},"acf":[],"taxonomy_info":{"product_cat":[{"value":187,"label":"\u015aredniotonowe"}]},"featured_image_src_large":["https:\/\/www.creativ.net.pl\/wp-content\/uploads\/2026\/02\/Zrzut-ekranu-2026-02-09-132559.png",1000,721,false],"author_info":[],"comment_info":"","_links":{"self":[{"href":"https:\/\/www.creativ.net.pl\/en\/wp-json\/wp\/v2\/product\/12654","targetHints":{"allow":["GET"]}}],"collection":[{"href":"https:\/\/www.creativ.net.pl\/en\/wp-json\/wp\/v2\/product"}],"about":[{"href":"https:\/\/www.creativ.net.pl\/en\/wp-json\/wp\/v2\/types\/product"}],"wp:featuredmedia":[{"embeddable":true,"href":"https:\/\/www.creativ.net.pl\/en\/wp-json\/wp\/v2\/media\/12656"}],"wp:attachment":[{"href":"https:\/\/www.creativ.net.pl\/en\/wp-json\/wp\/v2\/media?parent=12654"}],"wp:term":[{"taxonomy":"product_brand","embeddable":true,"href":"https:\/\/www.creativ.net.pl\/en\/wp-json\/wp\/v2\/product_brand?post=12654"},{"taxonomy":"product_cat","embeddable":true,"href":"https:\/\/www.creativ.net.pl\/en\/wp-json\/wp\/v2\/product_cat?post=12654"},{"taxonomy":"product_tag","embeddable":true,"href":"https:\/\/www.creativ.net.pl\/en\/wp-json\/wp\/v2\/product_tag?post=12654"}],"curies":[{"name":"wp","href":"https:\/\/api.w.org\/{rel}","templated":true}]}}