{"id":12547,"date":"2026-01-30T14:54:59","date_gmt":"2026-01-30T13:54:59","guid":{"rendered":"https:\/\/www.creativ.net.pl\/?post_type=product&#038;p=12547"},"modified":"2026-03-26T14:05:40","modified_gmt":"2026-03-26T13:05:40","slug":"kamera-cofania-ampire-kcx102","status":"publish","type":"product","link":"https:\/\/www.creativ.net.pl\/en\/product\/kamera-cofania-ampire-kcx102\/","title":{"rendered":"AMPIRE KCX102 reversing camera"},"content":{"rendered":"<p data-start=\"33\" data-end=\"566\">New miniature recessed camera <strong data-start=\"79\" data-end=\"89\">KCX102<\/strong> is a reversing camera with an unlimited range of applications for cars, vans, campervans, trucks or trailers. The matte black housing is extremely weatherproof, waterproof to IP69K standard and very solidly constructed. Optional auxiliary lines can be displayed in the video signal to help the driver to park accurately. A complete 8-metre extension with high-quality copper lines is included.<\/p>\n<h3 data-start=\"568\" data-end=\"577\">FEATURES<\/h3>\n<ul data-start=\"578\" data-end=\"739\">\n<li data-start=\"578\" data-end=\"641\">\n<p data-start=\"580\" data-end=\"641\">Wide-angle camera with two plastic housings<\/p>\n<\/li>\n<li data-start=\"642\" data-end=\"683\">\n<p data-start=\"644\" data-end=\"683\">24\/7 continuous operation<\/p>\n<\/li>\n<li data-start=\"684\" data-end=\"739\">\n<p data-start=\"686\" data-end=\"739\">IP69K waterproof with stainless steel handle<\/p>\n<\/li>\n<\/ul>\n<h3 data-start=\"741\" data-end=\"764\">SETTING OPTIONS<\/h3>\n<ul data-start=\"765\" data-end=\"1032\">\n<li data-start=\"765\" data-end=\"841\">\n<p data-start=\"767\" data-end=\"841\">2 different sets of auxiliary lines: factory switched off (can be switched on)<\/p>\n<\/li>\n<li data-start=\"842\" data-end=\"901\">\n<p data-start=\"844\" data-end=\"901\">Matt black housing with stainless steel attachment<\/p>\n<\/li>\n<li data-start=\"902\" data-end=\"958\">\n<p data-start=\"904\" data-end=\"958\">Mirrored image reproduction (adjustable)<\/p>\n<\/li>\n<li data-start=\"959\" data-end=\"1032\">\n<p data-start=\"961\" data-end=\"1032\">The camera can be rotated 180\u00b0 and mounted inverted in the housing<\/p>\n<\/li>\n<\/ul>\n<h3 data-start=\"1034\" data-end=\"1053\">TECHNICAL DATA<\/h3>\n<ul data-start=\"1054\" data-end=\"1851\">\n<li data-start=\"1054\" data-end=\"1119\">\n<p data-start=\"1056\" data-end=\"1119\">Image sensor type: 1\/4\" 1233 HD Color CMOS Low Light Sensor<\/p>\n<\/li>\n<li data-start=\"1120\" data-end=\"1155\">\n<p data-start=\"1122\" data-end=\"1155\">Video signal: NTSC, 60 fps<\/p>\n<\/li>\n<li data-start=\"1156\" data-end=\"1186\">\n<p data-start=\"1158\" data-end=\"1186\">Resolution: 960H \u00d7 480V<\/p>\n<\/li>\n<li data-start=\"1187\" data-end=\"1211\">\n<p data-start=\"1189\" data-end=\"1211\">Protection class: IP69K<\/p>\n<\/li>\n<li data-start=\"1212\" data-end=\"1243\">\n<p data-start=\"1214\" data-end=\"1243\">TV resolution: 800 lines<\/p>\n<\/li>\n<li data-start=\"1244\" data-end=\"1286\">\n<p data-start=\"1246\" data-end=\"1286\">Exposure time: 1\/50-60 ~ 1\/15000 s<\/p>\n<\/li>\n<li data-start=\"1287\" data-end=\"1324\">\n<p data-start=\"1289\" data-end=\"1324\">Signal-to-noise ratio: \u226546 dB<\/p>\n<\/li>\n<li data-start=\"1325\" data-end=\"1346\">\n<p data-start=\"1327\" data-end=\"1346\">Dynamics: &gt;&gt;74 dB<\/p>\n<\/li>\n<li data-start=\"1347\" data-end=\"1386\">\n<p data-start=\"1349\" data-end=\"1386\">Light sensitivity: &lt; 0.01 Lux \/ F1.2<\/p>\n<\/li>\n<li data-start=\"1387\" data-end=\"1423\">\n<p data-start=\"1389\" data-end=\"1423\">Output signal: 1.0 Vp-p, 75 \u03a9<\/p>\n<\/li>\n<li data-start=\"1424\" data-end=\"1453\">\n<p data-start=\"1426\" data-end=\"1453\">Automatic white balance<\/p>\n<\/li>\n<li data-start=\"1454\" data-end=\"1494\">\n<p data-start=\"1456\" data-end=\"1494\">Automatic video level adjustment<\/p>\n<\/li>\n<li data-start=\"1495\" data-end=\"1525\">\n<p data-start=\"1497\" data-end=\"1525\">Operating voltage: 12\/24 V DC<\/p>\n<\/li>\n<li data-start=\"1526\" data-end=\"1551\">\n<p data-start=\"1528\" data-end=\"1551\">Current consumption: 25-55 mA<\/p>\n<\/li>\n<li data-start=\"1552\" data-end=\"1587\">\n<p data-start=\"1554\" data-end=\"1587\">Viewing angle (diagonal): 188\u00b0<\/p>\n<\/li>\n<li data-start=\"1588\" data-end=\"1620\">\n<p data-start=\"1590\" data-end=\"1620\">Viewing angle (horizontal): 155\u00b0<\/p>\n<\/li>\n<li data-start=\"1621\" data-end=\"1653\">\n<p data-start=\"1623\" data-end=\"1653\">Viewing angle (vertical): 113\u00b0<\/p>\n<\/li>\n<li data-start=\"1654\" data-end=\"1691\">\n<p data-start=\"1656\" data-end=\"1691\">Operating temperature: -40\u00b0C to +75\u00b0C<\/p>\n<\/li>\n<li data-start=\"1692\" data-end=\"1739\">\n<p data-start=\"1694\" data-end=\"1739\">Storage temperature: -60\u00b0C to +105\u00b0C<\/p>\n<\/li>\n<li data-start=\"1740\" data-end=\"1758\">\n<p data-start=\"1742\" data-end=\"1758\">E-certification<\/p>\n<\/li>\n<li data-start=\"1759\" data-end=\"1812\">\n<p data-start=\"1761\" data-end=\"1812\">Dimensions of housing 1: 40 \u00d7 34 \u00d7 31 mm + 20 mm thread<\/p>\n<\/li>\n<li data-start=\"1813\" data-end=\"1851\">\n<p data-start=\"1815\" data-end=\"1851\">Case dimensions 2: 52 \u00d7 39 \u00d7 29 mm<\/p>\n<\/li>\n<\/ul>","protected":false},"excerpt":{"rendered":"<p>Nowa miniaturowa kamera wpuszczana KCX102 to kamera cofania o nieograniczonym zakresie zastosowa\u0144 w samochodach osobowych, busach, kamperach, ci\u0119\u017car\u00f3wkach czy przyczepach. Matowa, czarna obudowa jest wyj\u0105tkowo odporna na warunki atmosferyczne, wodoodporna w standardzie IP69K i bardzo solidnie wykonana. Opcjonalnie w sygnale wideo mog\u0105 zosta\u0107 wy\u015bwietlone linie pomocnicze, kt\u00f3re u\u0142atwiaj\u0105 kierowcy precyzyjne parkowanie. W zestawie znajduje si\u0119&#8230;<\/p>","protected":false},"featured_media":12551,"template":"","meta":{"_acf_changed":false,"_kad_blocks_custom_css":"","_kad_blocks_head_custom_js":"","_kad_blocks_body_custom_js":"","_kad_blocks_footer_custom_js":"","_kad_post_transparent":"default","_kad_post_title":"","_kad_post_layout":"default","_kad_post_sidebar_id":"","_kad_post_content_style":"default","_kad_post_vertical_padding":"default","_kad_post_feature":"","_kad_post_feature_position":"","_kad_post_header":false,"_kad_post_footer":false,"_kad_post_classname":""},"product_brand":[],"product_cat":[76],"product_tag":[],"class_list":{"0":"post-12547","1":"product","2":"type-product","3":"status-publish","4":"has-post-thumbnail","6":"product_cat-kamery-uniwersalne","8":"first","9":"instock","10":"taxable","11":"shipping-taxable","12":"product-type-simple","13":"entry","14":"content-bg","15":"loop-entry"},"acf":[],"taxonomy_info":{"product_cat":[{"value":76,"label":"Kamery uniwersalne"}]},"featured_image_src_large":["https:\/\/www.creativ.net.pl\/wp-content\/uploads\/2026\/01\/AMPIRE-Multimount-Rueckfahrkamera-CVBS-155-8m-Kabel-KCX102_b_3.jpg",800,800,false],"author_info":[],"comment_info":"","_links":{"self":[{"href":"https:\/\/www.creativ.net.pl\/en\/wp-json\/wp\/v2\/product\/12547","targetHints":{"allow":["GET"]}}],"collection":[{"href":"https:\/\/www.creativ.net.pl\/en\/wp-json\/wp\/v2\/product"}],"about":[{"href":"https:\/\/www.creativ.net.pl\/en\/wp-json\/wp\/v2\/types\/product"}],"wp:featuredmedia":[{"embeddable":true,"href":"https:\/\/www.creativ.net.pl\/en\/wp-json\/wp\/v2\/media\/12551"}],"wp:attachment":[{"href":"https:\/\/www.creativ.net.pl\/en\/wp-json\/wp\/v2\/media?parent=12547"}],"wp:term":[{"taxonomy":"product_brand","embeddable":true,"href":"https:\/\/www.creativ.net.pl\/en\/wp-json\/wp\/v2\/product_brand?post=12547"},{"taxonomy":"product_cat","embeddable":true,"href":"https:\/\/www.creativ.net.pl\/en\/wp-json\/wp\/v2\/product_cat?post=12547"},{"taxonomy":"product_tag","embeddable":true,"href":"https:\/\/www.creativ.net.pl\/en\/wp-json\/wp\/v2\/product_tag?post=12547"}],"curies":[{"name":"wp","href":"https:\/\/api.w.org\/{rel}","templated":true}]}}