{"id":12257,"date":"2025-11-21T14:59:35","date_gmt":"2025-11-21T13:59:35","guid":{"rendered":"https:\/\/www.creativ.net.pl\/?post_type=product&#038;p=12257"},"modified":"2026-04-03T13:58:41","modified_gmt":"2026-04-03T11:58:41","slug":"adapter-bluetooth-ampire-btr200-hd","status":"publish","type":"product","link":"https:\/\/www.creativ.net.pl\/en\/product\/adapter-bluetooth-ampire-btr200-hd\/","title":{"rendered":"AMPIRE BTR200-HD Bluetooth adapter"},"content":{"rendered":"<p data-start=\"39\" data-end=\"467\">If you want to listen to music, audiobooks or navigation from your Apple iPhone or Android smartphone wirelessly via Bluetooth\u00ae with maximum sound quality in your car, the BTR series Bluetooth\u00ae receivers with aptX(TM) are the ideal solution. With Ampire Bluetooth receivers, you can retrofit most navigation systems and car radios with wireless A2DP audio streaming via Bluetooth.<\/p>\n<p data-start=\"469\" data-end=\"729\">The connection is easy to set up and automatically restored via Bluetooth\u00ae. The BTR series uses the Bluetooth\u00ae protocol designed for headphones in smartphones and does not affect the functionality of your Bluetooth\u00ae car hands-free kit.<\/p>\n<p data-start=\"731\" data-end=\"892\">The BTR200-HD Bluetooth\u00ae receiver has been developed for navigation systems and car radios equipped with a 3.5 mm jack input and a 12 V installation.<\/p>\n<p data-start=\"894\" data-end=\"1227\"><strong data-start=\"894\" data-end=\"962\">Is it possible to listen via Bluetooth\u00ae in CD quality thanks to aptX(TM)?<\/strong><br data-start=\"962\" data-end=\"965\" \/>In addition to standard Bluetooth\u00ae, we also offer receivers with Bluetooth\u00ae aptX(TM) codec. This codec is becoming increasingly popular. By using devices with the aptX standard, you can significantly improve the quality of your Bluetooth\u00ae audio streams.<\/p>\n<p data-start=\"1229\" data-end=\"1624\"><strong data-start=\"1229\" data-end=\"1265\">What does Bluetooth\u00ae aptX\u2122 improve?<\/strong><br data-start=\"1265\" data-end=\"1268\" \/>The aptX(TM) codec uses a more efficient method of audio data compression, making better use of the available bandwidth. For aptX(TM) transmission, both the playback device and the transmitter must support Bluetooth\u00ae aptX(TM). You can recognise this feature by the aptX\u00ae logo on the device. The codec supports popular audio formats such as MP3 and FLAC.<\/p>\n<p data-start=\"1626\" data-end=\"1892\"><strong data-start=\"1626\" data-end=\"1676\">Which smartphones support Bluetooth\u00ae aptX(TM)?<\/strong><br data-start=\"1676\" data-end=\"1679\" \/>Not all Android smartphones support the Bluetooth\u00ae aptX(TM) codec. You can check your phone's compatibility in the device's technical specifications. Apple iPhones do not support the Bluetooth\u00ae aptX(TM) codec as a rule.<\/p>\n<hr data-start=\"1894\" data-end=\"1897\" \/>\n<h3 data-start=\"1899\" data-end=\"1913\"><strong data-start=\"1903\" data-end=\"1913\">CONNECTIONS<\/strong><\/h3>\n<ul data-start=\"1914\" data-end=\"2063\">\n<li data-start=\"1914\" data-end=\"1949\">\n<p data-start=\"1916\" data-end=\"1949\">Audio output: 3.5 mm jack plug<\/p>\n<\/li>\n<li data-start=\"1950\" data-end=\"2008\">\n<p data-start=\"1952\" data-end=\"2008\">Power supply: +12 V ignition (ACC\/K15) with 2 A fuse<\/p>\n<\/li>\n<li data-start=\"2009\" data-end=\"2063\">\n<p data-start=\"2011\" data-end=\"2063\">Remote output: blue wire +12 V DC \/ 20 mA<\/p>\n<\/li>\n<\/ul>\n<hr data-start=\"2065\" data-end=\"2068\" \/>\n<h3 data-start=\"2070\" data-end=\"2089\"><strong data-start=\"2074\" data-end=\"2089\">EQUIPMENT<\/strong><\/h3>\n<ul data-start=\"2090\" data-end=\"2528\">\n<li data-start=\"2090\" data-end=\"2129\">\n<p data-start=\"2092\" data-end=\"2129\">3.5 mm jack plug with 4 V RMS signal<\/p>\n<\/li>\n<li data-start=\"2130\" data-end=\"2177\">\n<p data-start=\"2132\" data-end=\"2177\">Splash resistance, marine certification<\/p>\n<\/li>\n<li data-start=\"2178\" data-end=\"2204\">\n<p data-start=\"2180\" data-end=\"2204\">Automatic switch-on<\/p>\n<\/li>\n<li data-start=\"2205\" data-end=\"2247\">\n<p data-start=\"2207\" data-end=\"2247\">Automatic remote output (+12 V DC)<\/p>\n<\/li>\n<li data-start=\"2248\" data-end=\"2297\">\n<p data-start=\"2250\" data-end=\"2297\">Licensed Bluetooth\u00ae QDL module (QCC3034)<\/p>\n<\/li>\n<li data-start=\"2298\" data-end=\"2336\">\n<p data-start=\"2300\" data-end=\"2336\">A2DP in the highest EDR specification<\/p>\n<\/li>\n<li data-start=\"2337\" data-end=\"2425\">\n<p data-start=\"2339\" data-end=\"2425\">Audio codecs: aptX(TM) HD, aptX(TM), aptX(TM) Low Latency, SBC and AAC by Qualcomm\u00ae<\/p>\n<\/li>\n<li data-start=\"2426\" data-end=\"2502\">\n<p data-start=\"2428\" data-end=\"2502\">BT streaming also for lossless files such as WAV, FLAC, Lossless, etc.<\/p>\n<\/li>\n<li data-start=\"2503\" data-end=\"2528\">\n<p data-start=\"2505\" data-end=\"2528\">SSID name: BTR200-HD<\/p>\n<\/li>\n<\/ul>\n<hr data-start=\"2530\" data-end=\"2533\" \/>\n<h3 data-start=\"2535\" data-end=\"2566\"><strong data-start=\"2539\" data-end=\"2566\">BLUETOOTH APPROVAL<\/strong><\/h3>\n<ul data-start=\"2567\" data-end=\"2664\">\n<li data-start=\"2567\" data-end=\"2594\">\n<p data-start=\"2569\" data-end=\"2594\">Declaration ID: D068331<\/p>\n<\/li>\n<li data-start=\"2595\" data-end=\"2637\">\n<p data-start=\"2597\" data-end=\"2637\">Referenced Qualified Design ID: 173056<\/p>\n<\/li>\n<li data-start=\"2638\" data-end=\"2664\">\n<p data-start=\"2640\" data-end=\"2664\">Date of entry: 18 April 2024<\/p>\n<\/li>\n<\/ul>\n<hr data-start=\"2666\" data-end=\"2669\" \/>\n<h3 data-start=\"2671\" data-end=\"2699\"><strong data-start=\"2675\" data-end=\"2699\">STEAMING THE DEVICE<\/strong><\/h3>\n<ul data-start=\"2700\" data-end=\"3030\">\n<li data-start=\"2700\" data-end=\"2763\">\n<p data-start=\"2702\" data-end=\"2763\">Ensure that Bluetooth\u00ae is enabled on your device.<\/p>\n<\/li>\n<li data-start=\"2764\" data-end=\"2780\">\n<p data-start=\"2766\" data-end=\"2780\">Switch on the ignition<\/p>\n<\/li>\n<li data-start=\"2781\" data-end=\"2833\">\n<p data-start=\"2783\" data-end=\"2833\">LED (6) flashes blue (pairing mode)<\/p>\n<\/li>\n<li data-start=\"2834\" data-end=\"2902\">\n<p data-start=\"2836\" data-end=\"2902\">Select \u201eBTR200-HD\u201d from the Bluetooth\u00ae menu on your device.\u201d<\/p>\n<\/li>\n<li data-start=\"2903\" data-end=\"3013\">\n<p data-start=\"2905\" data-end=\"3013\">After a successful connection, the LED lights up continuously and a single beep is heard in the audio system.<\/p>\n<\/li>\n<li data-start=\"3014\" data-end=\"3030\">\n<p data-start=\"3016\" data-end=\"3030\">Range: 10 metres<\/p>\n<\/li>\n<\/ul>\n<hr data-start=\"3032\" data-end=\"3035\" \/>\n<h3 data-start=\"3037\" data-end=\"3074\"><strong data-start=\"3041\" data-end=\"3074\">COMPATIBILITY WITH SMARTPHONES<\/strong><\/h3>\n<ul data-start=\"3075\" data-end=\"3148\">\n<li data-start=\"3075\" data-end=\"3121\">\n<p data-start=\"3077\" data-end=\"3121\">Android (Bluetooth\u00ae and Bluetooth\u00ae aptX(TM))<\/p>\n<\/li>\n<li data-start=\"3122\" data-end=\"3148\">\n<p data-start=\"3124\" data-end=\"3148\">Apple iOS (Bluetooth\u00ae)<\/p>\n<\/li>\n<\/ul>\n<hr data-start=\"3150\" data-end=\"3153\" \/>\n<h3 data-start=\"3155\" data-end=\"3183\"><strong data-start=\"3159\" data-end=\"3183\">OPTIONAL ACCESSORIES<\/strong><\/h3>\n<ul data-start=\"3184\" data-end=\"3235\">\n<li data-start=\"3184\" data-end=\"3235\">\n<p data-start=\"3186\" data-end=\"3235\">55100-KLINKE \u2013 AMPIRE interference filter<\/p>\n<\/li>\n<\/ul>\n<hr data-start=\"3237\" data-end=\"3240\" \/>\n<h3 data-start=\"3242\" data-end=\"3265\"><strong data-start=\"3246\" data-end=\"3265\">TECHNICAL DATA<\/strong><\/h3>\n<ul data-start=\"3266\" data-end=\"3759\">\n<li data-start=\"3266\" data-end=\"3288\">\n<p data-start=\"3268\" data-end=\"3288\">Voltage: +12 V DC<\/p>\n<\/li>\n<li data-start=\"3289\" data-end=\"3332\">\n<p data-start=\"3291\" data-end=\"3332\">Current consumption (with remote output): &lt;65 mA<\/p>\n<\/li>\n<li data-start=\"3333\" data-end=\"3386\">\n<p data-start=\"3335\" data-end=\"3386\">Remote output voltage\/current: +12 V DC, max 20 mA<\/p>\n<\/li>\n<li data-start=\"3387\" data-end=\"3401\">\n<p data-start=\"3389\" data-end=\"3401\">Bluetooth<\/p>\n<\/li>\n<li data-start=\"3402\" data-end=\"3418\">\n<p data-start=\"3404\" data-end=\"3418\">QCC3034 chip<\/p>\n<\/li>\n<li data-start=\"3419\" data-end=\"3484\">\n<p data-start=\"3421\" data-end=\"3484\">Codecs: aptX(TM) HD, aptX(TM), aptX(TM) Low Latency, SBC, AAC<\/p>\n<\/li>\n<li data-start=\"3485\" data-end=\"3523\">\n<p data-start=\"3487\" data-end=\"3523\">Frequency response: 18 Hz \u2013 25 kHz<\/p>\n<\/li>\n<li data-start=\"3524\" data-end=\"3573\">\n<p data-start=\"3526\" data-end=\"3573\">Coding: Low Complexity Subband Codec (SBC)<\/p>\n<\/li>\n<li data-start=\"3574\" data-end=\"3624\">\n<p data-start=\"3576\" data-end=\"3624\">Bit rate: up to 384 kbps (48 kHz sampling)<\/p>\n<\/li>\n<li data-start=\"3625\" data-end=\"3662\">\n<p data-start=\"3627\" data-end=\"3662\">Audio output voltage: 4 V RMS<\/p>\n<\/li>\n<li data-start=\"3663\" data-end=\"3703\">\n<p data-start=\"3665\" data-end=\"3703\">Bluetooth\u00ae transmission power: &lt;10 mW EIRP<\/p>\n<\/li>\n<li data-start=\"3704\" data-end=\"3759\">\n<p data-start=\"3706\" data-end=\"3759\">Housing dimensions: height 20 mm, width 65 mm, length 50 mm<\/p>\n<\/li>\n<\/ul>\n<hr data-start=\"3761\" data-end=\"3764\" \/>\n<h3 data-start=\"3766\" data-end=\"3779\"><strong data-start=\"3770\" data-end=\"3779\">NOTE<\/strong><\/h3>\n<ul data-start=\"3780\" data-end=\"4278\">\n<li data-start=\"3780\" data-end=\"3877\">\n<p data-start=\"3782\" data-end=\"3877\">Up to 9 devices can be paired with the BTR200-HD, but only one can stream audio at a time.<\/p>\n<\/li>\n<li data-start=\"3878\" data-end=\"3974\">\n<p data-start=\"3880\" data-end=\"3974\">The BTR200-HD remembers the last paired device and connects to it automatically when switched on.<\/p>\n<\/li>\n<li data-start=\"3975\" data-end=\"4053\">\n<p data-start=\"3977\" data-end=\"4053\">The connection to another device must be made manually, as described above.<\/p>\n<\/li>\n<li data-start=\"4054\" data-end=\"4207\">\n<p data-start=\"4056\" data-end=\"4207\">If the paired device is out of range for more than a minute, the connection will be lost and the BTR200-HD will enter pairing mode (LED flashes).<\/p>\n<\/li>\n<li data-start=\"4208\" data-end=\"4278\">\n<p data-start=\"4210\" data-end=\"4278\">Intended for use in vehicles only, not for continuous operation<\/p>\n<\/li>\n<\/ul>\n<hr data-start=\"4280\" data-end=\"4283\" \/>\n<h3 data-start=\"4285\" data-end=\"4300\"><strong data-start=\"4289\" data-end=\"4300\">SERVICE<\/strong><\/h3>\n<ul data-start=\"4301\" data-end=\"4497\">\n<li data-start=\"4301\" data-end=\"4393\">\n<p data-start=\"4303\" data-end=\"4393\">All settings (volume, track selection, play\/pause) are controlled on your device.<\/p>\n<\/li>\n<li data-start=\"4394\" data-end=\"4497\">\n<p data-start=\"4396\" data-end=\"4497\">The BTR200-HD can be installed in a concealed location as it has no knobs or buttons.<\/p>\n<\/li>\n<\/ul>","protected":false},"excerpt":{"rendered":"<p>Je\u015bli chcesz s\u0142ucha\u0107 muzyki, audiobook\u00f3w lub nawigacji ze swojego Apple iPhone lub smartfona z Androidem bezprzewodowo przez Bluetooth\u00ae w maksymalnej jako\u015bci d\u017awi\u0119ku w samochodzie, odbiorniki Bluetooth\u00ae z serii BTR z aptX(TM) s\u0105 idealnym rozwi\u0105zaniem. Za pomoc\u0105 odbiornik\u00f3w Bluetooth firmy Ampire mo\u017cna doposa\u017cy\u0107 wi\u0119kszo\u015b\u0107 system\u00f3w nawigacji i radioodbiornik\u00f3w samochodowych w bezprzewodowy przesy\u0142 d\u017awi\u0119ku A2DP przez Bluetooth&#8230;.<\/p>","protected":false},"featured_media":12258,"template":"","meta":{"_acf_changed":false,"_kad_blocks_custom_css":"","_kad_blocks_head_custom_js":"","_kad_blocks_body_custom_js":"","_kad_blocks_footer_custom_js":"","_kad_post_transparent":"default","_kad_post_title":"","_kad_post_layout":"default","_kad_post_sidebar_id":"","_kad_post_content_style":"default","_kad_post_vertical_padding":"default","_kad_post_feature":"","_kad_post_feature_position":"","_kad_post_header":false,"_kad_post_footer":false,"_kad_post_classname":""},"product_brand":[],"product_cat":[29],"product_tag":[],"class_list":{"0":"post-12257","1":"product","2":"type-product","3":"status-publish","4":"has-post-thumbnail","6":"product_cat-aux","8":"first","9":"instock","10":"taxable","11":"shipping-taxable","12":"product-type-simple","13":"entry","14":"content-bg","15":"loop-entry"},"acf":[],"taxonomy_info":{"product_cat":[{"value":29,"label":"AUX"}]},"featured_image_src_large":["https:\/\/www.creativ.net.pl\/wp-content\/uploads\/2025\/11\/AMPIRE-Bluetooth-Audio-Empfaenger-mit-3-5mm-Klinke-Cinch-Steckern-12-Volt-BTR200-HD_b_0.jpg",800,800,false],"author_info":[],"comment_info":"","_links":{"self":[{"href":"https:\/\/www.creativ.net.pl\/en\/wp-json\/wp\/v2\/product\/12257","targetHints":{"allow":["GET"]}}],"collection":[{"href":"https:\/\/www.creativ.net.pl\/en\/wp-json\/wp\/v2\/product"}],"about":[{"href":"https:\/\/www.creativ.net.pl\/en\/wp-json\/wp\/v2\/types\/product"}],"wp:featuredmedia":[{"embeddable":true,"href":"https:\/\/www.creativ.net.pl\/en\/wp-json\/wp\/v2\/media\/12258"}],"wp:attachment":[{"href":"https:\/\/www.creativ.net.pl\/en\/wp-json\/wp\/v2\/media?parent=12257"}],"wp:term":[{"taxonomy":"product_brand","embeddable":true,"href":"https:\/\/www.creativ.net.pl\/en\/wp-json\/wp\/v2\/product_brand?post=12257"},{"taxonomy":"product_cat","embeddable":true,"href":"https:\/\/www.creativ.net.pl\/en\/wp-json\/wp\/v2\/product_cat?post=12257"},{"taxonomy":"product_tag","embeddable":true,"href":"https:\/\/www.creativ.net.pl\/en\/wp-json\/wp\/v2\/product_tag?post=12257"}],"curies":[{"name":"wp","href":"https:\/\/api.w.org\/{rel}","templated":true}]}}