{"id":12227,"date":"2025-11-18T14:27:15","date_gmt":"2025-11-18T13:27:15","guid":{"rendered":"https:\/\/www.creativ.net.pl\/?post_type=product&#038;p=12227"},"modified":"2026-03-18T11:56:03","modified_gmt":"2026-03-18T10:56:03","slug":"glosniki-steg-k8c","status":"publish","type":"product","link":"https:\/\/www.creativ.net.pl\/en\/product\/glosniki-steg-k8c\/","title":{"rendered":"Steg K8C loudspeakers"},"content":{"rendered":"<p>Woofery Steg seria K.<\/p>\n<p>Dane techniczne:<\/p>\n<ul>\n<li data-start=\"34\" data-end=\"61\">\n<p data-start=\"36\" data-end=\"61\"><strong data-start=\"36\" data-end=\"55\">Impedancja (\u03a9):<\/strong> 4 \u03a9<\/p>\n<\/li>\n<li data-start=\"62\" data-end=\"105\">\n<p data-start=\"64\" data-end=\"105\"><strong data-start=\"64\" data-end=\"92\">Pasmo przenoszenia (Hz):<\/strong> 47\u20133000 Hz<\/p>\n<\/li>\n<li data-start=\"106\" data-end=\"138\">\n<p data-start=\"108\" data-end=\"138\"><strong data-start=\"108\" data-end=\"131\">Moc znamionowa (W):<\/strong> 60 W<\/p>\n<\/li>\n<li data-start=\"139\" data-end=\"172\">\n<p data-start=\"141\" data-end=\"172\"><strong data-start=\"141\" data-end=\"164\">Czu\u0142o\u015b\u0107 (2.83V\/1M):<\/strong> 88 dB<\/p>\n<\/li>\n<li data-start=\"173\" data-end=\"191\">\n<p data-start=\"175\" data-end=\"191\"><strong data-start=\"175\" data-end=\"183\">Qms:<\/strong> 3.531<\/p>\n<\/li>\n<li data-start=\"192\" data-end=\"210\">\n<p data-start=\"194\" data-end=\"210\"><strong data-start=\"194\" data-end=\"202\">Qes:<\/strong> 0.719<\/p>\n<\/li>\n<li data-start=\"211\" data-end=\"229\">\n<p data-start=\"213\" data-end=\"229\"><strong data-start=\"213\" data-end=\"221\">Qts:<\/strong> 0.597<\/p>\n<\/li>\n<li data-start=\"230\" data-end=\"253\">\n<p data-start=\"232\" data-end=\"253\"><strong data-start=\"232\" data-end=\"244\">Mms (g):<\/strong> 29.556<\/p>\n<\/li>\n<li data-start=\"254\" data-end=\"277\">\n<p data-start=\"256\" data-end=\"277\"><strong data-start=\"256\" data-end=\"268\">Vas (l):<\/strong> 26.760<\/p>\n<\/li>\n<li data-start=\"278\" data-end=\"300\">\n<p data-start=\"280\" data-end=\"300\"><strong data-start=\"280\" data-end=\"291\">Magnes:<\/strong> Ferryt<\/p>\n<\/li>\n<li data-start=\"301\" data-end=\"337\">\n<p data-start=\"303\" data-end=\"337\"><strong data-start=\"303\" data-end=\"326\">\u015arednica monta\u017cowa:<\/strong> 188.0 mm<\/p>\n<\/li>\n<li data-start=\"338\" data-end=\"372\" data-is-last-node=\"\">\n<p data-start=\"340\" data-end=\"372\" data-is-last-node=\"\"><strong data-start=\"340\" data-end=\"364\">G\u0142\u0119boko\u015b\u0107 monta\u017cowa:<\/strong> 82.0 mm<\/p>\n<\/li>\n<\/ul>\n<article class=\"text-token-text-primary w-full focus:outline-none [--shadow-height:45px] has-data-writing-block:pointer-events-none has-data-writing-block:-mt-(--shadow-height) has-data-writing-block:pt-(--shadow-height) [&amp;:has([data-writing-block])&gt;*]:pointer-events-auto [content-visibility:auto] supports-[content-visibility:auto]:[contain-intrinsic-size:auto_100lvh] scroll-mt-[calc(var(--header-height)+min(200px,max(70px,20svh)))]\" dir=\"auto\" tabindex=\"-1\" data-turn-id=\"request-WEB:531e80b6-e978-4379-b312-9650b01724df-7\" data-testid=\"conversation-turn-16\" data-scroll-anchor=\"true\" data-turn=\"assistant\">\n<div class=\"text-base my-auto mx-auto pb-10 [--thread-content-margin:--spacing(4)] thread-sm:[--thread-content-margin:--spacing(6)] thread-lg:[--thread-content-margin:--spacing(16)] px-(--thread-content-margin)\">\n<div class=\"[--thread-content-max-width:40rem] thread-lg:[--thread-content-max-width:48rem] mx-auto max-w-(--thread-content-max-width) flex-1 group\/turn-messages focus-visible:outline-hidden relative flex w-full min-w-0 flex-col agent-turn\" tabindex=\"-1\">\n<div class=\"flex max-w-full flex-col grow\">\n<div class=\"min-h-8 text-message relative flex w-full flex-col items-end gap-2 text-start break-words whitespace-normal [.text-message+&amp;]:mt-1\" dir=\"auto\" data-message-author-role=\"assistant\" data-message-id=\"8d5ecabc-b5c9-430f-9666-77f7ae2d877a\" data-message-model-slug=\"gpt-5-1\">\n<div class=\"flex w-full flex-col gap-1 empty:hidden first:pt-[1px]\">\n<div class=\"markdown prose dark:prose-invert w-full break-words light markdown-new-styling\">\n<p data-start=\"34\" data-end=\"53\"><strong data-start=\"34\" data-end=\"53\">Kluczowe cechy:<\/strong><\/p>\n<ul data-start=\"55\" data-end=\"311\" data-is-last-node=\"\" data-is-only-node=\"\">\n<li data-start=\"55\" data-end=\"94\">\n<p data-start=\"57\" data-end=\"94\">Specjalna membrana z materia\u0142u mika<\/p>\n<\/li>\n<li data-start=\"95\" data-end=\"148\">\n<p data-start=\"97\" data-end=\"148\">Wentylowany, odlewany ci\u015bnieniowo aluminiowy kosz<\/p>\n<\/li>\n<li data-start=\"149\" data-end=\"198\">\n<p data-start=\"151\" data-end=\"198\">Elementy silnika wyko\u0144czone w technologii CNC<\/p>\n<\/li>\n<li data-start=\"199\" data-end=\"233\">\n<p data-start=\"201\" data-end=\"233\">1,4-calowa wysokowydajna cewka<\/p>\n<\/li>\n<li data-start=\"234\" data-end=\"271\">\n<p data-start=\"236\" data-end=\"271\">Du\u017cy silnik z magnesem ferrytowym<\/p>\n<\/li>\n<li data-start=\"272\" data-end=\"311\" data-is-last-node=\"\">\n<p data-start=\"274\" data-end=\"311\" data-is-last-node=\"\">Gumowe zawieszenie o niskim t\u0142umieniu<\/p>\n<\/li>\n<\/ul>\n<\/div>\n<\/div>\n<\/div>\n<\/div>\n<div class=\"z-0 flex min-h-[46px] justify-start\"><\/div>\n<\/div>\n<\/div>\n<\/article>\n","protected":false},"excerpt":{"rendered":"<p>Woofery Steg seria K. Dane techniczne: Impedancja (\u03a9): 4 \u03a9 Pasmo przenoszenia (Hz): 47\u20133000 Hz Moc znamionowa (W): 60 W Czu\u0142o\u015b\u0107 (2.83V\/1M): 88 dB Qms: 3.531 Qes: 0.719 Qts: 0.597 Mms (g): 29.556 Vas (l): 26.760 Magnes: Ferryt \u015arednica monta\u017cowa: 188.0 mm G\u0142\u0119boko\u015b\u0107 monta\u017cowa: 82.0 mm Kluczowe cechy: Specjalna membrana z materia\u0142u mika Wentylowany, odlewany&#8230;<\/p>","protected":false},"featured_media":12228,"template":"","meta":{"_acf_changed":false,"_kad_blocks_custom_css":"","_kad_blocks_head_custom_js":"","_kad_blocks_body_custom_js":"","_kad_blocks_footer_custom_js":"","_kad_post_transparent":"default","_kad_post_title":"","_kad_post_layout":"default","_kad_post_sidebar_id":"","_kad_post_content_style":"default","_kad_post_vertical_padding":"default","_kad_post_feature":"","_kad_post_feature_position":"","_kad_post_header":false,"_kad_post_footer":false,"_kad_post_classname":""},"product_brand":[],"product_cat":[210],"product_tag":[],"class_list":{"0":"post-12227","1":"product","2":"type-product","3":"status-publish","4":"has-post-thumbnail","6":"product_cat-woofery","8":"first","9":"instock","10":"taxable","11":"shipping-taxable","12":"product-type-simple","13":"entry","14":"content-bg","15":"loop-entry"},"acf":[],"taxonomy_info":{"product_cat":[{"value":210,"label":"Woofery"}]},"featured_image_src_large":["https:\/\/www.creativ.net.pl\/wp-content\/uploads\/2025\/11\/Zrzut-ekranu-2025-11-18-131805-1024x590.png",1024,590,true],"author_info":[],"comment_info":"","_links":{"self":[{"href":"https:\/\/www.creativ.net.pl\/en\/wp-json\/wp\/v2\/product\/12227","targetHints":{"allow":["GET"]}}],"collection":[{"href":"https:\/\/www.creativ.net.pl\/en\/wp-json\/wp\/v2\/product"}],"about":[{"href":"https:\/\/www.creativ.net.pl\/en\/wp-json\/wp\/v2\/types\/product"}],"wp:featuredmedia":[{"embeddable":true,"href":"https:\/\/www.creativ.net.pl\/en\/wp-json\/wp\/v2\/media\/12228"}],"wp:attachment":[{"href":"https:\/\/www.creativ.net.pl\/en\/wp-json\/wp\/v2\/media?parent=12227"}],"wp:term":[{"taxonomy":"product_brand","embeddable":true,"href":"https:\/\/www.creativ.net.pl\/en\/wp-json\/wp\/v2\/product_brand?post=12227"},{"taxonomy":"product_cat","embeddable":true,"href":"https:\/\/www.creativ.net.pl\/en\/wp-json\/wp\/v2\/product_cat?post=12227"},{"taxonomy":"product_tag","embeddable":true,"href":"https:\/\/www.creativ.net.pl\/en\/wp-json\/wp\/v2\/product_tag?post=12227"}],"curies":[{"name":"wp","href":"https:\/\/api.w.org\/{rel}","templated":true}]}}