{"id":12078,"date":"2025-11-07T10:05:23","date_gmt":"2025-11-07T09:05:23","guid":{"rendered":"https:\/\/www.creativ.net.pl\/?post_type=product&#038;p=12078"},"modified":"2026-01-30T12:11:45","modified_gmt":"2026-01-30T11:11:45","slug":"subwoofer-aktywny-w-kolo-steg-s10","status":"publish","type":"product","link":"https:\/\/www.creativ.net.pl\/en\/product\/subwoofer-aktywny-w-kolo-steg-s10\/","title":{"rendered":"Active subwoofer in the Steg S10 wheel"},"content":{"rendered":"<p>Active subwoofer in place of 10\u2033 spare wheel<\/p>\n<p>Technical data:<\/p>\n<ul>\n<li>Power : 200 watts RMS<\/li>\n<li>Subwoofer: 10\u2033, 0.4 Ohm<\/li>\n<li>Signal-to-noise ratio :<strong> &gt;<\/strong> 95dB<\/li>\n<li>Frequency response: 25Hz-200Hz<\/li>\n<li>Low pass filter: 50Hz-200Hz<\/li>\n<li>Subsonic filter: 25Hz<\/li>\n<li>Input sensitivity (High level): 280mV-10.8V<\/li>\n<li>Input sensitivity (low level): 140mV- 5.4V<\/li>\n<\/ul>","protected":false},"excerpt":{"rendered":"<p>Aktywny subwoofer w miejsce ko\u0142a zapasowego 10\u2033 Dane techniczne: Moc : 200 watt RMS Subwoofer: 10&#8243;, 0,4 Ohm Stosunek sygna\u0142u do szumu : &gt; 95dB Pasmo przenoszenia: 25Hz-200Hz Filtr dolnoprzepustowy: 50Hz-200Hz Filtr subsoniczny: 25Hz Czu\u0142o\u015b\u0107 wej\u015bciowa (High level): 280mV-10.8V Czu\u0142o\u015b\u0107 wej\u015bciowa (Low level): 140mV- 5.4V<\/p>","protected":false},"featured_media":12080,"template":"","meta":{"_acf_changed":false,"_kad_blocks_custom_css":"","_kad_blocks_head_custom_js":"","_kad_blocks_body_custom_js":"","_kad_blocks_footer_custom_js":"","_kad_post_transparent":"default","_kad_post_title":"","_kad_post_layout":"default","_kad_post_sidebar_id":"","_kad_post_content_style":"default","_kad_post_vertical_padding":"default","_kad_post_feature":"","_kad_post_feature_position":"","_kad_post_header":false,"_kad_post_footer":false,"_kad_post_classname":""},"product_brand":[],"product_cat":[120],"product_tag":[],"class_list":{"0":"post-12078","1":"product","2":"type-product","3":"status-publish","4":"has-post-thumbnail","6":"product_cat-subwoofery-aktywne","8":"first","9":"instock","10":"taxable","11":"shipping-taxable","12":"product-type-simple","13":"entry","14":"content-bg","15":"loop-entry"},"acf":[],"taxonomy_info":{"product_cat":[{"value":120,"label":"Subwoofery aktywne"}]},"featured_image_src_large":["https:\/\/www.creativ.net.pl\/wp-content\/uploads\/2025\/11\/Zrzut-ekranu-2025-11-06-154326.png",835,720,false],"author_info":[],"comment_info":"","_links":{"self":[{"href":"https:\/\/www.creativ.net.pl\/en\/wp-json\/wp\/v2\/product\/12078","targetHints":{"allow":["GET"]}}],"collection":[{"href":"https:\/\/www.creativ.net.pl\/en\/wp-json\/wp\/v2\/product"}],"about":[{"href":"https:\/\/www.creativ.net.pl\/en\/wp-json\/wp\/v2\/types\/product"}],"wp:featuredmedia":[{"embeddable":true,"href":"https:\/\/www.creativ.net.pl\/en\/wp-json\/wp\/v2\/media\/12080"}],"wp:attachment":[{"href":"https:\/\/www.creativ.net.pl\/en\/wp-json\/wp\/v2\/media?parent=12078"}],"wp:term":[{"taxonomy":"product_brand","embeddable":true,"href":"https:\/\/www.creativ.net.pl\/en\/wp-json\/wp\/v2\/product_brand?post=12078"},{"taxonomy":"product_cat","embeddable":true,"href":"https:\/\/www.creativ.net.pl\/en\/wp-json\/wp\/v2\/product_cat?post=12078"},{"taxonomy":"product_tag","embeddable":true,"href":"https:\/\/www.creativ.net.pl\/en\/wp-json\/wp\/v2\/product_tag?post=12078"}],"curies":[{"name":"wp","href":"https:\/\/api.w.org\/{rel}","templated":true}]}}