{"id":12072,"date":"2025-11-06T15:39:17","date_gmt":"2025-11-06T14:39:17","guid":{"rendered":"https:\/\/www.creativ.net.pl\/?post_type=product&#038;p=12072"},"modified":"2026-03-30T10:15:07","modified_gmt":"2026-03-30T08:15:07","slug":"glosniki-steg-q4c","status":"publish","type":"product","link":"https:\/\/www.creativ.net.pl\/en\/product\/glosniki-steg-q4c\/","title":{"rendered":"Steg Q4C loudspeakers"},"content":{"rendered":"<article class=\"text-token-text-primary w-full focus:outline-none [--shadow-height:45px] has-data-writing-block:pointer-events-none has-data-writing-block:-mt-(--shadow-height) has-data-writing-block:pt-(--shadow-height) [&amp;:has([data-writing-block])&gt;*]:pointer-events-auto [content-visibility:auto] supports-[content-visibility:auto]:[contain-intrinsic-size:auto_100lvh] scroll-mt-[calc(var(--header-height)+min(200px,max(70px,20svh)))]\" dir=\"auto\" tabindex=\"-1\" data-turn-id=\"request-WEB:5dabce2b-9f91-4017-bf3d-e2b1efe65bf8-1\" data-testid=\"conversation-turn-4\" data-scroll-anchor=\"true\" data-turn=\"assistant\">\n<div class=\"text-base my-auto mx-auto pb-10 [--thread-content-margin:--spacing(4)] thread-sm:[--thread-content-margin:--spacing(6)] thread-lg:[--thread-content-margin:--spacing(16)] px-(--thread-content-margin)\">\n<div class=\"[--thread-content-max-width:40rem] thread-lg:[--thread-content-max-width:48rem] mx-auto max-w-(--thread-content-max-width) flex-1 group\/turn-messages focus-visible:outline-hidden relative flex w-full min-w-0 flex-col agent-turn\" tabindex=\"-1\">\n<div class=\"flex max-w-full flex-col grow\">\n<div class=\"min-h-8 text-message relative flex w-full flex-col items-end gap-2 text-start break-words whitespace-normal [.text-message+&amp;]:mt-1\" dir=\"auto\" data-message-author-role=\"assistant\" data-message-id=\"81d73736-0d2a-4acb-902f-04ab7c3d49c6\" data-message-model-slug=\"gpt-5\">\n<div class=\"flex w-full flex-col gap-1 empty:hidden first:pt-[1px]\">\n<div class=\"markdown prose dark:prose-invert w-full break-words light markdown-new-styling\">\n<p data-start=\"0\" data-end=\"463\" data-is-last-node=\"\" data-is-only-node=\"\">STEG Q4C 2-dro\u017cne aktywne g\u0142o\u015bniki wsp\u00f3\u0142osiowe. <strong data-start=\"5\" data-end=\"63\">\ud83d\udd0a\ud83d\udd0a\ud83d\udd0a<\/strong><\/p>\n<p data-start=\"0\" data-end=\"463\" data-is-last-node=\"\" data-is-only-node=\"\">Wysokiej klasy g\u0142o\u015bniki wsp\u00f3\u0142osiowe z tweeterem (g\u0142o\u015bnikiem wysokotonowym) umieszczonym w centrum g\u0142o\u015bnika \u015bredniotonowego, co umo\u017cliwia p\u0142ynny d\u017awi\u0119k i \u0142atwy monta\u017c.<br data-start=\"242\" data-end=\"245\" \/>Dzi\u0119ki podw\u00f3jnym wej\u015bciom mog\u0105 pracowa\u0107 w trybie aktywnym lub pasywnym, z wykorzystaniem do\u0142\u0105czonych zewn\u0119trznych zwrotnic.<br data-start=\"376\" data-end=\"379\" \/>Nowoczesny, dopracowany design pozwala zamontowa\u0107 dwa g\u0142o\u015bniki w jednym miejscu.<\/p>\n<\/div>\n<\/div>\n<\/div>\n<\/div>\n<div class=\"z-0 flex min-h-[46px] justify-start\"><\/div>\n<div class=\"mt-3 w-full empty:hidden\">\n<div class=\"text-center\">Dane techniczne:<\/div>\n<div>\n<ul>\n<li>Impedancja: 4 Ohm<\/li>\n<li>Pasmo przenoszenia: 127-20000 Hz<\/li>\n<li>Moc: 30 W<\/li>\n<li>Czu\u0142o\u015b\u0107: 95 dB<\/li>\n<li>Qms: 4.576<\/li>\n<li>Qes: 0.304<\/li>\n<li>Qts: 0.285<\/li>\n<li>\u015arednica monta\u017cu: 81.0<\/li>\n<li>G\u0142\u0119boko\u015b\u0107 monta\u017cu: 34.0<\/li>\n<\/ul>\n<\/div>\n<\/div>\n<\/div>\n<\/div>\n<\/article>\n<div class=\"pointer-events-none h-px w-px\" aria-hidden=\"true\" data-edge=\"true\"><\/div>\n","protected":false},"excerpt":{"rendered":"<p>STEG Q4C 2-dro\u017cne aktywne g\u0142o\u015bniki wsp\u00f3\u0142osiowe. \ud83d\udd0a\ud83d\udd0a\ud83d\udd0a Wysokiej klasy g\u0142o\u015bniki wsp\u00f3\u0142osiowe z tweeterem (g\u0142o\u015bnikiem wysokotonowym) umieszczonym w centrum g\u0142o\u015bnika \u015bredniotonowego, co umo\u017cliwia p\u0142ynny d\u017awi\u0119k i \u0142atwy monta\u017c.Dzi\u0119ki podw\u00f3jnym wej\u015bciom mog\u0105 pracowa\u0107 w trybie aktywnym lub pasywnym, z wykorzystaniem do\u0142\u0105czonych zewn\u0119trznych zwrotnic.Nowoczesny, dopracowany design pozwala zamontowa\u0107 dwa g\u0142o\u015bniki w jednym miejscu. Dane techniczne: Impedancja: 4 Ohm&#8230;<\/p>","protected":false},"featured_media":12076,"template":"","meta":{"_acf_changed":false,"_kad_blocks_custom_css":"","_kad_blocks_head_custom_js":"","_kad_blocks_body_custom_js":"","_kad_blocks_footer_custom_js":"","_kad_post_transparent":"default","_kad_post_title":"","_kad_post_layout":"default","_kad_post_sidebar_id":"","_kad_post_content_style":"default","_kad_post_vertical_padding":"default","_kad_post_feature":"","_kad_post_feature_position":"","_kad_post_header":false,"_kad_post_footer":false,"_kad_post_classname":""},"product_brand":[],"product_cat":[122],"product_tag":[],"class_list":{"0":"post-12072","1":"product","2":"type-product","3":"status-publish","4":"has-post-thumbnail","6":"product_cat-glosniki-wspolosiowe-coax","8":"first","9":"outofstock","10":"taxable","11":"shipping-taxable","12":"product-type-simple","13":"entry","14":"content-bg","15":"loop-entry"},"acf":[],"taxonomy_info":{"product_cat":[{"value":122,"label":"G\u0142o\u015bniki wsp\u00f3\u0142osiowe \/ COAX"}]},"featured_image_src_large":["https:\/\/www.creativ.net.pl\/wp-content\/uploads\/2025\/11\/557783038_1147753874186231_1953965745283179559_n-1-1024x683.jpg",1024,683,true],"author_info":[],"comment_info":"","_links":{"self":[{"href":"https:\/\/www.creativ.net.pl\/en\/wp-json\/wp\/v2\/product\/12072","targetHints":{"allow":["GET"]}}],"collection":[{"href":"https:\/\/www.creativ.net.pl\/en\/wp-json\/wp\/v2\/product"}],"about":[{"href":"https:\/\/www.creativ.net.pl\/en\/wp-json\/wp\/v2\/types\/product"}],"wp:featuredmedia":[{"embeddable":true,"href":"https:\/\/www.creativ.net.pl\/en\/wp-json\/wp\/v2\/media\/12076"}],"wp:attachment":[{"href":"https:\/\/www.creativ.net.pl\/en\/wp-json\/wp\/v2\/media?parent=12072"}],"wp:term":[{"taxonomy":"product_brand","embeddable":true,"href":"https:\/\/www.creativ.net.pl\/en\/wp-json\/wp\/v2\/product_brand?post=12072"},{"taxonomy":"product_cat","embeddable":true,"href":"https:\/\/www.creativ.net.pl\/en\/wp-json\/wp\/v2\/product_cat?post=12072"},{"taxonomy":"product_tag","embeddable":true,"href":"https:\/\/www.creativ.net.pl\/en\/wp-json\/wp\/v2\/product_tag?post=12072"}],"curies":[{"name":"wp","href":"https:\/\/api.w.org\/{rel}","templated":true}]}}