{"id":11889,"date":"2025-09-30T14:33:24","date_gmt":"2025-09-30T12:33:24","guid":{"rendered":"https:\/\/www.creativ.net.pl\/?post_type=product&#038;p=11889"},"modified":"2025-09-30T14:34:49","modified_gmt":"2025-09-30T12:34:49","slug":"kondensator-samochodowy-harrison-labs-vss-100a","status":"publish","type":"product","link":"https:\/\/www.creativ.net.pl\/en\/product\/kondensator-samochodowy-harrison-labs-vss-100a\/","title":{"rendered":"Harrison Labs VSS-100A automotive capacitor"},"content":{"rendered":"<p data-start=\"449\" data-end=\"755\"><strong data-start=\"449\" data-end=\"475\">Harrison Labs VSS-100A<\/strong> (VSS = <strong data-start=\"483\" data-end=\"513\">Voltage Step-up Stabilizer<\/strong>) is an advanced, compact voltage stabiliser and booster module (voltage stabiliser\/booster), designed for car audio applications where consistent high performance and power supply purity are required.<\/p>\n<p data-start=\"757\" data-end=\"1057\">The device allows converting the battery \/ alternator voltage (approximately 12 V) to a constant, high voltage of the order of <strong data-start=\"875\" data-end=\"892\">14,4 - 14,7 V<\/strong>, which helps maintain optimum operating conditions for amplifiers, DSP filters and other components requiring a stable power supply.<\/p>\n<p data-start=\"1059\" data-end=\"1248\">The VSS-100A has a very high efficiency of approx. <strong data-start=\"1145\" data-end=\"1154\">98,4%<\/strong> conversion efficiency energy input \u2192 output.<\/p>\n<p data-start=\"1250\" data-end=\"1575\">This device is ideal for car audio systems where voltage fluctuations occur (e.g. with high subwoofer supply currents), and in designs that use advanced DSP amplifiers. At the same time, it transmits a stable voltage without the need for a complex system with multiple components.<\/p>\n<p data-start=\"1577\" data-end=\"1804\">In addition, the design and application mean that the VSS-100A can be used not only in cars, but also in special vehicles (motorbikes, boats) or where the power system needs to be extremely stable.<\/p>\n<hr data-start=\"1806\" data-end=\"1809\" \/>\n<h2 data-start=\"1811\" data-end=\"1851\">Technical specifications<\/h2>\n<div class=\"_tableContainer_1rjym_1\">\n<div class=\"group _tableWrapper_1rjym_13 flex w-fit flex-col-reverse\" tabindex=\"-1\">\n<table class=\"w-fit min-w-(--thread-content-width)\" data-start=\"2007\" data-end=\"2921\">\n<thead data-start=\"2007\" data-end=\"2038\">\n<tr data-start=\"2007\" data-end=\"2038\">\n<th data-start=\"2007\" data-end=\"2018\" data-col-size=\"sm\">Parameter<\/th>\n<th data-start=\"2018\" data-end=\"2038\" data-col-size=\"md\">Value \/ range<\/th>\n<\/tr>\n<\/thead>\n<tbody data-start=\"2049\" data-end=\"2921\">\n<tr data-start=\"2049\" data-end=\"2134\">\n<td data-start=\"2049\" data-end=\"2066\" data-col-size=\"sm\">Type of device<\/td>\n<td data-start=\"2066\" data-end=\"2134\" data-col-size=\"md\">Voltage Step-up Stabilizer<\/td>\n<\/tr>\n<tr data-start=\"2135\" data-end=\"2228\">\n<td data-start=\"2135\" data-end=\"2165\" data-col-size=\"sm\">Input voltage range<\/td>\n<td data-start=\"2165\" data-end=\"2228\" data-col-size=\"md\">approx. 12 V (standard battery \/ alternator voltage)<\/td>\n<\/tr>\n<tr data-start=\"2229\" data-end=\"2325\">\n<td data-start=\"2229\" data-end=\"2259\" data-col-size=\"sm\">Output voltage range<\/td>\n<td data-start=\"2259\" data-end=\"2325\" data-col-size=\"md\">14.4 - 14.7 V (stable)<\/td>\n<\/tr>\n<tr data-start=\"2326\" data-end=\"2423\">\n<td data-start=\"2326\" data-end=\"2348\" data-col-size=\"sm\">Conversion efficiency<\/td>\n<td data-start=\"2348\" data-end=\"2423\" data-col-size=\"md\">approx. 98.4%<\/td>\n<\/tr>\n<tr data-start=\"2424\" data-end=\"2486\">\n<td data-start=\"2424\" data-end=\"2450\" data-col-size=\"sm\">Continuous current capacity<\/td>\n<td data-start=\"2450\" data-end=\"2486\" data-col-size=\"md\">100 A (from the model name: <strong data-start=\"2475\" data-end=\"2483\">100A<\/strong>)<\/td>\n<\/tr>\n<tr data-start=\"2487\" data-end=\"2553\">\n<td data-start=\"2487\" data-end=\"2502\" data-col-size=\"sm\">Application<\/td>\n<td data-start=\"2502\" data-end=\"2553\" data-col-size=\"md\">car audio systems, DSP, amplifiers, subwoofers<\/td>\n<\/tr>\n<tr data-start=\"2554\" data-end=\"2631\">\n<td data-start=\"2554\" data-end=\"2566\" data-col-size=\"sm\">Action<\/td>\n<td data-start=\"2566\" data-end=\"2631\" data-col-size=\"md\">increases and stabilises voltage, acts as a power supply buffer<\/td>\n<\/tr>\n<tr data-start=\"2632\" data-end=\"2728\">\n<td data-start=\"2632\" data-end=\"2651\" data-col-size=\"sm\">Assembly \/ housing<\/td>\n<td data-start=\"2651\" data-end=\"2728\" data-col-size=\"md\">compact design typical of audio equipment<\/td>\n<\/tr>\n<tr data-start=\"2729\" data-end=\"2800\">\n<td data-start=\"2729\" data-end=\"2746\" data-col-size=\"sm\">Compatibility<\/td>\n<td data-start=\"2746\" data-end=\"2800\" data-col-size=\"md\">with audio systems in cars and other vehicles<\/td>\n<\/tr>\n<tr data-start=\"2801\" data-end=\"2921\">\n<td data-start=\"2801\" data-end=\"2826\" data-col-size=\"sm\">Special use<\/td>\n<td data-start=\"2826\" data-end=\"2921\" data-col-size=\"md\">helps systems that require very stable voltages by compensating for power fluctuations<\/td>\n<\/tr>\n<\/tbody>\n<\/table>\n<\/div>\n<\/div>","protected":false},"excerpt":{"rendered":"<p>Harrison Labs VSS-100A (VSS = Voltage Step-up Stabilizer) to zaawansowany, kompaktowy modu\u0142 stabilizacji i podwy\u017cszania napi\u0119cia (stabilizator\/podno\u015bnik napi\u0119cia), zaprojektowany z my\u015bl\u0105 o zastosowaniach w systemach car audio, w kt\u00f3rych wymagana jest sta\u0142a, wysoka wydajno\u015b\u0107 i czysto\u015b\u0107 zasilania. Urz\u0105dzenie pozwala przekszta\u0142ca\u0107 napi\u0119cie akumulatora \/ alternatora (oko\u0142o 12 V) do sta\u0142ego, wysokiego napi\u0119cia rz\u0119du 14,4 \u2013 14,7&#8230;<\/p>","protected":false},"featured_media":11891,"template":"","meta":{"_acf_changed":false,"_kad_blocks_custom_css":"","_kad_blocks_head_custom_js":"","_kad_blocks_body_custom_js":"","_kad_blocks_footer_custom_js":"","_kad_post_transparent":"default","_kad_post_title":"","_kad_post_layout":"default","_kad_post_sidebar_id":"","_kad_post_content_style":"default","_kad_post_vertical_padding":"default","_kad_post_feature":"","_kad_post_feature_position":"","_kad_post_header":false,"_kad_post_footer":false,"_kad_post_classname":""},"product_brand":[],"product_cat":[100,90],"product_tag":[],"class_list":{"0":"post-11889","1":"product","2":"type-product","3":"status-publish","4":"has-post-thumbnail","6":"product_cat-akcesoria-do-wzmacniaczy","7":"product_cat-akcesoria-do-wzmacniaczy-z-dsp","9":"first","10":"instock","11":"taxable","12":"shipping-taxable","13":"product-type-simple","14":"entry","15":"content-bg","16":"loop-entry"},"acf":[],"taxonomy_info":{"product_cat":[{"value":100,"label":"Akcesoria do wzmacniaczy"},{"value":90,"label":"Akcesoria do wzmacniaczy z DSP"}]},"featured_image_src_large":["https:\/\/www.creativ.net.pl\/wp-content\/uploads\/2025\/09\/IMG-20250930-WA0015-1024x806.jpg",1024,806,true],"author_info":[],"comment_info":"","_links":{"self":[{"href":"https:\/\/www.creativ.net.pl\/en\/wp-json\/wp\/v2\/product\/11889","targetHints":{"allow":["GET"]}}],"collection":[{"href":"https:\/\/www.creativ.net.pl\/en\/wp-json\/wp\/v2\/product"}],"about":[{"href":"https:\/\/www.creativ.net.pl\/en\/wp-json\/wp\/v2\/types\/product"}],"wp:featuredmedia":[{"embeddable":true,"href":"https:\/\/www.creativ.net.pl\/en\/wp-json\/wp\/v2\/media\/11891"}],"wp:attachment":[{"href":"https:\/\/www.creativ.net.pl\/en\/wp-json\/wp\/v2\/media?parent=11889"}],"wp:term":[{"taxonomy":"product_brand","embeddable":true,"href":"https:\/\/www.creativ.net.pl\/en\/wp-json\/wp\/v2\/product_brand?post=11889"},{"taxonomy":"product_cat","embeddable":true,"href":"https:\/\/www.creativ.net.pl\/en\/wp-json\/wp\/v2\/product_cat?post=11889"},{"taxonomy":"product_tag","embeddable":true,"href":"https:\/\/www.creativ.net.pl\/en\/wp-json\/wp\/v2\/product_tag?post=11889"}],"curies":[{"name":"wp","href":"https:\/\/api.w.org\/{rel}","templated":true}]}}