{"id":11882,"date":"2025-09-30T13:39:01","date_gmt":"2025-09-30T11:39:01","guid":{"rendered":"https:\/\/www.creativ.net.pl\/?post_type=product&#038;p=11882"},"modified":"2026-04-20T11:28:52","modified_gmt":"2026-04-20T09:28:52","slug":"wzmacniacz-arc-audio-nighthawk","status":"publish","type":"product","link":"https:\/\/www.creativ.net.pl\/en\/product\/wzmacniacz-arc-audio-nighthawk\/","title":{"rendered":"AUDIO NIGHTHAWK ARC Amplifier"},"content":{"rendered":"<p>High-end two-channel Class D amplifier<\/p>\n<h4><strong>Specification:<\/strong><\/h4>\n<p><strong data-start=\"66\" data-end=\"120\">Total number of amplified output channels:<\/strong> 2<br data-start=\"122\" data-end=\"125\" \/><strong data-start=\"125\" data-end=\"145\">Stereo at 4 \u03a9:<\/strong> 2 \u00d7 250 W<br data-start=\"155\" data-end=\"158\" \/><strong data-start=\"158\" data-end=\"178\" data-is-only-node=\"\">Stereo at 2 \u03a9:<\/strong> 2 \u00d7 400 W<br data-start=\"188\" data-end=\"191\" \/><strong data-start=\"191\" data-end=\"211\">Stereo at 1 \u03a9:<\/strong> 2 \u00d7 400 W<br data-start=\"221\" data-end=\"224\" \/><strong data-start=\"224\" data-end=\"259\">Bridgable speaker outputs:<\/strong> Yes<br data-start=\"263\" data-end=\"266\" \/><strong data-start=\"266\" data-end=\"286\">Bridge at 4 \u03a9:<\/strong> 1 \u00d7 800 W<br data-start=\"296\" data-end=\"299\" \/><strong data-start=\"299\" data-end=\"319\">Bridge at 2 \u03a9:<\/strong> 1 \u00d7 800 W<br data-start=\"329\" data-end=\"332\" \/><strong data-start=\"332\" data-end=\"357\">Other channels at 4 \u03a9:<\/strong> N\/D<br data-start=\"361\" data-end=\"364\" \/><strong data-start=\"364\" data-end=\"389\">Other channels at 2 \u03a9:<\/strong> N\/D<br data-start=\"393\" data-end=\"396\" \/><strong data-start=\"396\" data-end=\"421\">Other channels at 1 \u03a9:<\/strong> N\/D<br data-start=\"425\" data-end=\"428\" \/><strong data-start=\"428\" data-end=\"467\">Output load switch:<\/strong> Yes<br data-start=\"471\" data-end=\"474\" \/><strong data-start=\"474\" data-end=\"490\">Output type:<\/strong> Class D<br data-start=\"498\" data-end=\"501\" \/><strong data-start=\"501\" data-end=\"517\">Fuse:<\/strong> 3 \u00d7 30 A<br data-start=\"526\" data-end=\"529\" \/><strong data-start=\"529\" data-end=\"562\">Current consumption in idle mode:<\/strong> 2,2 A<br data-start=\"568\" data-end=\"571\" \/><strong data-start=\"571\" data-end=\"609\">Amplifier operating voltage range:<\/strong> 10.5 V - 17.1 V (compatible with Start-Stop systems up to 4.5 V)<br data-start=\"666\" data-end=\"669\" \/><strong data-start=\"669\" data-end=\"719\">Adjustable Class D switching frequency:<\/strong> Not<br data-start=\"723\" data-end=\"726\" \/><strong data-start=\"726\" data-end=\"754\">Fan cooling:<\/strong> Yes - variable speed ball fan<br data-start=\"800\" data-end=\"803\" \/><strong data-start=\"803\" data-end=\"836\">Input channels (analogue):<\/strong> 2<br data-start=\"838\" data-end=\"841\" \/><strong data-start=\"841\" data-end=\"870\">Input channel selection:<\/strong> N\/D<br data-start=\"874\" data-end=\"877\" \/><strong data-start=\"877\" data-end=\"903\">Analogue input type:<\/strong> Balanced (RCA or speaker level)<br data-start=\"944\" data-end=\"947\" \/><strong data-start=\"947\" data-end=\"981\">Input sensitivity (analogue):<\/strong> 150 mV - 5.25 V<br data-start=\"997\" data-end=\"1000\" \/><strong data-start=\"1000\" data-end=\"1037\">Input impedance (analogue):<\/strong> 10 k\u03a9<br data-start=\"1043\" data-end=\"1046\" \/><strong data-start=\"1046\" data-end=\"1076\">Gain control type:<\/strong> Analogue control (1 controller for L\/R channels)<br data-start=\"1127\" data-end=\"1130\" \/><strong data-start=\"1130\" data-end=\"1174\">Amplifier Slave input\/output (RCA):<\/strong> N\/D<br data-start=\"1178\" data-end=\"1181\" \/><strong data-start=\"1181\" data-end=\"1204\">Frequency response:<\/strong> 10 Hz - 32 kHz<br data-start=\"1219\" data-end=\"1222\" \/><strong data-start=\"1222\" data-end=\"1253\">Signal-to-noise ratio @ 1 W:<\/strong> -88 dB (reference at 1 W \/ 2 V)<br data-start=\"1289\" data-end=\"1292\" \/><strong data-start=\"1292\" data-end=\"1334\">Signal-to-noise ratio at full power:<\/strong> -113 dB (reference at full power \/ 31.5 V)<br data-start=\"1382\" data-end=\"1385\" \/><strong data-start=\"1385\" data-end=\"1412\">Automatic switch-on:<\/strong> DC (BTL)<br data-start=\"1421\" data-end=\"1424\" \/><strong data-start=\"1424\" data-end=\"1449\">Crossover channels 1\/2:<\/strong> HP, LP, Full (12 dB Linkwitz-Riley)<br data-start=\"1485\" data-end=\"1488\" \/><strong data-start=\"1488\" data-end=\"1520\">Crossover range channels 1\/2:<\/strong> 55 Hz - 500 Hz<br data-start=\"1535\" data-end=\"1538\" \/><strong data-start=\"1538\" data-end=\"1563\">Crossover channels 3\/4:<\/strong> N\/D<br data-start=\"1567\" data-end=\"1570\" \/><strong data-start=\"1570\" data-end=\"1602\">Crossover range 3\/4 channels:<\/strong> N\/D<br data-start=\"1606\" data-end=\"1609\" \/><strong data-start=\"1609\" data-end=\"1634\">Crossover channels 5\/6:<\/strong> N\/D<br data-start=\"1638\" data-end=\"1641\" \/><strong data-start=\"1641\" data-end=\"1673\">Crossover range channels 5\/6:<\/strong> N\/D<br data-start=\"1677\" data-end=\"1680\" \/><strong data-start=\"1680\" data-end=\"1713\">Band-pass crossovers:<\/strong> N\/D<br data-start=\"1717\" data-end=\"1720\" \/><strong data-start=\"1720\" data-end=\"1767\">\"Bypass\" switch (crossover\/front-end):<\/strong> N\/D<br data-start=\"1771\" data-end=\"1774\" \/><strong data-start=\"1774\" data-end=\"1795\">Bass amplification:<\/strong> N\/D<br data-start=\"1799\" data-end=\"1802\" \/><strong data-start=\"1802\" data-end=\"1828\">On-board diagnostics:<\/strong> Yes - protections: thermal, under\/overvoltage, short-circuit, DC and others<br data-start=\"1901\" data-end=\"1904\" \/><strong data-start=\"1904\" data-end=\"1952\">Overdrive warning lights (Clip):<\/strong> Yes<br data-start=\"1956\" data-end=\"1959\" \/><strong data-start=\"1959\" data-end=\"2007\">Compatible external level control:<\/strong> N\/D<br data-start=\"2011\" data-end=\"2014\" \/><strong data-start=\"2014\" data-end=\"2062\">Dual external control (optional):<\/strong> N\/D<br data-start=\"2066\" data-end=\"2069\" \/><strong data-start=\"2069\" data-end=\"2114\">Remote switching signal transmission:<\/strong> Yes<br data-start=\"2118\" data-end=\"2121\" \/><strong data-start=\"2121\" data-end=\"2155\">Level of finish (aesthetics):<\/strong> N\/D<br data-start=\"2159\" data-end=\"2162\" \/><strong data-start=\"2162\" data-end=\"2174\">Dimensions:<\/strong> 10.35\u2033 (D) \u00d7 6\u2033 (S) \u00d7 2\u2033 (W)<\/p>\n<p data-start=\"123\" data-end=\"631\">When your system requires more power without the added complexity of DSP, <strong data-start=\"191\" data-end=\"214\">ARC Audio Nighthawk<\/strong> responds to this challenge. Designed as the ideal complement to ARC Audio's DSP-enabled amplifiers, such as the <strong data-start=\"333\" data-end=\"346\">Blackbird<\/strong>, and compatible with current and future ARC models with DSP - Nighthawk delivers exceptional output power, crystal sound quality and installation flexibility, all in a tailored enclosure and consistent industrial design for seamless system integration.<\/p>\n<p data-start=\"633\" data-end=\"1152\">This fully bridgeable, high-end two-channel Class D amplifier generates up to <strong data-start=\"713\" data-end=\"756\">800 watts in bridge mode at 4 \u03a9 mono<\/strong> (according to CTA-2006), offering low distortion levels comparable to much more expensive reference-grade amplifiers. Whether you're driving subwoofers, midrange speakers or full-range components in high-efficiency or high-demand systems, Nighthawk delivers spare power, clarity and control, even under the most demanding conditions.<\/p>\n<p data-start=\"1154\" data-end=\"1467\">With balanced differential inputs, switchable stereo\/mono configuration and compatibility with the ARC high-current speaker connection system, the Nighthawk works equally well in motorbike, marine installations, powersport environments and audiophile-grade car audio systems.<\/p>\n<p data-start=\"1469\" data-end=\"1978\">The ARC philosophy of 'promise less, deliver more' is on full display here. Although officially the power quoted is <strong data-start=\"1581\" data-end=\"1599\">800 W in the bridge<\/strong>, the actual power in practical conditions far exceeds this value - giving installers and competitors the confidence to go further without compromise. Developed with practical use in mind, it offers full-band operation from <strong data-start=\"1826\" data-end=\"1845\">10 Hz to 32 kHz<\/strong>maintains thermal stability in the <strong data-start=\"1889\" data-end=\"1910\">from -20\u00b0C to +82\u00b0C<\/strong> and supports voltages compatible with start-stop systems up to <strong data-start=\"1966\" data-end=\"1975\">4,6 V<\/strong>.<\/p>\n<p data-start=\"1980\" data-end=\"2200\">Whether you are expanding an ARC DSP-based system or building a powerful stand-alone kit - the <strong data-start=\"2088\" data-end=\"2101\">Nighthawk<\/strong> is designed to enhance the quality of your sound: clear, powerful and professional.<\/p>","protected":false},"excerpt":{"rendered":"<p>High-endowy dwukana\u0142owy wzmacniacz klasy D Specyfikacja: Ca\u0142kowita liczba wzmocnionych kana\u0142\u00f3w wyj\u015bciowych: 2Stereo przy 4 \u03a9: 2 \u00d7 250 WStereo przy 2 \u03a9: 2 \u00d7 400 WStereo przy 1 \u03a9: 2 \u00d7 400 WMostkowalne wyj\u015bcia g\u0142o\u015bnikowe: TakMostek przy 4 \u03a9: 1 \u00d7 800 WMostek przy 2 \u03a9: 1 \u00d7 800 WInne kana\u0142y przy 4 \u03a9: N\/DInne&#8230;<\/p>","protected":false},"featured_media":11888,"template":"","meta":{"_acf_changed":false,"_kad_blocks_custom_css":"","_kad_blocks_head_custom_js":"","_kad_blocks_body_custom_js":"","_kad_blocks_footer_custom_js":"","_kad_post_transparent":"default","_kad_post_title":"","_kad_post_layout":"default","_kad_post_sidebar_id":"","_kad_post_content_style":"default","_kad_post_vertical_padding":"default","_kad_post_feature":"","_kad_post_feature_position":"","_kad_post_header":false,"_kad_post_footer":false,"_kad_post_classname":""},"product_brand":[],"product_cat":[103],"product_tag":[],"class_list":{"0":"post-11882","1":"product","2":"type-product","3":"status-publish","4":"has-post-thumbnail","6":"product_cat-2-kanalowe-wzmacniacze-samochodowe-12v","8":"first","9":"onbackorder","10":"taxable","11":"shipping-taxable","12":"product-type-simple","13":"entry","14":"content-bg","15":"loop-entry"},"acf":[],"taxonomy_info":{"product_cat":[{"value":103,"label":"2-kana\u0142owe"}]},"featured_image_src_large":["https:\/\/www.creativ.net.pl\/wp-content\/uploads\/2025\/09\/IMG-20250930-WA0013-1024x657.jpg",1024,657,true],"author_info":[],"comment_info":"","_links":{"self":[{"href":"https:\/\/www.creativ.net.pl\/en\/wp-json\/wp\/v2\/product\/11882","targetHints":{"allow":["GET"]}}],"collection":[{"href":"https:\/\/www.creativ.net.pl\/en\/wp-json\/wp\/v2\/product"}],"about":[{"href":"https:\/\/www.creativ.net.pl\/en\/wp-json\/wp\/v2\/types\/product"}],"wp:featuredmedia":[{"embeddable":true,"href":"https:\/\/www.creativ.net.pl\/en\/wp-json\/wp\/v2\/media\/11888"}],"wp:attachment":[{"href":"https:\/\/www.creativ.net.pl\/en\/wp-json\/wp\/v2\/media?parent=11882"}],"wp:term":[{"taxonomy":"product_brand","embeddable":true,"href":"https:\/\/www.creativ.net.pl\/en\/wp-json\/wp\/v2\/product_brand?post=11882"},{"taxonomy":"product_cat","embeddable":true,"href":"https:\/\/www.creativ.net.pl\/en\/wp-json\/wp\/v2\/product_cat?post=11882"},{"taxonomy":"product_tag","embeddable":true,"href":"https:\/\/www.creativ.net.pl\/en\/wp-json\/wp\/v2\/product_tag?post=11882"}],"curies":[{"name":"wp","href":"https:\/\/api.w.org\/{rel}","templated":true}]}}