{"id":11878,"date":"2025-09-30T13:10:40","date_gmt":"2025-09-30T11:10:40","guid":{"rendered":"https:\/\/www.creativ.net.pl\/?post_type=product&#038;p=11878"},"modified":"2025-10-28T08:35:42","modified_gmt":"2025-10-28T07:35:42","slug":"maskownica-do-subwoofera-ff10-d2-fortissimo","status":"publish","type":"product","link":"https:\/\/www.creativ.net.pl\/en\/product\/maskownica-do-subwoofera-ff10-d2-fortissimo\/","title":{"rendered":"FF10-D2 Fortissimo subwoofer grille"},"content":{"rendered":"<p data-start=\"41\" data-end=\"249\"><strong data-start=\"41\" data-end=\"75\">264 mm hexagonal grille<\/strong> made of black powder-coated steel, 1 mm thick.<br data-start=\"141\" data-end=\"144\" \/>Concave shape for better stability and lower overall height.<br data-start=\"217\" data-end=\"220\" \/>Very robust construction.<\/p>\n<ul data-start=\"251\" data-end=\"420\">\n<li data-start=\"251\" data-end=\"282\">\n<p data-start=\"253\" data-end=\"282\">Outer diameter: 264 mm<\/p>\n<\/li>\n<li data-start=\"283\" data-end=\"312\">\n<p data-start=\"285\" data-end=\"312\">Overall height: 40 mm<\/p>\n<\/li>\n<li data-start=\"313\" data-end=\"354\">\n<p data-start=\"315\" data-end=\"354\">At the deepest point (centre): 23 mm<\/p>\n<\/li>\n<li data-start=\"355\" data-end=\"420\">\n<p data-start=\"357\" data-end=\"420\">Ideally suited for subwoofer <strong data-start=\"387\" data-end=\"395\">FF10<\/strong> and <strong data-start=\"401\" data-end=\"418\">ArcAudio X2v2<\/strong><\/p>\n<\/li>\n<li data-start=\"355\" data-end=\"420\">1 piece<\/li>\n<\/ul>","protected":false},"excerpt":{"rendered":"<p>Maskownica heksagonalna 264 mm wykonana z czarnej, proszkowo lakierowanej stali o grubo\u015bci 1 mm.Kszta\u0142t wkl\u0119s\u0142y dla lepszej stabilno\u015bci i mniejszej ca\u0142kowitej wysoko\u015bci.Bardzo solidna konstrukcja. \u015arednica zewn\u0119trzna: 264 mm Ca\u0142kowita wysoko\u015b\u0107: 40 mm W najg\u0142\u0119bszym punkcie (\u015brodek): 23 mm Idealnie pasuje do subwoofera FF10 oraz ArcAudio X2v2 1 sztuka<\/p>","protected":false},"featured_media":11881,"template":"","meta":{"_acf_changed":false,"_kad_blocks_custom_css":"","_kad_blocks_head_custom_js":"","_kad_blocks_body_custom_js":"","_kad_blocks_footer_custom_js":"","_kad_post_transparent":"default","_kad_post_title":"","_kad_post_layout":"default","_kad_post_sidebar_id":"","_kad_post_content_style":"default","_kad_post_vertical_padding":"default","_kad_post_feature":"","_kad_post_feature_position":"","_kad_post_header":false,"_kad_post_footer":false,"_kad_post_classname":""},"product_brand":[],"product_cat":[357],"product_tag":[],"class_list":{"0":"post-11878","1":"product","2":"type-product","3":"status-publish","4":"has-post-thumbnail","6":"product_cat-akcesoria-glosnikowe","8":"first","9":"onbackorder","10":"taxable","11":"shipping-taxable","12":"product-type-simple","13":"entry","14":"content-bg","15":"loop-entry"},"acf":[],"taxonomy_info":{"product_cat":[{"value":357,"label":"Akcesoria g\u0142o\u015bnikowe"}]},"featured_image_src_large":["https:\/\/www.creativ.net.pl\/wp-content\/uploads\/2025\/09\/HEXA264_6-1024x561.jpg",1024,561,true],"author_info":[],"comment_info":"","_links":{"self":[{"href":"https:\/\/www.creativ.net.pl\/en\/wp-json\/wp\/v2\/product\/11878","targetHints":{"allow":["GET"]}}],"collection":[{"href":"https:\/\/www.creativ.net.pl\/en\/wp-json\/wp\/v2\/product"}],"about":[{"href":"https:\/\/www.creativ.net.pl\/en\/wp-json\/wp\/v2\/types\/product"}],"wp:featuredmedia":[{"embeddable":true,"href":"https:\/\/www.creativ.net.pl\/en\/wp-json\/wp\/v2\/media\/11881"}],"wp:attachment":[{"href":"https:\/\/www.creativ.net.pl\/en\/wp-json\/wp\/v2\/media?parent=11878"}],"wp:term":[{"taxonomy":"product_brand","embeddable":true,"href":"https:\/\/www.creativ.net.pl\/en\/wp-json\/wp\/v2\/product_brand?post=11878"},{"taxonomy":"product_cat","embeddable":true,"href":"https:\/\/www.creativ.net.pl\/en\/wp-json\/wp\/v2\/product_cat?post=11878"},{"taxonomy":"product_tag","embeddable":true,"href":"https:\/\/www.creativ.net.pl\/en\/wp-json\/wp\/v2\/product_tag?post=11878"}],"curies":[{"name":"wp","href":"https:\/\/api.w.org\/{rel}","templated":true}]}}