{"id":11717,"date":"2025-09-09T12:05:41","date_gmt":"2025-09-09T10:05:41","guid":{"rendered":"https:\/\/www.creativ.net.pl\/?post_type=product&#038;p=11717"},"modified":"2026-03-26T13:12:39","modified_gmt":"2026-03-26T12:12:39","slug":"kamera-cofania-ampire-kca102","status":"publish","type":"product","link":"https:\/\/www.creativ.net.pl\/en\/product\/kamera-cofania-ampire-kca102\/","title":{"rendered":"Ampire KCA102 reversing camera"},"content":{"rendered":"<p data-start=\"41\" data-end=\"600\"><strong data-start=\"41\" data-end=\"85\">KCA102 Mini recessed\/overhead camera<\/strong> is a high-resolution AHD camera with an almost unlimited range of applications - in cars, buses, campervans, trucks or trailers as a front or reversing camera.<br data-start=\"275\" data-end=\"278\" \/>The matte black housing is extremely weatherproof, waterproof to IP69K and very robustly constructed. As an option, auxiliary lines can be built into the video signal to make parking easier for the driver.<br data-start=\"504\" data-end=\"507\" \/>An 8-metre extension cable with high-quality copper wire is included.<\/p>\n<h3 data-start=\"602\" data-end=\"611\">FEATURES<\/h3>\n<ul data-start=\"612\" data-end=\"776\">\n<li data-start=\"612\" data-end=\"680\">\n<p data-start=\"614\" data-end=\"680\">Wide-angle AHD camera with two plastic housings<\/p>\n<\/li>\n<li data-start=\"681\" data-end=\"720\">\n<p data-start=\"683\" data-end=\"720\">Suitable for continuous operation 24\/7<\/p>\n<\/li>\n<li data-start=\"721\" data-end=\"776\">\n<p data-start=\"723\" data-end=\"776\">IP69K waterproof with stainless steel handle<\/p>\n<\/li>\n<\/ul>\n<h3 data-start=\"778\" data-end=\"801\">SETTING OPTIONS<\/h3>\n<ul data-start=\"802\" data-end=\"969\">\n<li data-start=\"802\" data-end=\"866\">\n<p data-start=\"804\" data-end=\"866\">Auxiliary lines: factory deactivated (can be activated)<\/p>\n<\/li>\n<li data-start=\"867\" data-end=\"923\">\n<p data-start=\"869\" data-end=\"923\">Mirrored image reproduction (adjustable)<\/p>\n<\/li>\n<li data-start=\"924\" data-end=\"969\">\n<p data-start=\"926\" data-end=\"969\">Possibility of mounting the camera rotated by 180\u00b0<\/p>\n<\/li>\n<\/ul>\n<h3 data-start=\"971\" data-end=\"990\">TECHNICAL DATA<\/h3>\n<ul data-start=\"991\" data-end=\"1355\">\n<li data-start=\"991\" data-end=\"1028\">\n<p data-start=\"993\" data-end=\"1028\">Image sensor type: AHD 1\/4\u2033 2729<\/p>\n<\/li>\n<li data-start=\"1029\" data-end=\"1071\">\n<p data-start=\"1031\" data-end=\"1071\">Video signal: 1080P, 25 frames\/second<\/p>\n<\/li>\n<li data-start=\"1072\" data-end=\"1108\">\n<p data-start=\"1074\" data-end=\"1108\">Resolution: 1920\u00d71080 pixels<\/p>\n<\/li>\n<li data-start=\"1109\" data-end=\"1169\">\n<p data-start=\"1111\" data-end=\"1169\">Viewing angle: diagonal 170\u00b0, horizontal 150\u00b0, vertical 90\u00b0<\/p>\n<\/li>\n<li data-start=\"1170\" data-end=\"1211\">\n<p data-start=\"1172\" data-end=\"1211\">Exposure: 1\/50-60 ~ 1\/15000 seconds<\/p>\n<\/li>\n<li data-start=\"1212\" data-end=\"1251\">\n<p data-start=\"1214\" data-end=\"1251\">Signal-to-noise ratio: \u226560.5 dB<\/p>\n<\/li>\n<li data-start=\"1252\" data-end=\"1284\">\n<p data-start=\"1254\" data-end=\"1284\">Light sensitivity: &lt; 0.01 Lux<\/p>\n<\/li>\n<li data-start=\"1285\" data-end=\"1314\">\n<p data-start=\"1287\" data-end=\"1314\">Automatic white balance<\/p>\n<\/li>\n<li data-start=\"1315\" data-end=\"1355\">\n<p data-start=\"1317\" data-end=\"1355\">Automatic video level adjustment<\/p>\n<\/li>\n<\/ul>\n<h3 data-start=\"1357\" data-end=\"1372\">GENERAL DATA<\/h3>\n<ul data-start=\"1373\" data-end=\"1709\">\n<li data-start=\"1373\" data-end=\"1406\">\n<p data-start=\"1375\" data-end=\"1406\">Supply voltage: 6-26 V DC<\/p>\n<\/li>\n<li data-start=\"1407\" data-end=\"1432\">\n<p data-start=\"1409\" data-end=\"1432\">Current consumption: 60-90 mA<\/p>\n<\/li>\n<li data-start=\"1433\" data-end=\"1457\">\n<p data-start=\"1435\" data-end=\"1457\">Protection class: IP69K<\/p>\n<\/li>\n<li data-start=\"1458\" data-end=\"1518\">\n<p data-start=\"1460\" data-end=\"1518\">Housing: matt black with stainless steel attachment<\/p>\n<\/li>\n<li data-start=\"1519\" data-end=\"1556\">\n<p data-start=\"1521\" data-end=\"1556\">Operating temperature: -40\u00b0C to +75\u00b0C<\/p>\n<\/li>\n<li data-start=\"1557\" data-end=\"1604\">\n<p data-start=\"1559\" data-end=\"1604\">Storage temperature: -60\u00b0C to +105\u00b0C<\/p>\n<\/li>\n<li data-start=\"1605\" data-end=\"1624\">\n<p data-start=\"1607\" data-end=\"1624\">Certification: E<\/p>\n<\/li>\n<li data-start=\"1625\" data-end=\"1674\">\n<p data-start=\"1627\" data-end=\"1674\">Dimensions of housing 1: 40\u00d734\u00d731 mm + 20 mm thread<\/p>\n<\/li>\n<li data-start=\"1675\" data-end=\"1709\">\n<p data-start=\"1677\" data-end=\"1709\">Case dimensions 2: 52\u00d739\u00d729 mm<\/p>\n<\/li>\n<\/ul>\n<h3 data-start=\"1711\" data-end=\"1746\">ORDER INFORMATION<\/h3>\n<p data-start=\"1747\" data-end=\"2159\">This camera is a high-resolution AHD camera with 1080P resolution and 25 fps. It can only be connected to compatible monitors, car radios or interfaces.<br data-start=\"1937\" data-end=\"1940\" \/>If the camera input on your monitor only supports CVBS, FBAS or NTSC signals, this AHD camera will not be suitable - in this case, use a CVBS version with an NTSC signal, technically identical in design.<\/p>\n<h3 data-start=\"2161\" data-end=\"2185\">OPTIONAL ACCESSORIES<\/h3>\n<p data-start=\"2186\" data-end=\"2403\">Optional signal filter <strong data-start=\"2211\" data-end=\"2226\">AC-PNF-RVC2<\/strong> is a stabiliser for controlled reversing lights with PWM signal. We recommend fitting a signal filter if you are not sure of the interference-free power supply to the vehicle.<\/p>\n<h3 data-start=\"2405\" data-end=\"2434\">IMPORTANT INSTALLATION INSTRUCTIONS<\/h3>\n<p data-start=\"2435\" data-end=\"2885\">The camera head is waterproof to IP69K and requires no additional sealing during installation.<br data-start=\"2547\" data-end=\"2550\" \/>The camera lens is made of glass and is fragile. All metal components are made of stainless steel. Stainless steel does not rust because it has a protective layer of chromium oxide. However, this layer can be damaged or degrade under certain conditions, which can lead to so-called rust spots.<\/p>","protected":false},"excerpt":{"rendered":"<p>KCA102 Mini kamera do zabudowy\/nadbudowy to wysokorozdzielcza kamera AHD o niemal nieograniczonym zakresie zastosowa\u0144 \u2013 w samochodach osobowych, autobusach, kamperach, ci\u0119\u017car\u00f3wkach lub przyczepach jako kamera przednia lub cofania.Matowa czarna obudowa jest wyj\u0105tkowo odporna na warunki atmosferyczne, wodoodporna w klasie IP69K i bardzo solidnie wykonana. Opcjonalnie w sygna\u0142 wideo mog\u0105 by\u0107 wbudowane linie pomocnicze, kt\u00f3re u\u0142atwiaj\u0105&#8230;<\/p>","protected":false},"featured_media":11718,"template":"","meta":{"_acf_changed":false,"_kad_blocks_custom_css":"","_kad_blocks_head_custom_js":"","_kad_blocks_body_custom_js":"","_kad_blocks_footer_custom_js":"","_kad_post_transparent":"default","_kad_post_title":"","_kad_post_layout":"default","_kad_post_sidebar_id":"","_kad_post_content_style":"default","_kad_post_vertical_padding":"default","_kad_post_feature":"","_kad_post_feature_position":"","_kad_post_header":false,"_kad_post_footer":false,"_kad_post_classname":""},"product_brand":[],"product_cat":[75,76],"product_tag":[],"class_list":{"0":"post-11717","1":"product","2":"type-product","3":"status-publish","4":"has-post-thumbnail","6":"product_cat-kamery-do-ciezarowek-busow","7":"product_cat-kamery-uniwersalne","9":"first","10":"onbackorder","11":"taxable","12":"shipping-taxable","13":"product-type-simple","14":"entry","15":"content-bg","16":"loop-entry"},"acf":[],"taxonomy_info":{"product_cat":[{"value":75,"label":"Kamery do ci\u0119\u017car\u00f3wek \/ bus\u00f3w"},{"value":76,"label":"Kamery uniwersalne"}]},"featured_image_src_large":["https:\/\/www.creativ.net.pl\/wp-content\/uploads\/2025\/09\/AMPIRE-Multimount-Rueckfahrkamera-AHD-150-8m-Kabel-KCA102_b_0.jpeg",700,700,false],"author_info":[],"comment_info":"","_links":{"self":[{"href":"https:\/\/www.creativ.net.pl\/en\/wp-json\/wp\/v2\/product\/11717","targetHints":{"allow":["GET"]}}],"collection":[{"href":"https:\/\/www.creativ.net.pl\/en\/wp-json\/wp\/v2\/product"}],"about":[{"href":"https:\/\/www.creativ.net.pl\/en\/wp-json\/wp\/v2\/types\/product"}],"wp:featuredmedia":[{"embeddable":true,"href":"https:\/\/www.creativ.net.pl\/en\/wp-json\/wp\/v2\/media\/11718"}],"wp:attachment":[{"href":"https:\/\/www.creativ.net.pl\/en\/wp-json\/wp\/v2\/media?parent=11717"}],"wp:term":[{"taxonomy":"product_brand","embeddable":true,"href":"https:\/\/www.creativ.net.pl\/en\/wp-json\/wp\/v2\/product_brand?post=11717"},{"taxonomy":"product_cat","embeddable":true,"href":"https:\/\/www.creativ.net.pl\/en\/wp-json\/wp\/v2\/product_cat?post=11717"},{"taxonomy":"product_tag","embeddable":true,"href":"https:\/\/www.creativ.net.pl\/en\/wp-json\/wp\/v2\/product_tag?post=11717"}],"curies":[{"name":"wp","href":"https:\/\/api.w.org\/{rel}","templated":true}]}}