{"id":11710,"date":"2025-09-09T11:06:50","date_gmt":"2025-09-09T09:06:50","guid":{"rendered":"https:\/\/www.creativ.net.pl\/?post_type=product&#038;p=11710"},"modified":"2026-03-26T13:13:07","modified_gmt":"2026-03-26T12:13:07","slug":"kamera-cofania-ampire-kca202","status":"publish","type":"product","link":"https:\/\/www.creativ.net.pl\/en\/product\/kamera-cofania-ampire-kca202\/","title":{"rendered":"Ampire KCA202 reversing camera"},"content":{"rendered":"<p data-start=\"41\" data-end=\"584\"><strong data-start=\"41\" data-end=\"100\">KCA202 Mini Mounting Camera with Wide Angle Lens<\/strong> is a reversing camera with an unlimited range of applications - in cars, buses, campervans, trucks or trailers.<br data-start=\"236\" data-end=\"239\" \/>The matte black plastic housing is extremely weatherproof, waterproof to IP69K and very solidly constructed. The handle is made of powder-coated stainless steel, together with stainless steel screws.<br data-start=\"487\" data-end=\"490\" \/>A 10-metre extension cable with high-quality copper wire is included.<\/p>\n<h3 data-start=\"586\" data-end=\"595\">FEATURES<\/h3>\n<ul data-start=\"596\" data-end=\"813\">\n<li data-start=\"596\" data-end=\"656\">\n<p data-start=\"598\" data-end=\"656\">Wide angle AHD camera in plastic housing<\/p>\n<\/li>\n<li data-start=\"657\" data-end=\"705\">\n<p data-start=\"659\" data-end=\"705\">Adapted for continuous operation 24\/7<\/p>\n<\/li>\n<li data-start=\"706\" data-end=\"761\">\n<p data-start=\"708\" data-end=\"761\">IP69K waterproof with stainless steel handle<\/p>\n<\/li>\n<li data-start=\"762\" data-end=\"813\">\n<p data-start=\"764\" data-end=\"813\">Infrared illumination for night vision<\/p>\n<\/li>\n<\/ul>\n<h3 data-start=\"815\" data-end=\"833\">THE KIT CONTAINS<\/h3>\n<ul data-start=\"834\" data-end=\"946\">\n<li data-start=\"834\" data-end=\"865\">\n<p data-start=\"836\" data-end=\"865\">Mounting camera with bracket<\/p>\n<\/li>\n<li data-start=\"866\" data-end=\"903\">\n<p data-start=\"868\" data-end=\"903\">10 m extension cable AK1039<\/p>\n<\/li>\n<li data-start=\"904\" data-end=\"923\">\n<p data-start=\"906\" data-end=\"923\">AK1037 power supply<\/p>\n<\/li>\n<li data-start=\"924\" data-end=\"946\">\n<p data-start=\"926\" data-end=\"946\">Operating manual<\/p>\n<\/li>\n<\/ul>\n<h3 data-start=\"948\" data-end=\"967\">TECHNICAL DATA<\/h3>\n<ul data-start=\"968\" data-end=\"1889\">\n<li data-start=\"968\" data-end=\"1005\">\n<p data-start=\"970\" data-end=\"1005\">Image sensor type: AHD 1\/4\u2033 2729<\/p>\n<\/li>\n<li data-start=\"1006\" data-end=\"1048\">\n<p data-start=\"1008\" data-end=\"1048\">Video signal: 1080P, 25 frames\/second<\/p>\n<\/li>\n<li data-start=\"1049\" data-end=\"1085\">\n<p data-start=\"1051\" data-end=\"1085\">Resolution: 1920\u00d71080 pixels<\/p>\n<\/li>\n<li data-start=\"1086\" data-end=\"1150\">\n<p data-start=\"1088\" data-end=\"1150\">Auxiliary lines: factory switched on (can be switched off)<\/p>\n<\/li>\n<li data-start=\"1151\" data-end=\"1228\">\n<p data-start=\"1153\" data-end=\"1228\">Housing: matt black plastic, stainless steel attachment<\/p>\n<\/li>\n<li data-start=\"1229\" data-end=\"1286\">\n<p data-start=\"1231\" data-end=\"1286\">Image playback: mirrored (adjustable)<\/p>\n<\/li>\n<li data-start=\"1287\" data-end=\"1311\">\n<p data-start=\"1289\" data-end=\"1311\">Protection class: IP69K<\/p>\n<\/li>\n<li data-start=\"1312\" data-end=\"1353\">\n<p data-start=\"1314\" data-end=\"1353\">Exposure: 1\/50-60 ~ 1\/15000 seconds<\/p>\n<\/li>\n<li data-start=\"1354\" data-end=\"1393\">\n<p data-start=\"1356\" data-end=\"1393\">Signal-to-noise ratio: \u226560.5 dB<\/p>\n<\/li>\n<li data-start=\"1394\" data-end=\"1415\">\n<p data-start=\"1396\" data-end=\"1415\">Dynamics: &gt;&gt;74 dB<\/p>\n<\/li>\n<li data-start=\"1416\" data-end=\"1463\">\n<p data-start=\"1418\" data-end=\"1463\">Light sensitivity: 0 Lux under IR illumination<\/p>\n<\/li>\n<li data-start=\"1464\" data-end=\"1507\">\n<p data-start=\"1466\" data-end=\"1507\">Output signal: 1.0Vp-p, 75 Ohm (AHD)<\/p>\n<\/li>\n<li data-start=\"1508\" data-end=\"1537\">\n<p data-start=\"1510\" data-end=\"1537\">Automatic white balance<\/p>\n<\/li>\n<li data-start=\"1538\" data-end=\"1578\">\n<p data-start=\"1540\" data-end=\"1578\">Automatic video level adjustment<\/p>\n<\/li>\n<li data-start=\"1579\" data-end=\"1612\">\n<p data-start=\"1581\" data-end=\"1612\">Supply voltage: 6-26 V DC<\/p>\n<\/li>\n<li data-start=\"1613\" data-end=\"1647\">\n<p data-start=\"1615\" data-end=\"1647\">Current consumption: 200-230 mA @ 12 V<\/p>\n<\/li>\n<li data-start=\"1648\" data-end=\"1708\">\n<p data-start=\"1650\" data-end=\"1708\">Viewing angle: diagonal 160\u00b0, horizontal 137\u00b0, vertical 77\u00b0<\/p>\n<\/li>\n<li data-start=\"1709\" data-end=\"1740\">\n<p data-start=\"1711\" data-end=\"1740\">Camera dimensions: 60\u00d740\u00d740 mm<\/p>\n<\/li>\n<li data-start=\"1741\" data-end=\"1783\">\n<p data-start=\"1743\" data-end=\"1783\">Dimensions of camera with handle: 72\u00d755\u00d745 mm<\/p>\n<\/li>\n<li data-start=\"1784\" data-end=\"1821\">\n<p data-start=\"1786\" data-end=\"1821\">Operating temperature: -40\u00b0C to +75\u00b0C<\/p>\n<\/li>\n<li data-start=\"1822\" data-end=\"1869\">\n<p data-start=\"1824\" data-end=\"1869\">Storage temperature: -60\u00b0C to +105\u00b0C<\/p>\n<\/li>\n<li data-start=\"1870\" data-end=\"1889\">\n<p data-start=\"1872\" data-end=\"1889\">Certification: E<\/p>\n<\/li>\n<\/ul>\n<h3 data-start=\"1891\" data-end=\"1906\">CERTIFICATES<\/h3>\n<ul data-start=\"1907\" data-end=\"2030\">\n<li data-start=\"1907\" data-end=\"1987\">\n<p data-start=\"1909\" data-end=\"1987\">CE Directive 2004\/108\/EC, EN55022:2010, EN55024:2010, Report No. STR12058091E<\/p>\n<\/li>\n<li data-start=\"1988\" data-end=\"2030\">\n<p data-start=\"1990\" data-end=\"2030\">FCC Part 15B, Report No. STR12058092E-3<\/p>\n<\/li>\n<\/ul>\n<h3 data-start=\"2032\" data-end=\"2060\">ADDITIONAL KEYWORDS<\/h3>\n<p data-start=\"2061\" data-end=\"2089\">KC201, kc201, KC202, kc202<\/p>\n<h3 data-start=\"2091\" data-end=\"2126\">ORDER INFORMATION<\/h3>\n<p data-start=\"2127\" data-end=\"2539\">This camera is a high-resolution AHD camera with 1080P resolution and 25 fps. It can only be connected to compatible monitors, car radios or interfaces.<br data-start=\"2317\" data-end=\"2320\" \/>If the camera input on your monitor only supports CVBS, FBAS or NTSC signals, this AHD camera will not be suitable - in this case, use a CVBS version with an NTSC signal, technically identical in design.<\/p>","protected":false},"excerpt":{"rendered":"<p>KCA202 Mini kamera monta\u017cowa z obiektywem szerokok\u0105tnym to kamera cofania o nieograniczonym zakresie zastosowa\u0144 \u2013 w samochodach osobowych, autobusach, kamperach, ci\u0119\u017car\u00f3wkach czy przyczepach.Matowa czarna obudowa z tworzywa sztucznego jest wyj\u0105tkowo odporna na warunki atmosferyczne, wodoodporna w klasie IP69K i bardzo solidnie wykonana. Uchwyt wykonany jest ze stali nierdzewnej malowanej proszkowo, wraz ze \u015brubami ze stali&#8230;<\/p>","protected":false},"featured_media":11711,"template":"","meta":{"_acf_changed":false,"_kad_blocks_custom_css":"","_kad_blocks_head_custom_js":"","_kad_blocks_body_custom_js":"","_kad_blocks_footer_custom_js":"","_kad_post_transparent":"default","_kad_post_title":"","_kad_post_layout":"default","_kad_post_sidebar_id":"","_kad_post_content_style":"default","_kad_post_vertical_padding":"default","_kad_post_feature":"","_kad_post_feature_position":"","_kad_post_header":false,"_kad_post_footer":false,"_kad_post_classname":""},"product_brand":[],"product_cat":[75,76],"product_tag":[],"class_list":{"0":"post-11710","1":"product","2":"type-product","3":"status-publish","4":"has-post-thumbnail","6":"product_cat-kamery-do-ciezarowek-busow","7":"product_cat-kamery-uniwersalne","9":"first","10":"instock","11":"taxable","12":"shipping-taxable","13":"product-type-simple","14":"entry","15":"content-bg","16":"loop-entry"},"acf":[],"taxonomy_info":{"product_cat":[{"value":75,"label":"Kamery do ci\u0119\u017car\u00f3wek \/ bus\u00f3w"},{"value":76,"label":"Kamery uniwersalne"}]},"featured_image_src_large":["https:\/\/www.creativ.net.pl\/wp-content\/uploads\/2025\/09\/AMPIRE-Mini-Aufbau-Rueckfahrkamera-AHD-137-10m-Kabel-SCHWARZ-KCA202_b_0.jpeg",700,700,false],"author_info":[],"comment_info":"","_links":{"self":[{"href":"https:\/\/www.creativ.net.pl\/en\/wp-json\/wp\/v2\/product\/11710","targetHints":{"allow":["GET"]}}],"collection":[{"href":"https:\/\/www.creativ.net.pl\/en\/wp-json\/wp\/v2\/product"}],"about":[{"href":"https:\/\/www.creativ.net.pl\/en\/wp-json\/wp\/v2\/types\/product"}],"wp:featuredmedia":[{"embeddable":true,"href":"https:\/\/www.creativ.net.pl\/en\/wp-json\/wp\/v2\/media\/11711"}],"wp:attachment":[{"href":"https:\/\/www.creativ.net.pl\/en\/wp-json\/wp\/v2\/media?parent=11710"}],"wp:term":[{"taxonomy":"product_brand","embeddable":true,"href":"https:\/\/www.creativ.net.pl\/en\/wp-json\/wp\/v2\/product_brand?post=11710"},{"taxonomy":"product_cat","embeddable":true,"href":"https:\/\/www.creativ.net.pl\/en\/wp-json\/wp\/v2\/product_cat?post=11710"},{"taxonomy":"product_tag","embeddable":true,"href":"https:\/\/www.creativ.net.pl\/en\/wp-json\/wp\/v2\/product_tag?post=11710"}],"curies":[{"name":"wp","href":"https:\/\/api.w.org\/{rel}","templated":true}]}}