{"id":11627,"date":"2025-08-28T15:27:50","date_gmt":"2025-08-28T13:27:50","guid":{"rendered":"https:\/\/www.creativ.net.pl\/?post_type=product&#038;p=11627"},"modified":"2026-04-16T12:08:51","modified_gmt":"2026-04-16T10:08:51","slug":"przewod-zasilajacy-ampire-xsk10-red-35m","status":"publish","type":"product","link":"https:\/\/www.creativ.net.pl\/en\/product\/przewod-zasilajacy-ampire-xsk10-red-35m\/","title":{"rendered":"Power cable AMPIRE XSK10 RED\/ 35m"},"content":{"rendered":"<p>High-performance black 10mm2 power cable, X-Link series, premium quality.<\/p>\n<p>Technical data:<\/p>\n<ul>\n<li>Section 10mm\u00b2<\/li>\n<li>Bolted construction, 0.20 mm x 322 single wires<\/li>\n<li>Diameter 4.45 mm<\/li>\n<li>Resistance 1.85 Ohm\/km<\/li>\n<li>Copper weight 96 kg\/km<\/li>\n<li>99.9% electrolytic copper, soft, purified (OFC)<\/li>\n<li>Insulation colour: Red<\/li>\n<li>Outer diameter 6,2 mm \u00b1 0,20<\/li>\n<li>Soft-touch surface (matt\/frosted)<\/li>\n<li>Robust, flexible and oil-resistant insulation<\/li>\n<li>Vehicle cable insulation 60 Volt DC or 25 Volt AC<\/li>\n<li>ISO 6722-1, Class A<\/li>\n<li>Shore hardness approximately A68<\/li>\n<li>Weight 120 kg\/km<\/li>\n<li>Temperature range -40\u00b0C to +90\u00b0C<\/li>\n<li>Sale by reel only\/ Length of cable on reel: 35 m<\/li>\n<li>Spool 27 cm in diameter and 9 cm wide<\/li>\n<li>Made in Germany<\/li>\n<\/ul>\n<p>What is the difference between OFCu and ECu copper?<br \/>\nThe difference is due to the production of the individual wires, with OFCu (99.95% purity) being referred to as oxygen-free (non-oxygenated) copper and ECu (99.90% purity) as oxygen-containing copper.<br \/>\nOFCu copper is used for single wires from 0.07 to 0.15 mm in diameter, and ECu copper is used for wires from 0.20 to 0.30 mm in diameter.<\/p>\n<p>Price quoted per spool of 35m<\/p>","protected":false},"excerpt":{"rendered":"<p>Wysokowydajny czarny kabel zasilaj\u0105cy 10mm2, seria X-Link, jako\u015b\u0107 premium. Dane techniczne: Przekr\u00f3j 10mm\u00b2 Konstrukcja skr\u0119cana, 0,20 mm x 322 pojedyncze druty \u015arednica 4,45 mm Rezystancja 1,85 Ohm\/km Waga miedzi 96 kg\/km 99,9% mied\u017a elektrolityczna, mi\u0119kka, oczyszczona (OFC) Kolor izolacji: Czerwony \u015arednica zewn\u0119trzna 6,2 mm \u00b1 0,20 Powierzchnia Soft-Touch (matowa\/frostowana) Wytrzyma\u0142a, elastyczna i odporna na olej&#8230;<\/p>","protected":false},"featured_media":11628,"template":"","meta":{"_acf_changed":false,"_kad_blocks_custom_css":"","_kad_blocks_head_custom_js":"","_kad_blocks_body_custom_js":"","_kad_blocks_footer_custom_js":"","_kad_post_transparent":"default","_kad_post_title":"","_kad_post_layout":"default","_kad_post_sidebar_id":"","_kad_post_content_style":"default","_kad_post_vertical_padding":"default","_kad_post_feature":"","_kad_post_feature_position":"","_kad_post_header":false,"_kad_post_footer":false,"_kad_post_classname":""},"product_brand":[],"product_cat":[45],"product_tag":[],"class_list":{"0":"post-11627","1":"product","2":"type-product","3":"status-publish","4":"has-post-thumbnail","6":"product_cat-10-mm2","8":"first","9":"onbackorder","10":"taxable","11":"shipping-taxable","12":"product-type-simple","13":"entry","14":"content-bg","15":"loop-entry"},"acf":[],"taxonomy_info":{"product_cat":[{"value":45,"label":"10 mm2"}]},"featured_image_src_large":["https:\/\/www.creativ.net.pl\/wp-content\/uploads\/2025\/08\/AMPIRE-Stromkabel-rot-10mm-7AWG-35m-Spule-Kupfer-XSK10-RED_b_0.jpeg",600,600,false],"author_info":[],"comment_info":"","_links":{"self":[{"href":"https:\/\/www.creativ.net.pl\/en\/wp-json\/wp\/v2\/product\/11627","targetHints":{"allow":["GET"]}}],"collection":[{"href":"https:\/\/www.creativ.net.pl\/en\/wp-json\/wp\/v2\/product"}],"about":[{"href":"https:\/\/www.creativ.net.pl\/en\/wp-json\/wp\/v2\/types\/product"}],"wp:featuredmedia":[{"embeddable":true,"href":"https:\/\/www.creativ.net.pl\/en\/wp-json\/wp\/v2\/media\/11628"}],"wp:attachment":[{"href":"https:\/\/www.creativ.net.pl\/en\/wp-json\/wp\/v2\/media?parent=11627"}],"wp:term":[{"taxonomy":"product_brand","embeddable":true,"href":"https:\/\/www.creativ.net.pl\/en\/wp-json\/wp\/v2\/product_brand?post=11627"},{"taxonomy":"product_cat","embeddable":true,"href":"https:\/\/www.creativ.net.pl\/en\/wp-json\/wp\/v2\/product_cat?post=11627"},{"taxonomy":"product_tag","embeddable":true,"href":"https:\/\/www.creativ.net.pl\/en\/wp-json\/wp\/v2\/product_tag?post=11627"}],"curies":[{"name":"wp","href":"https:\/\/api.w.org\/{rel}","templated":true}]}}