{"id":11620,"date":"2025-08-27T13:26:49","date_gmt":"2025-08-27T11:26:49","guid":{"rendered":"https:\/\/www.creativ.net.pl\/?post_type=product&#038;p=11620"},"modified":"2026-04-15T10:40:06","modified_gmt":"2026-04-15T08:40:06","slug":"rozdzielacz-stinger-shd820","status":"publish","type":"product","link":"https:\/\/www.creativ.net.pl\/en\/product\/rozdzielacz-stinger-shd820\/","title":{"rendered":"Stinger SHD820 distributor"},"content":{"rendered":"<p data-start=\"54\" data-end=\"112\">Luminaire for two fuse type <strong data-start=\"86\" data-end=\"98\">Mini-ANL<\/strong> (20-175 A).<\/p>\n<ul data-start=\"113\" data-end=\"292\">\n<li data-start=\"113\" data-end=\"140\">\n<p data-start=\"115\" data-end=\"140\"><strong data-start=\"115\" data-end=\"127\">Input:<\/strong> 1 \u00d7 53 mm\u00b2<\/p>\n<\/li>\n<li data-start=\"141\" data-end=\"292\">\n<p data-start=\"143\" data-end=\"292\"><strong data-start=\"143\" data-end=\"155\">Outputs:<\/strong> 2 \u00d7 21 mm\u00b2<br data-start=\"166\" data-end=\"169\" \/>Transparent, snap-on cover.<br data-start=\"204\" data-end=\"207\" \/>Fixing of fuses with Allen screws.<br data-start=\"257\" data-end=\"260\" \/>Satin matte finish.<\/p>\n<\/li>\n<\/ul>\n<p data-start=\"294\" data-end=\"334\">\u26a0\ufe0f Fuses must be purchased separately.<\/p>","protected":false},"excerpt":{"rendered":"<p>Oprawa na dwa bezpieczniki typu Mini-ANL (20\u2013175 A). Wej\u015bcie: 1 \u00d7 53 mm\u00b2 Wyj\u015bcia: 2 \u00d7 21 mm\u00b2Przezroczysta, zatrzaskowa pokrywa.Mocowanie bezpiecznik\u00f3w za pomoc\u0105 \u015brub imbusowych.Wyko\u0144czenie w satynowym macie. \u26a0\ufe0f Bezpieczniki nale\u017cy dokupi\u0107 osobno.<\/p>","protected":false},"featured_media":11621,"template":"","meta":{"_acf_changed":false,"_kad_blocks_custom_css":"","_kad_blocks_head_custom_js":"","_kad_blocks_body_custom_js":"","_kad_blocks_footer_custom_js":"","_kad_post_transparent":"default","_kad_post_title":"","_kad_post_layout":"default","_kad_post_sidebar_id":"","_kad_post_content_style":"default","_kad_post_vertical_padding":"default","_kad_post_feature":"","_kad_post_feature_position":"","_kad_post_header":false,"_kad_post_footer":false,"_kad_post_classname":""},"product_brand":[],"product_cat":[33],"product_tag":[],"class_list":{"0":"post-11620","1":"product","2":"type-product","3":"status-publish","4":"has-post-thumbnail","6":"product_cat-rozdzielacze-zasilania-bezpieczniki","8":"first","9":"instock","10":"taxable","11":"shipping-taxable","12":"product-type-simple","13":"entry","14":"content-bg","15":"loop-entry"},"acf":[],"taxonomy_info":{"product_cat":[{"value":33,"label":"Rozdzielacze zasilania \/ bezpieczniki"}]},"featured_image_src_large":["https:\/\/www.creativ.net.pl\/wp-content\/uploads\/2025\/08\/SHD820-1.webp",800,800,false],"author_info":[],"comment_info":"","_links":{"self":[{"href":"https:\/\/www.creativ.net.pl\/en\/wp-json\/wp\/v2\/product\/11620","targetHints":{"allow":["GET"]}}],"collection":[{"href":"https:\/\/www.creativ.net.pl\/en\/wp-json\/wp\/v2\/product"}],"about":[{"href":"https:\/\/www.creativ.net.pl\/en\/wp-json\/wp\/v2\/types\/product"}],"wp:featuredmedia":[{"embeddable":true,"href":"https:\/\/www.creativ.net.pl\/en\/wp-json\/wp\/v2\/media\/11621"}],"wp:attachment":[{"href":"https:\/\/www.creativ.net.pl\/en\/wp-json\/wp\/v2\/media?parent=11620"}],"wp:term":[{"taxonomy":"product_brand","embeddable":true,"href":"https:\/\/www.creativ.net.pl\/en\/wp-json\/wp\/v2\/product_brand?post=11620"},{"taxonomy":"product_cat","embeddable":true,"href":"https:\/\/www.creativ.net.pl\/en\/wp-json\/wp\/v2\/product_cat?post=11620"},{"taxonomy":"product_tag","embeddable":true,"href":"https:\/\/www.creativ.net.pl\/en\/wp-json\/wp\/v2\/product_tag?post=11620"}],"curies":[{"name":"wp","href":"https:\/\/api.w.org\/{rel}","templated":true}]}}