{"id":11610,"date":"2025-08-26T15:29:26","date_gmt":"2025-08-26T13:29:26","guid":{"rendered":"https:\/\/www.creativ.net.pl\/?post_type=product&#038;p=11610"},"modified":"2026-03-24T13:49:59","modified_gmt":"2026-03-24T12:49:59","slug":"rejestrator-jazdy-vueroid-zero-fhd-2ch-32gb","status":"publish","type":"product","link":"https:\/\/www.creativ.net.pl\/en\/product\/rejestrator-jazdy-vueroid-zero-fhd-2ch-32gb\/","title":{"rendered":"Vueroid Zero FHD 2CH Driving Recorder - 32GB"},"content":{"rendered":"<p>The Zero from Vueroid features a refined Full HD resolution, optimised by ISP tuning technology. This ensures the most reliable and essential recording quality for your video recorder.<\/p>\n<h3 class=\"kt-adv-heading35_009f48-ff wp-block-kadence-advancedheading\" data-kb-block=\"kb-adv-heading35_009f48-ff\">A new level of quality<\/h3>\n<p class=\"has-text-align-center\">STARVIS 2 offers exceptionally high sensitivity, enabling clearer and more detailed images to be captured even in low light conditions. Thanks to its ultra-sensitive design, it enables precise recognition of number plates, road signs and pedestrians during night driving.<\/p>\n<h3>Maintain image visibility in extreme lighting conditions<\/h3>\n<p>VUEROID HDR technology ensures clear and vivid footage in all driving conditions, enabling every detail of the event to be captured, even in extremely high brightness.<\/p>\n<h3>Night Vision<\/h3>\n<p>Night Vision automatically analyses the ambient brightness. When light levels are too low, the system adjusts the brightness for optimum image quality.<\/p>\n<h2 class=\"kt-adv-heading35_42b6b1-89 wp-block-kadence-advancedheading\" data-kb-block=\"kb-adv-heading35_42b6b1-89\">Peace of mind with parking mode<\/h2>\n<p class=\"has-text-align-left\">The parking surveillance mode starts automatically when the ignition is switched off and starts recording as soon as movement or sudden bumps or collisions are detected, thanks to the built-in G-sensor.<\/p>\n<h2 class=\"kt-adv-heading35_4241df-b3 wp-block-kadence-advancedheading\" data-kb-block=\"kb-adv-heading35_4241df-b3\">Protection against overheating<\/h2>\n<p>When the temperature inside the vehicle rises, the device goes into energy-saving mode to prevent overheating. When an event is detected, it automatically wakes up and starts recording, so that no important moment is missed.<\/p>\n<div class=\"wp-block-kadence-column kadence-column35_e7859c-44\">\n<div class=\"kt-inside-inner-col\">\n<figure class=\"wp-block-kadence-image kb-image35_759b0f-d6\"><img decoding=\"async\" class=\"kb-img wp-image-82 entered lazyloaded\" src=\"https:\/\/spcdn.shortpixel.ai\/spio\/ret_img,q_cdnize,to_auto,s_webp:avif\/vueroid.net.pl\/wp-content\/uploads\/2025\/03\/memory01.png\" alt=\"\" width=\"120\" height=\"102\" data-lazy-src=\"https:\/\/spcdn.shortpixel.ai\/spio\/ret_img,q_cdnize,to_auto,s_webp:avif\/vueroid.net.pl\/wp-content\/uploads\/2025\/03\/memory01.png\" data-ll-status=\"loaded\" \/><\/figure>\n<h4 class=\"kt-adv-heading35_79ca88-15 wp-block-kadence-advancedheading\" data-kb-block=\"kb-adv-heading35_79ca88-15\">Without<br \/>\nformatting<\/h4>\n<p class=\"kt-adv-heading35_f8e7ed-1a wp-block-kadence-advancedheading\" data-kb-block=\"kb-adv-heading35_f8e7ed-1a\">Video files are saved and overwritten in an optimised order, effectively extending the life of the memory card and eliminating the need for manual formatting.<\/p>\n<\/div>\n<\/div>\n<div class=\"wp-block-kadence-column kadence-column35_841498-2a\">\n<div class=\"kt-inside-inner-col\">\n<figure class=\"wp-block-kadence-image kb-image35_1d6f71-01\"><img decoding=\"async\" class=\"kb-img wp-image-85 entered lazyloaded\" src=\"https:\/\/spcdn.shortpixel.ai\/spio\/ret_img,q_cdnize,to_auto,s_webp:avif\/vueroid.net.pl\/wp-content\/uploads\/2025\/03\/wifi.png\" alt=\"\" width=\"120\" height=\"102\" data-lazy-src=\"https:\/\/spcdn.shortpixel.ai\/spio\/ret_img,q_cdnize,to_auto,s_webp:avif\/vueroid.net.pl\/wp-content\/uploads\/2025\/03\/wifi.png\" data-ll-status=\"loaded\" \/><\/figure>\n<h4 class=\"kt-adv-heading35_5bf044-3c wp-block-kadence-advancedheading\" data-kb-block=\"kb-adv-heading35_5bf044-3c\">Sharing and downloading recordings<\/h4>\n<p class=\"kt-adv-heading35_e8e25a-8d wp-block-kadence-advancedheading\" data-kb-block=\"kb-adv-heading35_e8e25a-8d\">With the VUEROID app and Wi-Fi connectivity, you can easily share recordings and download them directly to your device.<\/p>\n<\/div>\n<\/div>\n<div class=\"wp-block-kadence-column kadence-column35_f8db1c-75\">\n<div class=\"kt-inside-inner-col\">\n<figure class=\"wp-block-kadence-image kb-image35_82cc1c-d0\"><img decoding=\"async\" class=\"kb-img wp-image-133 entered lazyloaded\" src=\"https:\/\/spcdn.shortpixel.ai\/spio\/ret_img,q_cdnize,to_auto,s_webp:avif\/vueroid.net.pl\/wp-content\/uploads\/2025\/03\/vueroid_icon.png\" alt=\"\" width=\"120\" height=\"102\" data-lazy-src=\"https:\/\/spcdn.shortpixel.ai\/spio\/ret_img,q_cdnize,to_auto,s_webp:avif\/vueroid.net.pl\/wp-content\/uploads\/2025\/03\/vueroid_icon.png\" data-ll-status=\"loaded\" \/><\/figure>\n<h4 class=\"kt-adv-heading35_f02d5d-97 wp-block-kadence-advancedheading\" data-kb-block=\"kb-adv-heading35_f02d5d-97\">Software updates<\/h4>\n<p class=\"kt-adv-heading35_ddea4b-37 wp-block-kadence-advancedheading\" data-kb-block=\"kb-adv-heading35_ddea4b-37\">With the help of the VUEROID app, software updates are quick and convenient - allowing new features and improvements to the video recorder to be implemented instantly.<\/p>\n<\/div>\n<\/div>\n<div class=\"wp-block-kadence-column kadence-column35_a16412-a2\">\n<div class=\"kt-inside-inner-col\">\n<figure class=\"wp-block-kadence-image kb-image35_7a6b41-66\"><img decoding=\"async\" class=\"kb-img wp-image-86 entered lazyloaded\" src=\"https:\/\/spcdn.shortpixel.ai\/spio\/ret_img,q_cdnize,to_auto,s_webp:avif\/vueroid.net.pl\/wp-content\/uploads\/2025\/03\/vueroid_icon1.png\" alt=\"\" width=\"120\" height=\"102\" data-lazy-src=\"https:\/\/spcdn.shortpixel.ai\/spio\/ret_img,q_cdnize,to_auto,s_webp:avif\/vueroid.net.pl\/wp-content\/uploads\/2025\/03\/vueroid_icon1.png\" data-ll-status=\"loaded\" \/><\/figure>\n<h4 class=\"kt-adv-heading35_9ab723-1e wp-block-kadence-advancedheading\" data-kb-block=\"kb-adv-heading35_9ab723-1e\">Analysis of incident recordings<\/h4>\n<p class=\"kt-adv-heading35_f6eb5a-b8 wp-block-kadence-advancedheading\" data-kb-block=\"kb-adv-heading35_f6eb5a-b8\">The recordings can be played back in the dedicated PC Viewer programme, with playback speed adjustable. In addition, it is possible to check driving speed, G-sensor data and vehicle location history on a map.<\/p>\n<h2 class=\"kt-adv-heading35_2b8b39-ac wp-block-kadence-advancedheading\" data-kb-block=\"kb-adv-heading35_2b8b39-ac\">Specification<\/h2>\n<figure class=\"wp-block-table is-style-stripes\">\n<table class=\"has-fixed-layout\">\n<thead>\n<tr>\n<th>Parameters<\/th>\n<th>Specification<\/th>\n<\/tr>\n<\/thead>\n<tbody>\n<tr>\n<td>Matrix \/ Resolution<\/td>\n<td>Front - SONY Starvis (IMX307) (1920 \u00d7 1080 @ 30 fps)<br \/>\nRear - CMOS sensor (1920 \u00d7 1080 @ 30 fps)<\/td>\n<\/tr>\n<tr>\n<td>Viewing angle<\/td>\n<td>Front - (D)145.2\u00b0 \u00d7 (H)117\u00b0 \u00d7 (V)59.5\u00b0<br \/>\nRear - (D)128\u00b0 \u00d7 (H)105.7\u00b0 \u00d7 (V)55.2\u00b0<\/td>\n<\/tr>\n<tr>\n<td>Display<\/td>\n<td>None (No LCD)<\/td>\n<\/tr>\n<tr>\n<td>Memory card<\/td>\n<td>Micro SD (16GB \/ 32GB \/ 64GB \/ 128GB \/ 256GB)<\/td>\n<\/tr>\n<tr>\n<td>GPS<\/td>\n<td>No<\/td>\n<\/tr>\n<tr>\n<td>Wi-Fi<\/td>\n<td>External Wi-Fi (USB - dongle type)<\/td>\n<\/tr>\n<tr>\n<td>LEDs<\/td>\n<td>Front - safety and status LED<br \/>\nRear - safety LED<\/td>\n<\/tr>\n<tr>\n<td>Sensor G<\/td>\n<td>3-axis acceleration sensor, range +2g \/ -2g<\/td>\n<\/tr>\n<tr>\n<td>Speaker<\/td>\n<td>Built-in loudspeaker (voice announcements)<\/td>\n<\/tr>\n<tr>\n<td>Microphone<\/td>\n<td>Built-in microphone<\/td>\n<\/tr>\n<tr>\n<td>Video codec<\/td>\n<td>H.264 High Profile<\/td>\n<\/tr>\n<tr>\n<td>Recording modes<\/td>\n<td>Normal \/ Event \/ Manual \/ Parking (Motion and Time-lapse)<\/td>\n<\/tr>\n<tr>\n<td>Dimensions - front camera<\/td>\n<td>112 mm (W) \u00d7 72 mm (H) \u00d7 35 mm (D)<\/td>\n<\/tr>\n<tr>\n<td>Dimensions - Rear camera<\/td>\n<td>52 mm (W) \u00d7 29 mm (H) \u00d7 42 mm (D)<\/td>\n<\/tr>\n<tr>\n<td>Weight<\/td>\n<td>Front - 107.5 g \/ Rear - 28 g<\/td>\n<\/tr>\n<tr>\n<td>Power supply<\/td>\n<td>DC 12V ~ 24V<\/td>\n<\/tr>\n<tr>\n<td>Power consumption<\/td>\n<td>Max. 4.0 W (12V)<\/td>\n<\/tr>\n<tr>\n<td>Operating temperature<\/td>\n<td>-20\u00b0C ~ 70\u00b0C (-4\u00b0F ~ 158\u00b0F)<\/td>\n<\/tr>\n<tr>\n<td>Temperature protection<\/td>\n<td>Cut-off at approx. 70\u00b0C (158\u00b0F) \/ Battery discharge protection<\/td>\n<\/tr>\n<\/tbody>\n<\/table>\n<\/figure>\n<\/div>\n<\/div>","protected":false},"excerpt":{"rendered":"<p>Model Zero od Vueroid cechuje dopracowana rozdzielczo\u015b\u0107 Full HD, zoptymalizowana dzi\u0119ki technologii ISP tuning. Zapewnia to najbardziej niezawodn\u0105 i niezb\u0119dn\u0105 jako\u015b\u0107 nagra\u0144 dla Twojego wideorejestratora. Nowy poziom jako\u015bci STARVIS 2 oferuje wyj\u0105tkowo wysok\u0105 czu\u0142o\u015b\u0107, umo\u017cliwiaj\u0105c rejestrowanie wyra\u017aniejszych i bardziej szczeg\u00f3\u0142owych obraz\u00f3w nawet w warunkach s\u0142abego o\u015bwietlenia. Dzi\u0119ki ultraczu\u0142ej konstrukcji umo\u017cliwia precyzyjne rozpoznawanie tablic rejestracyjnych, znak\u00f3w&#8230;<\/p>","protected":false},"featured_media":11611,"template":"","meta":{"_acf_changed":false,"_kad_blocks_custom_css":"","_kad_blocks_head_custom_js":"","_kad_blocks_body_custom_js":"","_kad_blocks_footer_custom_js":"","_kad_post_transparent":"default","_kad_post_title":"","_kad_post_layout":"default","_kad_post_sidebar_id":"","_kad_post_content_style":"default","_kad_post_vertical_padding":"default","_kad_post_feature":"","_kad_post_feature_position":"","_kad_post_header":false,"_kad_post_footer":false,"_kad_post_classname":""},"product_brand":[],"product_cat":[79],"product_tag":[],"class_list":{"0":"post-11610","1":"product","2":"type-product","3":"status-publish","4":"has-post-thumbnail","6":"product_cat-na-przod-i-tyl","8":"first","9":"instock","10":"taxable","11":"shipping-taxable","12":"product-type-simple","13":"entry","14":"content-bg","15":"loop-entry"},"acf":[],"taxonomy_info":{"product_cat":[{"value":79,"label":"Na prz\u00f3d i ty\u0142"}]},"featured_image_src_large":["https:\/\/www.creativ.net.pl\/wp-content\/uploads\/2025\/08\/zero-2ch-product_box-1024x606.jpg",1024,606,true],"author_info":[],"comment_info":"","_links":{"self":[{"href":"https:\/\/www.creativ.net.pl\/en\/wp-json\/wp\/v2\/product\/11610","targetHints":{"allow":["GET"]}}],"collection":[{"href":"https:\/\/www.creativ.net.pl\/en\/wp-json\/wp\/v2\/product"}],"about":[{"href":"https:\/\/www.creativ.net.pl\/en\/wp-json\/wp\/v2\/types\/product"}],"wp:featuredmedia":[{"embeddable":true,"href":"https:\/\/www.creativ.net.pl\/en\/wp-json\/wp\/v2\/media\/11611"}],"wp:attachment":[{"href":"https:\/\/www.creativ.net.pl\/en\/wp-json\/wp\/v2\/media?parent=11610"}],"wp:term":[{"taxonomy":"product_brand","embeddable":true,"href":"https:\/\/www.creativ.net.pl\/en\/wp-json\/wp\/v2\/product_brand?post=11610"},{"taxonomy":"product_cat","embeddable":true,"href":"https:\/\/www.creativ.net.pl\/en\/wp-json\/wp\/v2\/product_cat?post=11610"},{"taxonomy":"product_tag","embeddable":true,"href":"https:\/\/www.creativ.net.pl\/en\/wp-json\/wp\/v2\/product_tag?post=11610"}],"curies":[{"name":"wp","href":"https:\/\/api.w.org\/{rel}","templated":true}]}}