{"id":11574,"date":"2025-08-25T15:36:08","date_gmt":"2025-08-25T13:36:08","guid":{"rendered":"https:\/\/www.creativ.net.pl\/?post_type=product&#038;p=11574"},"modified":"2026-03-26T14:05:05","modified_gmt":"2026-03-26T13:05:05","slug":"kamera-ampire-kcx602","status":"publish","type":"product","link":"https:\/\/www.creativ.net.pl\/en\/product\/kamera-ampire-kcx602\/","title":{"rendered":"Ampire KCX602 camera"},"content":{"rendered":"<h3 data-start=\"41\" data-end=\"91\">KCX602 Miniature ultra-wide-angle camera<\/h3>\n<p data-start=\"92\" data-end=\"720\">Model <strong data-start=\"98\" data-end=\"108\">KCX602<\/strong> is a reversing camera with an almost unlimited range of applications - suitable for cars, buses, campervans, trucks or trailers. The matt black plastic housing is extremely weatherproof, completely waterproof in class <strong data-start=\"394\" data-end=\"403\">IP69K<\/strong> and very solidly constructed. There is a choice of two different types of auxiliary lines (narrow\/wide), which can be displayed on the video image to make manoeuvring and parking easier. Complete wiring is included with <strong data-start=\"638\" data-end=\"666\">8-metre extension cable<\/strong> made of high-quality copper wires.<\/p>\n<hr data-start=\"722\" data-end=\"725\" \/>\n<h3 data-start=\"727\" data-end=\"748\">TECHNICAL DATA<\/h3>\n<ul data-start=\"749\" data-end=\"1812\">\n<li data-start=\"749\" data-end=\"826\">\n<p data-start=\"751\" data-end=\"826\">2 auxiliary line modes: on by default (can be switched off)<\/p>\n<\/li>\n<li data-start=\"827\" data-end=\"905\">\n<p data-start=\"829\" data-end=\"905\">Matt black plastic housing + stainless steel handle<\/p>\n<\/li>\n<li data-start=\"906\" data-end=\"955\">\n<p data-start=\"908\" data-end=\"955\">Mirror image (adjustable)<\/p>\n<\/li>\n<li data-start=\"956\" data-end=\"1011\">\n<p data-start=\"958\" data-end=\"1011\">Image rotated by 180\u00b0 (adjustable)<\/p>\n<\/li>\n<li data-start=\"1012\" data-end=\"1077\">\n<p data-start=\"1014\" data-end=\"1077\">Image sensor type: 1\/4\" 1233 HD Color CMOS Low Light Sensor<\/p>\n<\/li>\n<li data-start=\"1078\" data-end=\"1125\">\n<p data-start=\"1080\" data-end=\"1125\">Video signal format: <strong data-start=\"1102\" data-end=\"1110\">NTSC<\/strong>, 60 fps<\/p>\n<\/li>\n<li data-start=\"1126\" data-end=\"1164\">\n<p data-start=\"1128\" data-end=\"1164\">Resolution: 960H \u00d7 480V pixels<\/p>\n<\/li>\n<li data-start=\"1165\" data-end=\"1193\">\n<p data-start=\"1167\" data-end=\"1193\">Protection class: <strong data-start=\"1182\" data-end=\"1191\">IP69K<\/strong><\/p>\n<\/li>\n<li data-start=\"1194\" data-end=\"1233\">\n<p data-start=\"1196\" data-end=\"1233\">Horizontal resolution: 800 TVL<\/p>\n<\/li>\n<li data-start=\"1234\" data-end=\"1276\">\n<p data-start=\"1236\" data-end=\"1276\">Exposure time: 1\/50-60 ~ 1\/15000 s<\/p>\n<\/li>\n<li data-start=\"1277\" data-end=\"1314\">\n<p data-start=\"1279\" data-end=\"1314\">Signal-to-noise ratio: \u226546 dB<\/p>\n<\/li>\n<li data-start=\"1315\" data-end=\"1342\">\n<p data-start=\"1317\" data-end=\"1342\">Dynamic range: &gt;74 dB<\/p>\n<\/li>\n<li data-start=\"1343\" data-end=\"1381\">\n<p data-start=\"1345\" data-end=\"1381\">Light sensitivity: &lt;0.01 Lux \/ F1.2<\/p>\n<\/li>\n<li data-start=\"1382\" data-end=\"1416\">\n<p data-start=\"1384\" data-end=\"1416\">Signal output: 1.0Vp-p, 75 \u03a9<\/p>\n<\/li>\n<li data-start=\"1417\" data-end=\"1446\">\n<p data-start=\"1419\" data-end=\"1446\">Automatic white balance<\/p>\n<\/li>\n<li data-start=\"1447\" data-end=\"1487\">\n<p data-start=\"1449\" data-end=\"1487\">Automatic video level adjustment<\/p>\n<\/li>\n<li data-start=\"1488\" data-end=\"1521\">\n<p data-start=\"1490\" data-end=\"1521\">Supply voltage: 6-26 V DC<\/p>\n<\/li>\n<li data-start=\"1522\" data-end=\"1547\">\n<p data-start=\"1524\" data-end=\"1547\">Current consumption: 25-55 mA<\/p>\n<\/li>\n<li data-start=\"1548\" data-end=\"1640\">\n<p data-start=\"1550\" data-end=\"1565\">Viewing angle:<\/p>\n<ul data-start=\"1568\" data-end=\"1640\">\n<li data-start=\"1568\" data-end=\"1592\">\n<p data-start=\"1570\" data-end=\"1592\"><strong data-start=\"1570\" data-end=\"1585\">diagonal:<\/strong> 210\u00b0<\/p>\n<\/li>\n<li data-start=\"1595\" data-end=\"1616\">\n<p data-start=\"1597\" data-end=\"1616\"><strong data-start=\"1597\" data-end=\"1609\">levels:<\/strong> 195\u00b0<\/p>\n<\/li>\n<li data-start=\"1619\" data-end=\"1640\">\n<p data-start=\"1621\" data-end=\"1640\"><strong data-start=\"1621\" data-end=\"1633\">vertical:<\/strong> 142\u00b0<\/p>\n<\/li>\n<\/ul>\n<\/li>\n<li data-start=\"1641\" data-end=\"1693\">\n<p data-start=\"1643\" data-end=\"1693\">Camera dimensions: 25.8 \u00d7 28.2 mm, height 20.8 mm<\/p>\n<\/li>\n<li data-start=\"1694\" data-end=\"1737\">\n<p data-start=\"1696\" data-end=\"1737\">Operating temperature range: -40\u00b0C to +75\u00b0C<\/p>\n<\/li>\n<li data-start=\"1738\" data-end=\"1791\">\n<p data-start=\"1740\" data-end=\"1791\">Storage temperature range: -60\u00b0C to +105\u00b0C<\/p>\n<\/li>\n<li data-start=\"1792\" data-end=\"1812\">\n<p data-start=\"1794\" data-end=\"1812\">Certificate <strong data-start=\"1805\" data-end=\"1810\">E<\/strong><\/p>\n<\/li>\n<\/ul>","protected":false},"excerpt":{"rendered":"<p>KCX602 Miniaturowa kamera ultra-szerokok\u0105tna Model KCX602 to kamera cofania o niemal nieograniczonym zakresie zastosowania \u2013 sprawdzi si\u0119 w samochodach osobowych, autobusach, kamperach, ci\u0119\u017car\u00f3wkach czy przyczepach. Matowa, czarna obudowa z tworzywa sztucznego jest wyj\u0105tkowo odporna na warunki atmosferyczne, ca\u0142kowicie wodoszczelna w klasie IP69K i bardzo solidnie wykonana. Do wyboru dost\u0119pne s\u0105 dwa r\u00f3\u017cne rodzaje linii pomocniczych&#8230;<\/p>","protected":false},"featured_media":11581,"template":"","meta":{"_acf_changed":false,"_kad_blocks_custom_css":"","_kad_blocks_head_custom_js":"","_kad_blocks_body_custom_js":"","_kad_blocks_footer_custom_js":"","_kad_post_transparent":"default","_kad_post_title":"","_kad_post_layout":"default","_kad_post_sidebar_id":"","_kad_post_content_style":"default","_kad_post_vertical_padding":"default","_kad_post_feature":"","_kad_post_feature_position":"","_kad_post_header":false,"_kad_post_footer":false,"_kad_post_classname":""},"product_brand":[],"product_cat":[76],"product_tag":[],"class_list":{"0":"post-11574","1":"product","2":"type-product","3":"status-publish","4":"has-post-thumbnail","6":"product_cat-kamery-uniwersalne","8":"first","9":"instock","10":"taxable","11":"shipping-taxable","12":"product-type-simple","13":"entry","14":"content-bg","15":"loop-entry"},"acf":[],"taxonomy_info":{"product_cat":[{"value":76,"label":"Kamery uniwersalne"}]},"featured_image_src_large":["https:\/\/www.creativ.net.pl\/wp-content\/uploads\/2025\/08\/AMPIRE-Mini-Rueckfahrkamera-CVBS-195-KCX602_b_5.jpeg",1000,1000,false],"author_info":[],"comment_info":"","_links":{"self":[{"href":"https:\/\/www.creativ.net.pl\/en\/wp-json\/wp\/v2\/product\/11574","targetHints":{"allow":["GET"]}}],"collection":[{"href":"https:\/\/www.creativ.net.pl\/en\/wp-json\/wp\/v2\/product"}],"about":[{"href":"https:\/\/www.creativ.net.pl\/en\/wp-json\/wp\/v2\/types\/product"}],"wp:featuredmedia":[{"embeddable":true,"href":"https:\/\/www.creativ.net.pl\/en\/wp-json\/wp\/v2\/media\/11581"}],"wp:attachment":[{"href":"https:\/\/www.creativ.net.pl\/en\/wp-json\/wp\/v2\/media?parent=11574"}],"wp:term":[{"taxonomy":"product_brand","embeddable":true,"href":"https:\/\/www.creativ.net.pl\/en\/wp-json\/wp\/v2\/product_brand?post=11574"},{"taxonomy":"product_cat","embeddable":true,"href":"https:\/\/www.creativ.net.pl\/en\/wp-json\/wp\/v2\/product_cat?post=11574"},{"taxonomy":"product_tag","embeddable":true,"href":"https:\/\/www.creativ.net.pl\/en\/wp-json\/wp\/v2\/product_tag?post=11574"}],"curies":[{"name":"wp","href":"https:\/\/api.w.org\/{rel}","templated":true}]}}