{"id":11560,"date":"2025-08-25T14:01:07","date_gmt":"2025-08-25T12:01:07","guid":{"rendered":"https:\/\/www.creativ.net.pl\/?post_type=product&#038;p=11560"},"modified":"2025-12-29T13:29:10","modified_gmt":"2025-12-29T12:29:10","slug":"filtr-do-kamery-cofania-ampire-ac-pnf-rvc","status":"publish","type":"product","link":"https:\/\/www.creativ.net.pl\/en\/product\/filtr-do-kamery-cofania-ampire-ac-pnf-rvc\/","title":{"rendered":"Reversing camera filter AMPIRE AC-PNF-RVC"},"content":{"rendered":"<h3 data-start=\"48\" data-end=\"112\">Reversing camera stabiliser: At last a distortion-free image!<\/h3>\n<p data-start=\"113\" data-end=\"513\">Do you have a problem with flickering or interference in the image of your reversing camera? Many modern cars use pulsed reversing lights (known as PWM signals), which can interfere with the camera's power supply. Model <strong data-start=\"323\" data-end=\"338\">AC-PNF-RVC2<\/strong> is the ideal solution to this problem. As an enhanced reverse signal stabiliser, it filters out reverse light power interference and provides a clean, stable current source.<\/p>\n<h3 data-start=\"515\" data-end=\"568\">More than just a filter: versatile and efficient<\/h3>\n<p data-start=\"569\" data-end=\"906\">This filter for reversing cameras is only required for vehicles with pulse-controlled reversing lights and allows the reversing lamp power supply to be used as a stable switching signal or as a reliable power source for the camera (up to 1A). This makes the installation of the reversing camera much simpler and more reliable.<\/p>\n<h3 data-start=\"908\" data-end=\"930\">Technical data:<\/h3>\n<ul data-start=\"931\" data-end=\"1053\">\n<li data-start=\"931\" data-end=\"979\">\n<p data-start=\"933\" data-end=\"979\">Rated input\/output voltage: 12 V DC<\/p>\n<\/li>\n<li data-start=\"980\" data-end=\"1022\">\n<p data-start=\"982\" data-end=\"1022\">Maximum input voltage: 16 V DC<\/p>\n<\/li>\n<li data-start=\"1023\" data-end=\"1053\">\n<p data-start=\"1025\" data-end=\"1053\">Maximum load: 1 A<\/p>\n<\/li>\n<\/ul>\n<h3 data-start=\"1055\" data-end=\"1112\">Important installation tips for best performance<\/h3>\n<p data-start=\"1113\" data-end=\"1411\">For trouble-free operation, correct installation is key. Connect the ground wire of the filter together with the ground wire of the reversing camera to the vehicle body ground. <strong data-start=\"1285\" data-end=\"1292\">Not<\/strong> connect it to the ground of the reversing light. In this way, you will ensure that the system functions optimally and that the image is always clear.<\/p>","protected":false},"excerpt":{"rendered":"<p>Stabilizator do kamer cofania: W ko\u0144cu obraz bez zak\u0142\u00f3ce\u0144! Masz problem z migotaniem lub zak\u0142\u00f3ceniami w obrazie swojej kamery cofania? Wiele nowoczesnych samochod\u00f3w korzysta z impulsowych \u015bwiate\u0142 cofania (tzw. sygna\u0142\u00f3w PWM), kt\u00f3re mog\u0105 zak\u0142\u00f3ca\u0107 zasilanie kamery. Model AC-PNF-RVC2 to idealne rozwi\u0105zanie tego problemu. Jako udoskonalony stabilizator sygna\u0142u cofania filtruje zak\u0142\u00f3cenia zasilania \u015bwiat\u0142a cofania i zapewnia&#8230;<\/p>","protected":false},"featured_media":11561,"template":"","meta":{"_acf_changed":false,"_kad_blocks_custom_css":"","_kad_blocks_head_custom_js":"","_kad_blocks_body_custom_js":"","_kad_blocks_footer_custom_js":"","_kad_post_transparent":"default","_kad_post_title":"","_kad_post_layout":"default","_kad_post_sidebar_id":"","_kad_post_content_style":"default","_kad_post_vertical_padding":"default","_kad_post_feature":"","_kad_post_feature_position":"","_kad_post_header":false,"_kad_post_footer":false,"_kad_post_classname":""},"product_brand":[],"product_cat":[71],"product_tag":[],"class_list":{"0":"post-11560","1":"product","2":"type-product","3":"status-publish","4":"has-post-thumbnail","6":"product_cat-akcesoria-do-kamer","8":"first","9":"onbackorder","10":"taxable","11":"shipping-taxable","12":"product-type-simple","13":"entry","14":"content-bg","15":"loop-entry"},"acf":[],"taxonomy_info":{"product_cat":[{"value":71,"label":"Akcesoria do kamer"}]},"featured_image_src_large":["https:\/\/www.creativ.net.pl\/wp-content\/uploads\/2025\/08\/AMPIRE-Stromfilter-fuer-Rueckfahrkameras-an-getaktete-Rueckfahrleuchten-AC-PNF-RVC2_b_0.jpeg",800,800,false],"author_info":[],"comment_info":"","_links":{"self":[{"href":"https:\/\/www.creativ.net.pl\/en\/wp-json\/wp\/v2\/product\/11560","targetHints":{"allow":["GET"]}}],"collection":[{"href":"https:\/\/www.creativ.net.pl\/en\/wp-json\/wp\/v2\/product"}],"about":[{"href":"https:\/\/www.creativ.net.pl\/en\/wp-json\/wp\/v2\/types\/product"}],"wp:featuredmedia":[{"embeddable":true,"href":"https:\/\/www.creativ.net.pl\/en\/wp-json\/wp\/v2\/media\/11561"}],"wp:attachment":[{"href":"https:\/\/www.creativ.net.pl\/en\/wp-json\/wp\/v2\/media?parent=11560"}],"wp:term":[{"taxonomy":"product_brand","embeddable":true,"href":"https:\/\/www.creativ.net.pl\/en\/wp-json\/wp\/v2\/product_brand?post=11560"},{"taxonomy":"product_cat","embeddable":true,"href":"https:\/\/www.creativ.net.pl\/en\/wp-json\/wp\/v2\/product_cat?post=11560"},{"taxonomy":"product_tag","embeddable":true,"href":"https:\/\/www.creativ.net.pl\/en\/wp-json\/wp\/v2\/product_tag?post=11560"}],"curies":[{"name":"wp","href":"https:\/\/api.w.org\/{rel}","templated":true}]}}