{"id":11555,"date":"2025-08-25T10:12:08","date_gmt":"2025-08-25T08:12:08","guid":{"rendered":"https:\/\/www.creativ.net.pl\/?post_type=product&#038;p=11555"},"modified":"2025-12-29T13:24:04","modified_gmt":"2025-12-29T12:24:04","slug":"cyfrowy-kondensator-hybrydowy-spc505","status":"publish","type":"product","link":"https:\/\/www.creativ.net.pl\/en\/product\/cyfrowy-kondensator-hybrydowy-spc505\/","title":{"rendered":"Digital hybrid capacitor SPC505"},"content":{"rendered":"<p data-start=\"85\" data-end=\"385\">The SPC505 digital capacitor, with a capacity of 5 Farads, is a great solution for car audio enthusiasts who want to enhance bass quality and improve the voltage stability of their set-up. It operates in the 16-18V peak voltage range and is ideal for installations up to 1000W.<\/p>\n<p data-start=\"387\" data-end=\"774\">The equipment not only stabilises the battery voltage, but also reduces flickering and protects the sound system from power drops. Equipped with an easy-to-read 4-segment red LED display, it allows continuous monitoring of the voltage. With support for 1\/0GA or 4GA cables (also in a mixed circuit), the SPC505 is extremely versatile and easy to install.<\/p>\n<h3 data-start=\"776\" data-end=\"801\">Key parameters:<\/h3>\n<ul data-start=\"802\" data-end=\"931\">\n<li data-start=\"802\" data-end=\"830\">\n<p data-start=\"804\" data-end=\"830\"><strong data-start=\"804\" data-end=\"818\">Capacity:<\/strong> 5 Farads<\/p>\n<\/li>\n<li data-start=\"831\" data-end=\"874\">\n<p data-start=\"833\" data-end=\"874\"><strong data-start=\"833\" data-end=\"853\">Voltage range:<\/strong> 16-18V (peak)<\/p>\n<\/li>\n<li data-start=\"875\" data-end=\"931\">\n<p data-start=\"877\" data-end=\"931\"><strong data-start=\"877\" data-end=\"895\">Purpose:<\/strong> for audio systems up to 1000W<\/p>\n<\/li>\n<\/ul>\n<h3 data-start=\"933\" data-end=\"954\">Utility strengths:<\/h3>\n<ul data-start=\"955\" data-end=\"1208\">\n<li data-start=\"955\" data-end=\"995\">\n<p data-start=\"957\" data-end=\"995\">Stronger and cleaner bass response<\/p>\n<\/li>\n<li data-start=\"996\" data-end=\"1031\">\n<p data-start=\"998\" data-end=\"1031\">Supply voltage stabilisation<\/p>\n<\/li>\n<li data-start=\"1032\" data-end=\"1071\">\n<p data-start=\"1034\" data-end=\"1071\">Light dimming reduction<\/p>\n<\/li>\n<li data-start=\"1072\" data-end=\"1129\">\n<p data-start=\"1074\" data-end=\"1129\">Functions as a combination of a battery and a capacitor<\/p>\n<\/li>\n<li data-start=\"1130\" data-end=\"1208\">\n<p data-start=\"1132\" data-end=\"1208\"><strong data-start=\"1132\" data-end=\"1148\">Display:<\/strong> 4-segment red LED for voltage monitoring<\/p>\n<\/li>\n<\/ul>\n<h3 data-start=\"1210\" data-end=\"1223\">Connectors:<\/h3>\n<ul data-start=\"1224\" data-end=\"1324\">\n<li data-start=\"1224\" data-end=\"1271\">\n<p data-start=\"1226\" data-end=\"1271\">Supports (2) 1\/0GA or 4GA inputs\/outputs<\/p>\n<\/li>\n<li data-start=\"1272\" data-end=\"1324\">\n<p data-start=\"1274\" data-end=\"1324\">Possibility of connecting (1) connector of each type<\/p>\n<\/li>\n<\/ul>\n<h3 data-start=\"1326\" data-end=\"1340\">Housing:<\/h3>\n<ul data-start=\"1341\" data-end=\"1427\">\n<li data-start=\"1341\" data-end=\"1383\">\n<p data-start=\"1343\" data-end=\"1383\">Industrial-inspired look<\/p>\n<\/li>\n<li data-start=\"1384\" data-end=\"1427\">\n<p data-start=\"1386\" data-end=\"1427\">Black powder-coated surface<\/p>\n<\/li>\n<\/ul>\n<h3 data-start=\"1429\" data-end=\"1443\">Dimensions:<\/h3>\n<ul data-start=\"1444\" data-end=\"1551\">\n<li data-start=\"1444\" data-end=\"1477\">\n<p data-start=\"1446\" data-end=\"1477\"><strong data-start=\"1446\" data-end=\"1459\">Height:<\/strong> 2\" (approx. 5.1 cm)<\/p>\n<\/li>\n<li data-start=\"1478\" data-end=\"1513\">\n<p data-start=\"1480\" data-end=\"1513\"><strong data-start=\"1480\" data-end=\"1492\">Length:<\/strong> 7 1\/2\" (approx. 19 cm)<\/p>\n<\/li>\n<li data-start=\"1514\" data-end=\"1551\">\n<p data-start=\"1516\" data-end=\"1551\"><strong data-start=\"1516\" data-end=\"1530\">Width:<\/strong> 5 1\/8\" (approx. 13 cm)<\/p>\n<\/li>\n<\/ul>","protected":false},"excerpt":{"rendered":"<p>Cyfrowy kondensator SPC505 o pojemno\u015bci 5 Farad\u00f3w to znakomite rozwi\u0105zanie dla mi\u0142o\u015bnik\u00f3w car audio, kt\u00f3rzy pragn\u0105 wzmocni\u0107 jako\u015b\u0107 niskich ton\u00f3w oraz poprawi\u0107 stabilno\u015b\u0107 napi\u0119cia w swoim zestawie. Pracuje w przedziale napi\u0119cia szczytowego 16\u201318V i idealnie nadaje si\u0119 do instalacji o mocy do 1000W. Sprz\u0119t nie tylko stabilizuje napi\u0119cie akumulatora, ale tak\u017ce ogranicza zjawisko migotania \u015bwiate\u0142&#8230;<\/p>","protected":false},"featured_media":11559,"template":"","meta":{"_acf_changed":false,"_kad_blocks_custom_css":"","_kad_blocks_head_custom_js":"","_kad_blocks_body_custom_js":"","_kad_blocks_footer_custom_js":"","_kad_post_transparent":"default","_kad_post_title":"","_kad_post_layout":"default","_kad_post_sidebar_id":"","_kad_post_content_style":"default","_kad_post_vertical_padding":"default","_kad_post_feature":"","_kad_post_feature_position":"","_kad_post_header":false,"_kad_post_footer":false,"_kad_post_classname":""},"product_brand":[],"product_cat":[100,90],"product_tag":[],"class_list":{"0":"post-11555","1":"product","2":"type-product","3":"status-publish","4":"has-post-thumbnail","6":"product_cat-akcesoria-do-wzmacniaczy","7":"product_cat-akcesoria-do-wzmacniaczy-z-dsp","9":"first","10":"outofstock","11":"taxable","12":"shipping-taxable","13":"product-type-simple","14":"entry","15":"content-bg","16":"loop-entry"},"acf":[],"taxonomy_info":{"product_cat":[{"value":100,"label":"Akcesoria do wzmacniaczy"},{"value":90,"label":"Akcesoria do wzmacniaczy z DSP"}]},"featured_image_src_large":["https:\/\/www.creativ.net.pl\/wp-content\/uploads\/2025\/08\/stinger-spc505-kondensator-hybrydowy-5-faradow-lcd.jpg",800,800,false],"author_info":[],"comment_info":"","_links":{"self":[{"href":"https:\/\/www.creativ.net.pl\/en\/wp-json\/wp\/v2\/product\/11555","targetHints":{"allow":["GET"]}}],"collection":[{"href":"https:\/\/www.creativ.net.pl\/en\/wp-json\/wp\/v2\/product"}],"about":[{"href":"https:\/\/www.creativ.net.pl\/en\/wp-json\/wp\/v2\/types\/product"}],"wp:featuredmedia":[{"embeddable":true,"href":"https:\/\/www.creativ.net.pl\/en\/wp-json\/wp\/v2\/media\/11559"}],"wp:attachment":[{"href":"https:\/\/www.creativ.net.pl\/en\/wp-json\/wp\/v2\/media?parent=11555"}],"wp:term":[{"taxonomy":"product_brand","embeddable":true,"href":"https:\/\/www.creativ.net.pl\/en\/wp-json\/wp\/v2\/product_brand?post=11555"},{"taxonomy":"product_cat","embeddable":true,"href":"https:\/\/www.creativ.net.pl\/en\/wp-json\/wp\/v2\/product_cat?post=11555"},{"taxonomy":"product_tag","embeddable":true,"href":"https:\/\/www.creativ.net.pl\/en\/wp-json\/wp\/v2\/product_tag?post=11555"}],"curies":[{"name":"wp","href":"https:\/\/api.w.org\/{rel}","templated":true}]}}