{"id":11467,"date":"2025-08-07T14:57:21","date_gmt":"2025-08-07T12:57:21","guid":{"rendered":"https:\/\/www.creativ.net.pl\/?post_type=product&#038;p=11467"},"modified":"2026-01-30T12:17:29","modified_gmt":"2026-01-30T11:17:29","slug":"sterownik-drc-steg-do-wzmacniaczy-serii-ss-dsp-drc-z","status":"publish","type":"product","link":"https:\/\/www.creativ.net.pl\/en\/product\/sterownik-drc-steg-do-wzmacniaczy-serii-ss-dsp-drc-z\/","title":{"rendered":"DRC Steg controller for SS-DSP series DRC-Z amplifiers"},"content":{"rendered":"<p class=\"\" data-start=\"58\" data-end=\"239\"><strong data-start=\"58\" data-end=\"106\">STEG DRC (Digital Remote Control)<\/strong> for the expansion of STEG DSP processors with OTG. Touchscreen.<br data-start=\"181\" data-end=\"184\" \/>Allows full control of the sound from the listening position.<\/p>\n<p>Compatible with amplifiers:<\/p>\n<ul>\n<li>Steg SS-DSP12<\/li>\n<li>Steg SS-DSP16<\/li>\n<\/ul>","protected":false},"excerpt":{"rendered":"<p>STEG DRC (Cyfrowy Pilot Zdalnego Sterowania) do rozbudowy procesor\u00f3w DSP marki STEG z OTG. Ekran dotykowy.Umo\u017cliwia pe\u0142n\u0105 kontrol\u0119 d\u017awi\u0119ku z pozycji ods\u0142uchowej. Kompatybilny ze wzmacniaczami: Steg SS-DSP12 Steg SS-DSP16<\/p>","protected":false},"featured_media":11468,"template":"","meta":{"_acf_changed":false,"_kad_blocks_custom_css":"","_kad_blocks_head_custom_js":"","_kad_blocks_body_custom_js":"","_kad_blocks_footer_custom_js":"","_kad_post_transparent":"default","_kad_post_title":"","_kad_post_layout":"default","_kad_post_sidebar_id":"","_kad_post_content_style":"default","_kad_post_vertical_padding":"default","_kad_post_feature":"","_kad_post_feature_position":"","_kad_post_header":false,"_kad_post_footer":false,"_kad_post_classname":""},"product_brand":[],"product_cat":[90],"product_tag":[],"class_list":{"0":"post-11467","1":"product","2":"type-product","3":"status-publish","4":"has-post-thumbnail","6":"product_cat-akcesoria-do-wzmacniaczy-z-dsp","8":"first","9":"instock","10":"taxable","11":"shipping-taxable","12":"product-type-simple","13":"entry","14":"content-bg","15":"loop-entry"},"acf":[],"taxonomy_info":{"product_cat":[{"value":90,"label":"Akcesoria do wzmacniaczy z DSP"}]},"featured_image_src_large":["https:\/\/www.creativ.net.pl\/wp-content\/uploads\/2025\/08\/Zrzut-ekranu-2025-08-07-150354-1024x633.png",1024,633,true],"author_info":[],"comment_info":"","_links":{"self":[{"href":"https:\/\/www.creativ.net.pl\/en\/wp-json\/wp\/v2\/product\/11467","targetHints":{"allow":["GET"]}}],"collection":[{"href":"https:\/\/www.creativ.net.pl\/en\/wp-json\/wp\/v2\/product"}],"about":[{"href":"https:\/\/www.creativ.net.pl\/en\/wp-json\/wp\/v2\/types\/product"}],"wp:featuredmedia":[{"embeddable":true,"href":"https:\/\/www.creativ.net.pl\/en\/wp-json\/wp\/v2\/media\/11468"}],"wp:attachment":[{"href":"https:\/\/www.creativ.net.pl\/en\/wp-json\/wp\/v2\/media?parent=11467"}],"wp:term":[{"taxonomy":"product_brand","embeddable":true,"href":"https:\/\/www.creativ.net.pl\/en\/wp-json\/wp\/v2\/product_brand?post=11467"},{"taxonomy":"product_cat","embeddable":true,"href":"https:\/\/www.creativ.net.pl\/en\/wp-json\/wp\/v2\/product_cat?post=11467"},{"taxonomy":"product_tag","embeddable":true,"href":"https:\/\/www.creativ.net.pl\/en\/wp-json\/wp\/v2\/product_tag?post=11467"}],"curies":[{"name":"wp","href":"https:\/\/api.w.org\/{rel}","templated":true}]}}