{"id":11428,"date":"2025-08-04T13:34:24","date_gmt":"2025-08-04T11:34:24","guid":{"rendered":"https:\/\/www.creativ.net.pl\/?post_type=product&#038;p=11428"},"modified":"2025-12-18T13:14:28","modified_gmt":"2025-12-18T12:14:28","slug":"konektory-widelkowe-audio-system-adyt12r-12awg-4szt","status":"publish","type":"product","link":"https:\/\/www.creativ.net.pl\/en\/product\/konektory-widelkowe-audio-system-adyt12r-12awg-4szt\/","title":{"rendered":"Audio System ADYT12R \/12AWG fork connectors (4 pcs)"},"content":{"rendered":"<p>Set of 12AWG fork connectors.<\/p>\n<ul>\n<li data-start=\"45\" data-end=\"81\">\n<p data-start=\"47\" data-end=\"81\"><strong data-start=\"47\" data-end=\"71\">Rated voltage:<\/strong> 30 V DC<\/p>\n<\/li>\n<li data-start=\"82\" data-end=\"111\">\n<p data-start=\"84\" data-end=\"111\"><strong data-start=\"84\" data-end=\"104\">Rated current:<\/strong> 10 A<\/p>\n<\/li>\n<li data-start=\"112\" data-end=\"144\">\n<p data-start=\"114\" data-end=\"144\"><strong data-start=\"114\" data-end=\"136\">Conductor cross-section:<\/strong> 4 mm\u00b2<\/p>\n<\/li>\n<li data-start=\"145\" data-end=\"179\">\n<p data-start=\"147\" data-end=\"179\"><strong data-start=\"147\" data-end=\"169\">Conductive material:<\/strong> brass<\/p>\n<\/li>\n<li data-start=\"145\" data-end=\"179\"><strong>Included:<\/strong> 4 pcs<\/li>\n<li data-start=\"145\" data-end=\"179\"><strong>Colour of insulation:<\/strong> red<\/li>\n<\/ul>","protected":false},"excerpt":{"rendered":"<p>Zestaw konektor\u00f3w wide\u0142kowych 12AWG. Napi\u0119cie znamionowe: 30 V DC Pr\u0105d znamionowy: 10 A Przekr\u00f3j przewodu: 4 mm\u00b2 Materia\u0142 przewodz\u0105cy: mosi\u0105dz W zestawie: 4 szt Kolor izolacji: czerwony<\/p>","protected":false},"featured_media":11433,"template":"","meta":{"_acf_changed":false,"_kad_blocks_custom_css":"","_kad_blocks_head_custom_js":"","_kad_blocks_body_custom_js":"","_kad_blocks_footer_custom_js":"","_kad_post_transparent":"default","_kad_post_title":"","_kad_post_layout":"default","_kad_post_sidebar_id":"","_kad_post_content_style":"default","_kad_post_vertical_padding":"default","_kad_post_feature":"","_kad_post_feature_position":"","_kad_post_header":false,"_kad_post_footer":false,"_kad_post_classname":""},"product_brand":[],"product_cat":[363],"product_tag":[],"class_list":{"0":"post-11428","1":"product","2":"type-product","3":"status-publish","4":"has-post-thumbnail","6":"product_cat-konektory","8":"first","9":"instock","10":"taxable","11":"shipping-taxable","12":"product-type-simple","13":"entry","14":"content-bg","15":"loop-entry"},"acf":[],"taxonomy_info":{"product_cat":[{"value":363,"label":"Konektory"}]},"featured_image_src_large":["https:\/\/www.creativ.net.pl\/wp-content\/uploads\/2025\/08\/IMG-20250804-WA0010-768x1024.jpg",768,1024,true],"author_info":[],"comment_info":"","_links":{"self":[{"href":"https:\/\/www.creativ.net.pl\/en\/wp-json\/wp\/v2\/product\/11428","targetHints":{"allow":["GET"]}}],"collection":[{"href":"https:\/\/www.creativ.net.pl\/en\/wp-json\/wp\/v2\/product"}],"about":[{"href":"https:\/\/www.creativ.net.pl\/en\/wp-json\/wp\/v2\/types\/product"}],"wp:featuredmedia":[{"embeddable":true,"href":"https:\/\/www.creativ.net.pl\/en\/wp-json\/wp\/v2\/media\/11433"}],"wp:attachment":[{"href":"https:\/\/www.creativ.net.pl\/en\/wp-json\/wp\/v2\/media?parent=11428"}],"wp:term":[{"taxonomy":"product_brand","embeddable":true,"href":"https:\/\/www.creativ.net.pl\/en\/wp-json\/wp\/v2\/product_brand?post=11428"},{"taxonomy":"product_cat","embeddable":true,"href":"https:\/\/www.creativ.net.pl\/en\/wp-json\/wp\/v2\/product_cat?post=11428"},{"taxonomy":"product_tag","embeddable":true,"href":"https:\/\/www.creativ.net.pl\/en\/wp-json\/wp\/v2\/product_tag?post=11428"}],"curies":[{"name":"wp","href":"https:\/\/api.w.org\/{rel}","templated":true}]}}