{"id":11081,"date":"2025-06-11T11:09:04","date_gmt":"2025-06-11T09:09:04","guid":{"rendered":"https:\/\/www.creativ.net.pl\/?post_type=product&#038;p=11081"},"modified":"2025-09-08T15:51:10","modified_gmt":"2025-09-08T13:51:10","slug":"wzmacniacz-phoenix-dold-zda4-8","status":"publish","type":"product","link":"https:\/\/www.creativ.net.pl\/en\/product\/wzmacniacz-phoenix-dold-zda4-8\/","title":{"rendered":"Phoenix Gold ZDA4.8 amplifier"},"content":{"rendered":"<p data-start=\"46\" data-end=\"641\"><strong data-start=\"46\" data-end=\"71\">Wzmacniacz DSP ZDA4.8<\/strong> redefiniuje jako\u015b\u0107 d\u017awi\u0119ku w samochodzie w tej kategorii cenowej, znacznie przewy\u017cszaj\u0105c standardowe wzmacniacze fabryczne. W przeciwie\u0144stwie do typowej technologii klasy D stosowanej w podobnych produktach, ZDA4.8 wykorzystuje technologi\u0119 klasy A\/B, zapewniaj\u0105c cieplejszy, bardziej naturalny d\u017awi\u0119k, kt\u00f3ry o\u017cywia muzyk\u0119. Nawet bez regulacji DSP jako\u015b\u0107 d\u017awi\u0119ku ulega znacz\u0105cej poprawie. Wbudowany procesor DSP pozwala jednak p\u00f3j\u015b\u0107 o krok dalej \u2013 umo\u017cliwia precyzyjne dostrojenie systemu audio w poje\u017adzie do indywidualnych preferencji, niezale\u017cnie od gustu muzycznego.<\/p>\n<h5 data-start=\"46\" data-end=\"641\">Specyfikacja Hardware:<\/h5>\n<p data-start=\"46\" data-end=\"641\"><strong data-start=\"28\" data-end=\"40\">Produkt:<\/strong> ZDA4.8<br data-start=\"47\" data-end=\"50\" data-is-only-node=\"\" \/><strong data-start=\"50\" data-end=\"58\">Typ:<\/strong> Wzmacniacz DSP<br data-start=\"73\" data-end=\"76\" \/><strong data-start=\"76\" data-end=\"98\">Klasa wzmacniacza:<\/strong> A\/B<br data-start=\"102\" data-end=\"105\" \/><strong data-start=\"105\" data-end=\"137\">Liczba kana\u0142\u00f3w wzmacnianych:<\/strong> 4<br data-start=\"139\" data-end=\"142\" \/><strong data-start=\"142\" data-end=\"165\">Liczba kana\u0142\u00f3w DSP:<\/strong> 8<br data-start=\"167\" data-end=\"170\" \/><strong data-start=\"170\" data-end=\"200\">Pasmo przenoszenia (-3dB):<\/strong> 15 Hz ~ 23 kHz<br data-start=\"215\" data-end=\"218\" \/><strong data-start=\"218\" data-end=\"237\">Maksymalna moc:<\/strong> 560 W<br data-start=\"243\" data-end=\"246\" \/><strong data-start=\"246\" data-end=\"263\">Moc RMS (2\u03a9):<\/strong> N\/D<br data-start=\"267\" data-end=\"270\" \/><strong data-start=\"270\" data-end=\"287\">Moc RMS (4\u03a9):<\/strong> 4 \u00d7 70 W<br data-start=\"296\" data-end=\"299\" \/><strong data-start=\"299\" data-end=\"326\">Napi\u0119cie wyj\u015bciowe RCA:<\/strong> 4 V<br data-start=\"330\" data-end=\"333\" \/><strong data-start=\"333\" data-end=\"353\">Przetwornik DAC:<\/strong> Burr Brown PCM1681<br data-start=\"372\" data-end=\"375\" \/><strong data-start=\"375\" data-end=\"397\">Rozdzielczo\u015b\u0107 DSP:<\/strong> 24-bitowa<br data-start=\"407\" data-end=\"410\" \/><strong data-start=\"410\" data-end=\"440\">Cz\u0119stotliwo\u015b\u0107 pr\u00f3bkowania:<\/strong> 48 kHz<br data-start=\"447\" data-end=\"450\" \/><strong data-start=\"450\" data-end=\"503\">Stosunek sygna\u0142\/szum (wej\u015bcie analogowe\/cyfrowe):<\/strong> -90 dB<br data-start=\"510\" data-end=\"513\" \/><strong data-start=\"513\" data-end=\"551\">THD (zniekszta\u0142cenia harmoniczne):<\/strong> 0,1%<br data-start=\"556\" data-end=\"559\" \/><strong data-start=\"559\" data-end=\"588\">Przes\u0142uch mi\u0119dzykana\u0142owy:<\/strong> -60 dB<br data-start=\"595\" data-end=\"598\" \/><strong data-start=\"598\" data-end=\"625\">Wsp\u00f3\u0142czynnik t\u0142umienia:<\/strong> 120<br data-start=\"629\" data-end=\"632\" \/><strong data-start=\"632\" data-end=\"674\">Wej\u015bcie wysokonapi\u0119ciowe (High-Level):<\/strong> Tak<br data-start=\"678\" data-end=\"681\" \/><strong data-start=\"681\" data-end=\"708\">Automatyczne w\u0142\u0105czanie:<\/strong> Tak<br data-start=\"712\" data-end=\"715\" \/><strong data-start=\"715\" data-end=\"750\">Czu\u0142o\u015b\u0107 wej\u015bciowa (High-Level):<\/strong> 0,2 V \u2013 20 V<br data-start=\"763\" data-end=\"766\" \/><strong data-start=\"766\" data-end=\"800\">Czu\u0142o\u015b\u0107 wej\u015bciowa (Low-Level):<\/strong> 0,2 V \u2013 5 V<br data-start=\"812\" data-end=\"815\" \/><strong data-start=\"815\" data-end=\"836\">Napi\u0119cie robocze:<\/strong> 9 V \u2013 16 V<br data-start=\"847\" data-end=\"850\" \/><strong data-start=\"850\" data-end=\"891\">Kompatybilno\u015b\u0107 z systemem start-stop:<\/strong> Tak<br data-start=\"895\" data-end=\"898\" \/><strong data-start=\"898\" data-end=\"926\">Pob\u00f3r pr\u0105du w spoczynku:<\/strong> 1,5 A<br data-start=\"932\" data-end=\"935\" \/><strong data-start=\"935\" data-end=\"962\">Maksymalny pob\u00f3r pr\u0105du:<\/strong> 30 A<br data-start=\"967\" data-end=\"970\" \/><strong data-start=\"970\" data-end=\"999\">Ca\u0142kowita sprawno\u015b\u0107 (4\u03a9):<\/strong> 60%<br data-start=\"1003\" data-end=\"1006\" \/><strong data-start=\"1006\" data-end=\"1027\">Z\u0142\u0105cze zasilania:<\/strong> 10 mm\u00b2<br data-start=\"1034\" data-end=\"1037\" \/><strong data-start=\"1037\" data-end=\"1061\">Pilot (opcjonalnie):<\/strong> ZDAWCT<br data-start=\"1068\" data-end=\"1071\" \/><strong data-start=\"1071\" data-end=\"1104\">Wyj\u015bcia niskopoziomowe (RCA):<\/strong> 8<br data-start=\"1106\" data-end=\"1109\" \/><strong data-start=\"1109\" data-end=\"1131\">Wej\u015bcia analogowe:<\/strong> 6 \u00d7 High-Level \/ 2 \u00d7 Low-Level<br data-start=\"1162\" data-end=\"1165\" \/><strong data-start=\"1165\" data-end=\"1185\">Wej\u015bcia cyfrowe:<\/strong> Bluetooth \/ Coaxial \/ USB \/ SPDIF<br data-start=\"1219\" data-end=\"1222\" \/><strong data-start=\"1222\" data-end=\"1256\">Wej\u015bcie zdalne (Remote Input):<\/strong> Tak<br data-start=\"1260\" data-end=\"1263\" \/><strong data-start=\"1263\" data-end=\"1298\">Wyj\u015bcie zdalne (Remote Output):<\/strong> Tak<br data-start=\"1302\" data-end=\"1305\" \/><strong data-start=\"1305\" data-end=\"1343\">Z\u0142\u0105cze do po\u0142\u0105czenia z komputerem:<\/strong> USB-B<br data-start=\"1349\" data-end=\"1352\" \/><strong data-start=\"1352\" data-end=\"1387\">Sterowanie aplikacj\u0105 (wkr\u00f3tce):<\/strong> Tak<\/p>\n<article class=\"text-token-text-primary w-full\" dir=\"auto\" data-testid=\"conversation-turn-26\" data-scroll-anchor=\"true\">\n<div class=\"text-base my-auto mx-auto py-5 [--thread-content-margin:--spacing(4)] @[37rem]:[--thread-content-margin:--spacing(6)] @[72rem]:[--thread-content-margin:--spacing(16)] px-(--thread-content-margin)\">\n<div class=\"[--thread-content-max-width:32rem] @[34rem]:[--thread-content-max-width:40rem] @[64rem]:[--thread-content-max-width:48rem] mx-auto flex max-w-(--thread-content-max-width) flex-1 text-base gap-4 md:gap-5 lg:gap-6 group\/turn-messages focus-visible:outline-hidden\" tabindex=\"-1\">\n<div class=\"group\/conversation-turn relative flex w-full min-w-0 flex-col agent-turn\">\n<div class=\"relative flex-col gap-1 md:gap-3\">\n<div class=\"flex max-w-full flex-col grow\">\n<div class=\"min-h-8 text-message relative flex w-full flex-col items-end gap-2 text-start break-words whitespace-normal [.text-message+&amp;]:mt-5\" dir=\"auto\" data-message-author-role=\"assistant\" data-message-id=\"0d4dcad0-3115-463a-9878-a14ee9427b13\" data-message-model-slug=\"gpt-4o\">\n<div class=\"flex w-full flex-col gap-1 empty:hidden first:pt-[3px]\">\n<div class=\"markdown prose dark:prose-invert w-full break-words light\">\n<h5 data-start=\"0\" data-end=\"31\"><strong data-start=\"0\" data-end=\"31\">Specyfikacja oprogramowania<\/strong><\/h5>\n<p data-start=\"33\" data-end=\"1699\" data-is-last-node=\"\" data-is-only-node=\"\"><strong data-start=\"33\" data-end=\"45\">Produkt:<\/strong> ZDA4.8 \/ ZDA6.8 \/ ZDA8.8<br data-start=\"70\" data-end=\"73\" data-is-only-node=\"\" \/><strong data-start=\"73\" data-end=\"95\">Oprogramowanie PC:<\/strong> Tak (Windows 10, Windows 11)<br data-start=\"124\" data-end=\"127\" \/><strong data-start=\"127\" data-end=\"149\">Aplikacja mobilna:<\/strong> Tak (wkr\u00f3tce dost\u0119pna)<br data-start=\"172\" data-end=\"175\" \/><strong data-start=\"175\" data-end=\"189\">Equalizer:<\/strong> 31-pasmowy<br data-start=\"200\" data-end=\"203\" \/><strong data-start=\"203\" data-end=\"222\">Regulacja fazy:<\/strong> 0\u00b0 lub 180\u00b0<br data-start=\"234\" data-end=\"237\" \/><strong data-start=\"237\" data-end=\"248\">Filtry:<\/strong> G\u00f3rnoprzepustowy (High-Pass) i dolnoprzepustowy (Low-Pass)<br data-start=\"307\" data-end=\"310\" \/><strong data-start=\"310\" data-end=\"327\">Typy filtr\u00f3w:<\/strong> Bessel, Butterworth, Linkwitz-Riley<br data-start=\"363\" data-end=\"366\" \/><strong data-start=\"366\" data-end=\"410\">Nachylenia filtr\u00f3w (Bessel\/Butterworth):<\/strong> Wy\u0142\u0105czone, -6 dB, -12 dB, -18 dB, -24 dB, -36 dB, -42 dB, -48 dB<br data-start=\"475\" data-end=\"478\" \/><strong data-start=\"478\" data-end=\"518\">Nachylenia filtr\u00f3w (Linkwitz-Riley):<\/strong> Wy\u0142\u0105czone, -12 dB, -24 dB, -48 dB<br data-start=\"552\" data-end=\"555\" \/><strong data-start=\"555\" data-end=\"595\">Op\u00f3\u017anienie czasowe (Time Alignment):<\/strong> 0 \u2013 48 ms (0 \u2013 1632 cm)<br data-start=\"619\" data-end=\"622\" \/><strong data-start=\"622\" data-end=\"649\">Pomini\u0119cie EQ (Bypass):<\/strong> Tak (dla poszczeg\u00f3lnych i wszystkich kana\u0142\u00f3w)<br data-start=\"695\" data-end=\"698\" \/><strong data-start=\"698\" data-end=\"720\">Wyciszenie (Mute):<\/strong> Tak (dla poszczeg\u00f3lnych i wszystkich kana\u0142\u00f3w)<br data-start=\"766\" data-end=\"769\" \/><strong data-start=\"769\" data-end=\"791\">Priorytet wej\u015bcia:<\/strong> Tak (2 \u017ar\u00f3d\u0142a)<br data-start=\"806\" data-end=\"809\" \/><strong data-start=\"809\" data-end=\"837\">Op\u00f3\u017anienie uruchomienia:<\/strong> Tak (5 \u2013 30 sek.)<br data-start=\"855\" data-end=\"858\" \/><strong data-start=\"858\" data-end=\"896\">Niestandardowe trasowanie sygna\u0142u:<\/strong> Tak<br data-start=\"900\" data-end=\"903\" \/><strong data-start=\"903\" data-end=\"921\">Ustawienia EQ:<\/strong> Equalizer graficzny \/ Equalizer parametryczny<br data-start=\"967\" data-end=\"970\" \/><strong data-start=\"970\" data-end=\"996\">Kalkulator op\u00f3\u017anienia:<\/strong> Tak (w cm i calach)<br data-start=\"1016\" data-end=\"1019\" \/><strong data-start=\"1019\" data-end=\"1044\">Jednostka op\u00f3\u017anienia:<\/strong> Centymetry \/ Cale \/ Milisekundy<br data-start=\"1076\" data-end=\"1079\" \/><strong data-start=\"1079\" data-end=\"1103\">Ustawienia powi\u0105za\u0144:<\/strong> Kopiowanie i powi\u0105zanie (op\u00f3\u017anienie \/ EQ \/ filtry \/ g\u0142o\u015bno\u015b\u0107)<br data-start=\"1165\" data-end=\"1168\" \/><strong data-start=\"1168\" data-end=\"1201\">Ustawienia wej\u015bcia (czu\u0142o\u015b\u0107):<\/strong> -6 dB, -3 dB, 0 dB, +3 dB, +6 dB<br data-start=\"1234\" data-end=\"1237\" \/><strong data-start=\"1237\" data-end=\"1269\">Ochrona has\u0142em dla preset\u00f3w:<\/strong> Tak<br data-start=\"1273\" data-end=\"1276\" \/><strong data-start=\"1276\" data-end=\"1299\">Tryb pe\u0142noekranowy:<\/strong> Tak<br data-start=\"1303\" data-end=\"1306\" \/><strong data-start=\"1306\" data-end=\"1331\">Wzmocnienie pasma EQ:<\/strong> Ka\u017cde pasmo: od -12 dB do +12 dB<br data-start=\"1364\" data-end=\"1367\" \/><strong data-start=\"1367\" data-end=\"1392\">Regulacja warto\u015bci Q:<\/strong> Od 0.1 do 12<br data-start=\"1405\" data-end=\"1408\" \/><strong data-start=\"1408\" data-end=\"1419\">J\u0119zyki:<\/strong> Angielski, niemiecki, hiszpa\u0144ski, chi\u0144ski<br data-start=\"1461\" data-end=\"1464\" \/><strong data-start=\"1464\" data-end=\"1503\">Zakres regulacji cz\u0119stotliwo\u015bci EQ:<\/strong> 20 Hz \u2013 20 kHz<br data-start=\"1518\" data-end=\"1521\" \/><strong data-start=\"1521\" data-end=\"1559\">Wzmocnienie kana\u0142u indywidualnego:<\/strong> od 0 dB do -59 dB<br data-start=\"1577\" data-end=\"1580\" \/><strong data-start=\"1580\" data-end=\"1615\">Globalne wzmocnienie g\u0142o\u015bno\u015bci:<\/strong> od 0 dB do -28 dB<br data-start=\"1633\" data-end=\"1636\" \/><strong data-start=\"1636\" data-end=\"1654\">Nazwy kana\u0142\u00f3w:<\/strong> Mo\u017cliwo\u015b\u0107 przypisania nazw do ka\u017cdego kana\u0142<\/p>\n<\/div>\n<\/div>\n<\/div>\n<\/div>\n<div class=\"mt-3 w-full empty:hidden\">\n<div class=\"text-center\"><\/div>\n<\/div>\n<\/div>\n<div class=\"absolute\">\n<div class=\"flex items-center justify-center\"><\/div>\n<\/div>\n<\/div>\n<\/div>\n<\/div>\n<\/article>\n<div class=\"pointer-events-none h-px w-px\" aria-hidden=\"true\" data-edge=\"true\"><\/div>\n<hr data-start=\"643\" data-end=\"646\" \/>\n<h3 data-start=\"648\" data-end=\"684\">OIS \u2013 Symulacja Impedancji OEM<\/h3>\n<p data-start=\"685\" data-end=\"1034\">Model ZDA4.8 zosta\u0142 wyposa\u017cony w funkcj\u0119 <strong data-start=\"726\" data-end=\"760\">OIS (OEM Impedance Simulation)<\/strong>, kt\u00f3ra zapewnia pe\u0142n\u0105 kompatybilno\u015b\u0107 ze wsp\u00f3\u0142czesnymi jednostkami centralnymi i wzmacniaczami. Dzi\u0119ki symulacji impedancji g\u0142o\u015bnik\u00f3w, zachowana zostaje funkcjonalno\u015b\u0107 fabrycznej jednostki g\u0142\u00f3wnej pojazdu, co eliminuje potencjalne problemy z instalacjami typu plug-and-play.<\/p>\n<hr data-start=\"1036\" data-end=\"1039\" \/>\n<h3 data-start=\"1041\" data-end=\"1064\">Priorytet Wej\u015bcia<\/h3>\n<p data-start=\"1065\" data-end=\"1608\">Funkcja <strong data-start=\"1073\" data-end=\"1095\">Priorytetu Wej\u015bcia<\/strong> gwarantuje bezproblemow\u0105 integracj\u0119 z fabryczn\u0105 jednostk\u0105 centraln\u0105 pojazdu. Mo\u017cesz korzysta\u0107 z wej\u015b\u0107 niskopoziomowych lub \u017ar\u00f3de\u0142 cyfrowych, takich jak Bluetooth, wej\u015bcie optyczne czy koncentryczne, bez utraty istotnych d\u017awi\u0119k\u00f3w systemowych \u2013 np. czujnik\u00f3w parkowania, alert\u00f3w czy sygna\u0142\u00f3w radiowych. Na przyk\u0142ad, je\u015bli pojazd posiada filtr g\u00f3rnoprzepustowy ograniczaj\u0105cy bas, mo\u017cna omin\u0105\u0107 to ograniczenie, przesy\u0142aj\u0105c d\u017awi\u0119k bezpo\u015brednio do DSP przez Bluetooth, zachowuj\u0105c jednocze\u015bnie pe\u0142n\u0105 funkcjonalno\u015b\u0107 OEM.<\/p>\n<hr data-start=\"1610\" data-end=\"1613\" \/>\n<h3 data-start=\"1615\" data-end=\"1632\">Wyj\u015bcia DSP<\/h3>\n<p data-start=\"1633\" data-end=\"2005\">ZDA4.8 nie tylko ulepsza Tw\u00f3j system \u2013 pozwala r\u00f3wnie\u017c na jego rozbudow\u0119. Cztery konfigurowalne przez DSP wyj\u015bcia RCA (kana\u0142y 5\u20138) umo\u017cliwiaj\u0105 pod\u0142\u0105czenie dodatkowych wzmacniaczy, np. do subwoofera, i ich pe\u0142n\u0105 optymalizacj\u0119 dzi\u0119ki oprogramowaniu DSP. Ustawienia op\u00f3\u017anie\u0144, filtry i opcje korekcji d\u017awi\u0119ku zapewniaj\u0105 najwy\u017csz\u0105 wydajno\u015b\u0107 r\u00f3wnie\u017c dla dodatkowych komponent\u00f3w.<\/p>\n<hr data-start=\"2007\" data-end=\"2010\" \/>\n<h3 data-start=\"2012\" data-end=\"2032\">Oprogramowanie<\/h3>\n<p data-start=\"2033\" data-end=\"2251\">Przejmij kontrol\u0119 nad systemem audio dzi\u0119ki darmowemu, intuicyjnemu oprogramowaniu na PC (zgodnemu z Windows 10 i 11). Po\u0142\u0105cz si\u0119 za pomoc\u0105 do\u0142\u0105czonego kabla USB-B i uzyskaj dost\u0119p do zaawansowanych narz\u0119dzi strojenia:<\/p>\n<ul data-start=\"2253\" data-end=\"2600\">\n<li data-start=\"2253\" data-end=\"2336\">\n<p data-start=\"2255\" data-end=\"2336\">31-pasmowy korektor parametryczny (PEQ) do precyzyjnej regulacji cz\u0119stotliwo\u015bci<\/p>\n<\/li>\n<li data-start=\"2337\" data-end=\"2441\">\n<p data-start=\"2339\" data-end=\"2441\">Mo\u017cliwo\u015b\u0107 wyboru typ\u00f3w filtr\u00f3w (Bessel, Butterworth, Linkwitz-Riley) ze stromizn\u0105 od -6 dB do -48 dB<\/p>\n<\/li>\n<li data-start=\"2442\" data-end=\"2499\">\n<p data-start=\"2444\" data-end=\"2499\">Wyr\u00f3wnanie czasowe z wbudowanym kalkulatorem op\u00f3\u017anie\u0144<\/p>\n<\/li>\n<li data-start=\"2500\" data-end=\"2545\">\n<p data-start=\"2502\" data-end=\"2545\">W pe\u0142ni konfigurowalne trasowanie kana\u0142\u00f3w<\/p>\n<\/li>\n<li data-start=\"2546\" data-end=\"2600\">\n<p data-start=\"2548\" data-end=\"2600\">Opcje \u0142\u0105czenia kana\u0142\u00f3w (Kopiowanie lub Powi\u0105zanie)<\/p>\n<\/li>\n<\/ul>\n<p data-start=\"2602\" data-end=\"2695\">Dzi\u0119ki tym zaawansowanym funkcjom mo\u017cesz dostosowa\u0107 system audio dok\u0142adnie do swoich potrzeb.<\/p>\n<hr data-start=\"2697\" data-end=\"2700\" \/>\n<h3 data-start=\"2702\" data-end=\"2728\">Najwa\u017cniejsze Cechy:<\/h3>\n<p data-start=\"2729\" data-end=\"2811\">Ka\u017cdy szczeg\u00f3\u0142 wzmacniaczy serii ZDA zosta\u0142 zaprojektowany z my\u015bl\u0105 o doskona\u0142o\u015bci:<\/p>\n<ul data-start=\"2813\" data-end=\"3751\">\n<li data-start=\"2813\" data-end=\"2930\">\n<p data-start=\"2815\" data-end=\"2930\"><strong data-start=\"2815\" data-end=\"2840\">Uk\u0142ady Burr Brown OPs<\/strong> \u2013 Ta sama renomowana technologia co w serii ZQ, zapewniaj\u0105ca najwy\u017csz\u0105 precyzj\u0119 d\u017awi\u0119ku<\/p>\n<\/li>\n<li data-start=\"2931\" data-end=\"3048\">\n<p data-start=\"2933\" data-end=\"3048\"><strong data-start=\"2933\" data-end=\"2965\">Przetwornik DAC Burr PCM1681<\/strong> \u2013 Cyfrowo-analogowa konwersja klasy premium dla krystalicznie czystego brzmienia<\/p>\n<\/li>\n<li data-start=\"3049\" data-end=\"3119\">\n<p data-start=\"3051\" data-end=\"3119\"><strong data-start=\"3051\" data-end=\"3068\">Bluetooth 5.0<\/strong> \u2013 Stabilne i nowoczesne po\u0142\u0105czenie bezprzewodowe<\/p>\n<\/li>\n<li data-start=\"3120\" data-end=\"3200\">\n<p data-start=\"3122\" data-end=\"3200\"><strong data-start=\"3122\" data-end=\"3157\">Pakiet tranzystor\u00f3w Toshiba TDA<\/strong> \u2013 Idealne po\u0142\u0105czenie mocy i efektywno\u015bci<\/p>\n<\/li>\n<li data-start=\"3201\" data-end=\"3292\">\n<p data-start=\"3203\" data-end=\"3292\"><strong data-start=\"3203\" data-end=\"3237\">Odlew aluminiowy jako radiator<\/strong> \u2013 Zaawansowane ch\u0142odzenie dla maksymalnej wydajno\u015bci<\/p>\n<\/li>\n<li data-start=\"3293\" data-end=\"3400\">\n<p data-start=\"3295\" data-end=\"3400\"><strong data-start=\"3295\" data-end=\"3335\">Cz\u0119stotliwo\u015b\u0107 pr\u00f3bkowania DSP 48 kHz<\/strong> \u2013 Gwarancja niezr\u00f3wnanej czysto\u015bci i dok\u0142adno\u015bci przetwarzania<\/p>\n<\/li>\n<li data-start=\"3401\" data-end=\"3494\">\n<p data-start=\"3403\" data-end=\"3494\"><strong data-start=\"3403\" data-end=\"3433\">Projekt PCB pokryty z\u0142otem<\/strong> \u2013 Dow\u00f3d niezawodno\u015bci i trwa\u0142o\u015bci w wykonaniu Phoenix Gold<\/p>\n<\/li>\n<li data-start=\"3495\" data-end=\"3564\">\n<p data-start=\"3497\" data-end=\"3564\"><strong data-start=\"3497\" data-end=\"3513\">Z\u0142\u0105cza Molex<\/strong> \u2013 Pewne po\u0142\u0105czenia dla bezproblemowej instalacji<\/p>\n<\/li>\n<li data-start=\"3565\" data-end=\"3655\">\n<p data-start=\"3567\" data-end=\"3655\"><strong data-start=\"3567\" data-end=\"3610\">DSP 8-kana\u0142owy (we wszystkich modelach)<\/strong> \u2013 Nieograniczone mo\u017cliwo\u015bci personalizacji<\/p>\n<\/li>\n<li data-start=\"3656\" data-end=\"3751\">\n<p data-start=\"3658\" data-end=\"3751\"><strong data-start=\"3658\" data-end=\"3683\">Technologia klasy A\/B<\/strong> \u2013 Naturalne, czyste brzmienie bez u\u017cycia ha\u0142a\u015bliwych wentylator\u00f3w<\/p>\n<\/li>\n<\/ul>\n","protected":false},"excerpt":{"rendered":"<p>Wzmacniacz DSP ZDA4.8 redefiniuje jako\u015b\u0107 d\u017awi\u0119ku w samochodzie w tej kategorii cenowej, znacznie przewy\u017cszaj\u0105c standardowe wzmacniacze fabryczne. W przeciwie\u0144stwie do typowej technologii klasy D stosowanej w podobnych produktach, ZDA4.8 wykorzystuje technologi\u0119 klasy A\/B, zapewniaj\u0105c cieplejszy, bardziej naturalny d\u017awi\u0119k, kt\u00f3ry o\u017cywia muzyk\u0119. Nawet bez regulacji DSP jako\u015b\u0107 d\u017awi\u0119ku ulega znacz\u0105cej poprawie. Wbudowany procesor DSP pozwala jednak&#8230;<\/p>","protected":false},"featured_media":11090,"template":"","meta":{"_acf_changed":false,"_kad_blocks_custom_css":"","_kad_blocks_head_custom_js":"","_kad_blocks_body_custom_js":"","_kad_blocks_footer_custom_js":"","_kad_post_transparent":"default","_kad_post_title":"","_kad_post_layout":"default","_kad_post_sidebar_id":"","_kad_post_content_style":"default","_kad_post_vertical_padding":"default","_kad_post_feature":"","_kad_post_feature_position":"","_kad_post_header":false,"_kad_post_footer":false,"_kad_post_classname":""},"product_brand":[],"product_cat":[95],"product_tag":[],"class_list":{"0":"post-11081","1":"product","2":"type-product","3":"status-publish","4":"has-post-thumbnail","6":"product_cat-4-kanalowe-wzmacniacze-samochodowe-z-dsp","8":"first","9":"outofstock","10":"taxable","11":"shipping-taxable","12":"product-type-simple","13":"entry","14":"content-bg","15":"loop-entry"},"acf":[],"taxonomy_info":{"product_cat":[{"value":95,"label":"4-kana\u0142owe"}]},"featured_image_src_large":["https:\/\/www.creativ.net.pl\/wp-content\/uploads\/2025\/06\/ZDA4.8_07-600x600-1.jpg",600,600,false],"author_info":[],"comment_info":"","_links":{"self":[{"href":"https:\/\/www.creativ.net.pl\/en\/wp-json\/wp\/v2\/product\/11081","targetHints":{"allow":["GET"]}}],"collection":[{"href":"https:\/\/www.creativ.net.pl\/en\/wp-json\/wp\/v2\/product"}],"about":[{"href":"https:\/\/www.creativ.net.pl\/en\/wp-json\/wp\/v2\/types\/product"}],"wp:featuredmedia":[{"embeddable":true,"href":"https:\/\/www.creativ.net.pl\/en\/wp-json\/wp\/v2\/media\/11090"}],"wp:attachment":[{"href":"https:\/\/www.creativ.net.pl\/en\/wp-json\/wp\/v2\/media?parent=11081"}],"wp:term":[{"taxonomy":"product_brand","embeddable":true,"href":"https:\/\/www.creativ.net.pl\/en\/wp-json\/wp\/v2\/product_brand?post=11081"},{"taxonomy":"product_cat","embeddable":true,"href":"https:\/\/www.creativ.net.pl\/en\/wp-json\/wp\/v2\/product_cat?post=11081"},{"taxonomy":"product_tag","embeddable":true,"href":"https:\/\/www.creativ.net.pl\/en\/wp-json\/wp\/v2\/product_tag?post=11081"}],"curies":[{"name":"wp","href":"https:\/\/api.w.org\/{rel}","templated":true}]}}