{"id":11066,"date":"2025-06-10T11:39:16","date_gmt":"2025-06-10T09:39:16","guid":{"rendered":"https:\/\/www.creativ.net.pl\/?post_type=product&#038;p=11066"},"modified":"2025-09-10T15:48:46","modified_gmt":"2025-09-10T13:48:46","slug":"kontroler-phoenix-gold-zdawct-do-wzmacniaczy-zda","status":"publish","type":"product","link":"https:\/\/www.creativ.net.pl\/en\/product\/kontroler-phoenix-gold-zdawct-do-wzmacniaczy-zda\/","title":{"rendered":"Phoenix Gold ZDAWCT controller for ZDA amplifiers"},"content":{"rendered":"<p data-start=\"0\" data-end=\"268\">The ZDAWCT is a wireless remote control designed specifically for ZDA DSP amplifiers, allowing precise control of the sound. Thanks to its elegant and functional design, this controller allows precise volume control of two sources: the main and the subwoofer.<\/p>\n<p data-start=\"270\" data-end=\"287\"><strong data-start=\"270\" data-end=\"287\">Key features:<\/strong><\/p>\n<ul data-start=\"289\" data-end=\"982\">\n<li data-start=\"289\" data-end=\"572\">\n<p data-start=\"291\" data-end=\"572\"><strong data-start=\"291\" data-end=\"321\">Control of two sources:<\/strong> Easily switch between main and subwoofer source volume with a short press of the centre button. The subwoofer volume is linked to all ZDA DSP amplifier channels labelled 'Subwoofer' in the DSP software.<\/p>\n<\/li>\n<li data-start=\"573\" data-end=\"678\">\n<p data-start=\"575\" data-end=\"678\"><strong data-start=\"575\" data-end=\"605\">Easy volume control:<\/strong> Turn the dial to smoothly and precisely adjust the sound level.<\/p>\n<\/li>\n<li data-start=\"679\" data-end=\"810\">\n<p data-start=\"681\" data-end=\"810\"><strong data-start=\"681\" data-end=\"713\">Switching of signal sources:<\/strong> A long press on the centre button allows smooth switching between signal sources.<\/p>\n<\/li>\n<li data-start=\"811\" data-end=\"982\">\n<p data-start=\"813\" data-end=\"982\"><strong data-start=\"813\" data-end=\"839\">Wireless freedom:<\/strong> It operates wirelessly via a receiver connected to the 'IR Input' on the ZDA DSP amplifier - no unnecessary cables or complications.<\/p>\n<\/li>\n<\/ul>\n<p data-start=\"984\" data-end=\"1012\"><strong data-start=\"984\" data-end=\"1012\">Thoughtful design:<\/strong><\/p>\n<ul data-start=\"1014\" data-end=\"1269\">\n<li data-start=\"1014\" data-end=\"1130\">\n<p data-start=\"1016\" data-end=\"1130\"><strong data-start=\"1016\" data-end=\"1040\">Battery supply:<\/strong> Powered by a CR2032 battery (sold separately) for mobility and reliability.<\/p>\n<\/li>\n<li data-start=\"1131\" data-end=\"1269\">\n<p data-start=\"1133\" data-end=\"1269\"><strong data-start=\"1133\" data-end=\"1150\">Easy to install:<\/strong> Strong 3M adhesive tape included, enabling the device to be firmly attached exactly where it is needed.<\/p>\n<\/li>\n<\/ul>\n<p data-start=\"1271\" data-end=\"1432\">Improve your sound system with ZDAWCT - a simple and convenient solution. Ideal for anyone looking for an easy and reliable way to control their audio system.<\/p>\n<p data-start=\"1434\" data-end=\"1456\"><strong data-start=\"1434\" data-end=\"1456\">Kit contents:<\/strong><\/p>\n<ul data-start=\"1458\" data-end=\"1507\" data-is-last-node=\"\" data-is-only-node=\"\">\n<li data-start=\"1458\" data-end=\"1481\">\n<p data-start=\"1460\" data-end=\"1481\">Wireless remote control<\/p>\n<\/li>\n<li data-start=\"1482\" data-end=\"1507\" data-is-last-node=\"\">\n<p data-start=\"1484\" data-end=\"1507\" data-is-last-node=\"\">Wireless receiver<\/p>\n<\/li>\n<\/ul>","protected":false},"excerpt":{"rendered":"<p>ZDAWCT to bezprzewodowy pilot zaprojektowany specjalnie dla wzmacniaczy ZDA DSP, umo\u017cliwiaj\u0105cy precyzyjne sterowanie d\u017awi\u0119kiem. Dzi\u0119ki eleganckiej i funkcjonalnej konstrukcji kontroler ten pozwala na dok\u0142adn\u0105 regulacj\u0119 g\u0142o\u015bno\u015bci dw\u00f3ch \u017ar\u00f3de\u0142: g\u0142\u00f3wnego oraz subwoofera. G\u0142\u00f3wne cechy: Sterowanie dwoma \u017ar\u00f3d\u0142ami: \u0141atwe prze\u0142\u0105czanie mi\u0119dzy g\u0142o\u015bno\u015bci\u0105 \u017ar\u00f3d\u0142a g\u0142\u00f3wnego a subwoofera za pomoc\u0105 kr\u00f3tkiego naci\u015bni\u0119cia \u015brodkowego przycisku. G\u0142o\u015bno\u015b\u0107 subwoofera jest powi\u0105zana ze&#8230;<\/p>","protected":false},"featured_media":11073,"template":"","meta":{"_acf_changed":false,"_kad_blocks_custom_css":"","_kad_blocks_head_custom_js":"","_kad_blocks_body_custom_js":"","_kad_blocks_footer_custom_js":"","_kad_post_transparent":"default","_kad_post_title":"","_kad_post_layout":"default","_kad_post_sidebar_id":"","_kad_post_content_style":"default","_kad_post_vertical_padding":"default","_kad_post_feature":"","_kad_post_feature_position":"","_kad_post_header":false,"_kad_post_footer":false,"_kad_post_classname":""},"product_brand":[],"product_cat":[90],"product_tag":[],"class_list":{"0":"post-11066","1":"product","2":"type-product","3":"status-publish","4":"has-post-thumbnail","6":"product_cat-akcesoria-do-wzmacniaczy-z-dsp","8":"first","9":"outofstock","10":"taxable","11":"shipping-taxable","12":"product-type-simple","13":"entry","14":"content-bg","15":"loop-entry"},"acf":[],"taxonomy_info":{"product_cat":[{"value":90,"label":"Akcesoria do wzmacniaczy z DSP"}]},"featured_image_src_large":["https:\/\/www.creativ.net.pl\/wp-content\/uploads\/2025\/06\/s-l1600-1.webp",1024,1024,false],"author_info":[],"comment_info":"","_links":{"self":[{"href":"https:\/\/www.creativ.net.pl\/en\/wp-json\/wp\/v2\/product\/11066","targetHints":{"allow":["GET"]}}],"collection":[{"href":"https:\/\/www.creativ.net.pl\/en\/wp-json\/wp\/v2\/product"}],"about":[{"href":"https:\/\/www.creativ.net.pl\/en\/wp-json\/wp\/v2\/types\/product"}],"wp:featuredmedia":[{"embeddable":true,"href":"https:\/\/www.creativ.net.pl\/en\/wp-json\/wp\/v2\/media\/11073"}],"wp:attachment":[{"href":"https:\/\/www.creativ.net.pl\/en\/wp-json\/wp\/v2\/media?parent=11066"}],"wp:term":[{"taxonomy":"product_brand","embeddable":true,"href":"https:\/\/www.creativ.net.pl\/en\/wp-json\/wp\/v2\/product_brand?post=11066"},{"taxonomy":"product_cat","embeddable":true,"href":"https:\/\/www.creativ.net.pl\/en\/wp-json\/wp\/v2\/product_cat?post=11066"},{"taxonomy":"product_tag","embeddable":true,"href":"https:\/\/www.creativ.net.pl\/en\/wp-json\/wp\/v2\/product_tag?post=11066"}],"curies":[{"name":"wp","href":"https:\/\/api.w.org\/{rel}","templated":true}]}}