{"id":10955,"date":"2025-05-22T12:41:50","date_gmt":"2025-05-22T10:41:50","guid":{"rendered":"https:\/\/www.creativ.net.pl\/?post_type=product&#038;p=10955"},"modified":"2026-03-26T09:09:59","modified_gmt":"2026-03-26T08:09:59","slug":"interfejs-ampire-cx-401-uni","status":"publish","type":"product","link":"https:\/\/www.creativ.net.pl\/en\/product\/interfejs-ampire-cx-401-uni\/","title":{"rendered":"AMPIRE CX-401-UNI interface"},"content":{"rendered":"<h2 class=\"\" data-start=\"46\" data-end=\"75\"><strong data-start=\"49\" data-end=\"75\">Description of the CX-401<\/strong><\/h2>\n<p class=\"\" data-start=\"77\" data-end=\"548\">The interface acts as an adapter for steering wheel remote control, converting the encrypted CAN BUS signals for: steering wheel buttons, ignition (Kl.15), lighting (Kl.58d), speed signal (Speedpulse) and reverse gear into analogue signals. This makes it possible to connect standard radios, navigation systems, taximeters and many other devices from various manufacturers to vehicles equipped with CAN BUS.<\/p>\n<p class=\"\" data-start=\"550\" data-end=\"604\">Depending on the vehicle, signals may be made available:<\/p>\n<ul data-start=\"605\" data-end=\"780\">\n<li class=\"\" data-start=\"605\" data-end=\"623\">\n<p class=\"\" data-start=\"607\" data-end=\"623\"><strong data-start=\"607\" data-end=\"612\">Z<\/strong> - ignition<\/p>\n<\/li>\n<li class=\"\" data-start=\"624\" data-end=\"652\">\n<p class=\"\" data-start=\"626\" data-end=\"652\"><strong data-start=\"626\" data-end=\"631\">S<\/strong> - speed signal<\/p>\n<\/li>\n<li class=\"\" data-start=\"653\" data-end=\"678\">\n<p class=\"\" data-start=\"655\" data-end=\"678\"><strong data-start=\"655\" data-end=\"660\">R<\/strong> - reverse gear<\/p>\n<\/li>\n<li class=\"\" data-start=\"679\" data-end=\"702\">\n<p class=\"\" data-start=\"681\" data-end=\"702\"><strong data-start=\"681\" data-end=\"686\">L<\/strong> - light<\/p>\n<\/li>\n<li class=\"\" data-start=\"703\" data-end=\"780\">\n<p class=\"\" data-start=\"705\" data-end=\"780\"><strong data-start=\"705\" data-end=\"712\">PDC<\/strong> - Parking sensor warning signal (in conjunction with CX-LS)<\/p>\n<\/li>\n<\/ul>\n<p class=\"\" data-start=\"782\" data-end=\"862\">In addition, it is also possible to activate the factory sound system (<strong data-start=\"854\" data-end=\"860\">SS<\/strong>).<\/p>\n<p class=\"\" data-start=\"864\" data-end=\"1140\">In vehicles with CAN in the multifunction steering wheel (MFL), it is possible to control aftermarket devices (Alpine, Blaupunkt, Clarion, Digitaldynamic, JVC, Kenwood, Pioneer, Sony, Zenec) via the steering wheel - depending on the vehicle and the use of the appropriate ARC- cable....<\/p>\n<hr class=\"\" data-start=\"1142\" data-end=\"1145\" \/>\n<h2 class=\"\" data-start=\"1147\" data-end=\"1175\"><strong data-start=\"1150\" data-end=\"1175\">CX-401 functions<\/strong><\/h2>\n<ul data-start=\"1176\" data-end=\"1712\">\n<li class=\"\" data-start=\"1176\" data-end=\"1240\">\n<p class=\"\" data-start=\"1178\" data-end=\"1240\">Signal operation: ignition, lighting, reverse gear, speed<\/p>\n<\/li>\n<li class=\"\" data-start=\"1241\" data-end=\"1366\">\n<p class=\"\" data-start=\"1243\" data-end=\"1366\">Steering wheel button operation on some compatible vehicles (ARC-1xx cable required)<br data-start=\"1333\" data-end=\"1336\" \/>\u26a0 Not supported: <strong data-start=\"1356\" data-end=\"1366\">Becker<\/strong><\/p>\n<\/li>\n<li class=\"\" data-start=\"1367\" data-end=\"1434\">\n<p class=\"\" data-start=\"1369\" data-end=\"1434\">Support for the acoustic signal of the parking sensors (CX-LS required)<\/p>\n<\/li>\n<li class=\"\" data-start=\"1435\" data-end=\"1500\">\n<p class=\"\" data-start=\"1437\" data-end=\"1500\">Operation of factory-fitted sound systems in some vehicles<\/p>\n<\/li>\n<li class=\"\" data-start=\"1501\" data-end=\"1554\">\n<p class=\"\" data-start=\"1503\" data-end=\"1554\">Operation of the on-board computer in PSA vehicles<\/p>\n<\/li>\n<li class=\"\" data-start=\"1555\" data-end=\"1624\">\n<p class=\"\" data-start=\"1557\" data-end=\"1624\">Increased load capacity of ignition and reverse gear outputs (up to 1.5 A)<\/p>\n<\/li>\n<li class=\"\" data-start=\"1625\" data-end=\"1712\">\n<p class=\"\" data-start=\"1627\" data-end=\"1712\">LEDs indicating: sleep mode, CAN detection, automatic CAN recognition<\/p>\n<\/li>\n<\/ul>\n<p class=\"\" data-start=\"1714\" data-end=\"1789\">\u26a0 Range of functions depends on vehicle model - check compatibility list.<\/p>\n<hr class=\"\" data-start=\"1791\" data-end=\"1794\" \/>\n<h2 class=\"\" data-start=\"1796\" data-end=\"1820\"><strong data-start=\"1799\" data-end=\"1820\">Contents of the kit<\/strong><\/h2>\n<ul data-start=\"1821\" data-end=\"1893\">\n<li class=\"\" data-start=\"1821\" data-end=\"1834\">\n<p class=\"\" data-start=\"1823\" data-end=\"1834\">1\u00d7 CX-401<\/p>\n<\/li>\n<li class=\"\" data-start=\"1835\" data-end=\"1848\">\n<p class=\"\" data-start=\"1837\" data-end=\"1848\">1\u00d7 CX-010<\/p>\n<\/li>\n<li class=\"\" data-start=\"1849\" data-end=\"1863\">\n<p class=\"\" data-start=\"1851\" data-end=\"1863\">1\u00d7 ARC-104<\/p>\n<\/li>\n<li class=\"\" data-start=\"1864\" data-end=\"1878\">\n<p class=\"\" data-start=\"1866\" data-end=\"1878\">1\u00d7 ARC-105<\/p>\n<\/li>\n<li class=\"\" data-start=\"1879\" data-end=\"1893\">\n<p class=\"\" data-start=\"1881\" data-end=\"1893\">1\u00d7 ARC-107<\/p>\n<\/li>\n<\/ul>\n<hr class=\"\" data-start=\"1895\" data-end=\"1898\" \/>\n<h2 class=\"\" data-start=\"1900\" data-end=\"1925\"><strong data-start=\"1903\" data-end=\"1925\">Load capacity of the outputs<\/strong><\/h2>\n<ul data-start=\"1926\" data-end=\"2009\">\n<li class=\"\" data-start=\"1926\" data-end=\"1949\">\n<p class=\"\" data-start=\"1928\" data-end=\"1949\">Ignition: max. 1.5 A<\/p>\n<\/li>\n<li class=\"\" data-start=\"1950\" data-end=\"1980\">\n<p class=\"\" data-start=\"1952\" data-end=\"1980\">Reverse gear: max. 1.5 A<\/p>\n<\/li>\n<li class=\"\" data-start=\"1981\" data-end=\"2009\">\n<p class=\"\" data-start=\"1983\" data-end=\"2009\">Lighting: max. 0.1 A<\/p>\n<\/li>\n<\/ul>\n<hr class=\"\" data-start=\"2011\" data-end=\"2014\" \/>\n<h2 class=\"\" data-start=\"2016\" data-end=\"2038\"><strong data-start=\"2019\" data-end=\"2038\">Technical data<\/strong><\/h2>\n<ul data-start=\"2039\" data-end=\"2291\">\n<li class=\"\" data-start=\"2039\" data-end=\"2083\">\n<p class=\"\" data-start=\"2041\" data-end=\"2083\">Operating voltage range: 10,5 - 14,8 V<\/p>\n<\/li>\n<li class=\"\" data-start=\"2084\" data-end=\"2125\">\n<p class=\"\" data-start=\"2086\" data-end=\"2125\">Standby current consumption: &lt; 1 mA<\/p>\n<\/li>\n<li class=\"\" data-start=\"2126\" data-end=\"2160\">\n<p class=\"\" data-start=\"2128\" data-end=\"2160\">Current consumption in operation: approx. 50 mA<\/p>\n<\/li>\n<li class=\"\" data-start=\"2161\" data-end=\"2188\">\n<p class=\"\" data-start=\"2163\" data-end=\"2188\">Power consumption: 0.07 - 40 W<\/p>\n<\/li>\n<li class=\"\" data-start=\"2189\" data-end=\"2226\">\n<p class=\"\" data-start=\"2191\" data-end=\"2226\">Temperature range: -30\u00b0C to +80\u00b0C<\/p>\n<\/li>\n<li class=\"\" data-start=\"2227\" data-end=\"2241\">\n<p class=\"\" data-start=\"2229\" data-end=\"2241\">Weight: 38 g<\/p>\n<\/li>\n<li class=\"\" data-start=\"2242\" data-end=\"2291\">\n<p class=\"\" data-start=\"2244\" data-end=\"2291\">Dimensions: 71 \u00d7 22 \u00d7 50 mm (W \u00d7 H \u00d7 D)<\/p>\n<\/li>\n<\/ul>","protected":false},"excerpt":{"rendered":"<p>Opis urz\u0105dzenia CX-401 Interfejs pe\u0142ni funkcj\u0119 adaptera do zdalnego sterowania z kierownicy, przekszta\u0142caj\u0105c zaszyfrowane sygna\u0142y z magistrali CAN BUS dla: przycisk\u00f3w na kierownicy, zap\u0142onu (Kl.15), o\u015bwietlenia (Kl.58d), sygna\u0142u pr\u0119dko\u015bci (Speedpulse) oraz biegu wstecznego na sygna\u0142y analogowe. Dzi\u0119ki temu mo\u017cliwe jest pod\u0142\u0105czenie standardowych radioodbiornik\u00f3w, system\u00f3w nawigacyjnych, taksometr\u00f3w oraz wielu innych urz\u0105dze\u0144 r\u00f3\u017cnych producent\u00f3w do pojazd\u00f3w wyposa\u017conych&#8230;<\/p>","protected":false},"featured_media":10956,"template":"","meta":{"_acf_changed":false,"_kad_blocks_custom_css":"","_kad_blocks_head_custom_js":"","_kad_blocks_body_custom_js":"","_kad_blocks_footer_custom_js":"","_kad_post_transparent":"default","_kad_post_title":"","_kad_post_layout":"default","_kad_post_sidebar_id":"","_kad_post_content_style":"default","_kad_post_vertical_padding":"default","_kad_post_feature":"","_kad_post_feature_position":"","_kad_post_header":false,"_kad_post_footer":false,"_kad_post_classname":""},"product_brand":[],"product_cat":[193],"product_tag":[],"class_list":{"0":"post-10955","1":"product","2":"type-product","3":"status-publish","4":"has-post-thumbnail","6":"product_cat-adaptery-interfejsy","8":"first","9":"instock","10":"taxable","11":"shipping-taxable","12":"product-type-simple","13":"entry","14":"content-bg","15":"loop-entry"},"acf":[],"taxonomy_info":{"product_cat":[{"value":193,"label":"Adaptery\/Interfejsy"}]},"featured_image_src_large":["https:\/\/www.creativ.net.pl\/wp-content\/uploads\/2025\/05\/Zrzut-ekranu-2025-05-22-123318.png",841,841,false],"author_info":[],"comment_info":"","_links":{"self":[{"href":"https:\/\/www.creativ.net.pl\/en\/wp-json\/wp\/v2\/product\/10955","targetHints":{"allow":["GET"]}}],"collection":[{"href":"https:\/\/www.creativ.net.pl\/en\/wp-json\/wp\/v2\/product"}],"about":[{"href":"https:\/\/www.creativ.net.pl\/en\/wp-json\/wp\/v2\/types\/product"}],"wp:featuredmedia":[{"embeddable":true,"href":"https:\/\/www.creativ.net.pl\/en\/wp-json\/wp\/v2\/media\/10956"}],"wp:attachment":[{"href":"https:\/\/www.creativ.net.pl\/en\/wp-json\/wp\/v2\/media?parent=10955"}],"wp:term":[{"taxonomy":"product_brand","embeddable":true,"href":"https:\/\/www.creativ.net.pl\/en\/wp-json\/wp\/v2\/product_brand?post=10955"},{"taxonomy":"product_cat","embeddable":true,"href":"https:\/\/www.creativ.net.pl\/en\/wp-json\/wp\/v2\/product_cat?post=10955"},{"taxonomy":"product_tag","embeddable":true,"href":"https:\/\/www.creativ.net.pl\/en\/wp-json\/wp\/v2\/product_tag?post=10955"}],"curies":[{"name":"wp","href":"https:\/\/api.w.org\/{rel}","templated":true}]}}